{"id":4434,"date":"2022-03-03T21:49:08","date_gmt":"2022-03-03T20:49:08","guid":{"rendered":"https:\/\/test-fengcha.dweb.si\/product\/psenicna-trava-v-prahu-bio-250-g\/"},"modified":"2026-04-25T16:54:43","modified_gmt":"2026-04-25T14:54:43","slug":"psenicna-trava-v-prahu-bio","status":"publish","type":"product","link":"https:\/\/fengchashop.com\/si\/izdelek\/psenicna-trava-v-prahu-bio\/","title":{"rendered":"P\u0161eni\u010dna trava v prahu BIO 250 g"},"content":{"rendered":"<h2><span style=\"color: #000000;\">P\u0161eni\u010dna trava v prahu BIO<\/span><\/h2>\n<p><span style=\"color: #000000;\">P\u0161eni\u010dna trava so pravzaprav <strong>bilke mlade p\u0161enice.<\/strong> Kot taka ne vsebuje glutena, saj se le-ta nahaja v p\u0161eni\u010dnem klasju \u2013 natan\u010dneje v p\u0161eni\u010dnem zrnu. Kaljeno travo obi\u010dajno malo ve\u010d kot teden dni po kalitvi po\u017eanjejo in iz nje pripravijo sok. Veliko preprostej\u0161a za uporabo pa je p\u0161eni\u010dna trava v prahu. Primerna je<strong> za razstrupljanje in pre\u010di\u0161\u010devanje.<\/strong> Vsebuje veliko <strong>vitaminov, mineralov, aminokislin, encimov, klorofila, vlaknin, beljakovin in fitohranil.<\/strong><\/span><\/p>\n<p><span style=\"color: #000000;\">Iz Bli\u017enjega vzhoda se je v preteklosti p\u0161enica v kratkem \u010dasu raz\u0161irila po celem svetu, p\u0161eni\u010dna trava pa se je izkazala<strong> za u\u010dinkovito o\u010di\u0161\u010devalno in razstrupljevalno kuro.<\/strong> Ravno zato je izredno priljubljena kot zdravo \u017eivilo.<\/span><\/p>\n<p><span style=\"color: #000000;\">Na\u0161a p\u0161eni\u010dna trava je iz <strong>ekolo\u0161ke pridelave.<\/strong><\/span><\/p>\n<p><span style=\"color: #000000;\">P\u0161eni\u010dna trava vsebuje <strong>veliko koli\u010dino klorofila<\/strong>, ki deluje o\u010di\u0161\u010devalno in razstrupljevalno na \u010dlove\u0161ko telo. Ima skorajda \u010dude\u017ene lastnosti za regeneracijo telesa. Poleg tega vsebuje \u0161tevilna hranila, <strong>vitamine<\/strong> (C, E, A, B1, B2, B3, B6, K),<strong> minerale<\/strong> (\u017eelezo, kalij, kalcij, cink, selen, fosfor, bor, klorid, krom, kobalt, baker, jod, \u017eelezo, magnezij, mangan, nikelj), <strong>encime,<\/strong> <strong>aminokisline, fitokemikalije ter linolno in linolensko kislino.<\/strong><\/span><\/p>\n<h2><span style=\"color: #000000;\">Shranjevanje in opozorila<\/span><\/h2>\n<p><span style=\"color: #000000;\">Shranjujte v suhem in hladnem prostoru pri temperaturi do 25 \u00b0C. Prehransko dopolnilo naj bo nedosegljivo otrokom!<\/span><\/p>\n<p><span style=\"color: #000000;\">Ne pozabite na pomembnost raznolike prehrane in zdravega na\u010dina \u017eivljenja, prehransko dopolnilo zato ni nadomestilo za uravnote\u017eeno in raznovrstno prehrano. Priporo\u010dene dnevne koli\u010dine oziroma odmerka se ne sme prekora\u010diti. Nose\u010dnicam in doje\u010dim materam u\u017eivanje odsvetujemo.<\/span><\/p>\n<h2><span style=\"color: #000000;\">Pakiranje<\/span><\/h2>\n<p><span style=\"color: #000000;\">Nepredu\u0161na vre\u010dka z zadrgo, kjer izdelek ohrani vso sve\u017eino in aromo. Embala\u017ea \u0161\u010diti pred svetlobo in zrakom, saj je sestavljena iz ve\u010d slojev za\u0161\u010dite, ki ohranjajo lastnosti vsebine.<\/span><\/p>\n<p><span style=\"color: #000000;\">Embala\u017ea je zelo prakti\u010dna in omogo\u010da recikliranje.<\/span><\/p>\n<h2><span style=\"color: #000000;\">Poreklo<\/span><\/h2>\n<p><span style=\"color: #000000;\">EU<\/span><\/p>\n","protected":false},"excerpt":{"rendered":"<p align=\"JUSTIFY\">Prehransko dopolnilo. P\u0161eni\u010dna trava so pravzaprav<strong>\u00a0bilke mlade p\u0161enice<\/strong>. Kot taka ne vsebuje glutena, saj se le-ta nahaja v p\u0161eni\u010dnem klasju \u2013 natan\u010dneje v p\u0161eni\u010dnem zrnu. Primerna je za <strong>razstrupljanje in pre\u010di\u0161\u010devanje<\/strong>. Vsebuje veliko vitaminov, mineralov, aminokislin, encimov, klorofila, vlaknin, beljakovin in fitohranil.<\/p>\n<p align=\"JUSTIFY\">\n","protected":false},"featured_media":4311,"comment_status":"open","ping_status":"closed","template":"","meta":{"_acf_changed":false},"product_brand":[],"product_cat":[15,222,195,216],"product_tag":[],"class_list":{"0":"post-4434","1":"product","2":"type-product","3":"status-publish","4":"has-post-thumbnail","6":"product_cat-uncategorized","7":"product_cat-alge-in-trave","8":"product_cat-superhrana","9":"product_cat-vsi-izdelki","11":"first","12":"instock","13":"sale","14":"taxable","15":"shipping-taxable","16":"purchasable","17":"product-type-simple"},"acf":[],"_links":{"self":[{"href":"https:\/\/fengchashop.com\/si\/wp-json\/wp\/v2\/product\/4434","targetHints":{"allow":["GET"]}}],"collection":[{"href":"https:\/\/fengchashop.com\/si\/wp-json\/wp\/v2\/product"}],"about":[{"href":"https:\/\/fengchashop.com\/si\/wp-json\/wp\/v2\/types\/product"}],"replies":[{"embeddable":true,"href":"https:\/\/fengchashop.com\/si\/wp-json\/wp\/v2\/comments?post=4434"}],"wp:featuredmedia":[{"embeddable":true,"href":"https:\/\/fengchashop.com\/si\/wp-json\/wp\/v2\/media\/4311"}],"wp:attachment":[{"href":"https:\/\/fengchashop.com\/si\/wp-json\/wp\/v2\/media?parent=4434"}],"wp:term":[{"taxonomy":"product_brand","embeddable":true,"href":"https:\/\/fengchashop.com\/si\/wp-json\/wp\/v2\/product_brand?post=4434"},{"taxonomy":"product_cat","embeddable":true,"href":"https:\/\/fengchashop.com\/si\/wp-json\/wp\/v2\/product_cat?post=4434"},{"taxonomy":"product_tag","embeddable":true,"href":"https:\/\/fengchashop.com\/si\/wp-json\/wp\/v2\/product_tag?post=4434"}],"curies":[{"name":"wp","href":"https:\/\/api.w.org\/{rel}","templated":true}]}}