{"id":4426,"date":"2022-03-03T20:19:46","date_gmt":"2022-03-03T19:19:46","guid":{"rendered":"https:\/\/test-fengcha.dweb.si\/product\/klorela-v-prahu-bio-250-g\/"},"modified":"2026-04-13T01:06:08","modified_gmt":"2026-04-12T23:06:08","slug":"klorela-v-prahu-bio","status":"publish","type":"product","link":"https:\/\/fengchashop.com\/si\/izdelek\/klorela-v-prahu-bio\/","title":{"rendered":"Klorela v prahu BIO 250 g"},"content":{"rendered":"<h2><span style=\"color: #000000;\">Klorela v prahu BIO<\/span><\/h2>\n<p><span style=\"color: #000000;\">S klorofilom najbolj bogata rastlina, ki uspeva v sladkih vodah po celem svetu, se imenuje klorela. Klorela ima \u0161tevilne pozitivne u\u010dinke na zdravje. Ima prepoznavno svetlo zeleno barvo in \u0161tevilne koristi za zdravje. Poznana je predvsem kot alga, ki vsebuje <strong>izredno veliko beljakovin<\/strong> ter bogati in predvsem uravnote\u017eeni, idealni strukturi. Zaradi vsebnosti beta karotena pa velja tudi za <strong>odli\u010dnega razstrupljevalca<\/strong>. <strong>O\u010disti nas \u0161kodljivih snovi, ki so posledica onesna\u017eenega okolja in hrane<\/strong> (pesticidi, herbicidi, te\u017eke kovine), ki jo u\u017eivamo.<\/span><\/p>\n<p><span style=\"color: #000000;\">Je mikroskopsko majhna zelena alga z uravnote\u017eeno strukturo in zato ve\u010d prednostmi:<\/span><\/p>\n<p><span style=\"color: #000000;\">\ud83d\udc9a <strong>visoka koli\u010dina klorofila<\/strong> ima pomembno vlogo pri razstrupljanju,<\/span><br \/>\n<span style=\"color: #000000;\">\ud83d\udc9a izdeluje <strong>beljakovino interferon, ki je pomembna za optimalno delovanje sistema,<\/strong><\/span><br \/>\n<span style=\"color: #000000;\">\ud83d\udc9a ima<strong> visoko vsebnost beljakovin<\/strong> \u2013 okoli 55 %,<\/span><br \/>\n<span style=\"color: #000000;\">\ud83d\udc9a vsebuje <strong>\u017eivljenjsko potrebne ogljikove hidrate, beljakovine, encime, minerale in vitamine.<\/strong><\/span><\/p>\n<p><span style=\"color: #000000;\">Klorelo in druge alge najpogosteje u\u017eivamo v prahu. V ponudbi pa imamo tudi klorelo v tabletah.<\/span><\/p>\n<p><span style=\"color: #000000;\">Na\u0161a klorela je iz <strong>ekolo\u0161ke pridelave.<\/strong><\/span><\/p>\n<h2><span style=\"color: #000000;\">Zakaj klorela tako dobro u\u010dinkuje na \u010dlove\u0161ki organizem?<\/span><\/h2>\n<p><span style=\"color: #000000;\">Klorela ima visoko vsebnost <strong>antioksidantov in klorofila,<\/strong> ki nase ve\u017eeta strupe v telesu in imata izredno o\u010di\u0161\u010devalno in razstrupljevalno vlogo v \u010dlove\u0161kem telesu. Klorela vsebuje 18 aminokislin, od tega kar 8 esencialnih, kar pomeni, da ima idealno beljakovinsko sestavo. Poleg tega je polna vitaminov in mineralov, kot so vitamini B skupine, vitamin C, E in K, pa \u017eelezo, kalcij, magnezij, fosfor in seveda jod.<\/span><\/p>\n<h2><span style=\"color: #000000;\">Shranjevanje in opozorila<\/span><\/h2>\n<p><span style=\"color: #000000;\">Shranjujte v suhem in hladnem prostoru pri temperaturi do 25 \u00b0C. Prehransko dopolnilo naj bo nedosegljivo otrokom!<\/span><\/p>\n<p><span style=\"color: #000000;\">Ne pozabite na pomembnost raznolike prehrane in zdravega na\u010dina \u017eivljenja, prehransko dopolnilo zato ni nadomestilo za uravnote\u017eeno in raznovrstno prehrano. Priporo\u010dene dnevne koli\u010dine oziroma odmerka se ne sme prekora\u010diti. Nose\u010dnicam in doje\u010dim materam pred uporabo vedno svetujemo posvet z zdravnikom.<\/span><\/p>\n<p><span style=\"color: #000000;\">Klorela lahko vsebuje sulfite, ki so naravno prisotni v algah.<\/span><\/p>\n<h2><span style=\"color: #000000;\">Pakiranje<\/span><\/h2>\n<p><span style=\"color: #000000;\">Nepredu\u0161na vre\u010dka z zadrgo, kjer izdelek ohrani vso sve\u017eino in aromo. Embala\u017ea \u0161\u010diti pred svetlobo in zrakom, saj je sestavljena iz ve\u010d slojev za\u0161\u010dite, ki ohranjajo lastnosti vsebine.<\/span><\/p>\n<p><span style=\"color: #000000;\">Embala\u017ea je zelo prakti\u010dna in omogo\u010da recikliranje.<\/span><\/p>\n<h2><span style=\"color: #000000;\">Poreklo<\/span><\/h2>\n<p><span style=\"color: #000000;\">Kitajska.<\/span><\/p>\n<p><span style=\"color: #000000;\">Imamo zelo zanesljive dobavitelje, ki nam za vsako serijo po\u0161ljejo podrobno kemijsko analizo \u017eivila. V ve\u010d kot desetih letih nismo imeli \u0161e nobenega odpoklica ali kakr\u0161ne koli druge te\u017eave s tem artiklom, pa tudi z drugimi artikli istega dobavitelja ne.<\/span><\/p>\n<p><span style=\"color: #000000;\">Artikel ima 100 % ekolo\u0161ki certifikat.<\/span><\/p>\n","protected":false},"excerpt":{"rendered":"<p align=\"JUSTIFY\">Prehransko dopolnilo. S klorofilom najbolj bogata rastlina, ki uspeva v sladkih vodah po celem svetu, se imenuje klorela. Klorela ima \u0161tevilne pozitivne u\u010dinke na zdravje. Poznana je predvsem kot alga, ki vsebuje izredno veliko beljakovin ter bogati in predvsem uravnote\u017eeni, idealni strukturi. Zaradi vsebnosti beta karotena pa velja tudi za odli\u010dnega razstrupljevalca. O\u010disti nas \u0161kodljivih snovi, ki so posledica onesna\u017eenega okolja in hrane (pesticidi, herbicidi, te\u017eke kovine), ki jo u\u017eivamo.<\/p>\n<p align=\"JUSTIFY\">\n","protected":false},"featured_media":4167,"comment_status":"open","ping_status":"closed","template":"","meta":{"_acf_changed":false},"product_brand":[],"product_cat":[15,222,195,216],"product_tag":[],"class_list":{"0":"post-4426","1":"product","2":"type-product","3":"status-publish","4":"has-post-thumbnail","6":"product_cat-uncategorized","7":"product_cat-alge-in-trave","8":"product_cat-superhrana","9":"product_cat-vsi-izdelki","11":"first","12":"instock","13":"sale","14":"taxable","15":"shipping-taxable","16":"purchasable","17":"product-type-simple"},"acf":[],"_links":{"self":[{"href":"https:\/\/fengchashop.com\/si\/wp-json\/wp\/v2\/product\/4426","targetHints":{"allow":["GET"]}}],"collection":[{"href":"https:\/\/fengchashop.com\/si\/wp-json\/wp\/v2\/product"}],"about":[{"href":"https:\/\/fengchashop.com\/si\/wp-json\/wp\/v2\/types\/product"}],"replies":[{"embeddable":true,"href":"https:\/\/fengchashop.com\/si\/wp-json\/wp\/v2\/comments?post=4426"}],"wp:featuredmedia":[{"embeddable":true,"href":"https:\/\/fengchashop.com\/si\/wp-json\/wp\/v2\/media\/4167"}],"wp:attachment":[{"href":"https:\/\/fengchashop.com\/si\/wp-json\/wp\/v2\/media?parent=4426"}],"wp:term":[{"taxonomy":"product_brand","embeddable":true,"href":"https:\/\/fengchashop.com\/si\/wp-json\/wp\/v2\/product_brand?post=4426"},{"taxonomy":"product_cat","embeddable":true,"href":"https:\/\/fengchashop.com\/si\/wp-json\/wp\/v2\/product_cat?post=4426"},{"taxonomy":"product_tag","embeddable":true,"href":"https:\/\/fengchashop.com\/si\/wp-json\/wp\/v2\/product_tag?post=4426"}],"curies":[{"name":"wp","href":"https:\/\/api.w.org\/{rel}","templated":true}]}}