{"id":4424,"date":"2022-03-03T20:05:37","date_gmt":"2022-03-03T19:05:37","guid":{"rendered":"https:\/\/test-fengcha.dweb.si\/product\/maca-v-prahu-bio-500-g\/"},"modified":"2026-04-28T20:41:25","modified_gmt":"2026-04-28T18:41:25","slug":"mac-v-prahu-bio","status":"publish","type":"product","link":"https:\/\/fengchashop.com\/si\/izdelek\/mac-v-prahu-bio\/","title":{"rendered":"Maca v prahu BIO 500 g"},"content":{"rendered":"<h2><span style=\"color: #000000\">Maca v prahu BIO<\/span><\/h2>\n<p><span style=\"color: #000000\">Maca je korenasta rastlina, ki uspeva v perujskem in andskem vi\u0161avju, izpostavljena izrednim vremenskim razmeram in velikim temperaturnim razlikam med dnevom in no\u010djo. Pravijo ji tudi <strong>perujski ginseng<\/strong>. Ker je prakti\u010dno nepremagljiva v pre\u017eivetju, so \u017ee stari Inki izkori\u0161\u010dali njene u\u010dinkovine, ki posebej dobro delujejo na mo\u0161ko spolno mo\u010d in blagodejno vplivajo na splo\u0161no zdravstveno stanje. Prav zaradi slednjega velja za izredno dragoceno super\u017eivilo.<\/span><\/p>\n<p><span style=\"color: #000000\">Zdravilni del mace je gomolj, ki<strong> vsebuje veliko vitaminov, mineralov in aminokislin.<\/strong> Zaradi snovi, ki delujejo podobno kot hormoni, uravnava raven estrogena in progesterona oziroma testosterona, kar ugodno vpliva na na\u0161e po\u010dutje in nam daje mo\u010d in vzdr\u017eljivost. Vsebnost pomembnih vitaminov, kot so vitamin B1, B12, C in E ter ma\u0161\u010dobnih kislin, mineralov in aminokislin (med njimi 7 esencialnih \u2013 tistih, ki jih na\u0161e telo nujno potrebuje), predstavlja maca eno najbolj u\u010dinkovitih, za\u017eelenih in priporo\u010denih naravnih super\u017eivil z ve\u010d tiso\u010dletno tradicijo.<\/span><\/p>\n<p><span style=\"color: #000000\">Je<strong> adaptogena rastlina<\/strong>, ki <strong>pove\u010duje energijo, vzdr\u017eljivost, vitalnost in fizi\u010dno mo\u010d.<\/strong> Pomaga se nam odzivati na stres in la\u017eje prilagoditi spremembam. Najve\u010dkrat uspeva v Andih v osrednjem Peruju, v te\u017ekih razmerah in na zelo visokih nadmorskih vi\u0161inah \u2013 nad 4000 metrov. Je kri\u017enica kot brokoli, cveta\u010da, repa, zelje, ohrovt in redkvice. Najbolj u\u017eitni del rastline pa je korenina oziroma gomolj. Obstaja v ve\u010d barvah, od bele do \u010drne. Najbolj priljubljene so <strong>rumena, rde\u010da in \u010drna.<\/strong> Navadno rumeno maco se uporablja za vsak dan in za dolgotrajno u\u017eivanj. Rde\u010da in \u010drna maca pa veljata za posve\u010deni sorti in ju uporabljamo za kroni\u010dne terapevtske te\u017eave.<\/span><\/p>\n<p><span style=\"color: #000000\">Ima zelo sladkast okus in \u0161irok spekter uporabe.<\/span><\/p>\n<p><span style=\"color: #000000\">Na\u0161a maca je<strong> 100 % ekolo\u0161ka.<\/strong><\/span><\/p>\n<h2><span style=\"color: #000000\">Zakaj naro\u010diti ravno na\u0161o maco?<\/span><\/h2>\n<p><span style=\"color: #000000\">Na\u0161a maca v prahu prihaja iz <strong>kontrolirane ekolo\u0161ke pridelave,<\/strong> skrbno posu\u0161ena in zmleta v moki podoben prah. Poleg tega redno skrbimo, da so na\u0161e zaloge mace <strong>vedno sve\u017ee!<\/strong> Tudi zato me\u0161anico skrbno pripravljamo sami, saj le tako lahko zagotovimo njeno neopore\u010dnost s sve\u017eimi sestavinami v pravem razmerju.<\/span><\/p>\n<p><span style=\"color: #000000\">Maca prihaja iz perujskih visokogorskih<strong> ekolo\u0161kih kmetij.<\/strong> Za vsako serijo imamo opravljene analize in veljaven certifikat.<\/span><\/p>\n<h2><span style=\"color: #000000\">Hranilne vrednosti<\/span><\/h2>\n<p><span style=\"color: #000000\">Povpre\u010dne hranilne vrednosti na 100 g mace: energijska vrednost: 1431 kJ\/342 kcal; ma\u0161\u010dobe: 1 g, od tega nasi\u010dene: 1 g; ogljikovi hidrati: 69,8 g, od tega sladkorji: 30 g; beljakovine: 13,72 g in soli: &lt;0,1 g.<\/span><\/p>\n<h2><span style=\"color: #000000\">Shranjevanje in opozorila<\/span><\/h2>\n<p><span style=\"color: #000000\">Shranjujte v suhem in hladnem prostoru pri temperaturi do 25 \u00b0C. Prehransko dopolnilo naj bo nedosegljivo otrokom!<\/span><\/p>\n<p><span style=\"color: #000000\">Ne pozabite na pomembnost raznolike prehrane in zdravega na\u010dina \u017eivljenja, prehransko dopolnilo zato ni nadomestilo za uravnote\u017eeno in raznovrstno prehrano. Priporo\u010dene dnevne koli\u010dine oziroma odmerka se ne sme prekora\u010diti. Nose\u010dnicam in doje\u010dim materam pred uporabo vedno svetujemo posvet z zdravnikom.<\/span><\/p>\n<h2><span style=\"color: #000000\">Pakiranje<\/span><\/h2>\n<p><span style=\"color: #000000\">Nepredu\u0161na vre\u010dka z zadrgo, kjer izdelek ohrani vso sve\u017eino in aromo. Embala\u017ea \u0161\u010diti pred svetlobo in zrakom, saj je sestavljena iz ve\u010d slojev za\u0161\u010dite, ki ohranjajo lastnosti vsebine.<\/span><\/p>\n<p><span style=\"color: #000000\">Embala\u017ea je zelo prakti\u010dna in omogo\u010da recikliranje.<\/span><\/p>\n<h2><span style=\"color: #000000\">Poreklo<\/span><\/h2>\n<p><span style=\"color: #000000\">Peru<\/span><\/p>\n","protected":false},"excerpt":{"rendered":"<p align=\"JUSTIFY\">Prehransko dopolnilo. Maca je korenasta rastlina, ki uspeva v perujskem andskem vi\u0161avju, izpostavljena<strong>\u00a0izrednim vremenskim razmeram<\/strong>\u00a0in velikim temperaturnim razlikam med dnevom in no\u010djo. Zdravilni del mace je gomolj, ki vsebuje veliko<strong>\u00a0vitaminov, mineralov in aminokislin<\/strong>. Zaradi vsebnosti pomembnih vitaminov, kot so vitamin B1, B12, C in E, ter ma\u0161\u010dobnih kislin, mineralov in aminokislin predstavlja maca eno najbolj u\u010dinkovitih, za\u017eelenih in priporo\u010denih naravnih super\u017eivil z ve\u010d tiso\u010dletno tradicijo.<\/p>\n<p align=\"JUSTIFY\">\n","protected":false},"featured_media":4103,"comment_status":"open","ping_status":"closed","template":"","meta":{"_acf_changed":false},"product_brand":[],"product_cat":[15,195,216],"product_tag":[],"class_list":{"0":"post-4424","1":"product","2":"type-product","3":"status-publish","4":"has-post-thumbnail","6":"product_cat-uncategorized","7":"product_cat-superhrana","8":"product_cat-vsi-izdelki","10":"first","11":"instock","12":"sale","13":"taxable","14":"shipping-taxable","15":"purchasable","16":"product-type-simple"},"acf":[],"_links":{"self":[{"href":"https:\/\/fengchashop.com\/si\/wp-json\/wp\/v2\/product\/4424","targetHints":{"allow":["GET"]}}],"collection":[{"href":"https:\/\/fengchashop.com\/si\/wp-json\/wp\/v2\/product"}],"about":[{"href":"https:\/\/fengchashop.com\/si\/wp-json\/wp\/v2\/types\/product"}],"replies":[{"embeddable":true,"href":"https:\/\/fengchashop.com\/si\/wp-json\/wp\/v2\/comments?post=4424"}],"wp:featuredmedia":[{"embeddable":true,"href":"https:\/\/fengchashop.com\/si\/wp-json\/wp\/v2\/media\/4103"}],"wp:attachment":[{"href":"https:\/\/fengchashop.com\/si\/wp-json\/wp\/v2\/media?parent=4424"}],"wp:term":[{"taxonomy":"product_brand","embeddable":true,"href":"https:\/\/fengchashop.com\/si\/wp-json\/wp\/v2\/product_brand?post=4424"},{"taxonomy":"product_cat","embeddable":true,"href":"https:\/\/fengchashop.com\/si\/wp-json\/wp\/v2\/product_cat?post=4424"},{"taxonomy":"product_tag","embeddable":true,"href":"https:\/\/fengchashop.com\/si\/wp-json\/wp\/v2\/product_tag?post=4424"}],"curies":[{"name":"wp","href":"https:\/\/api.w.org\/{rel}","templated":true}]}}