{"id":4422,"date":"2022-03-03T19:48:50","date_gmt":"2022-03-03T18:48:50","guid":{"rendered":"https:\/\/test-fengcha.dweb.si\/product\/spirulina-tablete-bio-250-g\/"},"modified":"2026-04-29T16:25:55","modified_gmt":"2026-04-29T14:25:55","slug":"spirulina-tablete-bio","status":"publish","type":"product","link":"https:\/\/fengchashop.com\/si\/izdelek\/spirulina-tablete-bio\/","title":{"rendered":"Spirulina tablete BIO 250 g"},"content":{"rendered":"<h2><span style=\"color: #000000\">Spirulina v tabletah BIO<\/span><\/h2>\n<p><span style=\"color: #000000\">V mineralno bogatih vodah toplega tropskega morja najbolje uspeva alga spirulina, ki jo poznamo kot naravno superhrano. Ime je dobila po svoji spiralni obliki in velja za eno prvih oblik \u017eivljenja na Zemlji. Izredno priljubljena in<strong> cenjena je bila \u017ee pri Aztekih.<\/strong> Tradicionalno so iz nje pripravljali enolon\u010dnice in raznorazne kola\u010de, u\u017eivali pa so jo za mo\u010d in vzdr\u017eljivost. Svojo priljubljenost pa si je spirulina ponovno priborila v zadnjih nekaj letih. Tako velja za eno najbolj\u0161ih in najbolj priljubljenih super\u017eivil \u017ee kar nekaj let. Odobrena je bila tudi s strani FDA in WHO, u\u017eivali pa naj bi jo tudi astronavti na misijah. Spirulina je polna mineralov in soli iz morja, oceanov. Le-ti pa vsebujejo enake minerale kot \u010dlove\u0161ka kri. Alge tako vsebujejo naravne <strong>vitamine in minerale<\/strong>, da jih telo <strong>enostavno prebavi.<\/strong><\/span><\/p>\n<p><span style=\"color: #000000\">Na\u0161a spirulina je iz <strong>ekolo\u0161ke pridelave.<\/strong><\/span><\/p>\n<h2><span style=\"color: #000000\">Kaj vse so koristi spiruline?<\/span><\/h2>\n<p><span style=\"color: #000000\">Vsebuje<strong> klorofil,<\/strong> visok odstotek beljakovin, vse <strong>esencialne aminokisline<\/strong> in le nekaj odstotkov predvsem nenasi\u010denih ma\u0161\u010dob. Klorofil v\u010dasih imenujemo tudi kar zelena kri, saj je molekulska sestava izredno podobna hemoglobinu in tako primerna za nas. Spirulina je tudi zelo dobro prebavljiva zaradi celi\u010dne stene, ki je sestavljena iz prebavljivih mukopolisaharidov (in ne celuloze kot pri ostalih rastlinah). Med aminokislinami je najpomembnej\u0161a <strong>gama-linolenska kislina<\/strong> (GLA), ki jo najdemo samo \u0161e v materinem mleku, svetlinovem olju, konopljinih semenih in nekaterih drugih algah.\u00a0<\/span><\/p>\n<p><span style=\"color: #000000\">Ugodno deluje tudi na prebavo in spodbuja razrast dobrih bakterij v \u010drevesju in izbolj\u0161uje \u010drevesno floro. Spirulina je odli\u010dna podpora zdravemu na\u010dinu prehranjevanja in raznoraznim (shuj\u0161evalnim) dietam.<\/span><\/p>\n<p><span style=\"color: #000000\">Spirulina je bogat naraven vir kalija, pa tudi \u017eeleza, kalcija, cinka, natrija, mangana, magnezija, selena, joda, kroma in celo \u017evepla. Vsebuje tudi betakarotene in elektrolite. Med vitamini pa so najbolj pomembni vitamin A1, B1, B2, B3, B6, B9, B12, C, D in E.<\/span><\/p>\n<p><span style=\"color: #000000\">Poleg na\u0161tetega velja omeniti tudi to, da spirulina dobro deluje tudi na lase in ko\u017eo. S \u010detrtino \u017eli\u010dke spiruline in nekaj kapljic vode si lahko pripravite masko za obraz, ki jo nanesete na o\u010di\u0161\u010deno ko\u017eo obraza in pustite delovati 20 minut. Nato dobro sperete in navla\u017eite s kremo. Postopek lahko ponovite 2\u20133 krat na teden.<\/span><\/p>\n<h2><span style=\"color: #000000\">Zakaj je spirulina imenovana kot superhrana in zakaj jo je dobro u\u017eivati?<\/span><\/h2>\n<p><span style=\"color: #000000\">Spirulina ima svojstveno sestavo, ki vklju\u010duje visoko koli\u010dino rastlinskih beljakovin (tudi esencialnih beljakovin in aminokislin), vitamine, minerale in druge pomembne aktivne u\u010dinkovine. Njena edinstvena sestava popolnoma nahrani celice \u010dlove\u0161kega organizma.\u00a0Iz telesa izlo\u010da te\u017eke kovine in s tem razstruplja.<\/span><\/p>\n<p><span style=\"color: #000000\">Kot superhrano jo ozna\u010dujemo tudi zato, ker ima visoko razmerje u\u010dinkovitosti proteinov, saj so proteini iz spiruline dobro prebavljivi in jih telo lahko u\u010dinkovito uporabi v svojih procesih.<\/span><\/p>\n<h2><span style=\"color: #000000\">Shranjevanje in opozorila<\/span><\/h2>\n<p><span style=\"color: #000000\">Shranjujte v suhem in hladnem prostoru pri temperaturi do 25 \u00b0C. Prehransko dopolnilo naj bo nedosegljivo otrokom!<\/span><\/p>\n<p><span style=\"color: #000000\">Ne pozabite na pomembnost raznolike prehrane in zdravega na\u010dina \u017eivljenja, prehransko dopolnilo zato ni nadomestilo za uravnote\u017eeno in raznovrstno prehrano. Priporo\u010dene dnevne koli\u010dine oziroma odmerka se ne sme prekora\u010diti. Nose\u010dnicam in doje\u010dim materam pred uporabo vedno svetujemo posvet z zdravnikom.<\/span><\/p>\n<p><span style=\"color: #000000\">Spirulina lahko vsebuje sulfite, ki so naravno prisotni v algah.<\/span><\/p>\n<h2><span style=\"color: #000000\">Pakiranje<\/span><\/h2>\n<p><span style=\"color: #000000\">Nepredu\u0161na vre\u010dka z zadrgo, kjer izdelek ohrani vso sve\u017eino in aromo. Embala\u017ea \u0161\u010diti pred svetlobo in zrakom, saj je sestavljena iz ve\u010d slojev za\u0161\u010dite, ki ohranjajo lastnosti vsebine.<\/span><\/p>\n<p><span style=\"color: #000000\">Embala\u017ea je zelo prakti\u010dna in omogo\u010da recikliranje.<\/span><\/p>\n<h2><span style=\"color: #000000\">Poreklo<\/span><\/h2>\n<p><span style=\"color: #000000\">Kitajska.<\/span><\/p>\n<p><span style=\"color: #000000\">Imamo zelo zanesljive dobavitelje, ki nam za vsako serijo po\u0161ljejo podrobno kemijsko analizo \u017eivila. V ve\u010d kot desetih letih nismo imeli \u0161e nobenega odpoklica ali kakr\u0161ne koli druge te\u017eave s tem artiklom, pa tudi z drugimi artikli istega dobavitelja ne.<\/span><\/p>\n<p><span style=\"color: #000000\">Artikel ima 100 % ekolo\u0161ki certifikat.<\/span><\/p>\n","protected":false},"excerpt":{"rendered":"<p align=\"JUSTIFY\">Prehransko dopolnilo. V mineralno bogatih vodah toplega tropskega morja najbolje uspeva alga spirulina, ki jo poznamo kot naravno superhrano. Spirulina je polna mineralov in soli iz morja, oceanov. Le-ti pa vsebujejo enake minerale kot \u010dlove\u0161ka kri. Alge tako vsebujejo naravne vitamine in minerale, da jih telo enostavno prebavi.<\/p>\n<p align=\"JUSTIFY\">\n","protected":false},"featured_media":4303,"comment_status":"open","ping_status":"closed","template":"","meta":{"_acf_changed":false},"product_brand":[],"product_cat":[15,222,195,216],"product_tag":[],"class_list":{"0":"post-4422","1":"product","2":"type-product","3":"status-publish","4":"has-post-thumbnail","6":"product_cat-uncategorized","7":"product_cat-alge-in-trave","8":"product_cat-superhrana","9":"product_cat-vsi-izdelki","11":"first","12":"instock","13":"sale","14":"taxable","15":"shipping-taxable","16":"purchasable","17":"product-type-simple"},"acf":[],"_links":{"self":[{"href":"https:\/\/fengchashop.com\/si\/wp-json\/wp\/v2\/product\/4422","targetHints":{"allow":["GET"]}}],"collection":[{"href":"https:\/\/fengchashop.com\/si\/wp-json\/wp\/v2\/product"}],"about":[{"href":"https:\/\/fengchashop.com\/si\/wp-json\/wp\/v2\/types\/product"}],"replies":[{"embeddable":true,"href":"https:\/\/fengchashop.com\/si\/wp-json\/wp\/v2\/comments?post=4422"}],"wp:featuredmedia":[{"embeddable":true,"href":"https:\/\/fengchashop.com\/si\/wp-json\/wp\/v2\/media\/4303"}],"wp:attachment":[{"href":"https:\/\/fengchashop.com\/si\/wp-json\/wp\/v2\/media?parent=4422"}],"wp:term":[{"taxonomy":"product_brand","embeddable":true,"href":"https:\/\/fengchashop.com\/si\/wp-json\/wp\/v2\/product_brand?post=4422"},{"taxonomy":"product_cat","embeddable":true,"href":"https:\/\/fengchashop.com\/si\/wp-json\/wp\/v2\/product_cat?post=4422"},{"taxonomy":"product_tag","embeddable":true,"href":"https:\/\/fengchashop.com\/si\/wp-json\/wp\/v2\/product_tag?post=4422"}],"curies":[{"name":"wp","href":"https:\/\/api.w.org\/{rel}","templated":true}]}}