{"id":4416,"date":"2022-03-03T10:33:34","date_gmt":"2022-03-03T09:33:34","guid":{"rendered":"https:\/\/test-fengcha.dweb.si\/product\/mucuna-pruriens-bio-250-g\/"},"modified":"2026-04-30T03:45:48","modified_gmt":"2026-04-30T01:45:48","slug":"mucuna-pruriens-bio","status":"publish","type":"product","link":"https:\/\/fengchashop.com\/si\/izdelek\/mucuna-pruriens-bio\/","title":{"rendered":"Mucuna pruriens BIO 250 g"},"content":{"rendered":"<h2><span style=\"color: #000000;\">Mucuna pruriens BIO v prahu<\/span><\/h2>\n<p><span style=\"color: #000000;\">Mucuna pruriens je tropska stro\u010dnica, ki izvira iz Afrike in tropske Azije. Pri nas je poznana tudi pod imenom \u017eametni fi\u017eol. Rastlina je znana po<strong> visoki vsebnosti l-dopa oziroma levodopa<\/strong>, ki je presnovna oblika dopamina. Z drugimi besedami, gre za predhodnika \u017eiv\u010dnega prena\u0161alca (prekurzorja), imenovanega dopamin.\u00a0<\/span><\/p>\n<p><span style=\"color: #000000;\">Stro\u010dnica je v ajurvedi priljubljena \u017ee ve\u010d kot 4500 let, kjer je znana po svoji sposobnosti, da znatno ubla\u017ei nevrotoksi\u010dnost. Ponekod se tradicionalno uporablja tudi kot protistrup pri ugrizih nekaterih strupenih ka\u010d.<\/span><\/p>\n<p><span style=\"color: #000000;\">Mucuna pruriens pa vpliva \u0161e eno zanimivo podro\u010dje, in sicer vpliva na <strong>kakovost sperme pri sicer neplodnih mo\u0161kih.<\/strong>\u00a0Pomaga tudi pri re\u0161evanju spolnih te\u017eav \u017eensk.<\/span><\/p>\n<h2><span style=\"color: #000000;\">Shranjevanje in opozorila<\/span><\/h2>\n<p><span style=\"color: #000000;\">Shranjujte v suhem in hladnem prostoru. Prehransko dopolnilo naj bo nedosegljivo otrokom!<\/span><\/p>\n<p><span style=\"color: #000000;\">Ne pozabite na pomembnost raznolike prehrane in zdravega na\u010dina \u017eivljenja, prehransko dopolnilo zato ni nadomestilo za uravnote\u017eeno in raznovrstno prehrano. Priporo\u010dene dnevne koli\u010dine oziroma odmerka se ne sme prekora\u010diti. Nose\u010dnicam in doje\u010dim materam uporabo odsvetujemo, saj lahko negativno vpliva na maternico in plod. Prav tako svetujemo previdnost pri jemanju zdravil za Parkinsonovo bolezen (npr. MAO inhibitorje) \u2013 izdelek uporabljajte v tem primeru le pod nadzorom zdravnika.<\/span><\/p>\n<p><span style=\"color: #000000;\">Izdelek v redkih primerih lahko pri ob\u010dutljivih osebah povzro\u010di slabost, bruhanje ali drisko. V tem primeru uporabo odsvetujemo.<\/span><\/p>\n<h2><span style=\"color: #000000;\">Pakiranje<\/span><\/h2>\n<p><span style=\"color: #000000;\">Nepredu\u0161na vre\u010dka z zadrgo, kjer izdelek ohrani vso sve\u017eino in aromo. Embala\u017ea \u0161\u010diti pred svetlobo in zrakom, saj je sestavljena iz ve\u010d slojev za\u0161\u010dite, ki ohranjajo lastnosti vsebine.<\/span><\/p>\n<p><span style=\"color: #000000;\">Embala\u017ea je zelo prakti\u010dna in omogo\u010da recikliranje.<\/span><\/p>\n<h2><span style=\"color: #000000;\">Poreklo<\/span><\/h2>\n<p><span style=\"color: #000000;\">Indija<\/span><\/p>\n","protected":false},"excerpt":{"rendered":"<p align=\"JUSTIFY\">Prehransko dopolnilo. Mucuna pruriens je tropska stro\u010dnica, ki izvira iz Afrike in tropske Azije. Pri nas je poznana tudi pod imenom \u017eametni fi\u017eol.<\/p>\n<p align=\"JUSTIFY\">\n","protected":false},"featured_media":4291,"comment_status":"open","ping_status":"closed","template":"","meta":{"_acf_changed":false},"product_brand":[],"product_cat":[15,194,218,195,216],"product_tag":[],"class_list":{"0":"post-4416","1":"product","2":"type-product","3":"status-publish","4":"has-post-thumbnail","6":"product_cat-uncategorized","7":"product_cat-ajurveda","8":"product_cat-najbolj-prodajano","9":"product_cat-superhrana","10":"product_cat-vsi-izdelki","12":"first","13":"instock","14":"sale","15":"taxable","16":"shipping-taxable","17":"purchasable","18":"product-type-simple"},"acf":[],"_links":{"self":[{"href":"https:\/\/fengchashop.com\/si\/wp-json\/wp\/v2\/product\/4416","targetHints":{"allow":["GET"]}}],"collection":[{"href":"https:\/\/fengchashop.com\/si\/wp-json\/wp\/v2\/product"}],"about":[{"href":"https:\/\/fengchashop.com\/si\/wp-json\/wp\/v2\/types\/product"}],"replies":[{"embeddable":true,"href":"https:\/\/fengchashop.com\/si\/wp-json\/wp\/v2\/comments?post=4416"}],"wp:featuredmedia":[{"embeddable":true,"href":"https:\/\/fengchashop.com\/si\/wp-json\/wp\/v2\/media\/4291"}],"wp:attachment":[{"href":"https:\/\/fengchashop.com\/si\/wp-json\/wp\/v2\/media?parent=4416"}],"wp:term":[{"taxonomy":"product_brand","embeddable":true,"href":"https:\/\/fengchashop.com\/si\/wp-json\/wp\/v2\/product_brand?post=4416"},{"taxonomy":"product_cat","embeddable":true,"href":"https:\/\/fengchashop.com\/si\/wp-json\/wp\/v2\/product_cat?post=4416"},{"taxonomy":"product_tag","embeddable":true,"href":"https:\/\/fengchashop.com\/si\/wp-json\/wp\/v2\/product_tag?post=4416"}],"curies":[{"name":"wp","href":"https:\/\/api.w.org\/{rel}","templated":true}]}}