{"id":4415,"date":"2022-03-03T10:14:54","date_gmt":"2022-03-03T09:14:54","guid":{"rendered":"https:\/\/test-fengcha.dweb.si\/product\/pegasti-badelj-v-prahu-bio-250-g\/"},"modified":"2026-05-01T10:18:54","modified_gmt":"2026-05-01T08:18:54","slug":"pegasti-badelj-v-prahu-bio","status":"publish","type":"product","link":"https:\/\/fengchashop.com\/si\/izdelek\/pegasti-badelj-v-prahu-bio\/","title":{"rendered":"Pegasti badelj v prahu BIO 250 g"},"content":{"rendered":"<h2><span style=\"color: #000000;\">Pegasti badelj v prahu BIO<\/span><\/h2>\n<p><span style=\"color: #000000;\">Pegasti badelj (Silybum marianum) v prahu je iz ekolo\u0161ke pridelave in premium kakovosti.<\/span><\/p>\n<p><span style=\"color: #000000;\">Pegasti badelj v\u010dasih imenujemo tudi Marijin osat in je zeli\u0161\u010de, ki je najbolj poznano<strong> za podporo jeter.<\/strong> Gojili so ga \u017ee v stari Gr\u010diji in Rimu. Uspeva pa v mnogih predelih Evrope in Azije.<\/span><\/p>\n<p><span style=\"color: #000000;\">Pegasti badelj lahko u\u017eivajo vsi, ki si \u017eelijo za\u0161\u010dititi svoja jetra, imajo nezdrav na\u010din prehranjevanja, zgago, druge te\u017eave s prebavo ali so konstantno pod stresom. Zapomnimo si, da vse kar pojemo in popijemo gre tudi skozi jetra. Kot filter izlo\u010dajo strupene snovi iz telesa.<\/span><\/p>\n<p><span style=\"color: #000000;\">Pegasti badelj predvsem \u0161\u010diti jetra pred strupi in <strong>pomaga pri razstrupljanju. <\/strong>Klju\u010dna snov je <strong>silimarin.<\/strong> Ta \u0161\u010diti celi\u010dno steno tako, da varuje pred vdorom \u0161kodljivih snovi. <\/span><\/p>\n<h2><span style=\"color: #000000;\">Shranjevanje in opozorila<\/span><\/h2>\n<p><span style=\"color: #000000;\">Shranjujte v suhem in hladnem prostoru pri temperaturi do 25 \u00b0C. Prehransko dopolnilo naj bo nedosegljivo otrokom!<\/span><\/p>\n<p><span style=\"color: #000000;\">Ne pozabite na pomembnost raznolike prehrane in zdravega na\u010dina \u017eivljenja, prehransko dopolnilo zato ni nadomestilo za uravnote\u017eeno in raznovrstno prehrano. Priporo\u010dene dnevne koli\u010dine oziroma odmerka se ne sme prekora\u010diti. Nose\u010dnicam in doje\u010dim materam uporabo odsvetujemo. Previdnost svetujemo tudi pri jemanju nekaterih zdravil za sladkorno bolezen.<\/span><\/p>\n<h2><span style=\"color: #000000;\">Pakiranje<\/span><\/h2>\n<p><span style=\"color: #000000;\">Nepredu\u0161na vre\u010dka z zadrgo, kjer izdelek ohrani vso sve\u017eino in aromo. Embala\u017ea \u0161\u010diti pred svetlobo in zrakom, saj je sestavljena iz ve\u010d slojev za\u0161\u010dite, ki ohranjajo lastnosti vsebine.<\/span><\/p>\n<p><span style=\"color: #000000;\">Embala\u017ea je zelo prakti\u010dna in omogo\u010da recikliranje.<\/span><\/p>\n<h2><span style=\"color: #000000;\">Poreklo<\/span><\/h2>\n<p><span style=\"color: #000000;\">EU<\/span><\/p>\n","protected":false},"excerpt":{"rendered":"<p align=\"JUSTIFY\">Prehransko dopolnilo. Pegasti badelj v\u010dasih imenujemo tudi Marijin osat in je zeli\u0161\u010de, ki je najbolj poznano za zdravljenje bolezni jeter.<\/p>\n<p align=\"JUSTIFY\">\n","protected":false},"featured_media":4114,"comment_status":"open","ping_status":"closed","template":"","meta":{"_acf_changed":false},"product_brand":[],"product_cat":[15,194,195,216],"product_tag":[],"class_list":{"0":"post-4415","1":"product","2":"type-product","3":"status-publish","4":"has-post-thumbnail","6":"product_cat-uncategorized","7":"product_cat-ajurveda","8":"product_cat-superhrana","9":"product_cat-vsi-izdelki","11":"first","12":"instock","13":"taxable","14":"shipping-taxable","15":"purchasable","16":"product-type-simple"},"acf":[],"_links":{"self":[{"href":"https:\/\/fengchashop.com\/si\/wp-json\/wp\/v2\/product\/4415","targetHints":{"allow":["GET"]}}],"collection":[{"href":"https:\/\/fengchashop.com\/si\/wp-json\/wp\/v2\/product"}],"about":[{"href":"https:\/\/fengchashop.com\/si\/wp-json\/wp\/v2\/types\/product"}],"replies":[{"embeddable":true,"href":"https:\/\/fengchashop.com\/si\/wp-json\/wp\/v2\/comments?post=4415"}],"wp:featuredmedia":[{"embeddable":true,"href":"https:\/\/fengchashop.com\/si\/wp-json\/wp\/v2\/media\/4114"}],"wp:attachment":[{"href":"https:\/\/fengchashop.com\/si\/wp-json\/wp\/v2\/media?parent=4415"}],"wp:term":[{"taxonomy":"product_brand","embeddable":true,"href":"https:\/\/fengchashop.com\/si\/wp-json\/wp\/v2\/product_brand?post=4415"},{"taxonomy":"product_cat","embeddable":true,"href":"https:\/\/fengchashop.com\/si\/wp-json\/wp\/v2\/product_cat?post=4415"},{"taxonomy":"product_tag","embeddable":true,"href":"https:\/\/fengchashop.com\/si\/wp-json\/wp\/v2\/product_tag?post=4415"}],"curies":[{"name":"wp","href":"https:\/\/api.w.org\/{rel}","templated":true}]}}