{"id":4414,"date":"2022-03-03T09:56:17","date_gmt":"2022-03-03T08:56:17","guid":{"rendered":"https:\/\/test-fengcha.dweb.si\/product\/amla-v-prahu-bio-250-g\/"},"modified":"2026-04-29T23:08:51","modified_gmt":"2026-04-29T21:08:51","slug":"amla-v-prahu-bio","status":"publish","type":"product","link":"https:\/\/fengchashop.com\/si\/izdelek\/amla-v-prahu-bio\/","title":{"rendered":"Amla v prahu BIO 250 g"},"content":{"rendered":"<h2><span style=\"color: #000000\">Amla v prahu BIO<\/span><\/h2>\n<p><span style=\"color: #000000\">Amlo poznamo tudi pod imenom<strong> amalaki ali indijska kosmulja.<\/strong> Amla je kosmulji podoben zeleni sade\u017e, ki ima zanimiv sladko-kisel okus. V ajurvedi velja za <strong>sade\u017e mladosti in lepote.<\/strong> Na vzhodu amlo slavijo kot bo\u017eji dar \u010dlove\u0161tvu. Najdemo jo v nizko gorskim obmo\u010djih na indijski podcelini. Sade\u017e amle samo posu\u0161ijo in ne\u017eno zmeljejo v fin prah. Po ajurvedi amla uravnote\u017ei vse tri \u017eivljenjske energije (vato, pitto in kapho).<\/span><\/p>\n<p><span style=\"color: #000000\">Amla je izredno <strong>bogata z vitaminom C<\/strong> (pribli\u017eno 4 g na 100 g prahu). Vsebuje pa tudi \u0161tevilne <strong>antioksidante, tanine, flavonoide, lipide, vitamine in minerale ter druga esencialna olja<\/strong>.<\/span><\/p>\n<h2><span style=\"color: #000000\">Shranjevanje in opozorila<\/span><\/h2>\n<p><span style=\"color: #000000\">Shranjujte v suhem in hladnem prostoru. Prehransko dopolnilo naj bo nedosegljivo otrokom!<\/span><\/p>\n<p><span style=\"color: #000000\">Ne pozabite na pomembnost raznolike prehrane in zdravega na\u010dina \u017eivljenja, prehransko dopolnilo zato ni nadomestilo za uravnote\u017eeno in raznovrstno prehrano. Priporo\u010dene dnevne koli\u010dine oziroma odmerka se ne sme prekora\u010diti. Nose\u010dnicam in doje\u010dim materam pred uporabo vedno svetujemo posvet z zdravnikom.<\/span><\/p>\n<h2><span style=\"color: #000000\">Pakiranje<\/span><\/h2>\n<p><span style=\"color: #000000\">Nepredu\u0161na vre\u010dka z zadrgo, kjer izdelek ohrani vso sve\u017eino in aromo. Embala\u017ea \u0161\u010diti pred svetlobo in zrakom, saj je sestavljena iz ve\u010d slojev za\u0161\u010dite, ki ohranjajo lastnosti vsebine.<\/span><\/p>\n<p><span style=\"color: #000000\">Embala\u017ea je zelo prakti\u010dna in omogo\u010da recikliranje.<\/span><\/p>\n<h2><span style=\"color: #000000\">Poreklo<\/span><\/h2>\n<p><span style=\"color: #000000\">Indija<\/span><\/p>\n","protected":false},"excerpt":{"rendered":"<p align=\"JUSTIFY\"><span style=\"color: #000000\">Prehransko dopolnilo. Amlo poznamo tudi pod imenom amalaki ali indijska kosmulja. Amla je kosmulji podoben zeleni sade\u017e, ki ima zanimiv sladko-kisel okus. V ajurvedi velja za sade\u017e mladosti in lepote. Na vzhodu amlo slavijo kot bo\u017eji dar \u010dlove\u0161tvu.<\/span><\/p>\n<p align=\"JUSTIFY\">\n","protected":false},"featured_media":4136,"comment_status":"open","ping_status":"closed","template":"","meta":{"_acf_changed":false},"product_brand":[],"product_cat":[15,194,195,216],"product_tag":[],"class_list":{"0":"post-4414","1":"product","2":"type-product","3":"status-publish","4":"has-post-thumbnail","6":"product_cat-uncategorized","7":"product_cat-ajurveda","8":"product_cat-superhrana","9":"product_cat-vsi-izdelki","11":"first","12":"instock","13":"sale","14":"taxable","15":"shipping-taxable","16":"purchasable","17":"product-type-simple"},"acf":[],"_links":{"self":[{"href":"https:\/\/fengchashop.com\/si\/wp-json\/wp\/v2\/product\/4414","targetHints":{"allow":["GET"]}}],"collection":[{"href":"https:\/\/fengchashop.com\/si\/wp-json\/wp\/v2\/product"}],"about":[{"href":"https:\/\/fengchashop.com\/si\/wp-json\/wp\/v2\/types\/product"}],"replies":[{"embeddable":true,"href":"https:\/\/fengchashop.com\/si\/wp-json\/wp\/v2\/comments?post=4414"}],"wp:featuredmedia":[{"embeddable":true,"href":"https:\/\/fengchashop.com\/si\/wp-json\/wp\/v2\/media\/4136"}],"wp:attachment":[{"href":"https:\/\/fengchashop.com\/si\/wp-json\/wp\/v2\/media?parent=4414"}],"wp:term":[{"taxonomy":"product_brand","embeddable":true,"href":"https:\/\/fengchashop.com\/si\/wp-json\/wp\/v2\/product_brand?post=4414"},{"taxonomy":"product_cat","embeddable":true,"href":"https:\/\/fengchashop.com\/si\/wp-json\/wp\/v2\/product_cat?post=4414"},{"taxonomy":"product_tag","embeddable":true,"href":"https:\/\/fengchashop.com\/si\/wp-json\/wp\/v2\/product_tag?post=4414"}],"curies":[{"name":"wp","href":"https:\/\/api.w.org\/{rel}","templated":true}]}}