{"id":4413,"date":"2022-03-03T09:39:04","date_gmt":"2022-03-03T08:39:04","guid":{"rendered":"https:\/\/test-fengcha.dweb.si\/product\/tribulus-terrestris-bio-250-g\/"},"modified":"2026-04-29T22:23:50","modified_gmt":"2026-04-29T20:23:50","slug":"tribulus-terrestris-bio","status":"publish","type":"product","link":"https:\/\/fengchashop.com\/si\/izdelek\/tribulus-terrestris-bio\/","title":{"rendered":"Tribulus terrestris BIO 250 g"},"content":{"rendered":"<h2><span style=\"color: #000000;\">Tribulus terrestris BIO v prahu<\/span><\/h2>\n<p><span style=\"color: #000000;\">Tribulus terrestris (tudi <strong>gokshura<\/strong>) je rastlina, ki raste tudi pri nas, \u010deprav jo sre\u010damo bolj poredko. Poznamo jo pod imenom <strong>navadna zoba\u010dica.<\/strong> Ker gre za v svetu dokaj raz\u0161irjeno zel, jo ponekod obravnavajo kot plevel. Je ni\u017eje rasto\u010da rastlina z majhnimi rumenimi cvetki. Izredno trdi in bode\u010di plodovi rastline se uporabljajo za izdelavo razli\u010dnih prehranskih dopolnil, ki<strong> krepijo spolno mo\u010d.<\/strong> Prav zato ima v tradicionalni kitajski medicini in ajurvedi posebno mesto, saj velja za <strong>naravni afrodiziak.<\/strong><\/span><\/p>\n<p><span style=\"color: #000000;\">Ker navadna zoba\u010dica dviguje raven hormona testosterona, jo pogosto uporabljajo tudi tisti, ki \u017eelijo pove\u010dati svoj mi\u0161i\u010dni tonus, kot so na primer bodybuilderji in \u0161portniki. \u0160portniki prisegajo na navadno zoba\u010dico zaradi njenega anabolnega delovanja. Visoka raven hormona testosterona namre\u010d spodbuja sintezo beljakovin. Kar pri \u0161portnikih pove\u010duje mi\u0161i\u010dno maso, posledi\u010dno pa tudi vzdr\u017eljivost, energijo in mo\u010d.<\/span><\/p>\n<h2><span style=\"color: #000000;\">Za koga je lahko jemanje tribulus terrestrisa koristno?<\/span><\/h2>\n<p><span style=\"color: #000000;\">Med aktivne sestavine, ki jih najdemo v tribulus terrestrisu, so<strong> saponini, flavonoidi, alkaloidi, glikozidi in lignin amidi.<\/strong> Navadna zoba\u010dica pa vsebuje <strong>luteinizirajo\u010di hormon,<\/strong> za katerega velja, da stimulira testise, da proizvajajo hormon testosteron.<\/span><\/p>\n<p><span style=\"color: #000000;\">Mo\u0161ki v srednjih letih do\u017eivljajo podobne hormonske spremembe, kot jih do\u017eivljajo \u017eenske v menopavzi. Zaradi upadanja ravni testosterona se ravnovesje spolnih hormonov poru\u0161i, kar mo\u0161kim prina\u0161a podobne te\u017eave kot \u017eenskam menopavza. Temu pojavu pravimo <strong>andropavza<\/strong> ali mo\u0161ka menopavza. Andropavza je velikokrat odgovorna za te\u017eave, ki se pri mo\u0161kih pojavijo v srednjih letih (nekje po 40. letu starosti).<\/span><\/p>\n<h2><span style=\"color: #000000;\">Shranjevanje in opozorila<\/span><\/h2>\n<p><span style=\"color: #000000;\">Shranjujte v suhem in hladnem prostoru. Prehransko dopolnilo naj bo nedosegljivo otrokom!<\/span><\/p>\n<p><span style=\"color: #000000;\">Ne pozabite na pomembnost raznolike prehrane in zdravega na\u010dina \u017eivljenja, prehransko dopolnilo zato ni nadomestilo za uravnote\u017eeno in raznovrstno prehrano. Priporo\u010dene dnevne koli\u010dine oziroma odmerka se ne sme prekora\u010diti. Ni primerno za otroke, nose\u010dnice in doje\u010de matere.<\/span><\/p>\n<p><span style=\"color: #000000;\">Ker lahko pove\u010da velikost prostate, odsvetujemo uporabo mo\u0161kim s pove\u010dano prostato. Prav tako pa odsvetujemo uporabo \u017eenskam, ki so prebolele raka na dojkah ali rodilih.<\/span><\/p>\n<h2><span style=\"color: #000000;\">Pakiranje<\/span><\/h2>\n<p><span style=\"color: #000000;\">Nepredu\u0161na vre\u010dka z zadrgo, kjer izdelek ohrani vso sve\u017eino in aromo. Embala\u017ea \u0161\u010diti pred svetlobo in zrakom, saj je sestavljena iz ve\u010d slojev za\u0161\u010dite, ki ohranjajo lastnosti vsebine.<\/span><\/p>\n<p><span style=\"color: #000000;\">Embala\u017ea je zelo prakti\u010dna in omogo\u010da recikliranje.<\/span><\/p>\n<h2><span style=\"color: #000000;\">Poreklo<\/span><\/h2>\n<p><span style=\"color: #000000;\">Indija<\/span><\/p>\n","protected":false},"excerpt":{"rendered":"<p align=\"JUSTIFY\"><span style=\"color: #000000;\">Prehransko dopolnilo. Tribulus terrestris (tudi\u00a0<strong><em>gokshura<\/em><\/strong>) je rastlina, ki raste tudi pri nas, \u010deprav jo sre\u010damo bolj poredko. Poznamo jo pod imenom<strong>\u00a0navadna zoba\u010dica<\/strong>. Je ni\u017eje rasto\u010da rastlina z majhnimi rumenimi cvetki. Izredno trdi in bode\u010di plodovi rastline se uporabljajo za izdelavo razli\u010dnih prehranskih dopolnil, ki krepijo spolno mo\u010d.<\/span><\/p>\n<p align=\"JUSTIFY\">\n","protected":false},"featured_media":4307,"comment_status":"open","ping_status":"closed","template":"","meta":{"_acf_changed":false},"product_brand":[],"product_cat":[15,195,216],"product_tag":[],"class_list":{"0":"post-4413","1":"product","2":"type-product","3":"status-publish","4":"has-post-thumbnail","6":"product_cat-uncategorized","7":"product_cat-superhrana","8":"product_cat-vsi-izdelki","10":"first","11":"instock","12":"sale","13":"taxable","14":"shipping-taxable","15":"purchasable","16":"product-type-simple"},"acf":[],"_links":{"self":[{"href":"https:\/\/fengchashop.com\/si\/wp-json\/wp\/v2\/product\/4413","targetHints":{"allow":["GET"]}}],"collection":[{"href":"https:\/\/fengchashop.com\/si\/wp-json\/wp\/v2\/product"}],"about":[{"href":"https:\/\/fengchashop.com\/si\/wp-json\/wp\/v2\/types\/product"}],"replies":[{"embeddable":true,"href":"https:\/\/fengchashop.com\/si\/wp-json\/wp\/v2\/comments?post=4413"}],"wp:featuredmedia":[{"embeddable":true,"href":"https:\/\/fengchashop.com\/si\/wp-json\/wp\/v2\/media\/4307"}],"wp:attachment":[{"href":"https:\/\/fengchashop.com\/si\/wp-json\/wp\/v2\/media?parent=4413"}],"wp:term":[{"taxonomy":"product_brand","embeddable":true,"href":"https:\/\/fengchashop.com\/si\/wp-json\/wp\/v2\/product_brand?post=4413"},{"taxonomy":"product_cat","embeddable":true,"href":"https:\/\/fengchashop.com\/si\/wp-json\/wp\/v2\/product_cat?post=4413"},{"taxonomy":"product_tag","embeddable":true,"href":"https:\/\/fengchashop.com\/si\/wp-json\/wp\/v2\/product_tag?post=4413"}],"curies":[{"name":"wp","href":"https:\/\/api.w.org\/{rel}","templated":true}]}}