{"id":4397,"date":"2022-03-03T08:21:02","date_gmt":"2022-03-03T07:21:02","guid":{"rendered":"https:\/\/test-fengcha.dweb.si\/product\/shatavari-bio-250-g\/"},"modified":"2026-04-17T10:02:41","modified_gmt":"2026-04-17T08:02:41","slug":"shatavari-bio","status":"publish","type":"product","link":"https:\/\/fengchashop.com\/si\/izdelek\/shatavari-bio\/","title":{"rendered":"Shatavari BIO 250 g"},"content":{"rendered":"<h2><span style=\"color: #000000;\">Shatavari v prahu BIO<\/span><\/h2>\n<p><span style=\"color: #000000;\">Shatavari je ena izmed tradicionalnih ayurverdskih rastlin, ki uspeva na podro\u010dju Indije, Himalaje ter Sri Lanke. Je vrsta divjega belu\u0161a, ki lahko v vi\u0161ino zraste od enega do dveh metrov visoko, v medicinske namene pa se uporabljajo predvsem njene korenine, v katerih je najve\u010d zdravilnih u\u010dinkovin.<\/span><\/p>\n<p><span style=\"color: #000000;\">Shatavari ima tudi <strong>pomlajevalne lastnosti<\/strong> in uspe\u0161no<strong> prepre\u010duje prezgodnje znake staranja<\/strong>. Iz njegovih korenin pridobljene snovi <strong>telo napolnijo z energijo, mu dajo mo\u010d in pripomorejo k ohranitvi zdravega ter vitalnega videza telesa.<\/strong> Redno u\u017eivanje Shatavari-ja pripomore k <strong>dobremu psihofizi\u010dnemu zdravju.<\/strong> Njegova uporaba je primerna tako za \u017eenske kot mo\u0161ke vseh starostnih skupin. Kljub na\u0161tetim pozitivnim lastnostim je njegovo delovanje po\u010dasno, zato ga je potrebno u\u017eivati dlje \u010dasa, da bi opazili in ob\u010dutili njegov u\u010dinek na telo.<\/span><\/p>\n<h2>Shranjevanje in opozorila<\/h2>\n<p>Shranjujte v suhem in hladnem prostoru pri temperaturi do 25 \u00b0C. Prehransko dopolnilo naj bo nedosegljivo otrokom!<\/p>\n<p>Ne pozabite na pomembnost raznolike prehrane in zdravega na\u010dina \u017eivljenja, prehransko dopolnilo zato ni nadomestilo za uravnote\u017eeno in raznovrstno prehrano. Priporo\u010dene dnevne koli\u010dine oziroma odmerka se ne sme prekora\u010diti. Nose\u010dnicam in doje\u010dim materam pred uporabo vedno svetujemo posvet z zdravnikom.<\/p>\n<h2><span style=\"color: #000000;\">Pakiranje<\/span><\/h2>\n<p><span style=\"color: #000000;\">Nepredu\u0161na vre\u010dka z zadrgo ali \u0161atulja, kjer izdelek ohrani vso sve\u017eino in aromo. Embala\u017ea \u0161\u010diti pred svetlobo in zrakom. Sestavljena je iz ve\u010d slojev za\u0161\u010dite, ki ohranjajo lastnosti izdelka.<\/span><\/p>\n<p><span style=\"color: #000000;\">Embala\u017ea je zelo prakti\u010dna in omogo\u010da recikliranje.<\/span><\/p>\n<h2><span style=\"color: #000000;\">Poreklo<\/span><\/h2>\n<p><span style=\"color: #000000;\">Indija<\/span><\/p>\n","protected":false},"excerpt":{"rendered":"<p align=\"JUSTIFY\">Prehransko dopolnilo. Shatavari je ena izmed tradicionalnih ayurverdskih rastlin, ki uspeva na podro\u010dju Indije, Himalaje ter Sri Lanke. Je vrsta divjega belu\u0161a, ki lahko v vi\u0161ino zraste od enega do dveh metrov visoko, v medicinske namene pa se uporabljajo predvsem njene korenine, v katerih je najve\u010d zdravilnih u\u010dinkovin. Ve\u010d tiso\u010d let ima Shatavari pomembno vlogo v medicini tropske ter subtropske Indije.<\/p>\n<p align=\"JUSTIFY\">\n","protected":false},"featured_media":4300,"comment_status":"open","ping_status":"closed","template":"","meta":{"_acf_changed":false},"product_brand":[],"product_cat":[15,194,195,216],"product_tag":[],"class_list":{"0":"post-4397","1":"product","2":"type-product","3":"status-publish","4":"has-post-thumbnail","6":"product_cat-uncategorized","7":"product_cat-ajurveda","8":"product_cat-superhrana","9":"product_cat-vsi-izdelki","11":"first","12":"outofstock","13":"taxable","14":"shipping-taxable","15":"purchasable","16":"product-type-simple"},"acf":[],"_links":{"self":[{"href":"https:\/\/fengchashop.com\/si\/wp-json\/wp\/v2\/product\/4397","targetHints":{"allow":["GET"]}}],"collection":[{"href":"https:\/\/fengchashop.com\/si\/wp-json\/wp\/v2\/product"}],"about":[{"href":"https:\/\/fengchashop.com\/si\/wp-json\/wp\/v2\/types\/product"}],"replies":[{"embeddable":true,"href":"https:\/\/fengchashop.com\/si\/wp-json\/wp\/v2\/comments?post=4397"}],"wp:featuredmedia":[{"embeddable":true,"href":"https:\/\/fengchashop.com\/si\/wp-json\/wp\/v2\/media\/4300"}],"wp:attachment":[{"href":"https:\/\/fengchashop.com\/si\/wp-json\/wp\/v2\/media?parent=4397"}],"wp:term":[{"taxonomy":"product_brand","embeddable":true,"href":"https:\/\/fengchashop.com\/si\/wp-json\/wp\/v2\/product_brand?post=4397"},{"taxonomy":"product_cat","embeddable":true,"href":"https:\/\/fengchashop.com\/si\/wp-json\/wp\/v2\/product_cat?post=4397"},{"taxonomy":"product_tag","embeddable":true,"href":"https:\/\/fengchashop.com\/si\/wp-json\/wp\/v2\/product_tag?post=4397"}],"curies":[{"name":"wp","href":"https:\/\/api.w.org\/{rel}","templated":true}]}}