{"id":4386,"date":"2022-02-22T09:57:12","date_gmt":"2022-02-22T08:57:12","guid":{"rendered":"https:\/\/test-fengcha.dweb.si\/product\/agaricus-blazei-bio-125-g\/"},"modified":"2026-04-16T00:39:43","modified_gmt":"2026-04-15T22:39:43","slug":"agaricus-blazei-bio","status":"publish","type":"product","link":"https:\/\/fengchashop.com\/si\/izdelek\/agaricus-blazei-bio\/","title":{"rendered":"Agaricus blazei BIO 125 g"},"content":{"rendered":"<h2><span style=\"color: #000000\">Agaricus blazei BIO<\/span><\/h2>\n<p><span style=\"color: #000000\">Agaricus blazei spada med <strong>novej\u0161a odkritja na podro\u010dju medicinskih gob in dobiva vse ve\u010djo veljavo v svetu<\/strong>. Goba izvira iz Brazilije in jo zato ve\u010dkrat imenujejo tudi brazilski kukmak. Uporabljajo pa jo tudi na Japonskem in ostalih azijskih dr\u017eavah, kjer se medicinske gobe uporablja v terapevtske namene \u017ee tiso\u010dletja.<\/span><\/p>\n<p><span style=\"color: #000000\">V obliki prahu vsebujejo Agaricus blazei veliko hranilnih snovi, njeni pozitivni u\u010dinki so bili dokazani tudi znanstveno. \u0160tudije iz razli\u010dnih dr\u017eavah po svetu so ugotovile \u0161tevilne koristne u\u010dinke, ki so povezani z rednim u\u017eivanjem te gobe.<\/span><\/p>\n<p><span style=\"color: #000000\">Je nekoliko manj poznana in v ponudbi medicinskih gob med novej\u0161imi, ki pa zaradi svojih \u0161tevilnih lastnosti izjemno hitro pridobiva na priljubljenosti.<\/span><\/p>\n<p><span style=\"color: #000000\">Pridelava na\u0161e gobe Agaricus blazei je strogo nadzorovana, brez uporabe kemikalij ali pesticidov in<strong> 100 % ekolo\u0161ka.<\/strong> Kakovost gob pa je redno nadzorovana s strani neodvisnih laboratorijev v Sloveniji in ZDA.<\/span><\/p>\n<h2><span style=\"color: #000000\">Kaj vsebuje in komu je namenjena?<\/span><\/h2>\n<p><span style=\"color: #000000\">Agaricus blazei je sestavljen iz raznovrstnih <strong>polisaharidov, vitaminov, mineralnih soli in drugih antioksidantov.<\/strong> Vsi elementi v gobi so prisotni v velikih koli\u010dinah in imajo zelo pozitiven u\u010dinek na na\u0161e telo.<\/span><\/p>\n<p><span style=\"color: #000000\">In kar je pri tem izredno pomembno, je, da je Agaricus blazei <strong>100 % naraven izdelek<\/strong>.<\/span><\/p>\n<h2><span style=\"color: #000000\">Zakaj ravno gobe?<\/span><\/h2>\n<p><span style=\"color: #000000\">Gobe so zelo zanimive. Niso ne rastline ne \u017eivali, kar pa so, so zagotovo neverjetni organizmi, ki so uspeli pre\u017eiveti pravzaprav skoraj od za\u010detka sveta. Razvile so posebno strategijo pre\u017eivetja, ki jih ohranja vse do danes. Njihove posebnosti lahko izkoristimo tudi ljudje, ko jih vklju\u010dimo v svojo prehrano. Prina\u0161ajo nam uravnote\u017eenost na telesni ravni, prispevajo k splo\u0161nemu dobremu po\u010dutju in nas \u0161\u010ditijo pred \u0161tevilnimi te\u017eavami.<\/span><\/p>\n<p><span style=\"color: #000000\">Ker so dolo\u010dene naravne u\u010dinkovine za nas neprebavljive ali te\u017eko prebavljive, je zelo pomembno, da u\u017eivamo samo najbolj\u0161e gobe v prahu. Gobe morajo biti pravilno vzrejene, posu\u0161ene in pripravljene. Zmlete morajo biti v fin prah brez ko\u0161\u010dkov. Barva prahu je svetlej\u0161a, sicer pa je odvisna tudi od vrste gobe, ki jo jemljemo. Ker so gobe tako u\u010dinkovite ravno zato, ker imajo sposobnost absorpcije vsega &#8211; dobrega in slabega iz okolja, je pomembno, da posegamo po ekolo\u0161ko pridelanih.<\/span><\/p>\n<h2><span style=\"color: #000000\">Pakiranje<\/span><\/h2>\n<p><span style=\"color: #000000\">Nepredu\u0161na vre\u010dka z zadrgo, kjer izdelek ohrani vso sve\u017eino in aromo. Embala\u017ea \u0161\u010diti pred svetlobo in zrakom, saj je sestavljena iz ve\u010d slojev za\u0161\u010dite, ki ohranjajo lastnosti vsebine.<\/span><\/p>\n<p><span style=\"color: #000000\">Embala\u017ea je zelo prakti\u010dna in omogo\u010da recikliranje.<\/span><\/p>\n<h2><span style=\"color: #000000\">Shranjevanje in opozorila<\/span><\/h2>\n<p><span style=\"color: #000000\">Shranjujte v suhem in hladnem prostoru. Prehransko dopolnilo naj bo nedosegljivo otrokom!<\/span><\/p>\n<p><span style=\"color: #000000\">Ne pozabite na pomembnost raznolike prehrane in zdravega na\u010dina \u017eivljenja, prehransko dopolnilo zato ni nadomestilo za uravnote\u017eeno in raznovrstno prehrano. Priporo\u010dene dnevne koli\u010dine oziroma odmerka se ne sme prekora\u010diti. Nose\u010dnicam in doje\u010dim materam pred uporabo vedno svetujemo posvet z zdravnikom.<\/span><\/p>\n<h2><span style=\"color: #000000\">Dobro je vedeti<\/span><\/h2>\n<p><span style=\"color: #000000\">Izdelek je primeren tudi za \u017eivali. V ve\u010dini primerov se medicinske gobe izka\u017eejo kot izredno u\u010dinkovite pri krepitvi imunskega sistema, odpravljanju alergij in obolenj ko\u017ee ter virusnih in bakterijskih oku\u017eb. O smiselnosti jemanja in priporo\u010deni dnevni koli\u010dini se pred uporabo posvetujte z veterinarjem.<\/span><\/p>\n<h2><span style=\"color: #000000\">Poreklo<\/span><\/h2>\n<p><span style=\"color: #000000\">Slovenija<\/span><\/p>\n","protected":false},"excerpt":{"rendered":"<p align=\"JUSTIFY\">Prehransko dopolnilo. Agaricus blazei spada med <strong>novej\u0161a odkritja na podro\u010dju medicinskih gob in dobiva vse ve\u010djo veljavo v svetu<\/strong>. Goba izvira iz Brazilije in jo zato ve\u010dkrat imenujejo tudi brazilski kukmak.<\/p>\n<p>&nbsp;<\/p>\n","protected":false},"featured_media":4133,"comment_status":"open","ping_status":"closed","template":"","meta":{"_acf_changed":false},"product_brand":[],"product_cat":[15,198,216],"product_tag":[],"class_list":{"0":"post-4386","1":"product","2":"type-product","3":"status-publish","4":"has-post-thumbnail","6":"product_cat-uncategorized","7":"product_cat-medicinske-gobe","8":"product_cat-vsi-izdelki","10":"first","11":"instock","12":"taxable","13":"shipping-taxable","14":"purchasable","15":"product-type-simple"},"acf":[],"_links":{"self":[{"href":"https:\/\/fengchashop.com\/si\/wp-json\/wp\/v2\/product\/4386","targetHints":{"allow":["GET"]}}],"collection":[{"href":"https:\/\/fengchashop.com\/si\/wp-json\/wp\/v2\/product"}],"about":[{"href":"https:\/\/fengchashop.com\/si\/wp-json\/wp\/v2\/types\/product"}],"replies":[{"embeddable":true,"href":"https:\/\/fengchashop.com\/si\/wp-json\/wp\/v2\/comments?post=4386"}],"wp:featuredmedia":[{"embeddable":true,"href":"https:\/\/fengchashop.com\/si\/wp-json\/wp\/v2\/media\/4133"}],"wp:attachment":[{"href":"https:\/\/fengchashop.com\/si\/wp-json\/wp\/v2\/media?parent=4386"}],"wp:term":[{"taxonomy":"product_brand","embeddable":true,"href":"https:\/\/fengchashop.com\/si\/wp-json\/wp\/v2\/product_brand?post=4386"},{"taxonomy":"product_cat","embeddable":true,"href":"https:\/\/fengchashop.com\/si\/wp-json\/wp\/v2\/product_cat?post=4386"},{"taxonomy":"product_tag","embeddable":true,"href":"https:\/\/fengchashop.com\/si\/wp-json\/wp\/v2\/product_tag?post=4386"}],"curies":[{"name":"wp","href":"https:\/\/api.w.org\/{rel}","templated":true}]}}