{"id":4385,"date":"2022-02-22T09:44:00","date_gmt":"2022-02-22T08:44:00","guid":{"rendered":"https:\/\/test-fengcha.dweb.si\/product\/onca-mix-bio-125-g\/"},"modified":"2026-04-30T14:28:17","modified_gmt":"2026-04-30T12:28:17","slug":"onca-mix-bio","status":"publish","type":"product","link":"https:\/\/fengchashop.com\/si\/izdelek\/onca-mix-bio\/","title":{"rendered":"Onca mix BIO 125 g"},"content":{"rendered":"<h2><span style=\"color: #000000;\">Onca mix me\u0161anica medicinskih gob BIO v prahu<\/span><\/h2>\n<p><span style=\"color: #000000;\">Me\u0161anica Onca mix medicinskih gob je namenjena kot podpora <strong>pri agresivnih konvencinalnih tretmanih in posegih ter za pomo\u010d pri odpravljanju resnej\u0161ih kroni\u010dnih te\u017eav.<\/strong> Me\u0161anica Onca mix nudi naj\u0161ir\u0161i spekter uravnove\u0161enega delovanja zaradi ve\u010d sto razli\u010dnih aktivnih komponent, ki jih vsebuje. Onco mix me\u0161anico sestavljajo ve\u010d vrst gob, in sicer Ganoderma lucidum (Reishi), Lentinula edodes (\u0161itake) in Agaricus blazei.<\/span><\/p>\n<p><span style=\"color: #000000;\">S tako \u0161irokim spektrom uporabljenih vrst gob je dose\u017eeno njihovo \u0161irokospektralno delovanje ter pospe\u0161eno preventivno delovanje pred splo\u0161no oslabelostjo.<\/span><\/p>\n<p><span style=\"color: #000000;\">Uporaba izdelka je povsem preprosta in ne zahteva kakr\u0161nih koli priprav ali spretnosti. Gobe so zmlete v fin prah, ki ne vsebuje delcev. Izdelek je tako pripravljen za uporabo. Preprosto ga dozirate neposredno iz embala\u017ee v va\u0161 priljubljen napitek, preme\u0161ate in zau\u017eijete.<\/span><\/p>\n<h2><span style=\"color: #000000;\">Zakaj uporabiti na\u0161o me\u0161anico Onca mix?<\/span><\/h2>\n<p><span style=\"color: #000000;\">Me\u0161anica je nastala po skrbno pripravljenem receptu na podlagi opa\u017eanj in ugotovitev uporabnikov me\u0161anice in medicinskih gob na splo\u0161no. Za pripravo te posebne me\u0161anice pa so bili upo\u0161tevani tudi izsledki \u0161tevilnih doma\u010dih in tujih raziskav in ugotovitve raziskovalnih in\u0161titucij. In \u010deprav imajo medicinske gobe zelo kompleksne mehanizme delovanja, ki jih znanost \u0161e ni uspela razlo\u017eiti, vemo, da <strong>ugodno vplivajo na na\u0161 imunski sistem, na na\u0161e po\u010dutje in naravne procese, ki se vsak dan dogajajo v na\u0161em organizmu.<\/strong><\/span><\/p>\n<p><span style=\"color: #000000;\">Pridelava na\u0161ih zdravilnih gob je strogo nadzorovana, brez uporabe kemikalij ali pesticidov in <strong>100 % ekolo\u0161ka<\/strong>. Vse gobe so gojene v Sloveniji.<\/span><\/p>\n<h2><span style=\"color: #000000;\">Komu vse je namenjena me\u0161anica Onca mix in kak\u0161ni so njeni u\u010dinki?<\/span><\/h2>\n<p><span style=\"color: #000000;\">Onca mix je v prvi vrsti kot podporna terapija namenjen kroni\u010dnim bolnikom, ki se zdravijo po metodi tradicionalne medicine. Namenjena je bolnikom, ki se zdravijo za resnej\u0161e bolezni, njihov potek zdravljenje pa je agresiven. Namenjen je tudi tistim, ki \u017eelijo preizkusiti delovanje medicinskih gob in podpreti zdravljenje na naraven na\u010din. Prav tako je odli\u010dno naravno prehransko dopolnilo, saj imajo gobe visoke prehranske vrednosti \u2013 dragocene hranilne vrednosti, minerali v sledeh, vitamini, makro minerali, vlaknine, beljakovine. Medicinske gobe imajo bogato zgodovino v kitajski medicini in zdravilstvu, \u010dlovek pa se vse pogosteje po zdravje zopet vra\u010da k naravi. Pred u\u017eivanjem medicinskih gob tekom zdravljenja vedno svetujemo posvet z zdravnikom specialistom ali splo\u0161nim zdravnikom.<\/span><\/p>\n<h2><span style=\"color: #000000;\">Zakaj ravno gobe?<\/span><\/h2>\n<p><span style=\"color: #000000;\">Gobe so zelo zanimive. Niso ne rastline ne \u017eivali, kar pa so, so zagotovo neverjetni organizmi, ki so uspeli pre\u017eiveti pravzaprav skoraj od za\u010detka sveta. Razvile so posebno strategijo pre\u017eivetja, ki jih ohranja vse do danes. Njihove posebnosti lahko izkoristimo tudi ljudje, ko jih vklju\u010dimo v svojo prehrano. Prina\u0161ajo nam uravnote\u017eenost na telesni ravni, prispevajo k splo\u0161nemu dobremu po\u010dutju in nas \u0161\u010ditijo pred \u0161tevilnimi te\u017eavami.<\/span><\/p>\n<p><span style=\"color: #000000;\">Ker so dolo\u010dene naravne u\u010dinkovine za nas neprebavljive ali te\u017eko prebavljive, je zelo pomembno, da u\u017eivamo samo najbolj\u0161e gobe v prahu. Gobe morajo biti pravilno vzrejene, posu\u0161ene in pripravljene. Zmlete morajo biti v fin prah brez ko\u0161\u010dkov. Barva prahu je svetlej\u0161a, sicer pa je odvisna tudi od vrste gobe, ki jo jemljemo. Ker so gobe tako u\u010dinkovite ravno zato, ker imajo sposobnost absorpcije vsega &#8211; dobrega in slabega iz okolja, je pomembno, da posegamo po ekolo\u0161ko pridelanih.<\/span><\/p>\n<h2><span style=\"color: #000000;\">Pakiranje<\/span><\/h2>\n<p><span style=\"color: #000000;\">Nepredu\u0161na vre\u010dka z zadrgo, kjer izdelek ohrani vso sve\u017eino in aromo. Embala\u017ea \u0161\u010diti pred svetlobo in zrakom, saj je sestavljena iz ve\u010d slojev za\u0161\u010dite, ki ohranjajo lastnosti vsebine.<\/span><\/p>\n<p><span style=\"color: #000000;\">Embala\u017ea je zelo prakti\u010dna in omogo\u010da recikliranje.<\/span><\/p>\n<h2><span style=\"color: #000000;\">Shranjevanje in opozorila<\/span><\/h2>\n<p><span style=\"color: #000000;\">Shranjujte v suhem in hladnem prostoru. Prehransko dopolnilo naj bo nedosegljivo otrokom!<\/span><\/p>\n<p><span style=\"color: #000000;\">Ne pozabite na pomembnost raznolike prehrane in zdravega na\u010dina \u017eivljenja, prehransko dopolnilo zato ni nadomestilo za uravnote\u017eeno in raznovrstno prehrano. Priporo\u010dene dnevne koli\u010dine oziroma odmerka se ne sme prekora\u010diti. Nose\u010dnicam in doje\u010dim materam pred uporabo vedno svetujemo posvet z zdravnikom.<\/span><\/p>\n<h2><span style=\"color: #000000;\">Dobro je vedeti<\/span><\/h2>\n<p><span style=\"color: #000000;\">Izdelek je primeren tudi za \u017eivali. V ve\u010dini primerov se medicinske gobe izka\u017eejo kot izredno u\u010dinkovite pri krepitvi imunskega sistema, odpravljanju alergij in ko\u017enih obolenj ter virusnih in bakterijskih oku\u017eb. O smiselnosti jemanja in priporo\u010deni dnevni koli\u010dini se pred uporabo posvetujte z veterinarjem.<\/span><\/p>\n<h2><span style=\"color: #000000;\">Poreklo<\/span><\/h2>\n<p><span style=\"color: #000000;\">Slovenija<\/span><\/p>\n","protected":false},"excerpt":{"rendered":"<p align=\"JUSTIFY\">Prehransko dopolnilo. Me\u0161anica Onca mix medicinskih gob je namenjena kot podpora pri agresivnih konvencinalnih tretmanih in posegih ter za pomo\u010d pri odpravljanju resnej\u0161ih te\u017eav. Me\u0161anica Onca mix nudi naj\u0161ir\u0161i spekter uravnove\u0161enega delovanja zaradi ve\u010d sto razli\u010dnih aktivnih komponent, ki jih vsebuje.<\/p>\n<p>&nbsp;<\/p>\n","protected":false},"featured_media":4294,"comment_status":"open","ping_status":"closed","template":"","meta":{"_acf_changed":false},"product_brand":[],"product_cat":[15,198,216],"product_tag":[],"class_list":{"0":"post-4385","1":"product","2":"type-product","3":"status-publish","4":"has-post-thumbnail","6":"product_cat-uncategorized","7":"product_cat-medicinske-gobe","8":"product_cat-vsi-izdelki","10":"first","11":"instock","12":"sale","13":"taxable","14":"shipping-taxable","15":"purchasable","16":"product-type-simple"},"acf":[],"_links":{"self":[{"href":"https:\/\/fengchashop.com\/si\/wp-json\/wp\/v2\/product\/4385","targetHints":{"allow":["GET"]}}],"collection":[{"href":"https:\/\/fengchashop.com\/si\/wp-json\/wp\/v2\/product"}],"about":[{"href":"https:\/\/fengchashop.com\/si\/wp-json\/wp\/v2\/types\/product"}],"replies":[{"embeddable":true,"href":"https:\/\/fengchashop.com\/si\/wp-json\/wp\/v2\/comments?post=4385"}],"wp:featuredmedia":[{"embeddable":true,"href":"https:\/\/fengchashop.com\/si\/wp-json\/wp\/v2\/media\/4294"}],"wp:attachment":[{"href":"https:\/\/fengchashop.com\/si\/wp-json\/wp\/v2\/media?parent=4385"}],"wp:term":[{"taxonomy":"product_brand","embeddable":true,"href":"https:\/\/fengchashop.com\/si\/wp-json\/wp\/v2\/product_brand?post=4385"},{"taxonomy":"product_cat","embeddable":true,"href":"https:\/\/fengchashop.com\/si\/wp-json\/wp\/v2\/product_cat?post=4385"},{"taxonomy":"product_tag","embeddable":true,"href":"https:\/\/fengchashop.com\/si\/wp-json\/wp\/v2\/product_tag?post=4385"}],"curies":[{"name":"wp","href":"https:\/\/api.w.org\/{rel}","templated":true}]}}