{"id":4383,"date":"2022-02-22T08:54:15","date_gmt":"2022-02-22T07:54:15","guid":{"rendered":"https:\/\/test-fengcha.dweb.si\/product\/coprinus-comatus-bio-125-g\/"},"modified":"2026-04-19T21:04:40","modified_gmt":"2026-04-19T19:04:40","slug":"coprinus-comatus-bio","status":"publish","type":"product","link":"https:\/\/fengchashop.com\/si\/izdelek\/coprinus-comatus-bio\/","title":{"rendered":"Coprinus comatus BIO 125 g"},"content":{"rendered":"<h2><span style=\"color: #000000\">Coprinus comatus BIO v prahu<\/span><\/h2>\n<p><span style=\"color: #000000\">Coprinus comatus je rasto\u010da goba s podolgovatim belkastim klobukom jaj\u010daste oblike. Ko se klobuk razpre pa na robu klobuka kaplja \u010drn sok, ki spominja na tinto \u2013 \u010drnilo, po \u010demer je goba dobila tudi ime. V preteklosti pa so ponekod ta sok dejansko uporabljali kot \u010drnilo. Je kulinari\u010dno u\u017eitna goba, njen okus pa spominja na \u0161parglje. V Evropi raste v gozdovih, na obronkih, v\u010dasih pa zraste tudi na na\u0161ih vrtovih.<\/span><\/p>\n<p><span style=\"color: #000000\">Njene medicinske u\u010dinkovine \u0161e odkrivajo, saj je ena redkih gob, ki je tradicionalna kitajska kultura ne pozna.<\/span><\/p>\n<p><span style=\"color: #000000\">\u0160ele v zadnjem \u010dasu so v gobi odkrili farmakolo\u0161ke aktivne snovi in dokazali dolo\u010dene u\u010dinke. Predvsem so v gobi na\u0161li<strong> visoke vsebnosti gama-aminomaslene kisline (GABA).<\/strong><\/span><\/p>\n<p><span style=\"color: #000000\">Coprinus comatus je goba, ki ima poleg svojih u\u010dinkov izredno dober okus in se jo zato pogosto uporablja v kulinari\u010dne namene.\u00a0<\/span><\/p>\n<p><span style=\"color: #000000\">Pridelava na\u0161e velike tintnice je strogo nadzorovana, brez uporabe kemikalij ali pesticidov in<strong> 100 % ekolo\u0161ka<\/strong>. Kakovost gob pa je redno nadzorovana s strani neodvisnih laboratorijev v Sloveniji in ZDA.<\/span><\/p>\n<h2><span style=\"color: #000000\">Kaj vsebuje in komu je namenjena?<\/span><\/h2>\n<p><span style=\"color: #000000\">Coprinus comatus je sestavljen iz raznovrstnih <strong>polisaharidov, vitaminov, mineralnih soli in drugih antioksidantov, med katerimi je najpomembnej\u0161a \u03b3-aminomaslena kislina (GABA)<\/strong>.<\/span><\/p>\n<p><span style=\"color: #000000\">Vsi elementi v gobi so prisotni v velikih koli\u010dinah in imajo zelo pozitiven u\u010dinek na na\u0161e telo.<\/span><\/p>\n<p><span style=\"color: #000000\">In kar je pri tem izredno pomembno, je, da je Coprinus comatus 100 % naraven izdelek, ki nam lahko na naraven na\u010din pomaga. Izbolj\u0161a simptome na\u0161ih te\u017eav in pozitivno vpliva na splo\u0161no po\u010dutje.<\/span><\/p>\n<h2><span style=\"color: #000000\">Zakaj ravno gobe?<\/span><\/h2>\n<p><span style=\"color: #000000\">Gobe so zelo zanimive. Niso ne rastline ne \u017eivali, kar pa so, so zagotovo neverjetni organizmi, ki so uspeli pre\u017eiveti pravzaprav skoraj od za\u010detka sveta. Razvile so posebno strategijo pre\u017eivetja, ki jih ohranja vse do danes. Njihove posebnosti lahko izkoristimo tudi ljudje, ko jih vklju\u010dimo v svojo prehrano. Prina\u0161ajo nam uravnote\u017eenost na telesni ravni, prispevajo k splo\u0161nemu dobremu po\u010dutju in nas \u0161\u010ditijo pred \u0161tevilnimi te\u017eavami.<\/span><\/p>\n<p><span style=\"color: #000000\">Ker so dolo\u010dene naravne u\u010dinkovine za nas neprebavljive ali te\u017eko prebavljive, je zelo pomembno, da u\u017eivamo samo najbolj\u0161e gobe v prahu. Gobe morajo biti pravilno vzrejene, posu\u0161ene in pripravljene. Zmlete morajo biti v fin prah brez ko\u0161\u010dkov. Barva prahu je svetlej\u0161a, sicer pa je odvisna tudi od vrste gobe, ki jo jemljemo. Ker so gobe tako u\u010dinkovite ravno zato, ker imajo sposobnost absorpcije vsega &#8211; dobrega in slabega iz okolja, je pomembno, da posegamo po ekolo\u0161ko pridelanih.<\/span><\/p>\n<h2><span style=\"color: #000000\">Pakiranje<\/span><\/h2>\n<p><span style=\"color: #000000\">Nepredu\u0161na vre\u010dka z zadrgo, kjer izdelek ohrani vso sve\u017eino in aromo. Embala\u017ea \u0161\u010diti pred svetlobo in zrakom, saj je sestavljena iz ve\u010d slojev za\u0161\u010dite, ki ohranjajo lastnosti vsebine.<\/span><\/p>\n<p><span style=\"color: #000000\">Embala\u017ea je zelo prakti\u010dna in omogo\u010da recikliranje.<\/span><\/p>\n<h2><span style=\"color: #000000\">Shranjevanje in opozorila<\/span><\/h2>\n<p><span style=\"color: #000000\">Shranjujte v suhem in hladnem prostoru. Prehransko dopolnilo naj bo nedosegljivo otrokom!<\/span><\/p>\n<p><span style=\"color: #000000\">Ne pozabite na pomembnost raznolike prehrane in zdravega na\u010dina \u017eivljenja, prehransko dopolnilo zato ni nadomestilo za uravnote\u017eeno in raznovrstno prehrano. Priporo\u010dene dnevne koli\u010dine oziroma odmerka se ne sme prekora\u010diti. Nose\u010dnicam in doje\u010dim materam pred uporabo vedno svetujemo posvet z zdravnikom.<\/span><\/p>\n<h2><span style=\"color: #000000\">Dobro je vedeti<\/span><\/h2>\n<p><span style=\"color: #000000\">Izdelek je primeren tudi za \u017eivali. V ve\u010dini primerov se medicinske gobe izka\u017eejo kot izredno u\u010dinkovite pri krepitvi imunskega sistema, odpravljanju alergij in obolenj ko\u017ee ter virusnih in bakterijskih oku\u017eb. O smiselnosti jemanja in priporo\u010deni dnevni koli\u010dini se pred uporabo posvetujte z veterinarjem.<\/span><\/p>\n<h2><span style=\"color: #000000\">Poreklo<\/span><\/h2>\n<p><span style=\"color: #000000\">Slovenija<\/span><\/p>\n","protected":false},"excerpt":{"rendered":"<p align=\"JUSTIFY\">Prehransko dopolnilo. Coprinus comatus je goba s podolgovatim belkastim klobukom jaj\u010daste oblike. Ko se klobuk razpre pa na robu klobuka kaplja \u010drn sok, ki spominja na <strong>tinto \u2013 \u010drnilo<\/strong>, po \u010demer je goba dobila tudi ime. V preteklosti pa so ponekod ta sok dejansko uporabljali kot \u010drnilo.<\/p>\n<p>&nbsp;<\/p>\n","protected":false},"featured_media":4171,"comment_status":"open","ping_status":"closed","template":"","meta":{"_acf_changed":false},"product_brand":[],"product_cat":[15,198,216],"product_tag":[],"class_list":{"0":"post-4383","1":"product","2":"type-product","3":"status-publish","4":"has-post-thumbnail","6":"product_cat-uncategorized","7":"product_cat-medicinske-gobe","8":"product_cat-vsi-izdelki","10":"first","11":"outofstock","12":"taxable","13":"shipping-taxable","14":"purchasable","15":"product-type-simple"},"acf":[],"_links":{"self":[{"href":"https:\/\/fengchashop.com\/si\/wp-json\/wp\/v2\/product\/4383","targetHints":{"allow":["GET"]}}],"collection":[{"href":"https:\/\/fengchashop.com\/si\/wp-json\/wp\/v2\/product"}],"about":[{"href":"https:\/\/fengchashop.com\/si\/wp-json\/wp\/v2\/types\/product"}],"replies":[{"embeddable":true,"href":"https:\/\/fengchashop.com\/si\/wp-json\/wp\/v2\/comments?post=4383"}],"wp:featuredmedia":[{"embeddable":true,"href":"https:\/\/fengchashop.com\/si\/wp-json\/wp\/v2\/media\/4171"}],"wp:attachment":[{"href":"https:\/\/fengchashop.com\/si\/wp-json\/wp\/v2\/media?parent=4383"}],"wp:term":[{"taxonomy":"product_brand","embeddable":true,"href":"https:\/\/fengchashop.com\/si\/wp-json\/wp\/v2\/product_brand?post=4383"},{"taxonomy":"product_cat","embeddable":true,"href":"https:\/\/fengchashop.com\/si\/wp-json\/wp\/v2\/product_cat?post=4383"},{"taxonomy":"product_tag","embeddable":true,"href":"https:\/\/fengchashop.com\/si\/wp-json\/wp\/v2\/product_tag?post=4383"}],"curies":[{"name":"wp","href":"https:\/\/api.w.org\/{rel}","templated":true}]}}