{"id":4382,"date":"2022-02-22T08:17:03","date_gmt":"2022-02-22T07:17:03","guid":{"rendered":"https:\/\/test-fengcha.dweb.si\/product\/pleurotus-ostreatus-bio-125-g\/"},"modified":"2026-05-07T10:17:54","modified_gmt":"2026-05-07T08:17:54","slug":"pleurotus-ostreatus-oyster-mushroom-bio-125-g","status":"publish","type":"product","link":"https:\/\/fengchashop.com\/si\/izdelek\/pleurotus-ostreatus-oyster-mushroom-bio-125-g\/","title":{"rendered":"Pleurotus ostreatus (Oyster Mushroom) BIO 125 g"},"content":{"rendered":"<h2><span style=\"color: #000000\">Pleurotus ostreatus\u00a0 (Oyster Mushroom)BIO v prahu<\/span><\/h2>\n<p><span style=\"color: #000000\">Pleurotus ostreatus (Oyster Mushroom) je dobro raziskana zdravilna goba. Poznamo jo tudi pod imenom<strong> bukov ostrigar<\/strong> in je kulinari\u010dno u\u017eitna goba, ki raste tudi pri nas. Pravzaprav spada poleg Ganoderme lucidum in Cordycepsa <strong>med 6 najbolj poznanih zdravilnih gob pri nas<\/strong>.<\/span><\/p>\n<p><span style=\"color: #000000\">Iz trosnjakov in micelija lahko pridobimo \u0161tevilna hranila. Raziskave pa so pokazale tudi protimikrobno delovanje, in sicer proti gram-pozitivnim in gram-negativnim bakterijam in protiglivi\u010dno delovanje proti ve\u010d vrstam glivic.<\/span><\/p>\n<p><span style=\"color: #000000\">Ker so bogat <strong>vir antioksidantov<\/strong> in drugih u\u010dinkovin, je njihov potencial za protitumorsko, imunomodulacijsko, genoprotektivno, protivnetno, protivirusno, antiplazemsko, hipoholesterolemi\u010dno, antihipertenzivno in antihiperglikemi\u010dno delovanje ve\u010d kot zagotovljen. Pred kratkim je s pomo\u010djo raziskav bilo ugotovljeno, da ima bukov ostrigar <strong>bifidogeni u\u010dinek<\/strong>, kar pomeni, da lahko spodbuja rast Bifidobacterium bifidum, B. breve, B. animalis in B. longum. Je torej tudi <strong>prebiotik,<\/strong> ki izbolj\u0161uje mikrobioto \u010drevesja v korist zdravja gostitelja &#8211; \u010dloveka. Zdravo razmerje mikroorganizmov v \u010drevesju pa prispeva k bolj\u0161emu in la\u017ejemu pridobivanju hranil iz hrane, ki jo zau\u017eijemo, in uravnavanju energije. Le-ti igrajo pomembno vlogo za zdravje prebavnega sistema, vplivajo pa tudi na imunski sistem \u2013 najkompleksnej\u0161i del imunskega sistema je v \u010drevesju, zato lahko ve\u010dkrat sli\u0161imo, da je prav zdravje \u010drevesje tako pomembno pri zagotavljanju dobrega imunskega odziva in s tem splo\u0161nega zdravja.<\/span><\/p>\n<p><span style=\"color: #000000\">Zdravilno gobo se v tradicionalni kitajski medicini pogosto uporablja za zdravljenje \u0161tevilnih bolezni.<\/span><\/p>\n<p><span style=\"color: #000000\">Pridelava na\u0161e Pleurotus ostreatus je strogo nadzorovana, brez uporabe kemikalij ali pesticidov in<strong> 100 % ekolo\u0161ka.<\/strong> Kakovost gob pa je redno nadzorovana s strani neodvisnih laboratorijev v Sloveniji in ZDA.<\/span><\/p>\n<h2><span style=\"color: #000000\">Kaj vsebuje in komu je namenjena?<\/span><\/h2>\n<p><span style=\"color: #000000\">Pleurotus ostreatus (Oyster Mushroom) je sestavljen iz raznovrstnih hranil, kot so<strong> polisaharidi, beljakovine, flavonoidi, fenoli, beta-glukani<\/strong> idr. Aktivni polisaharidi in fenoli so biolo\u0161ko dragoceni organizmi. Bukov ostrigar, ki obi\u010dajno raste na bukovem lesu, je tudi bogat vir vitaminov B, C in D, mineralnih soli, antioksidantov in selena.<\/span><\/p>\n<p><span style=\"color: #000000\">Zaradi<strong> lovastatina<\/strong>, ki je klju\u010dna u\u010dinkovina za zaviranje sinteze endogenega holesterola, ugodno vpliva na uravnavanje ravni skupnega holesterola v krvi.<\/span><\/p>\n<p><span style=\"color: #000000\">Bukov ostrigar vsebuje malo ma\u0161\u010dob (ve\u010dnima so to nenasi\u010dene ma\u0161\u010dobne kisline) in vitamin D2, bogat je s prehranskimi vlakninami in je dober vir beljakovin in esencialnih aminokislin. <\/span><\/p>\n<p><span style=\"color: #000000\">Vsi elementi v gobi so prisotni v velikih koli\u010dinah in imajo zelo pozitiven u\u010dinek na na\u0161e telo.<\/span><\/p>\n<p><span style=\"color: #000000\">In kar je pri tem izredno pomembno, je, da je Pleurotus ostreatus 100 % naraven izdelek, ki nam lahko na naraven na\u010din pomaga. Izbolj\u0161a simptome na\u0161ih te\u017eav in pozitivno vpliva na splo\u0161no po\u010dutje.<\/span><\/p>\n<h2><span style=\"color: #000000\">Zakaj ravno gobe?<\/span><\/h2>\n<p><span style=\"color: #000000\">Gobe so zelo zanimive. Niso ne rastline ne \u017eivali, kar pa so, so zagotovo neverjetni organizmi, ki so uspeli pre\u017eiveti pravzaprav skoraj od za\u010detka sveta. Razvile so posebno strategijo pre\u017eivetja, ki jih ohranja vse do danes. Njihove posebnosti lahko izkoristimo tudi ljudje, ko jih vklju\u010dimo v svojo prehrano. Prina\u0161ajo nam uravnote\u017eenost na telesni ravni, prispevajo k splo\u0161nemu dobremu po\u010dutju in nas \u0161\u010ditijo pred \u0161tevilnimi te\u017eavami.<\/span><\/p>\n<p><span style=\"color: #000000\">Ker so dolo\u010dene naravne u\u010dinkovine za nas neprebavljive ali te\u017eko prebavljive, je zelo pomembno, da u\u017eivamo samo najbolj\u0161e gobe v prahu. Gobe morajo biti pravilno vzrejene, posu\u0161ene in pripravljene. Zmlete morajo biti v fin prah brez ko\u0161\u010dkov. Barva prahu je svetlej\u0161a, sicer pa je odvisna tudi od vrste gobe, ki jo jemljemo. Ker so gobe tako u\u010dinkovite ravno zato, ker imajo sposobnost absorpcije vsega &#8211; dobrega in slabega iz okolja, je pomembno, da posegamo po ekolo\u0161ko pridelanih.<\/span><\/p>\n<h2><span style=\"color: #000000\">Pakiranje<\/span><\/h2>\n<p><span style=\"color: #000000\">Nepredu\u0161na vre\u010dka z zadrgo, kjer izdelek ohrani vso sve\u017eino in aromo. Embala\u017ea \u0161\u010diti pred svetlobo in zrakom, saj je sestavljena iz ve\u010d slojev za\u0161\u010dite, ki ohranjajo lastnosti vsebine.<\/span><\/p>\n<p><span style=\"color: #000000\">Embala\u017ea je zelo prakti\u010dna in omogo\u010da recikliranje.<\/span><\/p>\n<h2><span style=\"color: #000000\">Shranjevanje in opozorila<\/span><\/h2>\n<p><span style=\"color: #000000\">Shranjujte v suhem in hladnem prostoru. Prehransko dopolnilo naj bo nedosegljivo otrokom!<\/span><\/p>\n<p><span style=\"color: #000000\">Ne pozabite na pomembnost raznolike prehrane in zdravega na\u010dina \u017eivljenja, prehransko dopolnilo zato ni nadomestilo za uravnote\u017eeno in raznovrstno prehrano. Priporo\u010dene dnevne koli\u010dine oziroma odmerka se ne sme prekora\u010diti. Nose\u010dnicam in doje\u010dim materam pred uporabo vedno svetujemo posvet z zdravnikom.<\/span><\/p>\n<h2><span style=\"color: #000000\">Dobro je vedeti<\/span><\/h2>\n<p><span style=\"color: #000000\">Izdelek je primeren tudi za \u017eivali. V ve\u010dini primerov se medicinske gobe izka\u017eejo kot izredno u\u010dinkovite pri krepitvi imunskega sistema, odpravljanju alergij in obolenj ko\u017ee ter virusnih in bakterijskih oku\u017eb. O smiselnosti jemanja in priporo\u010deni dnevni koli\u010dini se pred uporabo posvetujte z veterinarjem.<\/span><\/p>\n<h2><span style=\"color: #000000\">Poreklo<\/span><\/h2>\n<p><span style=\"color: #000000\">Slovenija<\/span><\/p>\n","protected":false},"excerpt":{"rendered":"<p align=\"JUSTIFY\">Prehransko dopolnilo. Pleurotus ostreatus (Oyster Mushroom) je dobro raziskana zdravilna goba. Poznamo jo tudi pod imenom bukov ostrigar in je kulinari\u010dno u\u017eitna goba, ki raste tudi pri nas. Pravzaprav spada poleg Ganoderme lucidum in Cordycepsa med 6 najbolj poznanih zdravilnih gob, saj pomaga:<\/p>\n<p>&nbsp;<\/p>\n","protected":false},"featured_media":4295,"comment_status":"open","ping_status":"closed","template":"","meta":{"_acf_changed":false},"product_brand":[],"product_cat":[15,198,216],"product_tag":[],"class_list":{"0":"post-4382","1":"product","2":"type-product","3":"status-publish","4":"has-post-thumbnail","6":"product_cat-uncategorized","7":"product_cat-medicinske-gobe","8":"product_cat-vsi-izdelki","10":"first","11":"instock","12":"taxable","13":"shipping-taxable","14":"purchasable","15":"product-type-simple"},"acf":[],"_links":{"self":[{"href":"https:\/\/fengchashop.com\/si\/wp-json\/wp\/v2\/product\/4382","targetHints":{"allow":["GET"]}}],"collection":[{"href":"https:\/\/fengchashop.com\/si\/wp-json\/wp\/v2\/product"}],"about":[{"href":"https:\/\/fengchashop.com\/si\/wp-json\/wp\/v2\/types\/product"}],"replies":[{"embeddable":true,"href":"https:\/\/fengchashop.com\/si\/wp-json\/wp\/v2\/comments?post=4382"}],"wp:featuredmedia":[{"embeddable":true,"href":"https:\/\/fengchashop.com\/si\/wp-json\/wp\/v2\/media\/4295"}],"wp:attachment":[{"href":"https:\/\/fengchashop.com\/si\/wp-json\/wp\/v2\/media?parent=4382"}],"wp:term":[{"taxonomy":"product_brand","embeddable":true,"href":"https:\/\/fengchashop.com\/si\/wp-json\/wp\/v2\/product_brand?post=4382"},{"taxonomy":"product_cat","embeddable":true,"href":"https:\/\/fengchashop.com\/si\/wp-json\/wp\/v2\/product_cat?post=4382"},{"taxonomy":"product_tag","embeddable":true,"href":"https:\/\/fengchashop.com\/si\/wp-json\/wp\/v2\/product_tag?post=4382"}],"curies":[{"name":"wp","href":"https:\/\/api.w.org\/{rel}","templated":true}]}}