{"id":4380,"date":"2022-02-22T06:44:59","date_gmt":"2022-02-22T05:44:59","guid":{"rendered":"https:\/\/test-fengcha.dweb.si\/product\/sitake-lentinula-edodes-bio-125-g\/"},"modified":"2026-05-11T12:36:28","modified_gmt":"2026-05-11T10:36:28","slug":"sitake-lentinula-edodes-bio-eu-poreklo","status":"publish","type":"product","link":"https:\/\/fengchashop.com\/si\/izdelek\/sitake-lentinula-edodes-bio-eu-poreklo\/","title":{"rendered":"\u0160itake (Lentinula edodes) BIO EU poreklo 125 g"},"content":{"rendered":"<h2><span style=\"color: #000000\">\u0160itake (Lentinula edodes) BIO v prahu<\/span><\/h2>\n<p><span style=\"color: #000000\">Lentinula edodes ali \u0161itake je <strong>ena izmed najbolj pomembnih medicinskih gob v tradicionalni kitajski medicini<\/strong>. Tam jo uporabljajo \u017ee vsaj 2000 let, pogosto pa jo imenujejo kar &#8216;<strong>kraljica gob<\/strong>&#8216;. Poleg tega jo veliko uporabljajo v vsej azijski kulinariki. Po slovensko jo imenujemo<strong> u\u017eitni nazob\u010danec.<\/strong><\/span><\/p>\n<p><span style=\"color: #000000\">V obliki prahu vsebuje \u0161itake veliko hranilnih snovi, njeni pozitivni u\u010dinki so bili dokazani tudi znanstveno. \u0160tudije iz razli\u010dnih dr\u017eavah po svetu so ugotovile \u0161tevilne koristne u\u010dinke, ki so povezani z rednim u\u017eivanjem gob \u0161itake. Predvsem<strong> krepi imunski sistem in deluje preventivno na vrsto bolezni notranjih organov.<\/strong><\/span><\/p>\n<p><span style=\"color: #000000\">\u0160itake je pogosto predmet raziskav zaradi njenih <strong>protivirusnih u\u010dinkov, pozitivnega delovanja na jetra in zni\u017eevanja krvnega sladkorja.<\/strong><\/span><\/p>\n<p><span style=\"color: #000000\">Pridelava na\u0161e Lentinule edodes je strogo nadzorovana, brez uporabe kemikalij ali pesticidov in<strong> 100 % ekolo\u0161ka<\/strong>. Kakovost gob pa je redno nadzorovana s strani neodvisnih laboratorijev v Sloveniji in ZDA.<\/span><\/p>\n<h2><span style=\"color: #000000\">Kaj vsebuje in komu je namenjena?<\/span><\/h2>\n<p><span style=\"color: #000000\">\u0160itake je sestavljena iz aminokislin (izolevcin, levcin, lizin, metionin, fenilanin, treonin in valin), vitaminov (B1, B2, B12), mineralnih soli (kalij, kalcij, fosfor, \u017eelezo in cink), polisaharidov (najpomembnej\u0161i je \u03b2-glukan lentinan) in drugih antioksidantov. Gobo se zaradi tega priporo\u010da tudi vegetarijancem in veganom, saj predstavlja bogat vir beljakovin z esencialnimi aminokislinami, vitamini, minerali ipd.<\/span><\/p>\n<p><span style=\"color: #000000\">\u0160itake goba je<strong> zna\u010dilna po spojini lentinin<\/strong>, ki naj bi deloval protiviriusno in protirakavo. Lentinin je kompleksen polisaharid, ki<strong> velja za spodbujevalca imunskega sistema<\/strong> in je sestavina ve\u010d naravnih dopolnil za pove\u010danje imunske odpornosti (beta-1,3-glukan).<\/span><\/p>\n<p><span style=\"color: #000000\">Vsi elementi v gobi so prisotni v velikih koli\u010dinah in imajo zelo pozitiven u\u010dinek na na\u0161e telo.<\/span><\/p>\n<p><span style=\"color: #000000\">Poleg pisane ploskocevke (Trametes versicolor) je \u0161itake <strong>ena najbolj raziskanih gob<\/strong>, zaradi \u0161tevilnih farmakolo\u0161ko aktivnih snovi pa tudi <strong>izredno priljubljena.<\/strong> Njeni zdravilni u\u010dinki so tako tudi znanstveno dokazani. Uporablja se jo predvsem proti razli\u010dnim oblikam raka in za uravnavanje holesterola.<\/span><\/p>\n<p><span style=\"color: #000000\">Njena sestava ji daje neverjetno velik spekter u\u010dinkov, med njimi tudi:<\/span><\/p>\n<p><span style=\"color: #000000\">In kar je pri tem izredno pomembno, je, da je goba \u0161itake<strong> 100 % naraven izdelek<\/strong>, ki nam lahko na naraven na\u010din pomaga. Izbolj\u0161a simptome na\u0161ih te\u017eav in pozitivno vpliva na splo\u0161no po\u010dutje.<\/span><\/p>\n<h2><span style=\"color: #000000\">Zakaj ravno gobe?<\/span><\/h2>\n<p><span style=\"color: #000000\">Gobe so zelo zanimive. Niso ne rastline ne \u017eivali, kar pa so, so zagotovo neverjetni organizmi, ki so uspeli pre\u017eiveti pravzaprav skoraj od za\u010detka sveta. Razvile so posebno strategijo pre\u017eivetja, ki jih ohranja vse do danes. Njihove posebnosti lahko izkoristimo tudi ljudje, ko jih vklju\u010dimo v svojo prehrano. Prina\u0161ajo nam uravnote\u017eenost na telesni ravni, prispevajo k splo\u0161nemu dobremu po\u010dutju in nas \u0161\u010ditijo pred \u0161tevilnimi te\u017eavami.<\/span><\/p>\n<p><span style=\"color: #000000\">Ker so dolo\u010dene naravne u\u010dinkovine za nas neprebavljive ali te\u017eko prebavljive, je zelo pomembno, da u\u017eivamo samo najbolj\u0161e gobe v prahu. Gobe morajo biti pravilno vzrejene, posu\u0161ene in pripravljene. Zmlete morajo biti v fin prah brez ko\u0161\u010dkov. Barva prahu je svetlej\u0161a, sicer pa je odvisna tudi od vrste gobe, ki jo jemljemo. Ker so gobe tako u\u010dinkovite ravno zato, ker imajo sposobnost absorpcije vsega &#8211; dobrega in slabega iz okolja, je pomembno, da posegamo po ekolo\u0161ko pridelanih.<\/span><\/p>\n<h2><span style=\"color: #000000\">Pakiranje<\/span><\/h2>\n<p><span style=\"color: #000000\">Nepredu\u0161na vre\u010dka z zadrgo, kjer izdelek ohrani vso sve\u017eino in aromo. Embala\u017ea \u0161\u010diti pred svetlobo in zrakom, saj je sestavljena iz ve\u010d slojev za\u0161\u010dite, ki ohranjajo lastnosti vsebine.<\/span><\/p>\n<p><span style=\"color: #000000\">Embala\u017ea je zelo prakti\u010dna in omogo\u010da recikliranje.<\/span><\/p>\n<h2><span style=\"color: #000000\">Shranjevanje in opozorila<\/span><\/h2>\n<p><span style=\"color: #000000\">Shranjujte v suhem in hladnem prostoru. Prehransko dopolnilo naj bo nedosegljivo otrokom!<\/span><\/p>\n<p><span style=\"color: #000000\">Ne pozabite na pomembnost raznolike prehrane in zdravega na\u010dina \u017eivljenja, prehransko dopolnilo zato ni nadomestilo za uravnote\u017eeno in raznovrstno prehrano. Priporo\u010dene dnevne koli\u010dine oziroma odmerka se ne sme prekora\u010diti. Nose\u010dnicam in doje\u010dim materam pred uporabo vedno svetujemo posvet z zdravnikom.<\/span><\/p>\n<h2><span style=\"color: #000000\">Dobro je vedeti<\/span><\/h2>\n<p><span style=\"color: #000000\">Izdelek je primeren tudi za \u017eivali. V ve\u010dini primerov se medicinske gobe izka\u017eejo kot izredno u\u010dinkovite pri krepitvi imunskega sistema, odpravljanju alergij in obolenj ko\u017ee ter virusnih in bakterijskih oku\u017eb. O smiselnosti jemanja in priporo\u010deni dnevni koli\u010dini se pred uporabo posvetujte z veterinarjem.<\/span><\/p>\n<h2><span style=\"color: #000000\">Poreklo<\/span><\/h2>\n<p><span style=\"color: #000000\">EU<\/span><\/p>\n","protected":false},"excerpt":{"rendered":"<p align=\"JUSTIFY\">Prehransko dopolnilo. Lentinula edodes ali \u0161itake je ena izmed najbolj pomembnih medicinskih gob v tradicionalni kitajski medicini. Tam jo uporabljajo \u017ee vsaj 2000 let, pogosto pa jo imenujejo kar &#8216;kraljica gob&#8217;, ki:<\/p>\n<p>&nbsp;<\/p>\n","protected":false},"featured_media":4301,"comment_status":"open","ping_status":"closed","template":"","meta":{"_acf_changed":false},"product_brand":[],"product_cat":[15,198,216],"product_tag":[],"class_list":{"0":"post-4380","1":"product","2":"type-product","3":"status-publish","4":"has-post-thumbnail","6":"product_cat-uncategorized","7":"product_cat-medicinske-gobe","8":"product_cat-vsi-izdelki","10":"first","11":"instock","12":"taxable","13":"shipping-taxable","14":"purchasable","15":"product-type-simple"},"acf":[],"_links":{"self":[{"href":"https:\/\/fengchashop.com\/si\/wp-json\/wp\/v2\/product\/4380","targetHints":{"allow":["GET"]}}],"collection":[{"href":"https:\/\/fengchashop.com\/si\/wp-json\/wp\/v2\/product"}],"about":[{"href":"https:\/\/fengchashop.com\/si\/wp-json\/wp\/v2\/types\/product"}],"replies":[{"embeddable":true,"href":"https:\/\/fengchashop.com\/si\/wp-json\/wp\/v2\/comments?post=4380"}],"wp:featuredmedia":[{"embeddable":true,"href":"https:\/\/fengchashop.com\/si\/wp-json\/wp\/v2\/media\/4301"}],"wp:attachment":[{"href":"https:\/\/fengchashop.com\/si\/wp-json\/wp\/v2\/media?parent=4380"}],"wp:term":[{"taxonomy":"product_brand","embeddable":true,"href":"https:\/\/fengchashop.com\/si\/wp-json\/wp\/v2\/product_brand?post=4380"},{"taxonomy":"product_cat","embeddable":true,"href":"https:\/\/fengchashop.com\/si\/wp-json\/wp\/v2\/product_cat?post=4380"},{"taxonomy":"product_tag","embeddable":true,"href":"https:\/\/fengchashop.com\/si\/wp-json\/wp\/v2\/product_tag?post=4380"}],"curies":[{"name":"wp","href":"https:\/\/api.w.org\/{rel}","templated":true}]}}