{"id":4376,"date":"2022-02-11T22:15:52","date_gmt":"2022-02-11T21:15:52","guid":{"rendered":"https:\/\/test-fengcha.dweb.si\/product\/ashwagandha-v-prahu-bio-250-g\/"},"modified":"2026-04-29T16:02:37","modified_gmt":"2026-04-29T14:02:37","slug":"ashwagandha-v-prahu-bio","status":"publish","type":"product","link":"https:\/\/fengchashop.com\/si\/izdelek\/ashwagandha-v-prahu-bio\/","title":{"rendered":"Ashwagandha v prahu BIO 250 g"},"content":{"rendered":"<h2><span style=\"color: #000000;\">Ashwagandha (a\u0161vaganda) v prahu BIO<\/span><\/h2>\n<p><span style=\"color: #000000;\">A\u0161vaganda je v ajurvedi esencialna rastlina in ena najbolj cenjenih rastlin, poznana tudi pod imenom<strong> indijski ginseng<\/strong>, saj se jo v ajurvedi uporablja na podoben na\u010din kot ginseng v tradicionalni kitajski kulturi.<\/span><\/p>\n<p>&nbsp;<\/p>\n<h2><span style=\"color: #000000;\">Shranjevanje in opozorila<\/span><\/h2>\n<p><span style=\"color: #000000;\">Shranjujte v suhem in hladnem prostoru pri temperaturi do 25 \u00b0C. Prehransko dopolnilo naj bo nedosegljivo otrokom!<\/span><\/p>\n<p><span style=\"color: #000000;\">Ne pozabite na pomembnost raznolike prehrane in zdravega na\u010dina \u017eivljenja, prehransko dopolnilo zato ni nadomestilo za uravnote\u017eeno in raznovrstno prehrano. Priporo\u010dene dnevne koli\u010dine oziroma odmerka se ne sme prekora\u010diti. Nose\u010dnicam in doje\u010dim materam ter osebam s prekomernim delovanjem \u0161\u010ditnice uporabo odsvetujemo.<\/span><\/p>\n<h2><span style=\"color: #000000;\">Pakiranje<\/span><\/h2>\n<p><span style=\"color: #000000;\">Nepredu\u0161na vre\u010dka z zadrgo, kjer izdelek ohrani vso sve\u017eino in aromo. Embala\u017ea \u0161\u010diti pred svetlobo in zrakom, saj je sestavljena iz ve\u010d slojev za\u0161\u010dite, ki ohranjajo lastnosti vsebine.<\/span><\/p>\n<p><span style=\"color: #000000;\">Embala\u017ea je zelo prakti\u010dna in omogo\u010da recikliranje.<\/span><\/p>\n<h2><span style=\"color: #000000;\">Poreklo<\/span><\/h2>\n<p><span style=\"color: #000000;\">Indija<\/span><\/p>\n","protected":false},"excerpt":{"rendered":"<p align=\"JUSTIFY\">Prehransko dopolnilo. A\u0161vaganda je v ajurvedi esencialna rastlina in ena najbolj cenjenih rastlin, poznana tudi pod imenom <b>indijski ginseng,<\/b> saj se jo v ajurvedi uporablja na podoben na\u010din kot ginseng v tradicionalni kitajski kulturi.<\/p>\n","protected":false},"featured_media":4137,"comment_status":"open","ping_status":"closed","template":"","meta":{"_acf_changed":false},"product_brand":[],"product_cat":[15,194,218,217,224,195,216],"product_tag":[],"class_list":{"0":"post-4376","1":"product","2":"type-product","3":"status-publish","4":"has-post-thumbnail","6":"product_cat-uncategorized","7":"product_cat-ajurveda","8":"product_cat-najbolj-prodajano","9":"product_cat-ponudba","10":"product_cat-posebna-ponudba","11":"product_cat-superhrana","12":"product_cat-vsi-izdelki","14":"first","15":"instock","16":"sale","17":"taxable","18":"shipping-taxable","19":"purchasable","20":"product-type-simple"},"acf":[],"_links":{"self":[{"href":"https:\/\/fengchashop.com\/si\/wp-json\/wp\/v2\/product\/4376","targetHints":{"allow":["GET"]}}],"collection":[{"href":"https:\/\/fengchashop.com\/si\/wp-json\/wp\/v2\/product"}],"about":[{"href":"https:\/\/fengchashop.com\/si\/wp-json\/wp\/v2\/types\/product"}],"replies":[{"embeddable":true,"href":"https:\/\/fengchashop.com\/si\/wp-json\/wp\/v2\/comments?post=4376"}],"wp:featuredmedia":[{"embeddable":true,"href":"https:\/\/fengchashop.com\/si\/wp-json\/wp\/v2\/media\/4137"}],"wp:attachment":[{"href":"https:\/\/fengchashop.com\/si\/wp-json\/wp\/v2\/media?parent=4376"}],"wp:term":[{"taxonomy":"product_brand","embeddable":true,"href":"https:\/\/fengchashop.com\/si\/wp-json\/wp\/v2\/product_brand?post=4376"},{"taxonomy":"product_cat","embeddable":true,"href":"https:\/\/fengchashop.com\/si\/wp-json\/wp\/v2\/product_cat?post=4376"},{"taxonomy":"product_tag","embeddable":true,"href":"https:\/\/fengchashop.com\/si\/wp-json\/wp\/v2\/product_tag?post=4376"}],"curies":[{"name":"wp","href":"https:\/\/api.w.org\/{rel}","templated":true}]}}