{"id":4372,"date":"2022-02-11T21:55:28","date_gmt":"2022-02-11T20:55:28","guid":{"rendered":"https:\/\/test-fengcha.dweb.si\/product\/maca-v-tabletah-bio-125-g\/"},"modified":"2026-05-03T17:00:34","modified_gmt":"2026-05-03T15:00:34","slug":"mac-v-tabletah-bio","status":"publish","type":"product","link":"https:\/\/fengchashop.com\/si\/izdelek\/mac-v-tabletah-bio\/","title":{"rendered":"Maca v tabletah BIO 125 g"},"content":{"rendered":"<h2><span style=\"color: #000000\">Maca v tabletah BIO<\/span><\/h2>\n<p><span style=\"color: #000000\">Maca je rastlina, ki je v zadnjih letih postala ena od osrednjih prehranskih dopolnil in svojo popularnostjo pri\u0161la v marsikateri dom. Pravijo ji tudi\u00a0<strong>perujski ginseng<\/strong>. In \u010deprav se tradicionalno uporablja za pove\u010danje plodnosti in spolnega nagona, odpravljanje iz\u010drpanosti in krepitev fizi\u010dne mo\u010di, nam u\u017eivanje mace lahko prinese \u0161e veliko ve\u010d.<\/span><\/p>\n<p><span style=\"color: #000000\">Je adaptogena rastlina, ki\u00a0<strong>pove\u010duje energijo, vzdr\u017eljivost, vitalnost in fizi\u010dno mo\u010d<\/strong>. Pomaga se nam odzivati na stres in la\u017eje prilagoditi spremembam. Najve\u010dkrat uspeva v Andih v osrednjem Peruju, v te\u017ekih razmerah in na zelo visokih nadmorskih vi\u0161inah \u2013 nad 4000 metrov. Je kri\u017enica kot brokoli, cveta\u010da, repa, zelje, ohrovt in redkvice. Najbolj u\u017eitni del rastline pa je korenina oziroma gomolj. Obstaja v ve\u010d barvah, od bele do \u010drne. Najbolj priljubljene so<strong>\u00a0rumena, rde\u010da in \u010drna<\/strong>. Navadno rumeno maco se uporablja za vsak dan in za dolgotrajno u\u017eivanj. Rde\u010da in \u010drna maca pa veljata za posve\u010deni sorti in ju uporabljamo za kroni\u010dne terapevtske te\u017eave.<\/span><\/p>\n<p><span style=\"color: #000000\">Gomolj mace najpogosteje u\u017eivamo v prahu. Enostavnej\u0161a za uporabo in la\u017eja za doziranje pa je maca v tabletah. Na\u0161a maca v tabletah je iz ekolo\u0161ke pridelave.<\/span><\/p>\n<p><span style=\"color: #000000\">Pri kak\u0161nih te\u017eavah pomaga oz. komu jo priporo\u010damo?<\/span><\/p>\n<p><span style=\"color: #000000\">Maca je adaptogena rastlina, kar pomeni, da se nekako prilagodi potrebam posameznika. <\/span><\/p>\n<h2><span style=\"color: #000000\">Shranjevanje in opozorila<\/span><\/h2>\n<p><span style=\"color: #000000\">Shranjujte v suhem in hladnem prostoru pri temperaturi do 25 \u00b0C. Prehransko dopolnilo naj bo nedosegljivo otrokom!<\/span><\/p>\n<p><span style=\"color: #000000\">Ne pozabite na pomembnost raznolike prehrane in zdravega na\u010dina \u017eivljenja, prehransko dopolnilo zato ni nadomestilo za uravnote\u017eeno in raznovrstno prehrano. Priporo\u010dene dnevne koli\u010dine oziroma odmerka se ne sme prekora\u010diti. Nose\u010dnicam in doje\u010dim materam pred uporabo vedno svetujemo posvet z zdravnikom.<\/span><\/p>\n<h2><span style=\"color: #000000\">Pakiranje<\/span><\/h2>\n<p><span style=\"color: #000000\">Nepredu\u0161na vre\u010dka z zadrgo, kjer izdelek ohrani vso sve\u017eino in aromo. Embala\u017ea \u0161\u010diti pred svetlobo in zrakom, saj je sestavljena iz ve\u010d slojev za\u0161\u010dite, ki ohranjajo lastnosti vsebine.<\/span><\/p>\n<p><span style=\"color: #000000\">Embala\u017ea je zelo prakti\u010dna in omogo\u010da recikliranje.<\/span><\/p>\n<h2><span style=\"color: #000000\">Poreklo<\/span><\/h2>\n<p><span style=\"color: #000000\">Peru<\/span><\/p>\n","protected":false},"excerpt":{"rendered":"<p align=\"JUSTIFY\">Prehransko dopolnilo. Maca je korenasta rastlina, ki uspeva v perujskem andskem vi\u0161avju, izpostavljena<strong>\u00a0izrednim vremenskim razmeram<\/strong>\u00a0in velikim temperaturnim razlikam med dnevom in no\u010djo. Zdravilni del mace je gomolj, ki vsebuje veliko<strong>\u00a0vitaminov, mineralov in aminokislin<\/strong>. Zaradi vsebnosti pomembnih vitaminov, kot so vitamin B1, B12, C in E, ter ma\u0161\u010dobnih kislin, mineralov in aminokislin predstavlja maca eno najbolj u\u010dinkovitih, za\u017eelenih in priporo\u010denih naravnih super\u017eivil z ve\u010d tiso\u010dletno tradicijo.<\/p>\n","protected":false},"featured_media":4107,"comment_status":"open","ping_status":"closed","template":"","meta":{"_acf_changed":false},"product_brand":[],"product_cat":[15,195,216],"product_tag":[],"class_list":{"0":"post-4372","1":"product","2":"type-product","3":"status-publish","4":"has-post-thumbnail","6":"product_cat-uncategorized","7":"product_cat-superhrana","8":"product_cat-vsi-izdelki","10":"first","11":"instock","12":"sale","13":"taxable","14":"shipping-taxable","15":"purchasable","16":"product-type-simple"},"acf":[],"_links":{"self":[{"href":"https:\/\/fengchashop.com\/si\/wp-json\/wp\/v2\/product\/4372","targetHints":{"allow":["GET"]}}],"collection":[{"href":"https:\/\/fengchashop.com\/si\/wp-json\/wp\/v2\/product"}],"about":[{"href":"https:\/\/fengchashop.com\/si\/wp-json\/wp\/v2\/types\/product"}],"replies":[{"embeddable":true,"href":"https:\/\/fengchashop.com\/si\/wp-json\/wp\/v2\/comments?post=4372"}],"wp:featuredmedia":[{"embeddable":true,"href":"https:\/\/fengchashop.com\/si\/wp-json\/wp\/v2\/media\/4107"}],"wp:attachment":[{"href":"https:\/\/fengchashop.com\/si\/wp-json\/wp\/v2\/media?parent=4372"}],"wp:term":[{"taxonomy":"product_brand","embeddable":true,"href":"https:\/\/fengchashop.com\/si\/wp-json\/wp\/v2\/product_brand?post=4372"},{"taxonomy":"product_cat","embeddable":true,"href":"https:\/\/fengchashop.com\/si\/wp-json\/wp\/v2\/product_cat?post=4372"},{"taxonomy":"product_tag","embeddable":true,"href":"https:\/\/fengchashop.com\/si\/wp-json\/wp\/v2\/product_tag?post=4372"}],"curies":[{"name":"wp","href":"https:\/\/api.w.org\/{rel}","templated":true}]}}