{"id":4368,"date":"2022-02-11T21:38:55","date_gmt":"2022-02-11T20:38:55","guid":{"rendered":"https:\/\/test-fengcha.dweb.si\/product\/maca-mix-v-prahu-bio-250-g\/"},"modified":"2026-03-05T17:36:35","modified_gmt":"2026-03-05T16:36:35","slug":"mac-mix-v-prahu-bio","status":"publish","type":"product","link":"https:\/\/fengchashop.com\/si\/izdelek\/mac-mix-v-prahu-bio\/","title":{"rendered":"Maca mix v prahu BIO 250 g"},"content":{"rendered":"<h2><span style=\"color: #000000;\">Maca mix v prahu BIO<\/span><\/h2>\n<p><span style=\"color: #000000;\">Maca je korenasta rastlina, ki uspeva v perujskem andskem vi\u0161avju, izpostavljena<strong>\u00a0izrednim vremenskim razmeram<\/strong>\u00a0in velikim temperaturnim razlikam med dnevom in no\u010djo. Zdravilni del mace je gomolj, ki vsebuje veliko<strong>\u00a0vitaminov, mineralov in aminokislin.<\/strong> Zaradi vsebnosti pomembnih vitaminov, kot so vitamin B1, B12, C in E, ter ma\u0161\u010dobnih kislin, mineralov in aminokislin predstavlja maca eno najbolj u\u010dinkovitih, za\u017eelenih in priporo\u010denih naravnih super\u017eivil z ve\u010d tiso\u010dletno tradicijo. Med minerali izstopajo kalij, selen, cink, baker, magnezij, natrij, \u017eelezo in mangan. Maca pa vsebuje tudi fitosterole in alkamide, ki so spojine za krepitev in podporo hormonskega sistema. Prav hormoni pa v na\u0161em telesu uravnavajo \u0161tevilne procese.<\/span><\/p>\n<p><span style=\"color: #000000;\">Tradicionalno se maca na ozemlju, kjer jo pridobivajo, uporablja v prehrani in ljudskem zdravilstvu, saj izredno dobro<strong>\u00a0deluje na \u010dlovekovo telo in duha.<\/strong> Tradicionalno jo tako uporabljajo za krepitev fizi\u010dne mo\u010di in odpravljanje iz\u010drpnosti ter pove\u010danje libida.<\/span><\/p>\n<p><span style=\"color: #000000;\">Poznamo ve\u010d vrst mace. Najbolj priljubljene so<strong>\u00a0rumena, rde\u010da in \u010drna<\/strong>. Navadno rumeno maco se uporablja za vsak dan in za dolgotrajno u\u017eivanje. Rde\u010da in \u010drna maca pa veljata za posve\u010deni sorti in ju uporabljamo za kroni\u010dne terapevtske te\u017eave.<\/span><\/p>\n<p><span style=\"color: #000000;\"><strong>Rumena<\/strong> maca je <strong>nevtralna<\/strong>.<\/span><\/p>\n<p><span style=\"color: #000000;\"><strong>Rde\u010da<\/strong> velja za <strong>notranjo \u017eensko energijo.<\/strong><\/span><\/p>\n<p><span style=\"color: #000000;\"><strong>\u010crna<\/strong> pa velja za<strong> zunanjo mo\u0161ko energijo.<\/strong><\/span><\/p>\n<p><span style=\"color: #000000;\">Tamkaj\u0161nji \u0161amani posebej pazijo, kak\u0161no vrsto in razmerje mac mora oseba z dolo\u010denimi te\u017eavami u\u017eivati. Zato smo pripravili<strong>\u00a0posebno uravnote\u017eeno me\u0161anico.<\/strong> S tako \u0161irokim spektrom uporabljenih vrst mac je dose\u017eeno<strong>\u00a0pospe\u0161eno delovanje\u00a0na razli\u010dne (zdravstvene) te\u017eave in stanja v na\u0161em organizmu.<\/strong><\/span><\/p>\n<p><span style=\"color: #000000;\">Maca pa velja tudi za adaptogeno rastlino. Adaptogene rastline svoje u\u010dinkovine prilagodijo glede na potrebe telesa. Krepijo organske sisteme in vra\u010dajo ravnovesje.<\/span><\/p>\n<h2><span style=\"color: #000000;\">Zakaj naro\u010diti ravno na\u0161o maco?<\/span><\/h2>\n<p><span style=\"color: #000000;\">Na\u0161a maca v prahu prihaja iz\u00a0<strong>kontrolirane ekolo\u0161ke pridelave<\/strong>, skrbno posu\u0161ena in zmleta v moki podoben prah. Poleg tega redno skrbimo, da so na\u0161e zaloge mace\u00a0<strong>vedno sve\u017ee<\/strong>! Tudi zato me\u0161anico skrbno pripravljamo sami, saj le tako lahko zagotovimo njeno neopore\u010dnost s sve\u017eimi sestavinami v pravem razmerju.<\/span><\/p>\n<p><span style=\"color: #000000;\">Vse tri mace iz me\u0161anice so tako<strong> 100 % ekolo\u0161ke.<\/strong> Prihajajo iz perujskih visokogorskih<strong>\u00a0ekolo\u0161kih kmetij.<\/strong> Za vsako serijo imamo opravljene analize in veljaven certifikat.<\/span><\/p>\n<h2><span style=\"color: #000000;\">Pakiranje<\/span><\/h2>\n<p><span style=\"color: #000000;\">Nepredu\u0161na vre\u010dka z zadrgo, kjer izdelek ohrani vso sve\u017eino in aromo. Embala\u017ea \u0161\u010diti pred svetlobo in zrakom, saj je sestavljena iz ve\u010d slojev za\u0161\u010dite, ki ohranjajo lastnosti vsebine.<\/span><\/p>\n<p><span style=\"color: #000000;\">Embala\u017ea je zelo prakti\u010dna in omogo\u010da recikliranje.<\/span><\/p>\n<h2><span style=\"color: #000000;\">Shranjevanje in opozorila<\/span><\/h2>\n<p><span style=\"color: #000000;\">Shranjujte v suhem in hladnem prostoru. Prehransko dopolnilo naj bo nedosegljivo otrokom!<\/span><\/p>\n<p><span style=\"color: #000000;\">Ne pozabite na pomembnost raznolike prehrane in zdravega na\u010dina \u017eivljenja, prehransko dopolnilo zato ni nadomestilo za uravnote\u017eeno in raznovrstno prehrano. Priporo\u010dene dnevne koli\u010dine oziroma odmerka se ne sme prekora\u010diti. Nose\u010dnicam in doje\u010dim materam pred uporabo vedno svetujemo posvet z zdravnikom.<\/span><\/p>\n<h2><span style=\"color: #000000;\">Poreklo produkta<\/span><\/h2>\n<p><span style=\"color: #000000;\">Slovenija<\/span><\/p>\n<h2><span style=\"color: #000000;\">Poreklo primarnih sestavin<\/span><\/h2>\n<p><span style=\"color: #000000;\">Peru<\/span><\/p>\n","protected":false},"excerpt":{"rendered":"<p align=\"JUSTIFY\">Prehransko dopolnilo. Maca je korenasta rastlina, ki uspeva v perujskem andskem vi\u0161avju, izpostavljena<strong>\u00a0izrednim vremenskim razmeram<\/strong>\u00a0in velikim temperaturnim razlikam med dnevom in no\u010djo. Zdravilni del mace je gomolj, ki vsebuje veliko<strong>\u00a0vitaminov, mineralov in aminokislin<\/strong>. Zaradi vsebnosti pomembnih vitaminov, kot so vitamin B1, B12, C in E, ter ma\u0161\u010dobnih kislin, mineralov in aminokislin predstavlja maca eno najbolj u\u010dinkovitih, za\u017eelenih in priporo\u010denih naravnih super\u017eivil z ve\u010d tiso\u010dletno tradicijo.<\/p>\n","protected":false},"featured_media":4105,"comment_status":"open","ping_status":"closed","template":"","meta":{"_acf_changed":false},"product_brand":[],"product_cat":[15,195,216],"product_tag":[],"class_list":{"0":"post-4368","1":"product","2":"type-product","3":"status-publish","4":"has-post-thumbnail","6":"product_cat-uncategorized","7":"product_cat-superhrana","8":"product_cat-vsi-izdelki","10":"first","11":"outofstock","12":"sale","13":"taxable","14":"shipping-taxable","15":"purchasable","16":"product-type-simple"},"acf":[],"_links":{"self":[{"href":"https:\/\/fengchashop.com\/si\/wp-json\/wp\/v2\/product\/4368","targetHints":{"allow":["GET"]}}],"collection":[{"href":"https:\/\/fengchashop.com\/si\/wp-json\/wp\/v2\/product"}],"about":[{"href":"https:\/\/fengchashop.com\/si\/wp-json\/wp\/v2\/types\/product"}],"replies":[{"embeddable":true,"href":"https:\/\/fengchashop.com\/si\/wp-json\/wp\/v2\/comments?post=4368"}],"wp:featuredmedia":[{"embeddable":true,"href":"https:\/\/fengchashop.com\/si\/wp-json\/wp\/v2\/media\/4105"}],"wp:attachment":[{"href":"https:\/\/fengchashop.com\/si\/wp-json\/wp\/v2\/media?parent=4368"}],"wp:term":[{"taxonomy":"product_brand","embeddable":true,"href":"https:\/\/fengchashop.com\/si\/wp-json\/wp\/v2\/product_brand?post=4368"},{"taxonomy":"product_cat","embeddable":true,"href":"https:\/\/fengchashop.com\/si\/wp-json\/wp\/v2\/product_cat?post=4368"},{"taxonomy":"product_tag","embeddable":true,"href":"https:\/\/fengchashop.com\/si\/wp-json\/wp\/v2\/product_tag?post=4368"}],"curies":[{"name":"wp","href":"https:\/\/api.w.org\/{rel}","templated":true}]}}