{"id":4367,"date":"2022-02-11T21:27:43","date_gmt":"2022-02-11T20:27:43","guid":{"rendered":"https:\/\/test-fengcha.dweb.si\/product\/triphala-v-prahu-bio-250-g\/"},"modified":"2026-04-29T10:21:41","modified_gmt":"2026-04-29T08:21:41","slug":"triphala-v-prahu-bio-250-g","status":"publish","type":"product","link":"https:\/\/fengchashop.com\/si\/izdelek\/triphala-v-prahu-bio-250-g\/","title":{"rendered":"Triphala v prahu BIO 250 g"},"content":{"rendered":"<h2><span style=\"color: #000000\">Triphala v prahu BIO<\/span><\/h2>\n<p>Triphala je starodavna,<strong> izjemno priznana ajurvedska zeli\u0161\u010dna me\u0161anica<\/strong> treh vrst super sadja iz obmo\u010dja Indije: <strong>amalaki<\/strong> (Emblica officinalis) \u2013 pri nas poznana tudi kot amla, <strong>bibhitaki<\/strong> (Terminalia belerica) in<strong> haritaki<\/strong> (Terminalia chebula). Ve\u010d kot 5000 let jo uporabljajo predvsem za \u010di\u0161\u010denje in detoksikacijo celotnega organizma.<\/p>\n<p>Triphala blagodejno deluje na na\u0161o prebavo, jo pospe\u0161i in spodbuja absorbcije vitaminov in mineralov.<\/p>\n<p>Pomembno je, da posegamo po izdelkih iz zeli\u0161\u010d ekolo\u0161ke pridelave, saj lahko le tako nadzorujemo in prepre\u010dujemo vnos pesticidov in te\u017ekih kovin v telo.<\/p>\n<p>Na\u0161a triphala je premium kakovosti in ekolo\u0161ke pridelave.<\/p>\n<h2><span style=\"color: #000000\">Ali ste vedeli, da Triphala skrbi za notranje organe tako kot mama skrbi za svoje otroke?<\/span><\/h2>\n<p>Me\u0161anica Triphala je izredno hranljiva, ne\u017ena, z visoko vsebnostjo vitamina C, bioflavanoidov in omega 3 linolne ma\u0161\u010dobne kisline. Je izreden vir<strong> beljakovin, olj in antioksidantov<\/strong>. Ima dober odvajalni u\u010dinek, zato je primerna za <strong>\u010di\u0161\u010denje \u010drevesja<\/strong> ter \u010drevesnih sten in pomaga pri zmanj\u0161anju prevelike telesne te\u017ee.<strong> U\u010dinkovito razstruplja<\/strong>.<\/p>\n<p>Vse tri vrste plodov v skupni formuli triphale hranijo, krepijo, \u010distijo, globinsko obnavljajo in pomlajujejo celotni organizem. Redno u\u017eivanje Triphale zmanj\u0161a utrujenost ter iz\u010drpanost organizma in je odli\u010dna podpora imunskemu sistemu. Po ajurvedskem izro\u010dilu je triphala ena redkih me\u0161anic, ki ugodno vpliva na vse tri do\u0161e. Potemtakem je varna za u\u017eivanje za vsakogar.<\/p>\n<h2><span style=\"color: #000000\">Shranjevanje in opozorila<\/span><\/h2>\n<p>Shranjujte v suhem in hladnem prostoru. Prehransko dopolnilo naj bo nedosegljivo otrokom!<\/p>\n<p>Ne pozabite na pomembnost raznolike prehrane in zdravega na\u010dina \u017eivljenja, prehransko dopolnilo zato ni nadomestilo za uravnote\u017eeno in raznovrstno prehrano. Priporo\u010dene dnevne koli\u010dine oziroma odmerka se ne sme prekora\u010diti. Nose\u010dnicam, doje\u010dim materam in osebam, ki jemljejo zdravila, pred uporabo vedno svetujemo posvet z zdravnikom. Ni primerno za otroke.<\/p>\n<h2><span style=\"color: #000000\">Pakiranje<\/span><\/h2>\n<p><span style=\"color: #000000\">Nepredu\u0161na vre\u010dka z zadrgo, kjer izdelek ohrani vso sve\u017eino in aromo. Embala\u017ea \u0161\u010diti pred svetlobo in zrakom, saj je sestavljena iz ve\u010d slojev za\u0161\u010dite, ki ohranjajo lastnosti vsebine.<\/span><\/p>\n<p><span style=\"color: #000000\">Embala\u017ea je zelo prakti\u010dna in omogo\u010da recikliranje.<\/span><\/p>\n<h2><span style=\"color: #000000\">Poreklo<\/span><\/h2>\n<p><span style=\"color: #000000\">Indija<\/span><\/p>\n","protected":false},"excerpt":{"rendered":"<p align=\"JUSTIFY\">Prehransko dopolnilo. Triphala je starodavna, izjemno <strong>priznana ajurvedska zeli\u0161\u010dna me\u0161anica<\/strong> treh vrst super sadja iz obmo\u010dja Indije: amalaki, bibhitaki in haritaki. <strong>Ve\u010d kot 5000 let<\/strong> jo uporabljajo predvsem za \u010di\u0161\u010denje ter detoksikacijo celotnega organizma.<\/p>\n<p align=\"JUSTIFY\">\n","protected":false},"featured_media":4308,"comment_status":"open","ping_status":"closed","template":"","meta":{"_acf_changed":false},"product_brand":[],"product_cat":[15,194,195,216],"product_tag":[],"class_list":{"0":"post-4367","1":"product","2":"type-product","3":"status-publish","4":"has-post-thumbnail","6":"product_cat-uncategorized","7":"product_cat-ajurveda","8":"product_cat-superhrana","9":"product_cat-vsi-izdelki","11":"first","12":"instock","13":"sale","14":"taxable","15":"shipping-taxable","16":"purchasable","17":"product-type-simple"},"acf":[],"_links":{"self":[{"href":"https:\/\/fengchashop.com\/si\/wp-json\/wp\/v2\/product\/4367","targetHints":{"allow":["GET"]}}],"collection":[{"href":"https:\/\/fengchashop.com\/si\/wp-json\/wp\/v2\/product"}],"about":[{"href":"https:\/\/fengchashop.com\/si\/wp-json\/wp\/v2\/types\/product"}],"replies":[{"embeddable":true,"href":"https:\/\/fengchashop.com\/si\/wp-json\/wp\/v2\/comments?post=4367"}],"wp:featuredmedia":[{"embeddable":true,"href":"https:\/\/fengchashop.com\/si\/wp-json\/wp\/v2\/media\/4308"}],"wp:attachment":[{"href":"https:\/\/fengchashop.com\/si\/wp-json\/wp\/v2\/media?parent=4367"}],"wp:term":[{"taxonomy":"product_brand","embeddable":true,"href":"https:\/\/fengchashop.com\/si\/wp-json\/wp\/v2\/product_brand?post=4367"},{"taxonomy":"product_cat","embeddable":true,"href":"https:\/\/fengchashop.com\/si\/wp-json\/wp\/v2\/product_cat?post=4367"},{"taxonomy":"product_tag","embeddable":true,"href":"https:\/\/fengchashop.com\/si\/wp-json\/wp\/v2\/product_tag?post=4367"}],"curies":[{"name":"wp","href":"https:\/\/api.w.org\/{rel}","templated":true}]}}