{"id":4366,"date":"2022-02-11T21:16:38","date_gmt":"2022-02-11T20:16:38","guid":{"rendered":"https:\/\/test-fengcha.dweb.si\/product\/astragalus-v-prahu-bio-250-g\/"},"modified":"2026-04-30T07:45:42","modified_gmt":"2026-04-30T05:45:42","slug":"astragalus-v-prahu-bio","status":"publish","type":"product","link":"https:\/\/fengchashop.com\/si\/izdelek\/astragalus-v-prahu-bio\/","title":{"rendered":"Astragalus v prahu BIO 250 g"},"content":{"rendered":"<h2><span style=\"color: #000000\">Astragalus v prahu BIO<\/span><\/h2>\n<p><span style=\"color: #000000\">Astragalus je grm, ki pravzaprav spada v<strong> dru\u017eino stro\u010dnic.<\/strong> Od tu tudi ime grahovec. Na Kitajskem se v TKM kot <strong>zdravilno zeli\u0161\u010de uporablja \u017ee ve\u010d kot 2000 let.<\/strong> Uporaben del rastline pa niso plodovi ali listi, pa\u010d pa na soncu posu\u0161ene korenine. Najbolj kakovostne so tiste, ki so debelej\u0161e, trdne in sladke.<\/span><\/p>\n<p><span style=\"color: #000000\">Tradicionalno ga na Kitajskem uporabljajo kot <strong>krep\u010dilo za celotno telo<\/strong>, saj je izredno mo\u010dan antioksidant, ki se uspe\u0161no bori proti vsem vrstam vnetij. Velja tudi za adaptogeno zeli\u0161\u010de, kar pomeni, da krepi vse organske sisteme v telesu. Pri tem pa ne moti njihovega naravnega delovanja. Prav tako organov ne stimulira prekomerno in telesu vra\u010da poru\u0161eno ravnovesje. Zato ga v\u010dasih imenujemo tudi &#8216;<strong>veliki za\u0161\u010ditnik<\/strong>&#8216;.<\/span><\/p>\n<p><span style=\"color: #000000\">Astragalus je izredno bogat vir posebnih antioksidantov in selena. Zaradi adaptogenosti ga uporabljamo za razli\u010dna stanja telesa, ki ka\u017eejo na neravnovesje.\u00a0<\/span><\/p>\n<p><span style=\"color: #000000\">Iz prahu lahko pripravimo tudi \u010daj, in sicer tako, da skuhamo eno \u017elico astragalusa v prahu skupaj s skodelico vode. Pustimo 1 uro in nato precedimo. Popijemo po po\u017eirkih tekom dneva.<\/span><\/p>\n<p><span style=\"color: #000000\">Astragalus se pogosto uporablja<strong> v kombinaciji z drugimi zeli\u0161\u010di in rastlinami, kot je angelika, kurkuma, ginseng, a\u0161vaganda in spirulina.<\/strong><\/span><\/p>\n<h2><span style=\"color: #000000\">Shranjevanje in opozorila<\/span><\/h2>\n<p><span style=\"color: #000000\">Shranjujte v suhem in hladnem prostoru. Prehransko dopolnilo naj bo nedosegljivo otrokom!<\/span><\/p>\n<p><span style=\"color: #000000\">Ne pozabite na pomembnost raznolike prehrane in zdravega na\u010dina \u017eivljenja, prehransko dopolnilo zato ni nadomestilo za uravnote\u017eeno in raznovrstno prehrano. Priporo\u010dene dnevne koli\u010dine oziroma odmerka se ne sme prekora\u010diti. Nose\u010dnicam in doje\u010dim materam pred uporabo vedno svetujemo posvet z zdravnikom.<\/span><\/p>\n<h2><span style=\"color: #000000\">Pakiranje<\/span><\/h2>\n<p><span style=\"color: #000000\">Nepredu\u0161na vre\u010dka z zadrgo, kjer izdelek ohrani vso sve\u017eino in aromo. Embala\u017ea \u0161\u010diti pred svetlobo in zrakom, saj je sestavljena iz ve\u010d slojev za\u0161\u010dite, ki ohranjajo lastnosti vsebine.<\/span><\/p>\n<p><span style=\"color: #000000\">Embala\u017ea je zelo prakti\u010dna in omogo\u010da recikliranje.<\/span><\/p>\n<h2><span style=\"color: #000000\">Poreklo<\/span><\/h2>\n<p><span style=\"color: #000000\">Kitajska. Imamo zelo zanesljive dobavitelje, ki nam za vsako serijo po\u0161ljejo podrobno kemijsko analizo \u017eivila. V ve\u010d kot desetih letih nismo imeli \u0161e nobenega odpoklica ali kakr\u0161ne koli druge te\u017eave s tem artiklom, pa tudi z drugimi artikli istega dobavitelja ne. Artikel ima 100 % ekolo\u0161ki certifikat.<\/span><\/p>\n","protected":false},"excerpt":{"rendered":"<p align=\"JUSTIFY\">Prehransko dopolnilo. Tradicionalno se ga na Kitajskem uporabljajo kot <strong>krep\u010dilo za celotno telo<\/strong>, saj je izredno mo\u010dan antioksidant, ki se uspe\u0161no bori proti vsem vrstam vnetij. Velja tudi za adaptogeno zeli\u0161\u010de, kar pomeni, da krepi vse organske sisteme v telesu. Pri tem pa ne moti njihovega naravnega delovanja. Prav tako organov ne stimulira prekomerno in telesu vra\u010da poru\u0161eno ravnovesje. Zato ga v\u010dasih imenujemo tudi &#8216;<strong>veliki za\u0161\u010ditnik<\/strong>&#8216;.<\/p>\n","protected":false},"featured_media":4139,"comment_status":"open","ping_status":"closed","template":"","meta":{"_acf_changed":false},"product_brand":[],"product_cat":[15,195,216],"product_tag":[],"class_list":{"0":"post-4366","1":"product","2":"type-product","3":"status-publish","4":"has-post-thumbnail","6":"product_cat-uncategorized","7":"product_cat-superhrana","8":"product_cat-vsi-izdelki","10":"first","11":"instock","12":"sale","13":"taxable","14":"shipping-taxable","15":"purchasable","16":"product-type-simple"},"acf":[],"_links":{"self":[{"href":"https:\/\/fengchashop.com\/si\/wp-json\/wp\/v2\/product\/4366","targetHints":{"allow":["GET"]}}],"collection":[{"href":"https:\/\/fengchashop.com\/si\/wp-json\/wp\/v2\/product"}],"about":[{"href":"https:\/\/fengchashop.com\/si\/wp-json\/wp\/v2\/types\/product"}],"replies":[{"embeddable":true,"href":"https:\/\/fengchashop.com\/si\/wp-json\/wp\/v2\/comments?post=4366"}],"wp:featuredmedia":[{"embeddable":true,"href":"https:\/\/fengchashop.com\/si\/wp-json\/wp\/v2\/media\/4139"}],"wp:attachment":[{"href":"https:\/\/fengchashop.com\/si\/wp-json\/wp\/v2\/media?parent=4366"}],"wp:term":[{"taxonomy":"product_brand","embeddable":true,"href":"https:\/\/fengchashop.com\/si\/wp-json\/wp\/v2\/product_brand?post=4366"},{"taxonomy":"product_cat","embeddable":true,"href":"https:\/\/fengchashop.com\/si\/wp-json\/wp\/v2\/product_cat?post=4366"},{"taxonomy":"product_tag","embeddable":true,"href":"https:\/\/fengchashop.com\/si\/wp-json\/wp\/v2\/product_tag?post=4366"}],"curies":[{"name":"wp","href":"https:\/\/api.w.org\/{rel}","templated":true}]}}