{"id":4356,"date":"2022-02-11T20:27:56","date_gmt":"2022-02-11T19:27:56","guid":{"rendered":"https:\/\/test-fengcha.dweb.si\/product\/magnezijev-bisglicinat-250-g\/"},"modified":"2026-04-29T18:21:12","modified_gmt":"2026-04-29T16:21:12","slug":"magnezijev-bisglicinat","status":"publish","type":"product","link":"https:\/\/fengchashop.com\/si\/izdelek\/magnezijev-bisglicinat\/","title":{"rendered":"Magnezijev bisglicinat 250 g"},"content":{"rendered":"<h2><span style=\"color: #000000\">Magnezijev bisciglinat<\/span><\/h2>\n<p><span style=\"color: #000000\">Magnezij je <strong>zelo pomemben\u00a0mineral,<\/strong> ki je v \u010dlove\u0161kem telesu zadol\u017een za prek 300 metaboli\u010dnih reakcij. Strokovnjaki ga pogosto imenujejo kar \u00bbkralj mineralov\u00ab. Ima zelo pomembno vlogo pri zagotavljanju pravilnega delovanja kosti, mi\u0161ic in \u017eiv\u010dnega sistema. Pogosto ga u\u017eivamo <strong>za\u00a0prepre\u010devanje kr\u010dev (v me\u010dih), utrujenosti, iz\u010drpanosti in za normalno psihi\u010dno delovanje.<\/strong> Zaradi sodobnega na\u010dina \u017eivljenja \u2013 pomanjkanje spanja, stres, na\u010din prehranjevanja \u2013 pogosto posegamo po prehranskih dodatkih z magnezijem. In \u010deprav ga veliko najdemo v zeleni zelenjavi, ribah, son\u010dni\u010dnih in bu\u010dnih semenih, sadju in ore\u0161\u010dkih, ga enostavno porabimo ve\u010d, kot ga zau\u017eijemo. Pove\u010dane potrebe po magneziju imajo \u0161portniki in zelo aktivni ljudje, nose\u010dnice in starostniki. V naravi je magnezij vedno vezan na drugo spojino, kar pa mu daje specifi\u010dne lastnosti, predvsem kar se ti\u010de absorpcije in dodatnih u\u010dinkov. Pomembno torej je, da izberemo pravi magnezij za na\u0161e potrebe.<\/span><\/p>\n<p><span style=\"color: #000000\">Magnezij v obliki magnezijevega bisglicinata je<strong> ena novej\u0161ih in najbolj\u0161ih oblik magnezija,<\/strong> ki ga dobimo na trgu. Poznamo ve\u010d kot ducat razli\u010dnih oblik magnezija, uporabo nekaterih oblik pa celo odsvetujemo (na primer magnezijev aspartat in magnezijev glutamat). Vsak magnezij tako prav zagotovo ne bo zadovoljil na\u0161ih potreb. Izberite kakovostne, predvsem pa za vas primerne oblike magnezija.<\/span><\/p>\n<p><span style=\"color: #000000\">Pomanjkanje magnezija povezujejo s \u0161tevilnimi boleznimi, kot je tudi migrena, kroni\u010dna utrujenost, povi\u0161an krvni tlak, anksioznost in druge du\u0161evne motnje. Magnezij posredno skrbi za sanacijo po\u0161kodovanih celic, kar prepre\u010duje razvoj bolezni, ki so povezane s<strong>\u00a0celi\u010dnimi po\u0161kodbami<\/strong>\u00a0\u2013 na primer tudi rak. Hkrati pa pomanjkanje magnezija zmanj\u0161uje u\u010dinek pomembnega vitamina D.<\/span><\/p>\n<p><span style=\"color: #000000\">Na\u0161 magnezijev bisglicinat je premium kakovosti.<\/span><\/p>\n<h2><span style=\"color: #000000\">Zakaj izbrati magnezijev bisglicinat?<\/span><\/h2>\n<p><span style=\"color: #000000\">Magnezij\u00a0v obliki magnezijevega bisglicinata \u00a0se v primerjavi z drugimi oblikami magnezija predvsem<strong> hitreje, la\u017eje in bolj\u0161e absorbira.<\/strong> Je ena novej\u0161ih oblik magnezija kot prehranskega dopolnila, ki stremi k najbolj\u0161emu izkoristku brez stranskih u\u010dinkov \u2013 odvajalnega u\u010dinka. Trenutno spada v sam vrh prehranskih dopolnil z magnezijem. To je \u0161e posebno prednost za osebe, katerih prebava je ob\u010dutljiva na prehranska dopolnila z magnezijem, po drugi strani pa ga telo potrebuje.<\/span><\/p>\n<p><span style=\"color: #000000\">Magnezijev bisglicinat omogo\u010da <strong>najbolj\u0161i izkoristek magnezija v telesu,<\/strong> saj se absorbira kar v 80 in celo ve\u010d odstotkih. Ker ne povzro\u010da driske oziroma nima odvajalnega u\u010dinka, je ta razli\u010dica magnezija najbolj <strong>primerna za dolgotrajno jemanje.<\/strong> Odvajalni u\u010dinek namre\u010d ni vedno koristen, saj lahko osiroma\u0161i absorpcijo drugih hranil in iritira ob\u010dutljivo \u010drevesje.<\/span><\/p>\n<p><span style=\"color: #000000\">V magnezijevem bisglicinatu sta pravzaprav dve glicinatni aminokislini namesto ena, kar pomeni ve\u010djo za\u0161\u010dito pred \u017eelod\u010dno kislino. Tako pride do \u010drevesja, kjer se pravzaprav absorbira v krvni obtok v \u010dimbolj organski obliki.<\/span><\/p>\n<h2><span style=\"color: #000000\">Kak\u0161en vpliv ima u\u017eivanje magnezija na na\u0161e telo?<\/span><\/h2>\n<p><span style=\"color: #000000\">U\u017eivanje magnezija ima naslednje pozitivne lastnosti na nas, ki jih priznava tudi stroka:<\/span><\/p>\n<p><span style=\"color: #000000\"> \ud83d\udc9a prispeva k <strong>zmanj\u0161anju utrujenosti in iz\u010drpanosti,<\/strong><\/span><\/p>\n<p><span style=\"color: #000000\"> \ud83d\udc9a podpira <strong>ravnovesje elektrolitov, ki jih potrebujemo predvsem pri fizi\u010dnem naporu,<\/strong><\/span><\/p>\n<p><span style=\"color: #000000\"> \ud83d\udc9a prispeva\u00a0 <strong>k\u00a0 spro\u0161\u010danju\u00a0 energije\u00a0 pri\u00a0 presnovi,<\/strong><\/span><\/p>\n<p><span style=\"color: #000000\"> \ud83d\udc9a <strong>ugodno vpliva na \u017eiv\u010dni sistem,<\/strong><\/span><\/p>\n<p><span style=\"color: #000000\"> \ud83d\udc9a prispeva <strong>k normalnemu delovanja mi\u0161ic, normalnim psiholo\u0161kim funkcijam,<\/strong><\/span><\/p>\n<p><span style=\"color: #000000\"> \ud83d\udc9a ima\u00a0 vlogo\u00a0 <strong>pri\u00a0 sintezi\u00a0 beljakovin,<\/strong><\/span><\/p>\n<p><span style=\"color: #000000\"> \ud83d\udc9a ohranja <strong>zdrave kosti in zobe,<\/strong><\/span><\/p>\n<p><span style=\"color: #000000\"> \ud83d\udc9a ima\u00a0 <strong>vlogo\u00a0 pri\u00a0 delitvi\u00a0 celic.<\/strong><\/span><\/p>\n<p><span style=\"color: #000000\">Zadovoljni uporabniki pa govorijo tudi o drugih prednostih, ki jih prina\u0161a u\u017eivanje magnezija v obliki prehranskega dopolnila premium kakovosti in najbolj\u0161e oblike.\u00a0\u00a0<\/span><\/p>\n<h2><span style=\"color: #000000\">Pakiranje<\/span><\/h2>\n<p><span style=\"color: #000000\">Nepredu\u0161na vre\u010dka z zadrgo, kjer izdelek ohrani vso sve\u017eino in aromo. Embala\u017ea \u0161\u010diti pred svetlobo in zrakom, saj je sestavljena iz ve\u010d slojev za\u0161\u010dite, ki ohranjajo lastnosti vsebine.<\/span><\/p>\n<p><span style=\"color: #000000\">Embala\u017ea je zelo prakti\u010dna in omogo\u010da recikliranje.<\/span><\/p>\n<h2><span style=\"color: #000000\">Shranjevanje in opozorila<\/span><\/h2>\n<p><span style=\"color: #000000\">Shranjujte v suhem in hladnem prostoru pri temperaturi do 25 \u00b0C. Prehransko dopolnilo naj bo nedosegljivo otrokom!<\/span><\/p>\n<p><span style=\"color: #000000\">Posvetujte se z zdravnikom, \u010de so\u010dasno jemljete tudi antibiotike, zdravila za osteoporozo ali zdravila za visok krvni tlak, saj magnezij lahko vpliva na njihovo delovanje.<\/span><\/p>\n<p><span style=\"color: #000000\">Ne pozabite na pomembnost raznolike prehrane in zdravega na\u010dina \u017eivljenja, prehransko dopolnilo zato ni nadomestilo za uravnote\u017eeno in raznovrstno prehrano. Priporo\u010dene dnevne koli\u010dine oziroma odmerka se ne sme prekora\u010diti. Nose\u010dnicam in doje\u010dim materam pred uporabo vedno svetujemo posvet z zdravnikom. Ni primerno za otroke.<\/span><\/p>\n<h2><span style=\"color: #000000\">Poreklo<\/span><\/h2>\n<p><span style=\"color: #000000\">Kitajska. Imamo zelo zanesljive dobavitelje, ki nam za vsako serijo po\u0161ljejo podrobno kemijsko analizo \u017eivila. V ve\u010d kot desetih letih nismo imeli \u0161e nobenega odpoklica ali kakr\u0161ne koli druge te\u017eave s tem artiklom, pa tudi z drugimi artikli istega dobavitelja ne.\u00a0<\/span><\/p>\n","protected":false},"excerpt":{"rendered":"<p align=\"JUSTIFY\">Magnezij je <strong>zelo pomemben\u00a0mineral<\/strong>, ki je v \u010dlove\u0161kem telesu zadol\u017een za prek 300 metaboli\u010dnih reakcij. Strokovnjaki ga pogosto imenujejo kar \u00bbkralj mineralov\u00ab. Ima zelo pomembno vlogo pri zagotavljanju pravilnega delovanja kosti, mi\u0161ic in \u017eiv\u010dnega sistema.<\/p>\n<p>\ud83d\udc9a Prispeva k zmanj\u0161anju utrujenosti in iz\u010drpanosti.<br \/>\n\ud83d\udc9a Prispeva\u00a0 k\u00a0 spro\u0161\u010danju\u00a0 energije\u00a0 pri\u00a0 presnovi.<br \/>\n\ud83d\udc9a Ugodno vpliva na \u017eiv\u010dni sistem.<br \/>\n\ud83d\udc9a Prispeva k normalnemu delovanja mi\u0161ic, normalnim psiholo\u0161kim funkcijam.<br \/>\n\ud83d\udc9a Ohranja zdrave kosti in zobe.<\/p>\n","protected":false},"featured_media":4108,"comment_status":"open","ping_status":"closed","template":"","meta":{"_acf_changed":false},"product_brand":[],"product_cat":[15,203,218,216],"product_tag":[],"class_list":{"0":"post-4356","1":"product","2":"type-product","3":"status-publish","4":"has-post-thumbnail","6":"product_cat-uncategorized","7":"product_cat-minerali-vitamini","8":"product_cat-najbolj-prodajano","9":"product_cat-vsi-izdelki","11":"first","12":"instock","13":"sale","14":"taxable","15":"shipping-taxable","16":"purchasable","17":"product-type-simple"},"acf":[],"_links":{"self":[{"href":"https:\/\/fengchashop.com\/si\/wp-json\/wp\/v2\/product\/4356","targetHints":{"allow":["GET"]}}],"collection":[{"href":"https:\/\/fengchashop.com\/si\/wp-json\/wp\/v2\/product"}],"about":[{"href":"https:\/\/fengchashop.com\/si\/wp-json\/wp\/v2\/types\/product"}],"replies":[{"embeddable":true,"href":"https:\/\/fengchashop.com\/si\/wp-json\/wp\/v2\/comments?post=4356"}],"wp:featuredmedia":[{"embeddable":true,"href":"https:\/\/fengchashop.com\/si\/wp-json\/wp\/v2\/media\/4108"}],"wp:attachment":[{"href":"https:\/\/fengchashop.com\/si\/wp-json\/wp\/v2\/media?parent=4356"}],"wp:term":[{"taxonomy":"product_brand","embeddable":true,"href":"https:\/\/fengchashop.com\/si\/wp-json\/wp\/v2\/product_brand?post=4356"},{"taxonomy":"product_cat","embeddable":true,"href":"https:\/\/fengchashop.com\/si\/wp-json\/wp\/v2\/product_cat?post=4356"},{"taxonomy":"product_tag","embeddable":true,"href":"https:\/\/fengchashop.com\/si\/wp-json\/wp\/v2\/product_tag?post=4356"}],"curies":[{"name":"wp","href":"https:\/\/api.w.org\/{rel}","templated":true}]}}