{"id":4355,"date":"2022-02-11T20:17:52","date_gmt":"2022-02-11T19:17:52","guid":{"rendered":"https:\/\/test-fengcha.dweb.si\/product\/kalcijev-karbonat-500-g\/"},"modified":"2026-04-29T10:23:07","modified_gmt":"2026-04-29T08:23:07","slug":"kalcijev-karbonat","status":"publish","type":"product","link":"https:\/\/fengchashop.com\/si\/izdelek\/kalcijev-karbonat\/","title":{"rendered":"Kalcij 500 g"},"content":{"rendered":"<h2><span style=\"color: #000000\">Kalcijev karbonat\u00a0<\/span><\/h2>\n<p><span style=\"color: #000000\">Kalcij je eden<strong> najbolj zastopanih mineralov v na\u0161em telesu.<\/strong> \u010ceprav ga ve\u010dinoma povezujemo s kostmi, ima kalcij v \u010dlove\u0161kem telesu \u0161e veliko drugih pomembnih funkcij. Kalcij je pravzaprav sestavina kostnega tkiva in posledi\u010dno vpliva na trdoto kosti. Zato je u\u017eivanje hrane, ki je bogata s kalcijem, zelo pomembno v obdobju otro\u0161tva, ko rastemo. Zelo pomembno je tudi v obdobju menopavze, ko podrto hormonsko ravnovesje, ki ga le-ta prinese, velikokrat vpliva na absorpcijo kalcija in s tem zmanj\u0161uje gostoto kostne mase. Podobno velja tudi za bolj ali manj ve\u010dino starej\u0161ih odraslih. Pomembno vlogo pa kalcij odigra tudi v nose\u010dnosti.<\/span><\/p>\n<p><span style=\"color: #000000\"><strong>Kalcij vpliva na normalno delovanje celic in mi\u0161ic, na zdravje kosti in zob, normalno delovanje prebavnih encimov, na pravilno strjevanje krvi, na prenos \u017eiv\u010dnih impulzov in na normalno spro\u0161\u010danje energije pri presnovi. Pomanjkanje<\/strong> le-tega velikokrat<strong> vodi v osteoporozo<\/strong>, ki je \u0161e ena izredno pogosta bolezen sodobnega \u010dasa.<\/span><\/p>\n<p><span style=\"color: #000000\">Kalcij v obliki kalcijevega karbonata je<strong> naravna in varna oblika kalcija<\/strong> kot prehranskega dopolnila. Dobro se absorbira in ima optimalen izkoristek.<\/span><\/p>\n<p><span style=\"color: #000000\">Kalcij je potrebno na\u010drtno vna\u0161ati v telo predvsem v obdobju pospe\u0161ene rasti in v nose\u010dnosti. To najla\u017eje dose\u017eemo s pestro in uravnote\u017eeno prehrano, ki je naravno bogata s kalcijem. \u00a0Jemanje prehranskih dopolnil pa priporo\u010damo predvsem tistim, ki zelo redko ali sploh ne u\u017eivajo mleka in mle\u010dnih izdelkov. Jemanje priporo\u010damo tudi \u017eenskam v menopavzi in vsem starej\u0161im odraslim osebam.<\/span><\/p>\n<p><span style=\"color: #000000\">Prehransko dopolnilo je izredno kvalitetno in dosega tudi do 40 % koncentracijo elementarnega kalcija.<\/span><\/p>\n<h2><span style=\"color: #000000\">Zakaj izbrati kalcijev karbonat?<\/span><\/h2>\n<p><span style=\"color: #000000\">Poznamo ve\u010d vrst oziroma oblik prehranskega dopolnila s kalcijem. Imenujemo jih kalcijeve soli. To so lahko kalcijev glukonat, kalcijev karbonat, kalcijev citrat idr. Tako je na primer kalcijev citrat odli\u010den za tiste, ki imajo te\u017eave s premalo \u017eelod\u010dne kisline ali jemljejo zaviralce \u017eelod\u010dne kisline, saj za dobro in pravilno absorpcijo ne potrebuje kisline. Kalcijev karbonat pa je najbolj pogosta oblika kalcija v prehranskih dopolnilih in je dokazano varna ter zagotavlja dobro absorpcijo. Starej\u0161im osebam priporo\u010damo jemanje takoj po jedi, mlaj\u0161im pa eno uro pred ali dve uri po jedi.<\/span><\/p>\n<h2><span style=\"color: #000000\">Kak\u0161en vpliv ima u\u017eivanje kalcija na na\u0161e telo?<\/span><\/h2>\n<p><span style=\"color: #000000\">Za pravilno absorpcijo in normalne vrednosti kalcija v krvi ima pomembno vlogo tudi vitamin D. Dnevne priporo\u010dene vrednosti lahko predvsem poleti zagotovimo \u017ee z izpostavljanjem na\u0161e ko\u017ee son\u010dnim \u017earkom. Kalcij pa nato pripomore k:<\/span><\/p>\n<p><span style=\"color: #000000\"> \ud83d\udc9a ohranjanju<strong> zdravih zob in kosti,<\/strong><\/span><\/p>\n<p><span style=\"color: #000000\"> \ud83d\udc9a primernemu<strong> strjevanju krvi,<\/strong><\/span><\/p>\n<p><span style=\"color: #000000\"> \ud83d\udc9a <strong>spro\u0161\u010danju energije pri presnovi,<\/strong><\/span><\/p>\n<p><span style=\"color: #000000\"> \ud83d\udc9a normalnemu <strong>prenosu \u017eiv\u010dnih impulzov in delovanju mi\u0161ic ter prebavnih encimov,<\/strong><\/span><\/p>\n<p><span style=\"color: #000000\"> \ud83d\udc9a <strong>delitvi in specializaciji celic.<\/strong><\/span><\/p>\n<h2><span style=\"color: #000000\">Katere so prednosti na\u0161ega kalcijevega karbonata?<\/span><\/h2>\n<p><span style=\"color: #000000\">Kalcijev karbonat v prahu na\u0161e blagovne znamke je naravno izkopan. Vsebuje zelo \u010dist prah in visoko koncentracijo elementarnega kalcija. Hkrati pa ne vsebuje nobenih neza\u017eelenih dodatkov, kot je sladkor, gluten, soja idr.<\/span><\/p>\n<h2><span style=\"color: #000000\">Pakiranje<\/span><\/h2>\n<p><span style=\"color: #000000\">Nepredu\u0161na vre\u010dka z zadrgo, kjer izdelek ohrani vso sve\u017eino in aromo. Embala\u017ea \u0161\u010diti pred svetlobo in zrakom, saj je sestavljena iz ve\u010d slojev za\u0161\u010dite, ki ohranjajo lastnosti vsebine.<\/span><\/p>\n<p><span style=\"color: #000000\">Embala\u017ea je zelo prakti\u010dna in omogo\u010da recikliranje.<\/span><\/p>\n<h2><span style=\"color: #000000\">Shranjevanje in opozorila<\/span><\/h2>\n<p><span style=\"color: #000000\">Shranjujte v suhem in hladnem prostoru pri temperaturi do 25 \u00b0C. Prehransko dopolnilo naj bo nedosegljivo otrokom!<\/span><\/p>\n<p><span style=\"color: #000000\">Posvetujte se z zdravnikom, \u010de so\u010dasno jemljete tudi antibiotike ali kakr\u0161na koli druga zdravila.<\/span><\/p>\n<p><span style=\"color: #000000\">Ne pozabite na pomembnost raznolike prehrane in zdravega na\u010dina \u017eivljenja, prehransko dopolnilo zato ni nadomestilo za uravnote\u017eeno in raznovrstno prehrano. Priporo\u010dene dnevne koli\u010dine oziroma odmerka se ne sme prekora\u010diti. Nose\u010dnicam in doje\u010dim materam pred uporabo vedno svetujemo posvet z zdravnikom. Ni primerno za otroke.<\/span><\/p>\n<h2><span style=\"color: #000000\">Poreklo<\/span><\/h2>\n<p><span style=\"color: #000000\">Italija<\/span><\/p>\n","protected":false},"excerpt":{"rendered":"<p align=\"JUSTIFY\">Kalcij je eden <strong>najbolj zastopanih mineralov v na\u0161em telesu<\/strong>. \u010ceprav ga ve\u010dinoma povezujemo s kostmi, ima kalcij v \u010dlove\u0161kem telesu \u0161e veliko drugih pomembnih funkcij. Kalcij je pravzaprav sestavina kostnega tkiva in posledi\u010dno vpliva na trdoto kosti. Kalcij pripomore k:<\/p>\n<p>\ud83d\udc9a ohranjanju zdravih zob in kosti,<br \/>\n\ud83d\udc9a primernemu strjevanju krvi,<br \/>\n\ud83d\udc9a spro\u0161\u010danju energije pri presnovi,<br \/>\n\ud83d\udc9a normalnemu prenosu \u017eiv\u010dnih impulzov in delovanju mi\u0161ic ter prebavnih encimov,<br \/>\n\ud83d\udc9a delitvi in specializaciji celic.<\/p>\n","protected":false},"featured_media":4160,"comment_status":"open","ping_status":"closed","template":"","meta":{"_acf_changed":false},"product_brand":[],"product_cat":[15,203,216],"product_tag":[],"class_list":{"0":"post-4355","1":"product","2":"type-product","3":"status-publish","4":"has-post-thumbnail","6":"product_cat-uncategorized","7":"product_cat-minerali-vitamini","8":"product_cat-vsi-izdelki","10":"first","11":"instock","12":"sale","13":"taxable","14":"shipping-taxable","15":"purchasable","16":"product-type-simple"},"acf":[],"_links":{"self":[{"href":"https:\/\/fengchashop.com\/si\/wp-json\/wp\/v2\/product\/4355","targetHints":{"allow":["GET"]}}],"collection":[{"href":"https:\/\/fengchashop.com\/si\/wp-json\/wp\/v2\/product"}],"about":[{"href":"https:\/\/fengchashop.com\/si\/wp-json\/wp\/v2\/types\/product"}],"replies":[{"embeddable":true,"href":"https:\/\/fengchashop.com\/si\/wp-json\/wp\/v2\/comments?post=4355"}],"wp:featuredmedia":[{"embeddable":true,"href":"https:\/\/fengchashop.com\/si\/wp-json\/wp\/v2\/media\/4160"}],"wp:attachment":[{"href":"https:\/\/fengchashop.com\/si\/wp-json\/wp\/v2\/media?parent=4355"}],"wp:term":[{"taxonomy":"product_brand","embeddable":true,"href":"https:\/\/fengchashop.com\/si\/wp-json\/wp\/v2\/product_brand?post=4355"},{"taxonomy":"product_cat","embeddable":true,"href":"https:\/\/fengchashop.com\/si\/wp-json\/wp\/v2\/product_cat?post=4355"},{"taxonomy":"product_tag","embeddable":true,"href":"https:\/\/fengchashop.com\/si\/wp-json\/wp\/v2\/product_tag?post=4355"}],"curies":[{"name":"wp","href":"https:\/\/api.w.org\/{rel}","templated":true}]}}