{"id":4325,"date":"2022-02-11T19:46:11","date_gmt":"2022-02-11T18:46:11","guid":{"rendered":"https:\/\/test-fengcha.dweb.si\/product\/cardio-mix-bio-125-g\/"},"modified":"2026-04-29T22:01:01","modified_gmt":"2026-04-29T20:01:01","slug":"cardio-mix-bio","status":"publish","type":"product","link":"https:\/\/fengchashop.com\/si\/izdelek\/cardio-mix-bio\/","title":{"rendered":"Cardio mix BIO 125 g"},"content":{"rendered":"<h2><span style=\"color: #000000\">Cardio mix me\u0161anica medicinskih gob BIO v prahu<\/span><\/h2>\n<p><span style=\"color: #000000\">Me\u0161anica medicinskih gob Cardio mix se uporablja kot podpora kardio sistemu<strong>.<\/strong><\/span><\/p>\n<p><span style=\"color: #000000\">Pravzaprav gre za me\u0161anico, ki pripomore oziroma zagotavlja vse pogoje, ki jih je treba izpolniti za<strong> idealno delovanje osrednjega sistema.<\/strong><\/span><\/p>\n<p><span style=\"color: #000000\">Me\u0161anica je sestavljena iz petih vrst gob, in sicer Lentinula edodes, Auricularia auricula, Ganoderma lucidum, Grifola frondosa in Cordyceps. Te gobe so po ve\u010dini raziskav, ki so jih opravili po svetu, med najbolj u\u010dinkovitimi za prepre\u010devanje razvoja te\u017eav.<\/span><\/p>\n<p><span style=\"color: #000000\">Me\u0161anica Cardio mix nudi naj\u0161ir\u0161i spekter uravnove\u0161enega delovanja zaradi ve\u010d sto razli\u010dnih farmakolo\u0161kih aktivnih u\u010dinkovin, ki jih vsebuje.<\/span><\/p>\n<p><span style=\"color: #000000\">S tako \u0161irokim spektrom uporabljenih vrst gob je dose\u017eeno njihovo \u0161irokospektralno delovanje ter pospe\u0161eno preventivno delovanje pred splo\u0161no oslabelostjo.<\/span><\/p>\n<p><span style=\"color: #000000\">Uporaba izdelka je povsem preprosta in ne zahteva kakr\u0161nih koli priprav ali spretnosti. Gobe so zmlete v fin prah, ki ne vsebuje delcev. Izdelek je tako pripravljen za uporabo. Preprosto ga dozirate neposredno iz embala\u017ee v va\u0161 priljubljen napitek, preme\u0161ate in zau\u017eijete.<\/span><\/p>\n<h2><span style=\"color: #000000\">Zakaj uporabiti na\u0161o me\u0161anico Cardio mix?<\/span><\/h2>\n<p><span style=\"color: #000000\">Receptura za me\u0161anico je skrbno pripravljena na podlagi opa\u017eanj in ugotovitev rednih uporabnikov me\u0161anice in medicinskih gob na splo\u0161no. Za pripravo te posebne me\u0161anice so bili upo\u0161tevani izsledki \u0161tevilnih doma\u010dih in tujih raziskav. In \u010deprav imajo medicinske gobe zelo kompleksne mehanizme delovanja, ki jih znanost \u0161e ni uspela razlo\u017eiti, vemo, da ugodno vplivajo na na\u0161 sistem in organizem.\u00a0 \u00a0<\/span><\/p>\n<p><span style=\"color: #000000\">Pridelava na\u0161ih zdravilnih gob je strogo nadzorovana, brez uporabe kemikalij ali pesticidov in <strong>100 % ekolo\u0161ka<\/strong>. Vse gobe so gojene v Sloveniji.<\/span><\/p>\n<h2><span style=\"color: #000000\">Komu vse je namenjena me\u0161anica Cardio mix?<\/span><\/h2>\n<p><span style=\"color: #000000\">Cardio mix je pravzaprav namenjen vsem, ki \u017eelijo svojemu sr\u010dnemu sistemu ponuditi najbolj\u0161e pogoje<strong> za dolgoro\u010dno zdravje osrednjega sistema.<\/strong> Posledi\u010dno deluje tudi na na\u0161e splo\u0161nega zdravja in dobrega po\u010dutja ter mo\u010dan imunski sistem. Namenjen je tudi tistim, ki \u017eelijo preizkusiti delovanje medicinskih gob in okrepiti svoje telo na naraven na\u010din. Prav tako je odli\u010dno naravno prehransko dopolnilo, saj imajo gobe visoke prehranske vrednosti \u2013 dragocene hranilne vrednosti, minerali v sledeh, vitamini, makro minerali, vlaknine, beljakovine. Medicinske gobe imajo bogato zgodovino v kitajski medicini in zdravilstvu, \u010dlovek pa se vse pogosteje po zdravje zopet vra\u010da k naravi.<\/span><\/p>\n<p><span style=\"color: #000000\">Zaradi gobe\u00a0Auricularia auricula, ki jo me\u0161anica vsebuje, ne priporo\u010damo u\u017eivanje med nose\u010dnostjo in dojenjem.<\/span><\/p>\n<h2><span style=\"color: #000000\">Zakaj ravno gobe?<\/span><\/h2>\n<p><span style=\"color: #000000\">Gobe so zelo zanimive. Niso ne rastline ne \u017eivali, kar pa so, so zagotovo neverjetni organizmi, ki so uspeli pre\u017eiveti pravzaprav skoraj od za\u010detka sveta. Razvile so posebno strategijo pre\u017eivetja, ki jih ohranja vse do danes. Njihove posebnosti lahko izkoristimo tudi ljudje, ko jih vklju\u010dimo v svojo prehrano. Prina\u0161ajo nam uravnote\u017eenost na telesni ravni, prispevajo k splo\u0161nemu dobremu po\u010dutju in nas \u0161\u010ditijo pred \u0161tevilnimi te\u017eavami.<\/span><\/p>\n<p><span style=\"color: #000000\">Ker so dolo\u010dene naravne u\u010dinkovine za nas neprebavljive ali te\u017eko prebavljive, je zelo pomembno, da u\u017eivamo samo najbolj\u0161e gobe v prahu. Gobe morajo biti pravilno vzrejene, posu\u0161ene in pripravljene. Zmlete morajo biti v fin prah brez ko\u0161\u010dkov. Barva prahu je svetlej\u0161a, sicer pa je odvisna tudi od vrste gobe, ki jo jemljemo. Ker so gobe tako u\u010dinkovite ravno zato, ker imajo sposobnost absorpcije vsega &#8211; dobrega in slabega iz okolja, je pomembno, da posegamo po ekolo\u0161ko pridelanih.<\/span><\/p>\n<h2><span style=\"color: #000000\">Pakiranje<\/span><\/h2>\n<p><span style=\"color: #000000\">Nepredu\u0161na vre\u010dka z zadrgo, kjer izdelek ohrani vso sve\u017eino in aromo. Embala\u017ea \u0161\u010diti pred svetlobo in zrakom, saj je sestavljena iz ve\u010d slojev za\u0161\u010dite, ki ohranjajo lastnosti vsebine.<\/span><\/p>\n<p><span style=\"color: #000000\">Embala\u017ea je zelo prakti\u010dna in omogo\u010da recikliranje.<\/span><\/p>\n<h2><span style=\"color: #000000\">Shranjevanje in opozorila<\/span><\/h2>\n<p><span style=\"color: #000000\">Shranjujte v suhem in hladnem prostoru. Prehransko dopolnilo naj bo nedosegljivo otrokom!<\/span><\/p>\n<p><span style=\"color: #000000\">Ne pozabite na pomembnost raznolike prehrane in zdravega na\u010dina \u017eivljenja, prehransko dopolnilo zato ni nadomestilo za uravnote\u017eeno in raznovrstno prehrano. Priporo\u010dene dnevne koli\u010dine oziroma odmerka se ne sme prekora\u010diti.\u00a0<\/span><\/p>\n<h2><span style=\"color: #000000\">Dobro je vedeti<\/span><\/h2>\n<p><span style=\"color: #000000\">Izdelek je primeren tudi za \u017eivali. V ve\u010dini primerov se medicinske gobe izka\u017eejo kot izredno u\u010dinkovite pri krepitvi imunskega sistema, odpravljanju alergij in ko\u017enih obolenj ter virusnih in bakterijskih oku\u017eb. Cardio mix me\u0161anica vpliva tudi na pravilno delovanje sr\u010dnega sistema. O smiselnosti jemanja in priporo\u010deni dnevni koli\u010dini se pred uporabo posvetujte z veterinarjem.<\/span><\/p>\n<h2><span style=\"color: #000000\">Poreklo<\/span><\/h2>\n<p><span style=\"color: #000000\">Slovenija<\/span><\/p>\n","protected":false},"excerpt":{"rendered":"<p align=\"JUSTIFY\">Prehransko dopolnilo. Me\u0161anica medicinskih gob <i>Cardio\u00a0mix<\/i> se uporablja kot podpora za idealno delovanje <b>osrednjega sistema<\/b>.<\/p>\n<p>&nbsp;<\/p>\n","protected":false},"featured_media":4162,"comment_status":"open","ping_status":"closed","template":"","meta":{"_acf_changed":false},"product_brand":[],"product_cat":[15,198,216],"product_tag":[],"class_list":{"0":"post-4325","1":"product","2":"type-product","3":"status-publish","4":"has-post-thumbnail","6":"product_cat-uncategorized","7":"product_cat-medicinske-gobe","8":"product_cat-vsi-izdelki","10":"first","11":"instock","12":"sale","13":"taxable","14":"shipping-taxable","15":"purchasable","16":"product-type-simple"},"acf":[],"_links":{"self":[{"href":"https:\/\/fengchashop.com\/si\/wp-json\/wp\/v2\/product\/4325","targetHints":{"allow":["GET"]}}],"collection":[{"href":"https:\/\/fengchashop.com\/si\/wp-json\/wp\/v2\/product"}],"about":[{"href":"https:\/\/fengchashop.com\/si\/wp-json\/wp\/v2\/types\/product"}],"replies":[{"embeddable":true,"href":"https:\/\/fengchashop.com\/si\/wp-json\/wp\/v2\/comments?post=4325"}],"wp:featuredmedia":[{"embeddable":true,"href":"https:\/\/fengchashop.com\/si\/wp-json\/wp\/v2\/media\/4162"}],"wp:attachment":[{"href":"https:\/\/fengchashop.com\/si\/wp-json\/wp\/v2\/media?parent=4325"}],"wp:term":[{"taxonomy":"product_brand","embeddable":true,"href":"https:\/\/fengchashop.com\/si\/wp-json\/wp\/v2\/product_brand?post=4325"},{"taxonomy":"product_cat","embeddable":true,"href":"https:\/\/fengchashop.com\/si\/wp-json\/wp\/v2\/product_cat?post=4325"},{"taxonomy":"product_tag","embeddable":true,"href":"https:\/\/fengchashop.com\/si\/wp-json\/wp\/v2\/product_tag?post=4325"}],"curies":[{"name":"wp","href":"https:\/\/api.w.org\/{rel}","templated":true}]}}