{"id":4323,"date":"2022-02-11T19:13:33","date_gmt":"2022-02-11T18:13:33","guid":{"rendered":"https:\/\/test-fengcha.dweb.si\/product\/trametes-coriolus-versicolor-bio-125-g\/"},"modified":"2026-04-29T23:20:52","modified_gmt":"2026-04-29T21:20:52","slug":"trametes-coriolus-versicolor-bio-eu-poreklo","status":"publish","type":"product","link":"https:\/\/fengchashop.com\/si\/izdelek\/trametes-coriolus-versicolor-bio-eu-poreklo\/","title":{"rendered":"Coriolus BIO EU poreklo 125 g"},"content":{"rendered":"<h2><span style=\"color: #000000\">Coriolus bio<\/span><\/h2>\n<p style=\"text-align: justify\"><strong>Pisana ploskocevka<\/strong>\u00a0je priznana zdravilna goba namenjena zunanji uporabi, ki se v tradicionalni kitajski medicini uporablja \u017ee stoletja. Poleg ganoderme, cordycepsa in nekaterih drugih gliv, spada pri nas med\u00a0<strong>najbolj poznane medicinske gobe<\/strong>. Njene farmakolo\u0161ke aktivne u\u010dinkovine so\u00a0<strong>predmet \u0161tevilnih klini\u010dnih raziskav<\/strong>. Po vsem svetu raz\u0161irjena in pogosta lesna gobe, ki zraste na trohne\u010dem lesu.<\/p>\n<p style=\"text-align: justify\">Pridelava na\u0161e zdravilne gobe\u00a0Coriolus je strogo nadzorovana, brez uporabe kemikalij ali pesticidov in\u00a0<strong>100 % ekolo\u0161ka<\/strong>. Kakovost gob pa je redno nadzorovana s strani neodvisnih laboratorijev v Sloveniji in ZDA.<\/p>\n<p style=\"text-align: justify\">Coriolus je sestavljena iz raznovrstnih polisaharidov, vitaminov, mineralnih soli in antioksidantov. Vsebuje tudi veliko razli\u010dnih fenolnih in flavonoidnih antioksidantov, za katere velja, da imajo veliko koristi. Dva pomembna\u00a0<strong>polisaharidno proteinska kompleksa<\/strong>\u00a0\u2013\u00a0<strong>PKS<\/strong>\u00a0(krestin ali polisaharid K) in\u00a0<strong>PSP\u00a0<\/strong>(polisaharidni peptid), ki jo sestavljata, sta \u0161e vedno predmet \u0161tevilnih raziskav.<\/p>\n<h2><span style=\"color: #000000\">Uporaba<\/span><\/h2>\n<p>V skladu z Uredbo EU o novih \u017eivilih, Coriolusa trenutno ni mogo\u010de prodajati kot prehransko dopolnilo ali hrano. Zato je izdelek primeren zgolj za zunanjo uporabo!<\/p>\n<p>&nbsp;<\/p>\n<h2><span style=\"color: #000000\">Pakiranje<\/span><\/h2>\n<p><span style=\"color: #000000\">Nepredu\u0161na vre\u010dka z zadrgo, kjer izdelek ohrani vso sve\u017eino in aromo. Embala\u017ea \u0161\u010diti pred svetlobo in zrakom, saj je sestavljena iz ve\u010d slojev za\u0161\u010dite, ki ohranjajo lastnosti vsebine.<\/span><\/p>\n<p><span style=\"color: #000000\">Embala\u017ea je zelo prakti\u010dna in omogo\u010da recikliranje.<\/span><\/p>\n<h2><span style=\"color: #000000\">Poreklo<\/span><\/h2>\n<p><span style=\"color: #000000\">EU<\/span><\/p>\n","protected":false},"excerpt":{"rendered":"<p align=\"JUSTIFY\">Coriolus ali <strong>pisana ploskocevka<\/strong> je priznana zdravilna goba, ki se v tradicionalni kitajski medicini uporablja \u017ee stoletja. Poleg ganoderme, cordycepsa in nekaterih drugih gliv, spada pri nas med <strong>najbolj poznane medicinske gobe<\/strong>.<\/p>\n<p>\ud83d\udc9a Premium kvaliteta.<br \/>\n\ud83d\udc9a Izjemno u\u010dinkovito.<br \/>\n\ud83d\udc9a Naravni izdelek.<br \/>\n\ud83d\udc9a Odli\u010dna cena.<\/p>\n","protected":false},"featured_media":4306,"comment_status":"open","ping_status":"closed","template":"","meta":{"_acf_changed":false},"product_brand":[],"product_cat":[15,218,216],"product_tag":[],"class_list":{"0":"post-4323","1":"product","2":"type-product","3":"status-publish","4":"has-post-thumbnail","6":"product_cat-uncategorized","7":"product_cat-najbolj-prodajano","8":"product_cat-vsi-izdelki","10":"first","11":"instock","12":"taxable","13":"shipping-taxable","14":"purchasable","15":"product-type-simple"},"acf":[],"_links":{"self":[{"href":"https:\/\/fengchashop.com\/si\/wp-json\/wp\/v2\/product\/4323","targetHints":{"allow":["GET"]}}],"collection":[{"href":"https:\/\/fengchashop.com\/si\/wp-json\/wp\/v2\/product"}],"about":[{"href":"https:\/\/fengchashop.com\/si\/wp-json\/wp\/v2\/types\/product"}],"replies":[{"embeddable":true,"href":"https:\/\/fengchashop.com\/si\/wp-json\/wp\/v2\/comments?post=4323"}],"wp:featuredmedia":[{"embeddable":true,"href":"https:\/\/fengchashop.com\/si\/wp-json\/wp\/v2\/media\/4306"}],"wp:attachment":[{"href":"https:\/\/fengchashop.com\/si\/wp-json\/wp\/v2\/media?parent=4323"}],"wp:term":[{"taxonomy":"product_brand","embeddable":true,"href":"https:\/\/fengchashop.com\/si\/wp-json\/wp\/v2\/product_brand?post=4323"},{"taxonomy":"product_cat","embeddable":true,"href":"https:\/\/fengchashop.com\/si\/wp-json\/wp\/v2\/product_cat?post=4323"},{"taxonomy":"product_tag","embeddable":true,"href":"https:\/\/fengchashop.com\/si\/wp-json\/wp\/v2\/product_tag?post=4323"}],"curies":[{"name":"wp","href":"https:\/\/api.w.org\/{rel}","templated":true}]}}