{"id":4322,"date":"2022-02-11T19:06:19","date_gmt":"2022-02-11T18:06:19","guid":{"rendered":"https:\/\/test-fengcha.dweb.si\/product\/maitake-bio-125-g\/"},"modified":"2026-05-11T10:31:51","modified_gmt":"2026-05-11T08:31:51","slug":"maitake-bio","status":"publish","type":"product","link":"https:\/\/fengchashop.com\/si\/izdelek\/maitake-bio\/","title":{"rendered":"Maitake BIO 125 g"},"content":{"rendered":"<h2><span style=\"color: #000000\">Maitake (Grifola frondosa) BIO<\/span><\/h2>\n<p><span style=\"color: #000000\">Grifola frondosa ali<strong> velika zra\u0161\u010denka<\/strong> je zelo velika u\u017eitna goba, ki jo na Japonskem uporabljajo predvsem v kulinariki. Ima prijetno teksturo in okus. Kot prehransko dopolnilo pa se uporablja tudi v tradicionalni kitajski kulturi. Matiake uporabljamo <strong>za vsesplo\u0161no izbolj\u0161anje in vitalnost.<\/strong><\/span><\/p>\n<p><span style=\"color: #000000\">Pridelava na\u0161e zdravilne gobe\u00a0Maitake je strogo nadzorovana, brez uporabe kemikalij ali pesticidov in<strong> 100 % ekolo\u0161ka<\/strong>. Kakovost gob pa je redno nadzorovana s strani neodvisnih laboratorijev v Sloveniji in ZDA.<\/span><\/p>\n<h2><span style=\"color: #000000\">Kaj vsebuje in komu je namenjena?<\/span><\/h2>\n<p><span style=\"color: #000000\">Maitake je bogata z minerali (kalijem, kalcijem, magnezijem&#8230;), vitamini (B2, D2, niacin), vlakninami, beljakovinami, aminokislinami, polisaharidi (npr. protein \u03b2-glukan) in drugimi antioksidanti (npr. prebiotik trehaloza).\u00a0<\/span><\/p>\n<p><span style=\"color: #000000\">Vsi elementi v gobi so prisotni v velikih koli\u010dinah in imajo zelo pozitiven u\u010dinek.<\/span><\/p>\n<p><span style=\"color: #000000\">V obliki prahu vsebuje veliko hranilnih snovi, njeni pozitivni u\u010dinki so bili\u00a0dokazani tudi znanstveno. \u0160tudije iz razli\u010dnih dr\u017eavah po svetu so ugotovile \u0161tevilne koristne u\u010dinke, ki so povezani z rednim u\u017eivanjem gob Maitake.<\/span><\/p>\n<p><span style=\"color: #000000\">In kar je pri tem izredno pomembno, je, da je Maitake 100 % naraven izdelek. Ker so gobe tako u\u010dinkovite ravno zato, ker imajo sposobnost absorpcije vsega &#8211; dobrega in slabega iz okolja, je pomembno, da posegamo po ekolo\u0161ko pridelanih.<\/span><\/p>\n<h2><span style=\"color: #000000\">Zakaj ravno gobe?<\/span><\/h2>\n<p><span style=\"color: #000000\">Gobe so zelo zanimive. Niso ne rastline ne \u017eivali, kar pa so, so zagotovo neverjetni organizmi, ki so uspeli pre\u017eiveti pravzaprav skoraj od za\u010detka sveta. Razvile so posebno strategijo pre\u017eivetja, ki jih ohranja vse do danes. Njihove posebnosti lahko izkoristimo tudi ljudje, ko jih vklju\u010dimo v svojo prehrano. Prina\u0161ajo nam uravnote\u017eenost na telesni ravni, prispevajo k splo\u0161nemu dobremu po\u010dutju in nas \u0161\u010ditijo pred \u0161tevilnimi te\u017eavami.<\/span><\/p>\n<p><span style=\"color: #000000\">Ker so dolo\u010dene naravne u\u010dinkovine za nas neprebavljive ali te\u017eko prebavljive, je zelo pomembno, da u\u017eivamo samo najbolj\u0161e gobe v prahu. Gobe morajo biti pravilno vzrejene, posu\u0161ene in pripravljene. Zmlete morajo biti v fin prah brez ko\u0161\u010dkov. Barva prahu je svetlej\u0161a, sicer pa je odvisna tudi od vrste gobe, ki jo jemljemo. Ker so gobe tako u\u010dinkovite ravno zato, ker imajo sposobnost absorpcije vsega &#8211; dobrega in slabega iz okolja, je pomembno, da posegamo po ekolo\u0161ko pridelanih.<\/span><\/p>\n<h2><span style=\"color: #000000\">Pakiranje<\/span><\/h2>\n<p><span style=\"color: #000000\">Nepredu\u0161na vre\u010dka z zadrgo, kjer izdelek ohrani vso sve\u017eino in aromo. Embala\u017ea \u0161\u010diti pred svetlobo in zrakom, saj je sestavljena iz ve\u010d slojev za\u0161\u010dite, ki ohranjajo lastnosti vsebine.<\/span><\/p>\n<p><span style=\"color: #000000\">Embala\u017ea je zelo prakti\u010dna in omogo\u010da recikliranje.<\/span><\/p>\n<h2><span style=\"color: #000000\">Shranjevanje in opozorila<\/span><\/h2>\n<p><span style=\"color: #000000\">Shranjujte v suhem in hladnem prostoru. Prehransko dopolnilo naj bo nedosegljivo otrokom!<\/span><\/p>\n<p><span style=\"color: #000000\">Ne pozabite na pomembnost raznolike prehrane in zdravega na\u010dina \u017eivljenja, prehransko dopolnilo zato ni nadomestilo za uravnote\u017eeno in raznovrstno prehrano. Priporo\u010dene dnevne koli\u010dine oziroma odmerka se ne sme prekora\u010diti. Nose\u010dnicam in doje\u010dim materam pred uporabo vedno svetujemo posvet z zdravnikom.<\/span><\/p>\n<h2><span style=\"color: #000000\">Dobro je vedeti<\/span><\/h2>\n<p><span style=\"color: #000000\">Izdelek je primeren tudi za \u017eivali. V ve\u010dini primerov se medicinske gobe izka\u017eejo kot izredno u\u010dinkovite pri krepitvi imunskega sistema, odpravljanju alergij in obolenj ko\u017ee ter virusnih in bakterijskih oku\u017eb. O smiselnosti jemanja in priporo\u010deni dnevni koli\u010dini se pred uporabo posvetujte z veterinarjem.<\/span><\/p>\n<h2><span style=\"color: #000000\">Poreklo<\/span><\/h2>\n<p><span style=\"color: #000000\">Slovenija<\/span><\/p>\n","protected":false},"excerpt":{"rendered":"<p align=\"JUSTIFY\">Prehransko dopolnilo. Grifola frondosa ali <strong>velika zra\u0161\u010denka<\/strong> je zelo velika u\u017eitna goba. Kot prehransko dopolnilo pa se uporablja tudi v tradicionalni kitajski kulturi. Matiake uporabljamo <strong>za vsesplo\u0161no izbolj\u0161anje in\u00a0 vitalnost<\/strong>.<\/p>\n<p>&nbsp;<\/p>\n","protected":false},"featured_media":4112,"comment_status":"open","ping_status":"closed","template":"","meta":{"_acf_changed":false},"product_brand":[],"product_cat":[15,198,216],"product_tag":[],"class_list":{"0":"post-4322","1":"product","2":"type-product","3":"status-publish","4":"has-post-thumbnail","6":"product_cat-uncategorized","7":"product_cat-medicinske-gobe","8":"product_cat-vsi-izdelki","10":"first","11":"instock","12":"taxable","13":"shipping-taxable","14":"purchasable","15":"product-type-simple"},"acf":[],"_links":{"self":[{"href":"https:\/\/fengchashop.com\/si\/wp-json\/wp\/v2\/product\/4322","targetHints":{"allow":["GET"]}}],"collection":[{"href":"https:\/\/fengchashop.com\/si\/wp-json\/wp\/v2\/product"}],"about":[{"href":"https:\/\/fengchashop.com\/si\/wp-json\/wp\/v2\/types\/product"}],"replies":[{"embeddable":true,"href":"https:\/\/fengchashop.com\/si\/wp-json\/wp\/v2\/comments?post=4322"}],"wp:featuredmedia":[{"embeddable":true,"href":"https:\/\/fengchashop.com\/si\/wp-json\/wp\/v2\/media\/4112"}],"wp:attachment":[{"href":"https:\/\/fengchashop.com\/si\/wp-json\/wp\/v2\/media?parent=4322"}],"wp:term":[{"taxonomy":"product_brand","embeddable":true,"href":"https:\/\/fengchashop.com\/si\/wp-json\/wp\/v2\/product_brand?post=4322"},{"taxonomy":"product_cat","embeddable":true,"href":"https:\/\/fengchashop.com\/si\/wp-json\/wp\/v2\/product_cat?post=4322"},{"taxonomy":"product_tag","embeddable":true,"href":"https:\/\/fengchashop.com\/si\/wp-json\/wp\/v2\/product_tag?post=4322"}],"curies":[{"name":"wp","href":"https:\/\/api.w.org\/{rel}","templated":true}]}}