{"id":4321,"date":"2022-02-11T18:53:32","date_gmt":"2022-02-11T17:53:32","guid":{"rendered":"https:\/\/test-fengcha.dweb.si\/product\/chaga-bio-125-g\/"},"modified":"2026-04-19T10:46:26","modified_gmt":"2026-04-19T08:46:26","slug":"chaga-eu-bio-125-g","status":"publish","type":"product","link":"https:\/\/fengchashop.com\/si\/izdelek\/chaga-eu-bio-125-g\/","title":{"rendered":"Chaga EU BIO 125 g"},"content":{"rendered":"<div class=\"wpb-content-wrapper\"><p>[vc_row][vc_column][vc_column_text css=&#8221;&#8221;]<\/p>\n<h2><span style=\"color: #000000\">Chaga &#8211; \u010caga (Inonotus obliquus) BIO v prahu<\/span><\/h2>\n<p style=\"text-align: justify\"><span style=\"color: #000000\">Chaga ali Inonotus obliquus je prehransko dopolnilo.\u00a0Po slovensko ji re\u010demo tudi brezin luknja\u010d, saj spominja na olupljeno brezovo lubje. Izvira iz Sibirije, kjer uspeva na tudi -40 \u00b0C.\u00a0\u010caga je parazitska goba, ki raste na \u017eivem drevesu (ve\u010dinoma brezi) in se hrani z njegovimi sokovi. \u010caga je adaptogena goba. Ruski in Japonski znanstveniki celo nanjo prisegajo bolj kot na poznano Ganodermo lucidum (rei\u0161i).<\/span><\/p>\n<p style=\"text-align: justify\"><span style=\"color: #000000\">Pridelava na\u0161e \u010dage je strogo nadzorovana, brez uporabe kemikalij ali pesticidov in 100 % ekolo\u0161ka. Kakovost gob pa je redno nadzorovana s strani neodvisnih laboratorijev v Sloveniji in ZDA.<\/span><\/p>\n<h2><span style=\"color: #000000\">Zakaj ravno gobe?<\/span><\/h2>\n<p><span style=\"color: #000000\">Gobe so zelo zanimive. Niso ne rastline ne \u017eivali, kar pa so, so zagotovo neverjetni organizmi, ki so uspeli pre\u017eiveti pravzaprav skoraj od za\u010detka sveta. Razvile so posebno strategijo pre\u017eivetja, ki jih ohranja vse do danes. Njihove posebnosti lahko izkoristimo tudi ljudje, ko jih vklju\u010dimo v svojo prehrano. Prina\u0161ajo nam uravnote\u017eenost na telesni ravni, prispevajo k splo\u0161nemu dobremu po\u010dutju in nas \u0161\u010ditijo pred \u0161tevilnimi te\u017eavami.<\/span><\/p>\n<p><span style=\"color: #000000\">Ker so dolo\u010dene naravne u\u010dinkovine za nas neprebavljive ali te\u017eko prebavljive, je zelo pomembno, da u\u017eivamo samo najbolj\u0161e gobe v prahu. Gobe morajo biti pravilno vzrejene, posu\u0161ene in pripravljene. Zmlete morajo biti v fin prah brez ko\u0161\u010dkov. Barva prahu je svetlej\u0161a, sicer pa je odvisna tudi od vrste gobe, ki jo jemljemo. Ker so gobe tako u\u010dinkovite ravno zato, ker imajo sposobnost absorpcije vsega &#8211; dobrega in slabega iz okolja, je pomembno, da posegamo po ekolo\u0161ko pridelanih.<\/span><\/p>\n<h2><span style=\"color: #000000\">Pakiranje<\/span><\/h2>\n<p><span style=\"color: #000000\">Nepredu\u0161na vre\u010dka z zadrgo, kjer izdelek ohrani vso sve\u017eino in aromo. Embala\u017ea \u0161\u010diti pred svetlobo in zrakom, saj je sestavljena iz ve\u010d slojev za\u0161\u010dite, ki ohranjajo lastnosti vsebine.<\/span><\/p>\n<p><span style=\"color: #000000\">Embala\u017ea je zelo prakti\u010dna in omogo\u010da recikliranje.<\/span><\/p>\n<h2><span style=\"color: #000000\">Shranjevanje in opozorila<\/span><\/h2>\n<p><span style=\"color: #000000\">Shranjujte v suhem in hladnem prostoru. Prehransko dopolnilo naj bo nedosegljivo otrokom!<\/span><\/p>\n<p><span style=\"color: #000000\">Ne pozabite na pomembnost raznolike prehrane in zdravega na\u010dina \u017eivljenja, prehransko dopolnilo zato ni nadomestilo za uravnote\u017eeno in raznovrstno prehrano. Priporo\u010dene dnevne koli\u010dine oziroma odmerka se ne sme prekora\u010diti. Nose\u010dnicam in doje\u010dim materam pred uporabo vedno svetujemo posvet z zdravnikom.<\/span><\/p>\n<h2><span style=\"color: #000000\">Ostale uporabe<\/span><\/h2>\n<p style=\"text-align: justify\"><span style=\"color: #000000\">Izdelek je primeren tudi za \u017eivali.<\/span><\/p>\n<h2><span style=\"color: #000000\">Poreklo<\/span><\/h2>\n<p><span style=\"color: #000000\">EU<\/span>[\/vc_column_text][\/vc_column][\/vc_row]<\/p>\n<\/div>","protected":false},"excerpt":{"rendered":"<p align=\"JUSTIFY\">Prehransko dopolnilo. Chaga ali Inonotus obliquus izvira iz Sibirije, kjer uspeva na tudi -40 \u00b0C.<\/p>\n<p>\ud83d\udc9a Je <span style=\"color: #000000\">adaptogena goba.<\/span><br \/>\n\ud83d\udc9a 100 % ekolo\u0161ka.<\/p>\n","protected":false},"featured_media":4165,"comment_status":"open","ping_status":"closed","template":"","meta":{"_acf_changed":false},"product_brand":[],"product_cat":[15,198,216],"product_tag":[],"class_list":{"0":"post-4321","1":"product","2":"type-product","3":"status-publish","4":"has-post-thumbnail","6":"product_cat-uncategorized","7":"product_cat-medicinske-gobe","8":"product_cat-vsi-izdelki","10":"first","11":"outofstock","12":"taxable","13":"shipping-taxable","14":"purchasable","15":"product-type-simple"},"acf":[],"_links":{"self":[{"href":"https:\/\/fengchashop.com\/si\/wp-json\/wp\/v2\/product\/4321","targetHints":{"allow":["GET"]}}],"collection":[{"href":"https:\/\/fengchashop.com\/si\/wp-json\/wp\/v2\/product"}],"about":[{"href":"https:\/\/fengchashop.com\/si\/wp-json\/wp\/v2\/types\/product"}],"replies":[{"embeddable":true,"href":"https:\/\/fengchashop.com\/si\/wp-json\/wp\/v2\/comments?post=4321"}],"wp:featuredmedia":[{"embeddable":true,"href":"https:\/\/fengchashop.com\/si\/wp-json\/wp\/v2\/media\/4165"}],"wp:attachment":[{"href":"https:\/\/fengchashop.com\/si\/wp-json\/wp\/v2\/media?parent=4321"}],"wp:term":[{"taxonomy":"product_brand","embeddable":true,"href":"https:\/\/fengchashop.com\/si\/wp-json\/wp\/v2\/product_brand?post=4321"},{"taxonomy":"product_cat","embeddable":true,"href":"https:\/\/fengchashop.com\/si\/wp-json\/wp\/v2\/product_cat?post=4321"},{"taxonomy":"product_tag","embeddable":true,"href":"https:\/\/fengchashop.com\/si\/wp-json\/wp\/v2\/product_tag?post=4321"}],"curies":[{"name":"wp","href":"https:\/\/api.w.org\/{rel}","templated":true}]}}