{"id":4320,"date":"2022-02-11T18:42:21","date_gmt":"2022-02-11T17:42:21","guid":{"rendered":"https:\/\/test-fengcha.dweb.si\/product\/hericium-erinaceus-bio-125-g\/"},"modified":"2026-05-12T07:09:13","modified_gmt":"2026-05-12T05:09:13","slug":"hericium-erinaceus-bio-eu-poreklo","status":"publish","type":"product","link":"https:\/\/fengchashop.com\/si\/izdelek\/hericium-erinaceus-bio-eu-poreklo\/","title":{"rendered":"Hericium erinaceus BIO EU 125 g"},"content":{"rendered":"<h2><span style=\"color: #000000\">Hericium erinaceus (resasti bradovec)<\/span><\/h2>\n<p>Hericium erinaceus ali <strong>resasti bradovec<\/strong> je izredno okusna in cenjena jedilna ter medicinska goba. Raste na lesu podrtih dreves predvsem na severni zemeljski polobli (Evropa, vzhodna Azija, severna Amerika). Je posebne oblike in teksture, ki spominja na brado, tudi levovo grivo. V tradicionalni kulturi jo zaradi njenega delovanja izredno cenijo in imenujejo \u201c<strong>Naravna hrana za nevrone<\/strong>\u201d.<\/p>\n<p>Resasti bradovec ima v tradicionalni kitajski medicinikulturi <strong>dolgoletno tradicijo<\/strong> in je izredno <strong>cenjena goba.<\/strong><\/p>\n<p>V obliki prahu vsebuje Hericium erinaceus veliko hranilnih snovi. V tej obliki pa jih lahko na\u0161e telo izkoristi. Njeni pozitivni u\u010dinki so bili<strong> dokazani tudi znanstveno.\u00a0<\/strong><\/p>\n<p>Pridelava na\u0161ega Hericuma erinaceus je strogo nadzorovana, brez uporabe kemikalij ali pesticidov in 100 % ekolo\u0161ka. Kakovost gob pa je redno nadzorovana s strani neodvisnih laboratorijev v Sloveniji in ZDA.<\/p>\n<p>&nbsp;<\/p>\n<h2><span style=\"color: #000000\">Kaj vsebuje in komu je namenjena?<\/span><\/h2>\n<p><span style=\"color: #000000\">Med aktivne komponente gobe Hericum erinaceus \u0161tejemo za gobe tipi\u010dne<strong> betaglukane<\/strong>. Tako imenovani HEP3 sodi med farmakolo\u0161ko bolj zanimive 1-3D-beta glukane. V gobi najdemo tudi <strong>polisaharide in polipeptide,<\/strong> pa najdemo tudi<strong> fitosterine<\/strong>, kot sta beta sitosterol in ergosterin, <strong>esencialne mineralne snovi in elemente v sledovih<\/strong> (Zn, Fe, Se, Ge itd.), <strong>niacin, biotin in vitamin D.<\/strong><\/span><\/p>\n<p><span style=\"color: #000000\">Zaradi kvalitetne aminokislinske sestave ima resasti bradovec v primerjavi z drugimi jedilnimi gobami (\u0161ampinjoni, ostrigarji in \u0161itake)<strong> najvi\u0161jo biolo\u0161ko vrednost<\/strong> in je zato pri vegetarijanskem na\u010dinu prehranjevanja<strong> kakovosten nadomestek mesu.<\/strong><\/span><\/p>\n<p><span style=\"color: #000000\">Vsi elementi v gobi so prisotni v velikih koli\u010dinah in imajo zelo pozitiven u\u010dinek na na\u0161e telo.\u00a0<\/span><\/p>\n<p><span style=\"color: #000000\">In kar je pri tem izredno pomembno, je, da je Hericium erinaceus <strong>100 % naraven izdelek<\/strong>.<\/span><\/p>\n<h2><span style=\"color: #000000\">Zakaj ravno gobe?<\/span><\/h2>\n<p><span style=\"color: #000000\">Gobe so zelo zanimive. Niso ne rastline ne \u017eivali, kar pa so, so zagotovo neverjetni organizmi, ki so uspeli pre\u017eiveti pravzaprav skoraj od za\u010detka sveta. Razvile so posebno strategijo pre\u017eivetja, ki jih ohranja vse do danes. Njihove posebnosti lahko izkoristimo tudi ljudje, ko jih vklju\u010dimo v svojo prehrano. Prina\u0161ajo nam uravnote\u017eenost na telesni ravni, prispevajo k splo\u0161nemu dobremu po\u010dutju in nas \u0161\u010ditijo pred \u0161tevilnimi te\u017eavami.<\/span><\/p>\n<p><span style=\"color: #000000\">Ker so dolo\u010dene naravne u\u010dinkovine za nas neprebavljive ali te\u017eko prebavljive, je zelo pomembno, da u\u017eivamo samo najbolj\u0161e gobe v prahu. Gobe morajo biti pravilno vzrejene, posu\u0161ene in pripravljene. Zmlete morajo biti v fin prah brez ko\u0161\u010dkov. Barva prahu je svetlej\u0161a, sicer pa je odvisna tudi od vrste gobe, ki jo jemljemo. Ker so gobe tako u\u010dinkovite ravno zato, ker imajo sposobnost absorpcije vsega &#8211; dobrega in slabega iz okolja, je pomembno, da posegamo po ekolo\u0161ko pridelanih.<\/span><\/p>\n<h2><span style=\"color: #000000\">Pakiranje<\/span><\/h2>\n<p><span style=\"color: #000000\">Nepredu\u0161na vre\u010dka z zadrgo, kjer izdelek ohrani vso sve\u017eino in aromo. Embala\u017ea \u0161\u010diti pred svetlobo in zrakom, saj je sestavljena iz ve\u010d slojev za\u0161\u010dite, ki ohranjajo lastnosti vsebine.<\/span><\/p>\n<p><span style=\"color: #000000\">Embala\u017ea je zelo prakti\u010dna in omogo\u010da recikliranje.<\/span><\/p>\n<h2><span style=\"color: #000000\">Shranjevanje in opozorila<\/span><\/h2>\n<p><span style=\"color: #000000\">Shranjujte v suhem in hladnem prostoru. Prehransko dopolnilo naj bo nedosegljivo otrokom!<\/span><\/p>\n<p><span style=\"color: #000000\">Ne pozabite na pomembnost raznolike prehrane in zdravega na\u010dina \u017eivljenja, prehransko dopolnilo zato ni nadomestilo za uravnote\u017eeno in raznovrstno prehrano. Priporo\u010dene dnevne koli\u010dine oziroma odmerka se ne sme prekora\u010diti. Nose\u010dnicam in doje\u010dim materam pred uporabo vedno svetujemo posvet z zdravnikom.<\/span><\/p>\n<h2><span style=\"color: #000000\">Dobro je vedeti<\/span><\/h2>\n<p><span style=\"color: #000000\">Izdelek je primeren tudi za \u017eivali. V ve\u010dini primerov se medicinske gobe izka\u017eejo kot izredno u\u010dinkovite pri krepitvi imunskega sistema, odpravljanju alergij in obolenj ko\u017ee ter virusnih in bakterijskih oku\u017eb. O smiselnosti jemanja in priporo\u010deni dnevni koli\u010dini se pred uporabo posvetujte z veterinarjem.<\/span><\/p>\n<h2><span style=\"color: #000000\">Poreklo<\/span><\/h2>\n<p><span style=\"color: #000000\">Slovenija &#8211; EU<\/span><\/p>\n","protected":false},"excerpt":{"rendered":"<p align=\"JUSTIFY\">Prehransko dopolnilo. <strong>Hericium erinaceus<\/strong> ali <strong>resasti bradovec<\/strong> je izredno okusna in cenjena jedilna ter medicinska goba. V tradicionalni kulturi jo zaradi njenega delovanja izredno cenijo in imenujejo <strong>\u201cNaravna hrana za nevrone\u201d<\/strong>.<\/p>\n<p>&nbsp;<\/p>\n","protected":false},"featured_media":4179,"comment_status":"open","ping_status":"closed","template":"","meta":{"_acf_changed":false},"product_brand":[],"product_cat":[15,198,218,216],"product_tag":[],"class_list":{"0":"post-4320","1":"product","2":"type-product","3":"status-publish","4":"has-post-thumbnail","6":"product_cat-uncategorized","7":"product_cat-medicinske-gobe","8":"product_cat-najbolj-prodajano","9":"product_cat-vsi-izdelki","11":"first","12":"instock","13":"sale","14":"taxable","15":"shipping-taxable","16":"purchasable","17":"product-type-simple"},"acf":[],"_links":{"self":[{"href":"https:\/\/fengchashop.com\/si\/wp-json\/wp\/v2\/product\/4320","targetHints":{"allow":["GET"]}}],"collection":[{"href":"https:\/\/fengchashop.com\/si\/wp-json\/wp\/v2\/product"}],"about":[{"href":"https:\/\/fengchashop.com\/si\/wp-json\/wp\/v2\/types\/product"}],"replies":[{"embeddable":true,"href":"https:\/\/fengchashop.com\/si\/wp-json\/wp\/v2\/comments?post=4320"}],"wp:featuredmedia":[{"embeddable":true,"href":"https:\/\/fengchashop.com\/si\/wp-json\/wp\/v2\/media\/4179"}],"wp:attachment":[{"href":"https:\/\/fengchashop.com\/si\/wp-json\/wp\/v2\/media?parent=4320"}],"wp:term":[{"taxonomy":"product_brand","embeddable":true,"href":"https:\/\/fengchashop.com\/si\/wp-json\/wp\/v2\/product_brand?post=4320"},{"taxonomy":"product_cat","embeddable":true,"href":"https:\/\/fengchashop.com\/si\/wp-json\/wp\/v2\/product_cat?post=4320"},{"taxonomy":"product_tag","embeddable":true,"href":"https:\/\/fengchashop.com\/si\/wp-json\/wp\/v2\/product_tag?post=4320"}],"curies":[{"name":"wp","href":"https:\/\/api.w.org\/{rel}","templated":true}]}}