{"id":5694,"date":"2025-04-22T21:18:42","date_gmt":"2025-04-22T19:18:42","guid":{"rendered":"https:\/\/fengchashop.com\/si\/?page_id=5694"},"modified":"2025-05-28T15:29:39","modified_gmt":"2025-05-28T13:29:39","slug":"kje-kupiti-nase-izdelke","status":"publish","type":"page","link":"https:\/\/fengchashop.com\/si\/kje-kupiti-nase-izdelke\/","title":{"rendered":"Kje kupiti na\u0161e izdelke?"},"content":{"rendered":"<div class=\"wpb-content-wrapper\"><p>[vc_row][vc_column][\/vc_column][\/vc_row][vc_row][vc_column][vc_column_text css=&#8221;&#8221;]<img loading=\"lazy\" decoding=\"async\" class=\"wp-image-5698 alignnone\" src=\"https:\/\/fengchashop.com\/si\/wp-content\/uploads\/2025\/04\/Sanolabor_logo-350x115.jpg\" alt=\"\" width=\"298\" height=\"98\" srcset=\"https:\/\/fengchashop.com\/si\/wp-content\/uploads\/2025\/04\/Sanolabor_logo-350x115.jpg 350w, https:\/\/fengchashop.com\/si\/wp-content\/uploads\/2025\/04\/Sanolabor_logo-595x195.jpg 595w, https:\/\/fengchashop.com\/si\/wp-content\/uploads\/2025\/04\/Sanolabor_logo-150x49.jpg 150w, https:\/\/fengchashop.com\/si\/wp-content\/uploads\/2025\/04\/Sanolabor_logo-450x148.jpg 450w, https:\/\/fengchashop.com\/si\/wp-content\/uploads\/2025\/04\/Sanolabor_logo.jpg 671w\" sizes=\"auto, (max-width: 298px) 100vw, 298px\" \/><\/p>\n<p><img loading=\"lazy\" decoding=\"async\" class=\"wp-image-5697 alignleft\" src=\"https:\/\/fengchashop.com\/si\/wp-content\/uploads\/2025\/04\/mercator-logo-1-300x300.jpg\" alt=\"\" width=\"254\" height=\"254\" srcset=\"https:\/\/fengchashop.com\/si\/wp-content\/uploads\/2025\/04\/mercator-logo-1-300x300.jpg 300w, https:\/\/fengchashop.com\/si\/wp-content\/uploads\/2025\/04\/mercator-logo-1-595x595.jpg 595w, https:\/\/fengchashop.com\/si\/wp-content\/uploads\/2025\/04\/mercator-logo-1-150x150.jpg 150w, https:\/\/fengchashop.com\/si\/wp-content\/uploads\/2025\/04\/mercator-logo-1-768x768.jpg 768w, https:\/\/fengchashop.com\/si\/wp-content\/uploads\/2025\/04\/mercator-logo-1-380x380.jpg 380w, https:\/\/fengchashop.com\/si\/wp-content\/uploads\/2025\/04\/mercator-logo-1-450x450.jpg 450w, https:\/\/fengchashop.com\/si\/wp-content\/uploads\/2025\/04\/mercator-logo-1-350x350.jpg 350w, https:\/\/fengchashop.com\/si\/wp-content\/uploads\/2025\/04\/mercator-logo-1-100x100.jpg 100w, https:\/\/fengchashop.com\/si\/wp-content\/uploads\/2025\/04\/mercator-logo-1.jpg 1428w\" sizes=\"auto, (max-width: 254px) 100vw, 254px\" \/><\/p>\n<h2><\/h2>\n<h2><\/h2>\n<h2><\/h2>\n<h2><\/h2>\n<h2><\/h2>\n<h2><\/h2>\n<p>&nbsp;<\/p>\n<p>&nbsp;<\/p>\n<p>&nbsp;<\/p>\n<p>&nbsp;<\/p>\n<p>&nbsp;<\/p>\n<p>&nbsp;<\/p>\n<h2><span style=\"font-size: x-large;\">Kje kupiti izdelke Feng cha?<\/span><\/h2>\n<p>&nbsp;<\/p>\n<p><span style=\"font-size: medium;\">Poleg na\u0161e spletne trgovine lahko izdelke dobite tudi prodajnih mestih iz spodnjega seznama. Navedene so samo trgovine z ve\u010djim \u0161tevilom na\u0161ih artiklov. \u010ce katerih koli izdelkov iz na\u0161e ponudbe v vam najbolj priro\u010dni trgovini nimajo, poprosite trgovca, da jih naro\u010di.<\/span><\/p>\n<h2><span style=\"font-size: x-large;\">Gori\u0161ka<\/span><\/h2>\n<ul>\n<li><span style=\"font-size: large;\"><span style=\"font-size: small;\"><strong>Sanolabor, d.d., PE Nova Gorica,<\/strong>\u00a0<strong>Supernova Nova Gorica<\/strong>,<span style=\"font-size: medium;\">\u00a0Prvomajska ulica 35, 5000 Nova Gorica<\/span><\/span><\/span><\/li>\n<\/ul>\n<p><em style=\"font-size: small;\">(<strong>Prodajni artikli:<\/strong>\u00a0Astragalus BIO v prahu, Atraktilis, Je\u010dmenova trava BIO (v prahu in v tabletah), P\u0161eni\u010dna trava BIO\u00a0(v prahu in v tabletah), \u0160i\u0161andra jagode BIO v prahu, Sezam \u010drni BIO, Kakavovi BIO podukti (v prahu, zrna, zdrobljena zrna, maslo), Chia semena BIO, Kokosov sladkor BIO, Yacon BIO v prahu, Rooibos BIO, Camu camu BIO v prahu, Tulsi BIO v prahu, DMSO)<\/em><\/p>\n<p>&nbsp;<\/p>\n<h2><span style=\"font-size: x-large;\">Obalno &#8211; kra\u0161ka<\/span><\/h2>\n<ul>\n<li><strong><span style=\"font-size: large;\">Sanolabor, d.d., PE Koper<\/span><\/strong><span style=\"font-size: medium;\">,\u00a0Pristani\u0161ka ulica 2, 6000 Koper\u00a0<\/span><\/li>\n<\/ul>\n<p><em>(<strong>Prodajni artikli:<\/strong>\u00a0Astragalus BIO v prahu, Atraktilis, Je\u010dmenova trava BIO (v prahu in v tabletah), P\u0161eni\u010dna trava BIO\u00a0(v prahu in v tabletah), \u0160i\u0161andra jagode BIO v prahu, Sezam \u010drni BIO, Kakavovi BIO podukti (v prahu, zrna, zdrobljena zrna, maslo), Chia semena BIO, Kokosov sladkor BIO, Yacon BIO v prahu, Rooibos BIO, Camu camu BIO v prahu, Tulsi BIO v prahu, DMSO)<\/em><\/p>\n<ul>\n<li><span style=\"font-size: large;\"><strong>Trgovina KLASJE , Sirah d.o.o.<\/strong>,\u00a0<\/span><span style=\"font-size: medium;\">Gradi\u0161\u010de 12, 6210 Se\u017eana<\/span>\u00a0<em>(Razni prodajni artikli)<\/em><\/li>\n<\/ul>\n<p>&nbsp;<\/p>\n<h2><span style=\"font-size: x-large;\">Gorenjska<\/span><\/h2>\n<ul>\n<li><span style=\"font-size: medium;\"><strong><span style=\"font-size: large;\">Sanolabor, d.d., PE Kranj, Supernova Qlandia<\/span><\/strong>,\u00a0Cesta 1. maja 77, 4000 Kranj<\/span><\/li>\n<\/ul>\n<p><em>(<strong>Prodajni artikli:<\/strong>\u00a0Astragalus BIO v prahu, Atraktilis, Je\u010dmenova trava BIO (v prahu in v tabletah), P\u0161eni\u010dna trava BIO\u00a0(v prahu in v tabletah), \u0160i\u0161andra jagode BIO v prahu, Sezam \u010drni BIO, Kakavovi BIO podukti (v prahu, zrna, zdrobljena zrna, maslo), Chia semena BIO, Kokosov sladkor BIO, Yacon BIO v prahu, Rooibos BIO, Camu camu BIO v prahu, Tulsi BIO v prahu, DMSO)<\/em><\/p>\n<p><em>\u00a0<\/em><\/p>\n<h2><span style=\"font-size: x-large;\">Osrednje slovenska<\/span><\/h2>\n<ul>\n<li><span style=\"font-size: large;\"><strong>Maximarket,\u00a0<\/strong><span style=\"font-size: medium;\">Trg republike 1, 1000 Ljubljana<\/span><\/span><\/li>\n<\/ul>\n<p><em>\u00a0\u00a0\u00a0\u00a0<span style=\"font-size: medium;\">V ponudbi imajo 63 za\u010dimb, pakiranih v li\u010dne embala\u017ee.<\/span><\/em><\/p>\n<ul>\n<li><span style=\"font-size: large;\"><strong>Supernova Ljubljana \u0160i\u0161ka,<\/strong>\u00a0<span style=\"font-size: medium;\">Cesta Ljubljanske brigade 33, 1000 Ljubljana<\/span><\/span><\/li>\n<\/ul>\n<p><em>\u00a0 \u00a0<span style=\"font-size: medium;\">\u00a0V ponudbi imajo 63 za\u010dimb, pakiranih v li\u010dne embala\u017ee.<\/span><\/em><\/p>\n<ul>\n<li><span style=\"font-size: small;\"><span style=\"font-size: large;\"><strong>Sanolabor, d.d., PE Ljubljana:\u00a0<\/strong><\/span><\/span><\/li>\n<\/ul>\n<p><strong style=\"font-size: large;\">\u00a0 \u00a0 \u00a0 \u00a0 \u00a0 \u00a0 \u00a0 \u00a0&#8211; Cigaletova<\/strong><span style=\"font-size: large;\">,\u00a0<\/span><span style=\"font-size: medium;\">Cigaletova ulica 9, 1000 Ljubljana<\/span><\/p>\n<p><span style=\"font-size: large;\"><strong>\u00a0 \u00a0 \u00a0 \u00a0 \u00a0 \u00a0 \u00a0 \u00a0&#8211; Citypark<\/strong>,\u00a0<span style=\"font-size: medium;\">\u0160martinska cesta 152G, 1000 Ljubljana<\/span><\/span><\/p>\n<p><span style=\"font-size: large;\"><strong>\u00a0 \u00a0 \u00a0 \u00a0 \u00a0 \u00a0 \u00a0 \u00a0&#8211; Vi\u010d Interspar<\/strong>,\u00a0<span style=\"font-size: medium;\">Jamova cesta 105, 1000 Ljubljana<\/span><\/span><\/p>\n<p><span style=\"font-size: large;\"><span style=\"font-size: medium;\"><strong>\u00a0 \u00a0 \u00a0 \u00a0 \u00a0 \u00a0 \u00a0 \u00a0\u00a0\u00a0&#8211; Supernova Rudnik<\/strong>,\u00a0Jurk\u010dkova cesta 223, 1000 Ljubljana<\/span><\/span><\/p>\n<p><span style=\"font-size: medium;\"><strong>\u00a0\u00a0\u00a0\u00a0 \u00a0 \u00a0 \u00a0 \u00a0 \u00a0 \u00a0 &#8211;\u00a0<\/strong><\/span><strong><span style=\"font-size: large;\">ALEJA, nakupovalno sredi\u0161\u010de Ljubljana \u0160i\u0161ka<\/span><\/strong>,\u00a0<span style=\"font-size: medium;\">Raku\u0161eva ulica 1, 1000 Ljubljana<\/span><\/p>\n<p><span style=\"font-size: large;\"><em><span style=\"font-size: small;\">(<strong>Prodajni artikli:<\/strong>\u00a0Astragalus BIO v prahu, Atraktilis, Je\u010dmenova trava BIO (v prahu in v tabletah), P\u0161eni\u010dna trava BIO\u00a0(v prahu in v tabletah), \u0160i\u0161andra jagode BIO v prahu, Sezam \u010drni BIO, Kakavovi BIO podukti (v prahu, zrna, zdrobljena zrna, maslo), Chia semena BIO, Kokosov sladkor BIO, Yacon BIO v prahu, Rooibos BIO, Camu camu BIO v prahu, Tulsi BIO v prahu, DMSO)<\/span><\/em><\/span><\/p>\n<ul>\n<li><span style=\"font-size: large;\"><strong>Sanolabor, d.d., PE Poga\u010darjev trg,\u00a0<\/strong>\u00a0<span style=\"font-size: medium;\">Poga\u010darjev trg 1, 1000 Ljubljana<\/span><\/span><\/li>\n<\/ul>\n<p><em style=\"font-size: small;\">(<strong>Prodajni artikli:<\/strong>\u00a0Astragalus BIO v prahu, Atraktilis, Je\u010dmenova trava BIO (v prahu in v tabletah), P\u0161eni\u010dna trava BIO\u00a0(v prahu in v tabletah), \u0160i\u0161andra jagode BIO v prahu, Sezam \u010drni BIO, Kakavovi BIO podukti (v prahu, zrna, zdrobljena zrna, maslo), Chia semena BIO, Kokosov sladkor BIO, Yacon BIO v prahu, Rooibos BIO, Camu camu BIO v prahu, Tulsi BIO v prahu, DMSO)<\/em><\/p>\n<ul>\n<li><span style=\"font-size: large;\"><strong>Sanolabor, d.d., PE Kamnik<\/strong><strong>,<\/strong><\/span><span style=\"font-size: medium;\"><strong style=\"font-style: italic;\">\u00a0<\/strong>Dom\u017ealska cesta 3, 1214 Kamnik<br \/>\n<\/span><\/li>\n<\/ul>\n<p><em>(<strong>Prodajni artikli:<\/strong>\u00a0Astragalus BIO v prahu, Atraktilis, Je\u010dmenova trava BIO (v prahu in v tabletah), P\u0161eni\u010dna trava BIO\u00a0(v prahu in v tabletah), \u0160i\u0161andra jagode BIO v prahu, Sezam \u010drni BIO, Kakavovi BIO podukti (v prahu, zrna, zdrobljena zrna, maslo), Chia semena BIO, Kokosov sladkor BIO, Yacon BIO v prahu, Rooibos BIO, Camu camu BIO v prahu, Tulsi BIO v prahu, DMSO)<\/em><\/p>\n<ul>\n<li><span style=\"font-size: medium;\"><strong><span style=\"font-size: large;\">Atmarama, d.o.o.<\/span><\/strong>, \u017dibertova ulica 27, 1000 Ljubljana<\/span><\/li>\n<\/ul>\n<p><em>(<strong>Prodajni artikli:<\/strong>\u00a0Amla BIO v prahu, Ashwagandha BIO v prahu,\u00a0Brahmi BIO, Chia semena BIO, Maca BIO v prahi, Neem BIO v prahu, Psilium BIO v prahu, Triphala BIO,&#8230; za\u010dimbe)\u00a0<\/em><\/p>\n<p><em>\u00a0<\/em><\/p>\n<h2><span style=\"font-size: x-large;\">Jugovzhodna Slovenija<\/span><\/h2>\n<ul>\n<li><span style=\"font-size: medium;\"><strong><span style=\"font-size: large;\">Sanolabor, d.d., PE Novo mesto<\/span><\/strong>,\u00a0Oto\u0161ka cesta 5, 8000 Novo mesto<\/span><\/li>\n<\/ul>\n<p><em>(<strong>Prodajni artikli:<\/strong>\u00a0Astragalus BIO v prahu, Atraktilis, Je\u010dmenova trava BIO (v prahu in v tabletah), P\u0161eni\u010dna trava BIO\u00a0(v prahu in v tabletah), \u0160i\u0161andra jagode BIO v prahu, Sezam \u010drni BIO, Kakavovi BIO podukti (v prahu, zrna, zdrobljena zrna, maslo), Chia semena BIO, Kokosov sladkor BIO, Yacon BIO v prahu, Rooibos BIO, Camu camu BIO v prahu, Tulsi BIO v prahu, DMSO)<\/em><\/p>\n<ul>\n<li><em><strong><span style=\"font-size: large;\">Sanolabor Novo mesto ZD<\/span><\/strong><span style=\"font-size: medium;\">,\u00a0Kandijska cesta 4, 8000 Novo mesto<\/span><\/em><\/li>\n<\/ul>\n<p><em>(<strong>Prodajni artikli:<\/strong>\u00a0Je\u010dmenova trava BIO v prahu\u00a0<\/em>,<em>\u00a0P\u0161eni\u010dna trava BIO v prahu, Chia semena BIO)<\/em><\/p>\n<h2><span style=\"font-size: x-large;\">Posavska<\/span><\/h2>\n<ul>\n<li><strong><span style=\"font-size: large;\">Sanolabor, d.d., PE Bre\u017eice<\/span><\/strong><span style=\"font-size: medium;\">,\u00a0\u010cernel\u010deva cesta 4A, 8250 Bre\u017eice<\/span><\/li>\n<\/ul>\n<p><em>(<strong>Prodajni artikli:<\/strong>\u00a0Astragalus BIO v prahu, Atraktilis, Je\u010dmenova trava BIO (v prahu in v tabletah), P\u0161eni\u010dna trava BIO\u00a0(v prahu in v tabletah), \u0160i\u0161andra jagode BIO v prahu, Sezam \u010drni BIO, Kakavovi BIO podukti (v prahu, zrna, zdrobljena zrna, maslo), Chia semena BIO, Kokosov sladkor BIO, Yacon BIO v prahu, Rooibos BIO, Camu camu BIO v prahu, Tulsi BIO v prahu, DMSO)<\/em><\/p>\n<p>&nbsp;<\/p>\n<h2><span style=\"font-size: x-large;\">Podravska<\/span><\/h2>\n<ul>\n<li><span style=\"font-size: large;\"><b>Avena, Mateja Kosi, s.p., PE Ptuj<\/b><\/span><span style=\"font-size: medium;\">, Vegova ulica 2e, 2250 Ptuj<\/span><\/li>\n<\/ul>\n<p><em style=\"font-size: small;\"><em>(<strong>Prodajni artikli:<\/strong>\u00a0Amla BIO v prahu, Ashwagandha BIO v prahu,\u00a0Astragalus BIO v prahu,\u00a0Baobab v prahu BIO,\u00a0Divji jam BIO v prahu,\u00a0Ginseng v prahu BIO, He shou wu v prahu BIO, Kelp v prahu BIO, MSM, Neem BIO v prahu, \u0160i\u0161andra jagode BIO v prahu, Magnezije klorid v prahu, Mucuna pruriens BIO, Ganodelrma lucidum BIO, Cordyceps BIO, Kakakova masa BIO, Zelena kava mleta BIO,&#8230;)<\/em><\/em><\/p>\n<ul>\n<li>\n<p class=\"qrShPb pXs6bb PZPZlf q8U8x aTI8gc hNKfZe\" data-dtype=\"d3ifr\" data-local-attribute=\"d3bn\" data-attrid=\"title\" data-ved=\"2ahUKEwizn_W9wK6AAxVThP0HHTwTA0YQ3B0oAHoECE4QAQ\"><strong><span style=\"font-size: large;\">Ajda Polnovredna \u017eivila d.o.o.<\/span><\/strong><span style=\"font-size: medium;\">,\u00a0Glavni trg 23, 2000 Maribor\u00a0<\/span><em>(Razni prodajni artikli)<\/em><\/p>\n<\/li>\n<li><span style=\"font-size: medium;\"><span style=\"font-size: large;\"><strong>Sanolabor, d.d., PE Lenart<\/strong><\/span><strong>,<\/strong><strong>\u00a0<\/strong>Industrijska ulica 47, 2230 Lenart<\/span><\/li>\n<\/ul>\n<p><em>(<strong>Prodajni artikli:<\/strong>\u00a0Astragalus BIO v prahu, Atraktilis, Je\u010dmenova trava BIO (v prahu in v tabletah), P\u0161eni\u010dna trava BIO\u00a0(v prahu in v tabletah), \u0160i\u0161andra jagode BIO v prahu, Sezam \u010drni BIO, Kakavovi BIO podukti (v prahu, zrna, zdrobljena zrna, maslo), Chia semena BIO, Kokosov sladkor BIO, Yacon BIO v prahu, Rooibos BIO, Camu camu BIO v prahu, Tulsi BIO v prahu, D<\/em>MSO)<\/p>\n<ul>\n<li><span style=\"font-size: medium;\"><span style=\"font-size: large;\"><strong>Sanolabor, d.d., PE Ptuj<\/strong><\/span><strong style=\"font-style: italic; font-size: 12px;\">,\u00a0<\/strong>Ormo\u0161ka cesta 24, 2250 Ptuj<\/span><\/li>\n<\/ul>\n<p><em>(<strong>Prodajni artikli:<\/strong>\u00a0Astragalus BIO v prahu, Atraktilis, Je\u010dmenova trava BIO (v prahu in v tabletah), P\u0161eni\u010dna trava BIO\u00a0(v prahu in v tabletah), \u0160i\u0161andra jagode BIO v prahu, Sezam \u010drni BIO, Kakavovi BIO podukti (v prahu, zrna, zdrobljena zrna, maslo), Chia semena BIO, Kokosov sladkor BIO, Yacon BIO v prahu, Rooibos BIO, Camu camu BIO v prahu, Tulsi BIO v prahu, DMSO)<\/em><\/p>\n<ul>\n<li><span style=\"font-size: medium;\"><span style=\"font-size: large;\"><strong>Sanolabor, d.d., PE Maribor Europark<\/strong><strong>,<\/strong><\/span><strong>\u00a0<\/strong>Pobre\u0161ka cesta 18, 2000 Ljubljana<\/span><\/li>\n<\/ul>\n<p><em>(<strong>Prodajni artikli:<\/strong>\u00a0Astragalus BIO v prahu, Atraktilis, Je\u010dmenova trava BIO (v prahu in v tabletah), P\u0161eni\u010dna trava BIO\u00a0(v prahu in v tabletah), \u0160i\u0161andra jagode BIO v prahu, Sezam \u010drni BIO, Kakavovi BIO podukti (v prahu, zrna, zdrobljena zrna, maslo), Chia semena BIO, Kokosov sladkor BIO, Yacon BIO v prahu, Rooibos BIO, Camu camu BIO v prahu, Tulsi BIO v prahu, DMSO)<\/em><\/p>\n<ul>\n<li><span style=\"font-size: large;\"><strong>VOLPER, d.o.o.<\/strong>,\u00a0<span class=\"LrzXr\" style=\"font-size: medium;\">Potr\u010deva cesta, v Bolni\u0161nici 23, 2250 Ptuj,<\/span><em><span class=\"LrzXr\">\u00a0<\/span><\/em><\/span><em><span class=\"LrzXr\">(Razni prodajni artikli)<\/span><\/em><\/li>\n<\/ul>\n<p>&nbsp;<\/p>\n<h2><span style=\"font-size: x-large;\">Pomurska<\/span><\/h2>\n<ul>\n<li><span style=\"font-size: large;\"><b>Avena, Mateja Kosi, s.p., PE Ljutomer<\/b><\/span><span style=\"font-size: medium; font-style: italic;\"><span style=\"font-size: large;\">,<\/span>\u00a0<\/span><span style=\"font-size: medium;\">Pre\u0161ernova ulica 25, 9240 Ljutomer\u00a0<\/span><em>(Razni prodajni artikli)<\/em><\/li>\n<\/ul>\n<p>&nbsp;<\/p>\n<p style=\"font-size: 12px; font-weight: 400; display: inline !important;\"><strong><span style=\"font-size: small;\"><em>(Prodajni artikli:\u00a0Amla BIO v prahu, Ashwagandha BIO v prahu,\u00a0Astragalus BIO v prahu,\u00a0Baobab v prahu BIO,\u00a0Divji jam BIO v prahu,\u00a0Ginseng v prahu BIO, He shou wu v prahu BIO, Kelp v prahu BIO, MSM, Neem BIO v prahu, \u0160i\u0161andra jagode BIO v prahu, Magnezije klorid v prahu, Mucuna pruriens BIO, Ganodelrma lucidum BIO, Cordyceps BIO, Kakakova masa BIO, Zelena kava mleta BIO,&#8230;)<\/em><\/span><\/strong><\/p>\n<p><strong>\u00a0<\/strong><\/p>\n<ul>\n<li><span style=\"font-size: medium;\"><strong><span style=\"font-size: large;\">Bajka,<\/span><\/strong><strong><span style=\"font-size: large;\">\u00a0Petra Strgar Ru\u017enar s.p.<\/span>,\u00a0<\/strong>Panonska ulica 8, 9250 Gornja Radgona\u00a0<\/span><em>(Razni prodajni artikli)<\/em><\/li>\n<\/ul>\n<p>&nbsp;<\/p>\n<h2><span style=\"font-size: x-large;\">Savinjska<\/span><\/h2>\n<ul>\n<li><strong><span style=\"font-size: large;\">Medical center Roga\u0161ka<\/span><\/strong><span style=\"font-size: medium;\">,\u00a0<\/span><span style=\"font-size: medium;\">Zdravili\u0161ki trg 9, 3250 Roga\u0161ka Slatina,<\/span>\u00a0<em>(Razni prodajni artikli)<\/em><\/li>\n<\/ul>\n<p>&nbsp;<\/p>\n<h2><span style=\"font-size: x-large;\">Italija<\/span><\/h2>\n<ul>\n<li>\u00a0 \u00a0\u00a0<span style=\"font-size: medium;\"><span style=\"font-size: large;\"><strong>Stregate<\/strong><\/span><span style=\"font-size: small;\">;\u00a0Bologna<\/span><\/span><\/li>\n<\/ul>\n<ul>\n<li>\u00a0\u00a0\u00a0\u00a0<span style=\"font-size: medium;\"><span style=\"font-size: large;\"><strong>Bio Delizia<\/strong><\/span><span style=\"font-size: small;\">;\u00a0Bologna<\/span><\/span><\/li>\n<\/ul>\n<ul>\n<li>\u00a0\u00a0\u00a0\u00a0<span style=\"font-size: medium;\"><span style=\"font-size: large;\"><strong>Caff\u00e8 Salvador Di Crucitti Angelo<\/strong><\/span><span style=\"font-size: small;\">;\u00a0Parma<\/span><\/span><\/li>\n<\/ul>\n<p>&nbsp;<\/p>\n<h2><span style=\"font-size: x-large;\">Slova\u0161ka<\/span><\/h2>\n<ul>\n<li>\u00a0 \u00a0\u00a0<span style=\"font-size: large;\"><strong>BIO n\u00e1kupy s.r.o.<\/strong>,\u00a0<span style=\"font-size: medium;\">Bratislava<\/span><\/span><\/li>\n<\/ul>\n<p>&nbsp;<\/p>\n<p><span style=\"font-size: large;\">Bi radi tudi v va\u0161i trgovini, restavraciji, baru ali hotelu ponudili na\u0161e izdelke? Pi\u0161ite nam na\u00a0<a href=\"mailto:info@fengcha.si\">info@fengcha.si<\/a>\u00a0ali\u00a0<a href=\"mailto:prodaja@fengcha.si\">prodaja@fengcha.si<\/a>. Lahko pa nas pokli\u010dite na 040 854 403.<\/span>[\/vc_column_text][\/vc_column][\/vc_row]<\/p>\n<\/div>","protected":false},"excerpt":{"rendered":"<p>[vc_row][vc_column][\/vc_column][\/vc_row][vc_row][vc_column][vc_column_text css=&#8221;&#8221;] &nbsp; &nbsp; &nbsp; &nbsp; &nbsp; &nbsp; Kje kupiti izdelke Feng cha? &nbsp; Poleg na\u0161e spletne trgovine lahko izdelke dobite tudi prodajnih mestih iz spodnjega seznama. Navedene so samo trgovine z ve\u010djim \u0161tevilom na\u0161ih artiklov. \u010ce katerih koli izdelkov iz na\u0161e ponudbe v vam najbolj priro\u010dni trgovini nimajo, poprosite trgovca, da jih naro\u010di. Gori\u0161ka [&hellip;]<\/p>\n","protected":false},"author":2,"featured_media":0,"parent":0,"menu_order":0,"comment_status":"closed","ping_status":"closed","template":"","meta":{"_acf_changed":false,"footnotes":""},"class_list":["post-5694","page","type-page","status-publish","hentry"],"acf":[],"_links":{"self":[{"href":"https:\/\/fengchashop.com\/si\/wp-json\/wp\/v2\/pages\/5694","targetHints":{"allow":["GET"]}}],"collection":[{"href":"https:\/\/fengchashop.com\/si\/wp-json\/wp\/v2\/pages"}],"about":[{"href":"https:\/\/fengchashop.com\/si\/wp-json\/wp\/v2\/types\/page"}],"author":[{"embeddable":true,"href":"https:\/\/fengchashop.com\/si\/wp-json\/wp\/v2\/users\/2"}],"replies":[{"embeddable":true,"href":"https:\/\/fengchashop.com\/si\/wp-json\/wp\/v2\/comments?post=5694"}],"version-history":[{"count":0,"href":"https:\/\/fengchashop.com\/si\/wp-json\/wp\/v2\/pages\/5694\/revisions"}],"wp:attachment":[{"href":"https:\/\/fengchashop.com\/si\/wp-json\/wp\/v2\/media?parent=5694"}],"curies":[{"name":"wp","href":"https:\/\/api.w.org\/{rel}","templated":true}]}}