{"id":3991,"date":"2025-03-11T17:42:37","date_gmt":"2025-03-11T16:42:37","guid":{"rendered":"https:\/\/test-fengcha.dweb.si\/?page_id=3991"},"modified":"2025-05-28T15:28:34","modified_gmt":"2025-05-28T13:28:34","slug":"kdo-smo-in-k-cemu-stremimo","status":"publish","type":"page","link":"https:\/\/fengchashop.com\/si\/kdo-smo-in-k-cemu-stremimo\/","title":{"rendered":"Kdo smo in k \u010demu stremimo?"},"content":{"rendered":"<div class=\"wpb-content-wrapper\"><p>[vc_row][vc_column][vc_column_text css=&#8221;&#8221;]<\/p>\r\n<p>Za\u010deli smo s prodajo \u010dajev. In to neobi\u010dajnih (pravih) \u010dajev, ki smo jih kot ljubitelji vedno pogre\u0161ali v obstoje\u010di ponudbi na slovenskem trgu. S prodajo \u010dajev \u0161e vedno vztrajamo in ponujamo le najbolj kakovostne \u010daje,<strong> polne arome<\/strong>,<strong> sve\u017eine <\/strong>in<strong> bogatega okusa<\/strong>. Smo pa z leti glede na potrebe trga redno bogatili na\u0161 asortiman. Najprej z di\u0161e\u010dimi <strong>za\u010dimbami<\/strong>, <strong>kakavom<\/strong> in <strong>kavo<\/strong> ter seveda z \u017eivili, poznanimi kot <strong>superhrana<\/strong>. Ker se potrebe in \u017eelje kupcev spreminjajo, vedno stremimo k temu, da lahko ponudimo kaj novega. Hkrati pa v ponudbi obdr\u017eimo priljubljene izdelke. Tako se v zadnjem \u010dasu trudimo ponuditi kar najbolj raznolike izdelke iz kategorije <strong>\u017eivil<\/strong> in <strong>prehranskih dopolnil<\/strong>, ki jih premi\u0161ljeno dodajamo v na\u0161 asortiman.<\/p>\r\n\r\n<p><strong>Pri nas najdete poleg izredno kakovostnih izdelkov tudi\u00a0ideje in\u00a0nasvete za bolj zdravo \u017eivljenje.<\/strong><\/p>\r\n\r\n<p>Ker se s \u010daji in ostalimi \u017eivili iz na\u0161e bogate ponudbe ukvarjamo \u017ee ve\u010d kot 10 let (od leta 2010), smo razvili poseben \u010dut za kakovost prehranskih izdelkov, zato <strong>pri nas najdete le najbolj\u0161e okuse <\/strong>ter\u00a0<strong>izdelke za dolgo <\/strong>in<strong> zdravo \u017eivljenje<\/strong>. Zaradi sodobnih trendov in zavedanja o pomembnosti zdrave prehrane, \u010de je le mogo\u010de, v na\u0161o ponudbo dodajamo le izdelke iz <strong>ekolo\u0161ke pridelave<\/strong>.<\/p>\r\n<p>\u00a0<\/p>\r\n\r\n<p><strong>Feng cha ekipo sestavlja<\/strong>jo<\/p>\r\n<p>\u00a0<\/p>\r\n\r\n<ul class=\"wp-block-list\">\r\n<li style=\"list-style-type: none;\">\r\n<ul class=\"wp-block-list\">\r\n<li>\r\n<p><strong>Layla<\/strong> <strong>H\u00f6nn<\/strong> &#8211; direktor<\/p>\r\n<\/li>\r\n<\/ul>\r\n<\/li>\r\n<\/ul>\r\n<p>\u00a0<\/p>\r\n\r\n<ul class=\"wp-block-list\">\r\n<li style=\"list-style-type: none;\">\r\n<ul class=\"wp-block-list\">\r\n<li>\r\n<p><strong>Miha H\u00f6nn<\/strong>\u00a0\u2013 ustanovitelj<\/p>\r\n<\/li>\r\n<\/ul>\r\n<\/li>\r\n<\/ul>\r\n<p>\u00a0<\/p>\r\n\r\n<ul class=\"wp-block-list\">\r\n<li style=\"list-style-type: none;\">\r\n<ul class=\"wp-block-list\">\r\n<li>\r\n<p><strong>Selma Seyoun<\/strong> <strong>Simon\u010di\u010d<\/strong> &#8211; digitalni marketing<\/p>\r\n<\/li>\r\n<\/ul>\r\n<\/li>\r\n<\/ul>\r\n\r\n<p>&nbsp;<\/p>\r\n\r\n<p>FENG CHA d.o.o.<\/p>\r\n\r\n<p>Rej\u010deva ulica 5<\/p>\r\n\r\n<p>5000 Nova Gorica<\/p>\r\n\r\n<p>Slovenija \u2013 EU<\/p>\r\n\r\n<p>VAT: SI77642562<\/p>\r\n\r\n<p>Email:\u00a0<a href=\"mailto:info@fengchashop.com\" target=\"_blank\" rel=\"noreferrer noopener\">info@fengchashop.com<\/a> ; info@fengcha.si Web shops:<\/p>\r\n\r\n<p><a href=\"http:\/\/fengchashop.com\/\" target=\"_blank\" rel=\"noreferrer noopener\">fengchashop.com<\/a><\/p>\r\n\r\n<p><a href=\"http:\/\/fengcha.si\/\" target=\"_blank\" rel=\"noreferrer noopener\">fengcha.si<\/a><\/p>\r\n<p>040-854-403<\/p>\r\n<p><span style=\"font-size: x-large; color: #339966;\">Na\u0161a prodaja je raz\u0161irjena po ve\u010djem delu Evrope\u00a0&#8230;<\/span><\/p>\r\n<p><img loading=\"lazy\" decoding=\"async\" class=\"size-medium wp-image-3992\" src=\"https:\/\/fengchashop.com\/si\/wp-content\/uploads\/2025\/03\/Prodaja-po-Evropi-333x300.jpg\" alt=\"\" width=\"333\" height=\"300\" srcset=\"https:\/\/fengchashop.com\/si\/wp-content\/uploads\/2025\/03\/Prodaja-po-Evropi-333x300.jpg 333w, https:\/\/fengchashop.com\/si\/wp-content\/uploads\/2025\/03\/Prodaja-po-Evropi-595x536.jpg 595w, https:\/\/fengchashop.com\/si\/wp-content\/uploads\/2025\/03\/Prodaja-po-Evropi-150x135.jpg 150w, https:\/\/fengchashop.com\/si\/wp-content\/uploads\/2025\/03\/Prodaja-po-Evropi-768x691.jpg 768w, https:\/\/fengchashop.com\/si\/wp-content\/uploads\/2025\/03\/Prodaja-po-Evropi-1536x1382.jpg 1536w, https:\/\/fengchashop.com\/si\/wp-content\/uploads\/2025\/03\/Prodaja-po-Evropi-2048x1843.jpg 2048w, https:\/\/fengchashop.com\/si\/wp-content\/uploads\/2025\/03\/Prodaja-po-Evropi-450x405.jpg 450w, https:\/\/fengchashop.com\/si\/wp-content\/uploads\/2025\/03\/Prodaja-po-Evropi-350x315.jpg 350w\" sizes=\"auto, (max-width: 333px) 100vw, 333px\" \/><\/p>\r\n\r\n<p>&nbsp;<\/p>\r\n<p>[\/vc_column_text][\/vc_column][\/vc_row]<\/p><\/div>","protected":false},"excerpt":{"rendered":"<p>[vc_row][vc_column][vc_column_text css=&#8221;&#8221;] Za\u010deli smo s prodajo \u010dajev. In to neobi\u010dajnih (pravih) \u010dajev, ki smo jih kot ljubitelji vedno pogre\u0161ali v obstoje\u010di ponudbi na slovenskem trgu. S prodajo \u010dajev \u0161e vedno vztrajamo in ponujamo le najbolj kakovostne \u010daje, polne arome, sve\u017eine in bogatega okusa. Smo pa z leti glede na potrebe trga redno bogatili na\u0161 asortiman. [&hellip;]<\/p>\n","protected":false},"author":2,"featured_media":0,"parent":0,"menu_order":0,"comment_status":"closed","ping_status":"closed","template":"page-visual-composer.php","meta":{"_acf_changed":false,"footnotes":""},"class_list":["post-3991","page","type-page","status-publish","hentry"],"acf":[],"_links":{"self":[{"href":"https:\/\/fengchashop.com\/si\/wp-json\/wp\/v2\/pages\/3991","targetHints":{"allow":["GET"]}}],"collection":[{"href":"https:\/\/fengchashop.com\/si\/wp-json\/wp\/v2\/pages"}],"about":[{"href":"https:\/\/fengchashop.com\/si\/wp-json\/wp\/v2\/types\/page"}],"author":[{"embeddable":true,"href":"https:\/\/fengchashop.com\/si\/wp-json\/wp\/v2\/users\/2"}],"replies":[{"embeddable":true,"href":"https:\/\/fengchashop.com\/si\/wp-json\/wp\/v2\/comments?post=3991"}],"version-history":[{"count":0,"href":"https:\/\/fengchashop.com\/si\/wp-json\/wp\/v2\/pages\/3991\/revisions"}],"wp:attachment":[{"href":"https:\/\/fengchashop.com\/si\/wp-json\/wp\/v2\/media?parent=3991"}],"curies":[{"name":"wp","href":"https:\/\/api.w.org\/{rel}","templated":true}]}}