{"id":7601,"date":"2026-04-15T04:37:10","date_gmt":"2026-04-15T02:37:10","guid":{"rendered":"https:\/\/fengchashop.com\/se\/product\/selen-v-tekocini-150-ml\/"},"modified":"2026-04-25T13:29:23","modified_gmt":"2026-04-25T11:29:23","slug":"selen-i-flytande-form","status":"publish","type":"product","link":"https:\/\/fengchashop.com\/se\/product\/selen-i-flytande-form\/","title":{"rendered":"Selen i flytande form 150 ml"},"content":{"rendered":"<h2><strong>Selen i flytande form<\/strong><\/h2>\n<p><strong>Flytande selen <\/strong>\u00e4r ett modernt kosttillskott avsett att st\u00f6dja immunf\u00f6rsvaret, sk\u00f6ldk\u00f6rteln och skydda cellerna. Den inneh\u00e5ller det essentiella sp\u00e5r\u00e4mnet selen, som deltar i viktiga processer i kroppen \u2013 fr\u00e5n immunsystemets funktion till skydd mot oxidativ stress.<\/p>\n<p>Selen bidrar till en normal funktion av sk\u00f6ldk\u00f6rteln, bibeh\u00e5llande av friska h\u00e5r och naglar samt skydd av cellerna mot fria radikaler.<\/p>\n<p>Den flytande formen g\u00f6r den enkel att anv\u00e4nda och ger god absorption, medan den behagliga mangosmaken g\u00f6r den trevlig att ta varje dag.<\/p>\n<h2><strong>Hur fungerar den?<\/strong><\/h2>\n<p>Selen spelar en viktig roll i kroppens f\u00f6rsvar mot oxidativ stress och st\u00f6der immunsystemets normala funktion. Det bidrar ocks\u00e5 till sk\u00f6ldk\u00f6rtelns funktion, som reglerar m\u00e5nga processer i kroppen.<\/p>\n<h2><strong>Vad inneh\u00e5ller det?<\/strong><\/h2>\n<p><strong><span class=\"ml-1\"><span style=\"color: #000000\">\ud83d\udc9a <\/span><\/span>Selen<\/strong><\/p>\n<ul>\n<li>bidrar till <strong>normal spermatogenes<\/strong><\/li>\n<li>bidrar till <strong>att h\u00e5lla h\u00e5ret friskt<\/strong><\/li>\n<li>bidrar till <strong>att h\u00e5lla naglarna friska<\/strong><\/li>\n<li>bidrar till <strong>normal funktion av immunsystemet<\/strong><\/li>\n<li>bidrar till <strong>normal funktion av sk\u00f6ldk\u00f6rteln<\/strong><\/li>\n<li>bidrar till <strong>skydd av celler mot oxidativ stress<\/strong><\/li>\n<\/ul>\n<h2><strong>Varf\u00f6r v\u00e4lja flytande selen?<\/strong><\/h2>\n<ul>\n<li>bidrar till en normal funktion av immunsystemet och sk\u00f6ldk\u00f6rteln<\/li>\n<li>bidrar till att skydda cellerna mot oxidativ stress<\/li>\n<li>bidrar till att h\u00e5lla h\u00e5r och naglar friska<\/li>\n<li>flytande form f\u00f6r enkel anv\u00e4ndning<\/li>\n<li>behaglig mangosmak<\/li>\n<li>l\u00e4mplig f\u00f6r veganer<\/li>\n<li>gluten-, laktos- och GMO-fri<\/li>\n<\/ul>\n<h2 style=\"text-align: justify\"><span style=\"color: #000000\">F\u00f6rvaring och varningar<\/span><\/h2>\n<p>F\u00f6rvara p\u00e5 en torr och m\u00f6rk plats vid en temperatur upp till 25 \u00b0C. F\u00f6rvara i kylsk\u00e5p efter \u00f6ppnandet.<\/p>\n<p>Gl\u00f6m inte vikten av en varierad kost och en h\u00e4lsosam livsstil. Kosttillskott \u00e4r inte en ers\u00e4ttning f\u00f6r en balanserad och varierad kost. Den rekommenderade dagliga dosen f\u00e5r inte \u00f6verskridas. F\u00f6rvaras o\u00e5tkomligt f\u00f6r barn!<\/p>\n<h2><span style=\"color: #000000\">F\u00f6rpackning<\/span><\/h2>\n<p>Den h\u00f6gkvalitativa m\u00f6rka plastflaskan \u00e4r utformad f\u00f6r att ge maximalt skydd \u00e5t flytande vitaminer och mineraler. Den skyddar inneh\u00e5llet mot ljus, luft och yttre p\u00e5verkan och hj\u00e4lper till att bevara f\u00e4rskhet, stabilitet och effektivitet under hela anv\u00e4ndningstiden.<\/p>\n<p>F\u00f6rpackningen \u00e4r mycket praktisk och kan \u00e5tervinnas.<\/p>\n<h2>Ursprung<\/h2>\n<p>EU<\/p>\n","protected":false},"excerpt":{"rendered":"<p><strong>Flytande selen med mangosmak<\/strong> \u00e4r ett kosttillskott med h\u00f6g halt av selen (182 % av det dagliga intaget) som st\u00f6der sk\u00f6ldk\u00f6rteln, immunf\u00f6rsvaret och cellskyddet.<\/p>\n<p><span class=\"ml-1\"><span style=\"color: #000000\">\ud83d\udc9a <\/span><\/span>bidrar till en normal funktion av immunsystemet och sk\u00f6ldk\u00f6rteln<\/p>\n<p><span class=\"ml-1\"><span style=\"color: #000000\">\ud83d\udc9a <\/span><\/span>skyddar cellerna mot oxidativ stress<\/p>\n<p><span class=\"ml-1\"><span style=\"color: #000000\">\ud83d\udc9a <\/span><\/span>bidrar till att bevara friska h\u00e5r och naglar samt fertilitet<\/p>\n<p><span class=\"ml-1\"><span style=\"color: #000000\">\ud83d\udc9a <\/span><\/span>flytande form f\u00f6r enkel intag och god absorption<\/p>\n<p><span class=\"ml-1\"><span style=\"color: #000000\">\ud83d\udc9a <\/span><\/span>behaglig mangosmak,<\/p>\n<p><span class=\"ml-1\"><span style=\"color: #000000\">\ud83d\udc9a <\/span><\/span>l\u00e4mplig f\u00f6r veganer<\/p>\n<p><span class=\"ml-1\"><span style=\"color: #000000\">\ud83d\udc9a <\/span><\/span>utan gluten, laktos och GMO<\/p>\n","protected":false},"featured_media":7600,"comment_status":"open","ping_status":"closed","template":"","meta":{"_acf_changed":false},"product_brand":[],"product_cat":[15,225,224,231,234],"product_tag":[],"class_list":{"0":"post-7601","1":"product","2":"type-product","3":"status-publish","4":"has-post-thumbnail","6":"product_cat-uncategorized","7":"product_cat-alla-produkter","8":"product_cat-erbjudande","9":"product_cat-mineraler-vitaminer","10":"product_cat-ny","12":"first","13":"instock","14":"sale","15":"taxable","16":"shipping-taxable","17":"purchasable","18":"product-type-simple"},"acf":[],"_links":{"self":[{"href":"https:\/\/fengchashop.com\/se\/wp-json\/wp\/v2\/product\/7601","targetHints":{"allow":["GET"]}}],"collection":[{"href":"https:\/\/fengchashop.com\/se\/wp-json\/wp\/v2\/product"}],"about":[{"href":"https:\/\/fengchashop.com\/se\/wp-json\/wp\/v2\/types\/product"}],"replies":[{"embeddable":true,"href":"https:\/\/fengchashop.com\/se\/wp-json\/wp\/v2\/comments?post=7601"}],"wp:featuredmedia":[{"embeddable":true,"href":"https:\/\/fengchashop.com\/se\/wp-json\/wp\/v2\/media\/7600"}],"wp:attachment":[{"href":"https:\/\/fengchashop.com\/se\/wp-json\/wp\/v2\/media?parent=7601"}],"wp:term":[{"taxonomy":"product_brand","embeddable":true,"href":"https:\/\/fengchashop.com\/se\/wp-json\/wp\/v2\/product_brand?post=7601"},{"taxonomy":"product_cat","embeddable":true,"href":"https:\/\/fengchashop.com\/se\/wp-json\/wp\/v2\/product_cat?post=7601"},{"taxonomy":"product_tag","embeddable":true,"href":"https:\/\/fengchashop.com\/se\/wp-json\/wp\/v2\/product_tag?post=7601"}],"curies":[{"name":"wp","href":"https:\/\/api.w.org\/{rel}","templated":true}]}}