{"id":7599,"date":"2026-04-15T04:27:17","date_gmt":"2026-04-15T02:27:17","guid":{"rendered":"https:\/\/fengchashop.com\/se\/product\/zelezo-v-tekocini-250-ml\/"},"modified":"2026-04-28T15:38:31","modified_gmt":"2026-04-28T13:38:31","slug":"flytande-jarn","status":"publish","type":"product","link":"https:\/\/fengchashop.com\/se\/product\/flytande-jarn\/","title":{"rendered":"Flytande j\u00e4rn 250 ml"},"content":{"rendered":"<h2><strong>J\u00e4rn i flytande form<\/strong><\/h2>\n<p><strong>Flytande j\u00e4rn <\/strong>\u00e4r ett modernt kosttillskott som \u00e4r utformat f\u00f6r att fr\u00e4mja energi, blodbildning och det allm\u00e4nna v\u00e4lbefinnandet. Den inneh\u00e5ller j\u00e4rn och en noggrant utvald kombination av vitaminer som deltar i viktiga processer i kroppen \u2013 fr\u00e5n bildandet av r\u00f6da blodkroppar till fris\u00e4ttningen av energi vid \u00e4mnesoms\u00e4ttningen.<\/p>\n<p>Den avancerade formeln kombinerar j\u00e4rn med C-vitamin och B-vitaminer (B1, B2, B6 och B12), som bidrar till b\u00e4ttre j\u00e4rnupptag, minskad tr\u00f6tthet och st\u00f6d f\u00f6r immunf\u00f6rsvaret.<\/p>\n<p>Den flytande formen g\u00f6r den enkel att anv\u00e4nda och ger god absorption, vilket \u00e4r s\u00e4rskilt l\u00e4mpligt f\u00f6r personer som har sv\u00e5rt att sv\u00e4lja kapslar eller tabletter.<\/p>\n<h2><strong>Hur fungerar det?<\/strong><\/h2>\n<p>J\u00e4rn spelar en avg\u00f6rande roll i bildandet av r\u00f6da blodkroppar och hemoglobin, som m\u00f6jligg\u00f6r syretransporten i kroppen. Tillsammans med vitaminerna bidrar det till energiproduktion, minskad tr\u00f6tthet och en normal funktion av immunsystemet.<\/p>\n<h2><strong>Vad inneh\u00e5ller det?<\/strong><\/h2>\n<p><span class=\"ml-1\"><span style=\"color: #000000\">\ud83d\udc9a <\/span><\/span><strong>J\u00e4rn<\/strong><\/p>\n<ul>\n<li>bidrar till bildandet av r\u00f6da blodkroppar och hemoglobin samt till att minska tr\u00f6tthet<\/li>\n<li>spelar en roll f\u00f6r kognitiva funktioner.<\/li>\n<li>bidrar till energifrig\u00f6ring vid \u00e4mnesoms\u00e4ttningen<\/li>\n<li>spelar en roll vid bildandet av r\u00f6da blodkroppar och hemoglobin.<\/li>\n<li>spelar en roll vid syretransporten i kroppen.<\/li>\n<li>spelar en roll i immunsystemets funktion<\/li>\n<li>bidrar till att minska tr\u00f6tthet och utmattning spelar en roll i celldelningen<\/li>\n<\/ul>\n<p><span class=\"ml-1\"><span style=\"color: #000000\">\ud83d\udc9a <\/span><\/span><strong>C-vitamin<\/strong> \u2013 \u00f6kar j\u00e4rnupptaget<\/p>\n<p><span class=\"ml-1\"><span style=\"color: #000000\">\ud83d\udc9a <\/span><\/span><strong>B1-vitamin (tiamin)<\/strong> \u2013 bidrar till normal energioms\u00e4ttning<\/p>\n<p><span class=\"ml-1\"><span style=\"color: #000000\">\ud83d\udc9a <\/span><\/span><strong>Vitamin B2 (riboflavin)<\/strong> \u2013 bidrar till att skydda cellerna mot oxidativ stress<\/p>\n<p><span class=\"ml-1\"><span style=\"color: #000000\">\ud83d\udc9a <\/span><\/span><strong>Vitamin B6<\/strong> \u2013 bidrar till bildandet av r\u00f6da blodkroppar<\/p>\n<p><span class=\"ml-1\"><span style=\"color: #000000\">\ud83d\udc9a <\/span><\/span><strong>Vitamin B12<\/strong> \u2013 bidrar till att minska tr\u00f6tthet och till nervsystemets funktion<\/p>\n<h2><strong>Varf\u00f6r v\u00e4lja flytande j\u00e4rn?<\/strong><\/h2>\n<ul>\n<li>bidrar till en normal funktion av immunsystemet<\/li>\n<li>kombination av j\u00e4rn och vitaminer f\u00f6r b\u00e4ttre upptag<\/li>\n<li>flytande form f\u00f6r enklare intag<\/li>\n<li>behaglig \u00e4ppelsmak<\/li>\n<li>l\u00e4mpligt f\u00f6r veganer<\/li>\n<li>gluten-, laktos- och GMO-fritt<\/li>\n<\/ul>\n<h2 style=\"text-align: justify\"><span style=\"color: #000000\">F\u00f6rvaring och varningar<\/span><\/h2>\n<p>F\u00f6rvara p\u00e5 en torr och m\u00f6rk plats vid en temperatur upp till 25 \u00b0C. F\u00f6rvara i kylsk\u00e5p efter \u00f6ppnandet.<\/p>\n<p>Gl\u00f6m inte vikten av en varierad kost och en h\u00e4lsosam livsstil. Kosttillskott \u00e4r inte en ers\u00e4ttning f\u00f6r en balanserad och varierad kost. Den rekommenderade dagliga dosen f\u00e5r inte \u00f6verskridas. F\u00f6rvaras o\u00e5tkomligt f\u00f6r barn!<\/p>\n<h2><span style=\"color: #000000\">F\u00f6rpackning<\/span><\/h2>\n<p>Den h\u00f6gkvalitativa m\u00f6rka plastflaskan \u00e4r utformad f\u00f6r att ge maximalt skydd \u00e5t flytande vitaminer och mineraler. Den skyddar inneh\u00e5llet mot ljus, luft och yttre p\u00e5verkan och hj\u00e4lper till att bevara f\u00e4rskhet, stabilitet och effektivitet under hela anv\u00e4ndningstiden.<\/p>\n<p>F\u00f6rpackningen \u00e4r mycket praktisk och kan \u00e5tervinnas.<\/p>\n<h2>Ursprung<\/h2>\n<p>EU<\/p>\n","protected":false},"excerpt":{"rendered":"<p><strong>Flytande j\u00e4rn <\/strong>med vitaminer \u00e4r utformat f\u00f6r att st\u00f6dja bildandet av r\u00f6da blodkroppar, syretransporten i kroppen samt minska tr\u00f6tthet och utmattning.<\/p>\n<p><span class=\"ml-1\"><span style=\"color: #000000\">\ud83d\udc9a <\/span><\/span>flytande form f\u00f6r enkel intag<\/p>\n<p><span class=\"ml-1\"><span style=\"color: #000000\">\ud83d\udc9a <\/span><\/span>god absorption och utnyttjande av n\u00e4rings\u00e4mnen<\/p>\n<p><span class=\"ml-1\"><span style=\"color: #000000\">\ud83d\udc9a <\/span><\/span>hj\u00e4lper till att minska tr\u00f6tthet och utmattning<\/p>\n<p><span class=\"ml-1\"><span style=\"color: #000000\">\ud83d\udc9a<\/span><\/span>bidrar till immunsystemets normala funktion<\/p>\n<p><span class=\"ml-1\"><span style=\"color: #000000\">\ud83d\udc9a<\/span><\/span>kombination av j\u00e4rn och vitaminer f\u00f6r b\u00e4ttre utnyttjande<\/p>\n<p><span class=\"ml-1\"><span style=\"color: #000000\">\ud83d\udc9a <\/span><\/span>l\u00e4mplig f\u00f6r veganer<\/p>\n<p><span class=\"ml-1\"><span style=\"color: #000000\">\ud83d\udc9a <\/span><\/span>gluten-, laktos- och GMO-fri<\/p>\n","protected":false},"featured_media":7598,"comment_status":"open","ping_status":"closed","template":"","meta":{"_acf_changed":false},"product_brand":[],"product_cat":[15,225,224,231,234],"product_tag":[],"class_list":{"0":"post-7599","1":"product","2":"type-product","3":"status-publish","4":"has-post-thumbnail","6":"product_cat-uncategorized","7":"product_cat-alla-produkter","8":"product_cat-erbjudande","9":"product_cat-mineraler-vitaminer","10":"product_cat-ny","12":"first","13":"instock","14":"sale","15":"taxable","16":"shipping-taxable","17":"purchasable","18":"product-type-simple"},"acf":[],"_links":{"self":[{"href":"https:\/\/fengchashop.com\/se\/wp-json\/wp\/v2\/product\/7599","targetHints":{"allow":["GET"]}}],"collection":[{"href":"https:\/\/fengchashop.com\/se\/wp-json\/wp\/v2\/product"}],"about":[{"href":"https:\/\/fengchashop.com\/se\/wp-json\/wp\/v2\/types\/product"}],"replies":[{"embeddable":true,"href":"https:\/\/fengchashop.com\/se\/wp-json\/wp\/v2\/comments?post=7599"}],"wp:featuredmedia":[{"embeddable":true,"href":"https:\/\/fengchashop.com\/se\/wp-json\/wp\/v2\/media\/7598"}],"wp:attachment":[{"href":"https:\/\/fengchashop.com\/se\/wp-json\/wp\/v2\/media?parent=7599"}],"wp:term":[{"taxonomy":"product_brand","embeddable":true,"href":"https:\/\/fengchashop.com\/se\/wp-json\/wp\/v2\/product_brand?post=7599"},{"taxonomy":"product_cat","embeddable":true,"href":"https:\/\/fengchashop.com\/se\/wp-json\/wp\/v2\/product_cat?post=7599"},{"taxonomy":"product_tag","embeddable":true,"href":"https:\/\/fengchashop.com\/se\/wp-json\/wp\/v2\/product_tag?post=7599"}],"curies":[{"name":"wp","href":"https:\/\/api.w.org\/{rel}","templated":true}]}}