{"id":7244,"date":"2026-01-13T17:09:26","date_gmt":"2026-01-13T16:09:26","guid":{"rendered":"https:\/\/fengchashop.com\/se\/?post_type=product&#038;p=7244"},"modified":"2026-04-28T15:38:31","modified_gmt":"2026-04-28T13:38:31","slug":"ganoderma-lucidum-reishi-bio-125-g","status":"publish","type":"product","link":"https:\/\/fengchashop.com\/se\/product\/ganoderma-lucidum-reishi-bio-125-g\/","title":{"rendered":"Ganoderma lucidum (Reishi) BIO 125 g"},"content":{"rendered":"<h2><span style=\"color: #000000;\">Ganoderma lucidum (Reishi) BIO<\/span><\/h2>\n<p><span style=\"color: #000000;\">Ganoderma lucidum, \u00e4ven k\u00e4nd som<strong> od\u00f6dlighetens svamp<\/strong>, har anv\u00e4nts inom traditionell kinesisk medicin i \u00e5tminstone n\u00e5gra \u00e5rtusenden. Den \u00e4r k\u00e4nd f\u00f6r att f\u00f6rb\u00e4ttra det<strong> allm\u00e4nna v\u00e4lbefinnandet och immunf\u00f6rsvaret.<\/strong> Dessutom har den m\u00e5nga andra positiva effekter p\u00e5 v\u00e5r h\u00e4lsa. Bland annat kan det omvandla en obalanserad kropp till en frisk kropp, vilket bidrar till att bibeh\u00e5lla en god fysisk kondition samtidigt som det h\u00e5ller v\u00e5r kropp i vital balans.<\/span><\/p>\n<p><span style=\"color: #000000;\">Det har anv\u00e4nts i traditionell kinesisk medicin i <strong>minst 4000 \u00e5r<\/strong>. I v\u00e4stv\u00e4rlden har den dock f\u00f6rst p\u00e5 senare tid r\u00f6nt s\u00e4rskilt intresse. I Asien anses Ganoderma vara en svamp som<strong> fr\u00e4mjar livsl\u00e4ngd och f\u00f6rb\u00e4ttrar h\u00e4lsan<\/strong>. Den tros ocks\u00e5 ha en effekt p\u00e5 v\u00e5r mentala och psykologiska h\u00e4lsa. Den anses av m\u00e5nga lindra sp\u00e4nningar, lugna, f\u00f6rb\u00e4ttra minne och koncentration och st\u00e4rka viljan.<\/span><\/p>\n<p><span style=\"color: #000000;\">Produktionen av v\u00e5r Ganoderma lucidum \u00e4r strikt kontrollerad, utan anv\u00e4ndning av kemikalier eller bek\u00e4mpningsmedel och 100 % <strong>ekologisk<\/strong>. Svamparnas kvalitet \u00f6vervakas regelbundet av oberoende laboratorier i Slovenien och USA.<\/span><\/p>\n<h2><span style=\"color: #000000;\">Vad inneh\u00e5ller den och vem \u00e4r den avsedd f\u00f6r?<\/span><\/h2>\n<p><span style=\"color: #000000;\">Ganoderma lucidum best\u00e5r <strong>av komplexa polysackarider, triterpenoider, vitaminer<\/strong> (A, B2, B3, B6, folsyra m.m.) och<strong> bioaktiva mineraler<\/strong> (germanium, j\u00e4rn, magnesium, zink, koppar, mangan m.m.). Det \u00e4r ocks\u00e5 en naturlig k\u00e4lla till betaglukan, som spelar en viktig roll f\u00f6r att skapa ett h\u00e4lsosamt immunf\u00f6rsvar. Alla dessa element finns i stora m\u00e4ngder i svampen och har d\u00e4rf\u00f6r en extremt positiv effekt p\u00e5 v\u00e5r kropp.<\/span><\/p>\n<p><span style=\"color: #000000;\">Reishi \u00e4r en av de mest bepr\u00f6vade medicinska svamparna. Dess aktiva egenskaper har ocks\u00e5 bevisats<strong> vetenskapligt<\/strong>. V\u00e5ra medicinska svampar studeras ocks\u00e5 regelbundet i forskning i samarbete med slovenska och utl\u00e4ndska forskningsinstitutioner.<\/span><\/p>\n<p><span style=\"color: #000000;\">I pulverform inneh\u00e5ller Ganoderma lucidum m\u00e5nga n\u00e4rings\u00e4mnen. Studier i olika l\u00e4nder runt om i v\u00e4rlden har funnit m\u00e5nga positiva effekter i samband med regelbunden konsumtion av Ganoderma lucidum. Vi rekommenderar d\u00e4rf\u00f6r konsumtion av Ganoderma lucidum till alla. Speciellt de som skulle dra nytta av effekterna nedan:<\/span><\/p>\n<p><span style=\"color: #000000;\"> \ud83d\udc9a Stimulerar immunf\u00f6rsvaret,<\/span><\/p>\n<p><span style=\"color: #000000;\"> \ud83d\udc9a har en anticancereffekt,<\/span><\/p>\n<p><span style=\"color: #000000;\"> \ud83d\udc9a f\u00f6rb\u00e4ttrar blodcirkulationen,<\/span><\/p>\n<p><span style=\"color: #000000;\"> \ud83d\udc9a reglerar blodtryck, kolesterol och blodsocker vid diabetes,<\/span><\/p>\n<p><span style=\"color: #000000;\"> \ud83d\udc9a har en antiallergisk effekt,<\/span><\/p>\n<p><span style=\"color: #000000;\"> \ud83d\udc9a f\u00f6rhindrar hepatit,<\/span><\/p>\n<p><span style=\"color: #000000;\"> \ud83d\udc9a har funktionen att h\u00e5lla hj\u00e4rtat och k\u00e4rlsystemet friskt,<\/span><\/p>\n<p><span style=\"color: #000000;\"> \ud83d\udc9a \u00e4r en kraftfull antioxidant som f\u00e5ngar upp fria radikaler,<\/span><\/p>\n<p><span style=\"color: #000000;\"> \ud83d\udc9a minskar biverkningarna av kemoterapi ,<\/span><\/p>\n<p><span style=\"color: #000000;\"> \ud83d\udc9a hj\u00e4lper till med arterioskleros och multipel skleros,<\/span><\/p>\n<p><span style=\"color: #000000;\"> \ud83d\udc9a hj\u00e4lper mot astma och bronkit,<\/span><\/p>\n<p><span style=\"color: #000000;\"> \ud83d\udc9a har en antiinflammatorisk effekt,<\/span><\/p>\n<p><span style=\"color: #000000;\"> \ud83d\udc9a hj\u00e4lper till med depression, stress, nervositet, r\u00e4dsla, \u00e5ngest, \u00e5ngest, tr\u00f6tthet, s\u00f6mnst\u00f6rningar,<\/span><\/p>\n<p><span style=\"color: #000000;\"> \ud83d\udc9a hj\u00e4lper vid magbesv\u00e4r, tarms\u00e5r, gastrit, st\u00f6rningar i fettmetabolismen, p\u00e5skyndar matsm\u00e4ltningen och f\u00f6rebygger inflammation i tarmarna och halsbr\u00e4nna,<\/span><\/p>\n<p><span style=\"color: #000000;\"> \ud83d\udc9a lindrar klimakteriebesv\u00e4r och stimulerar libido,<\/span><\/p>\n<p><span style=\"color: #000000;\"> \ud83d\udc9a f\u00f6rebygger trombos, hj\u00e4rtrytmrubbningar och hj\u00e4rtinfarkt,<\/span><\/p>\n<p><span style=\"color: #000000;\"> \ud83d\udc9a lugnar och f\u00f6rhindrar allergiska reaktioner som anafylaktisk chock, urtikaria, bronkialastma,<\/span><\/p>\n<p><span style=\"color: #000000;\"> \ud83d\udc9a hj\u00e4lper till med inflammation i nervsystemet, herpes zoster, neurodermatit och atopisk dermatit,<\/span><\/p>\n<p><span style=\"color: #000000;\"> \ud83d\udc9a hj\u00e4lper ocks\u00e5 till med migr\u00e4n, f\u00f6rkylning, \u00f6dem, gikt, minskar \u00f6vervikt etc.<\/span><\/p>\n<p><span style=\"color: #000000;\">Och vad som \u00e4r oerh\u00f6rt viktigt h\u00e4r \u00e4r att Ganoderma lucidum \u00e4r en 100% naturlig produkt som kan hj\u00e4lpa oss p\u00e5 ett naturligt s\u00e4tt. Det f\u00f6rb\u00e4ttrar symtomen p\u00e5 v\u00e5ra problem och har en positiv effekt p\u00e5 v\u00e5rt allm\u00e4nna v\u00e4lbefinnande.<\/span><\/p>\n<h2><span style=\"color: #000000;\">Varf\u00f6r svampar?<\/span><\/h2>\n<p><span style=\"color: #000000;\">Svampar \u00e4r mycket intressanta. De \u00e4r varken v\u00e4xter eller djur, men vad de \u00e4r, de \u00e4r verkligen fantastiska organismer som har lyckats \u00f6verleva n\u00e4stan sedan v\u00e4rldens b\u00f6rjan. De har utvecklat en speciell \u00f6verlevnadsstrategi som har h\u00e5llit dem vid liv till denna dag. Och vi m\u00e4nniskor kan ocks\u00e5 dra nytta av dessa f\u00f6rdelar genom att konsumera medicinska svampar. De ger oss balans p\u00e5 ett fysiskt plan och skyddar oss mot m\u00e5nga sjukdomar. De kan vara en f\u00f6rebyggande eller st\u00f6djande botande behandling f\u00f6r m\u00e5nga (moderna) sjukdomar, oavsett om de \u00e4r konventionella eller p\u00e5 annat s\u00e4tt okonventionella. Traditionellt har svampar tillskrivits sina effekter vid cancer, autoimmuna sjukdomar och allergier. De \u00e4r ocks\u00e5 bra f\u00f6r ett h\u00e4lsosamt och starkt immunf\u00f6rsvar. Medicinsk forskning som utf\u00f6rts under de senaste decennierna, n\u00e4r svampar har blivit av intresse i v\u00e4stv\u00e4rlden, har dock bekr\u00e4ftat m\u00e5nga av deras terapeutiska effekter.<\/span><\/p>\n<p><span style=\"color: #000000;\">Eftersom vissa naturliga aktiva substanser \u00e4r osm\u00e4ltbara eller sv\u00e5ra f\u00f6r oss att sm\u00e4lta, \u00e4r det mycket viktigt att endast konsumera de b\u00e4sta svamppulvren. Svampar m\u00e5ste odlas, torkas och beredas p\u00e5 r\u00e4tt s\u00e4tt. De m\u00e5ste malas till ett fint pulver utan n\u00e5gra bitar. F\u00e4rgen p\u00e5 pulvret \u00e4r ljusare, men i \u00f6vrigt beror det ocks\u00e5 p\u00e5 vilken typ av svamp som konsumeras. Eftersom svampar \u00e4r s\u00e5 effektiva just f\u00f6r att de har f\u00f6rm\u00e5gan att absorbera allt &#8211; bra och d\u00e5ligt &#8211; fr\u00e5n omgivningen, \u00e4r det viktigt att anv\u00e4nda ekologiskt odlade s\u00e5dana.<\/span><\/p>\n<h2><span style=\"color: #000000;\">F\u00f6rpackning<\/span><\/h2>\n<p><span style=\"color: #000000;\">Icke-genomsl\u00e4pplig zip-lock-p\u00e5se d\u00e4r produkten beh\u00e5ller all sin fr\u00e4sch\u00f6r och arom. F\u00f6rpackningen skyddar produkten fr\u00e5n ljus och luft, eftersom den best\u00e5r av flera skyddslager som bevarar inneh\u00e5llets egenskaper.<\/span><\/p>\n<p><span style=\"color: #000000;\">F\u00f6rpackningen \u00e4r mycket praktisk och \u00e5tervinningsbar.<\/span><\/p>\n<h2><span style=\"color: #000000;\">F\u00f6rvaring och varningar<\/span><\/h2>\n<p><span style=\"color: #000000;\">F\u00f6rvaras p\u00e5 en sval och torr plats. F\u00f6rvara kosttillskottet utom r\u00e4ckh\u00e5ll f\u00f6r barn!<\/span><\/p>\n<p><span style=\"color: #000000;\">Kom ih\u00e5g vikten av en varierad kost och en h\u00e4lsosam livsstil, ett kosttillskott \u00e4r d\u00e4rf\u00f6r inte en ers\u00e4ttning f\u00f6r en balanserad och varierad kost. Den rekommenderade dagliga m\u00e4ngden eller dosen b\u00f6r inte \u00f6verskridas. Gravida och ammande kvinnor rekommenderas alltid att r\u00e5dfr\u00e5ga l\u00e4kare f\u00f6re anv\u00e4ndning.<\/span><\/p>\n<h2><span style=\"color: #000000;\">Bra att veta<\/span><\/h2>\n<p><span style=\"color: #000000;\">Produkten \u00e4r ocks\u00e5 l\u00e4mplig f\u00f6r djur. I de flesta fall visar sig medicinska svampar vara extremt effektiva f\u00f6r att st\u00e4rka immunf\u00f6rsvaret, eliminera allergier och hudbesv\u00e4r samt virus- och bakterieinfektioner. R\u00e5dg\u00f6r med din veterin\u00e4r f\u00f6re anv\u00e4ndning om det \u00e4r l\u00e4mpligt att ta och den rekommenderade dagliga m\u00e4ngden.<\/span><\/p>\n<h2><span style=\"color: #000000;\">Ursprung<\/span><\/h2>\n<p>Kina.<\/p>\n<p>Vi har mycket p\u00e5litliga leverant\u00f6rer som skickar oss en detaljerad kemisk analys av livsmedlet f\u00f6r varje batch. Under mer \u00e4n tio \u00e5r har vi aldrig haft n\u00e5gon \u00e5terkallelse eller n\u00e5got annat problem med denna vara, inte heller med andra varor fr\u00e5n samma leverant\u00f6r.<\/p>\n<p>Artikeln \u00e4r 100% certifierat ekologisk.<\/p>\n","protected":false},"excerpt":{"rendered":"<p>Ganoderma lucidum, \u00e4ven k\u00e4nd som <strong>od\u00f6dlighetssvampen<\/strong>, har anv\u00e4nts inom traditionell kinesisk medicin i \u00e5tminstone n\u00e5gra \u00e5rtusenden.<br \/>\nDen \u00e4r k\u00e4nd f\u00f6r att f\u00f6rb\u00e4ttra det <strong>allm\u00e4nna v\u00e4lbefinnandet och immunf\u00f6rsvaret<\/strong>.<br \/>\nDessutom har den m\u00e5nga andra positiva effekter p\u00e5 v\u00e5r h\u00e4lsa.<br \/>\nDen har anv\u00e4nts i traditionell kinesisk medicin i <strong>minst 4000 \u00e5r<\/strong>.<\/p>\n<p><span style=\"color: #000000;\">\ud83d\udc9a <\/span>Stimulerar immunf\u00f6rsvaret.<\/p>\n<p><span style=\"color: #000000;\">\ud83d\udc9a <\/span>F\u00f6rb\u00e4ttrar blodcirkulationen.<\/p>\n<p><span style=\"color: #000000;\">\ud83d\udc9a <\/span>Bidrar till att uppr\u00e4tth\u00e5lla ett friskt hj\u00e4rta och k\u00e4rlsystem.<\/p>\n<p><span style=\"color: #000000;\">\ud83d\udc9a <\/span>\u00c4r en kraftfull antioxidant som f\u00e5ngar upp fria radikaler.<\/p>\n<p><span style=\"color: #000000;\">\ud83d\udc9a <\/span>Har en positiv effekt p\u00e5 en rad h\u00e4lsoproblem.<\/p>\n","protected":false},"featured_media":5871,"comment_status":"open","ping_status":"closed","template":"","meta":{"_acf_changed":false},"product_brand":[],"product_cat":[225,230,224,229,226],"product_tag":[],"class_list":{"0":"post-7244","1":"product","2":"type-product","3":"status-publish","4":"has-post-thumbnail","6":"product_cat-alla-produkter","7":"product_cat-bast-salda","8":"product_cat-erbjudande","9":"product_cat-medicinska-svampar","10":"product_cat-supermat","12":"first","13":"instock","14":"taxable","15":"shipping-taxable","16":"purchasable","17":"product-type-simple"},"acf":[],"_links":{"self":[{"href":"https:\/\/fengchashop.com\/se\/wp-json\/wp\/v2\/product\/7244","targetHints":{"allow":["GET"]}}],"collection":[{"href":"https:\/\/fengchashop.com\/se\/wp-json\/wp\/v2\/product"}],"about":[{"href":"https:\/\/fengchashop.com\/se\/wp-json\/wp\/v2\/types\/product"}],"replies":[{"embeddable":true,"href":"https:\/\/fengchashop.com\/se\/wp-json\/wp\/v2\/comments?post=7244"}],"wp:featuredmedia":[{"embeddable":true,"href":"https:\/\/fengchashop.com\/se\/wp-json\/wp\/v2\/media\/5871"}],"wp:attachment":[{"href":"https:\/\/fengchashop.com\/se\/wp-json\/wp\/v2\/media?parent=7244"}],"wp:term":[{"taxonomy":"product_brand","embeddable":true,"href":"https:\/\/fengchashop.com\/se\/wp-json\/wp\/v2\/product_brand?post=7244"},{"taxonomy":"product_cat","embeddable":true,"href":"https:\/\/fengchashop.com\/se\/wp-json\/wp\/v2\/product_cat?post=7244"},{"taxonomy":"product_tag","embeddable":true,"href":"https:\/\/fengchashop.com\/se\/wp-json\/wp\/v2\/product_tag?post=7244"}],"curies":[{"name":"wp","href":"https:\/\/api.w.org\/{rel}","templated":true}]}}