{"id":7168,"date":"2025-12-09T12:01:46","date_gmt":"2025-12-09T11:01:46","guid":{"rendered":"https:\/\/fengchashop.com\/se\/?post_type=product&#038;p=7168"},"modified":"2026-04-28T13:32:23","modified_gmt":"2026-04-28T11:32:23","slug":"bach-blomsterdroppar-forsta-hjalpen","status":"publish","type":"product","link":"https:\/\/fengchashop.com\/se\/product\/bach-blomsterdroppar-forsta-hjalpen\/","title":{"rendered":"Bach blomsterdroppar F\u00f6rsta hj\u00e4lpen"},"content":{"rendered":"<h2 style=\"text-align: justify;\"><span style=\"color: #000000;\">Bachblomsterdroppar f\u00f6rsta hj\u00e4lpen<\/span><\/h2>\n<p>I vardagen m\u00f6ter vi <strong>stress, sp\u00e4nning eller obehagliga k\u00e4nslor<\/strong> som vi ibland har sv\u00e5rt att hantera. Det kan handla om pl\u00f6tsliga livsf\u00f6r\u00e4ndringar, problem p\u00e5 jobbet, utmaningar i relationer eller helt enkelt k\u00e4nslor av oro och sp\u00e4nning. Om dessa situationer upprepas eller varar under en l\u00e4ngre tid kan de bli \u00f6verv\u00e4ldigande.<\/p>\n<p>I s\u00e5dana stunder \u00e4r <strong>Bachblomsterdroppar<\/strong> verklig f\u00f6rsta hj\u00e4lp. <strong>De hj\u00e4lper till att lugna tankarna, minska stress och sp\u00e4nning samt att b\u00e4ttre kontrollera k\u00e4nslom\u00e4ssiga reaktioner<\/strong>.<\/p>\n<h2>Individuellt anpassad blandning<\/h2>\n<p>En Bach-terapeut f\u00f6rbereder efter konsultation med dig en <strong>f\u00e4rsk, individuellt anpassad blandning av blomessenser<\/strong> (inklusive <em>Rescue Remedy<\/em>). Varje blandning r\u00e4cker i cirka en m\u00e5nad och inneh\u00e5ller inga konserveringsmedel. Dropparna tas direkt under tungan eller i dryck, vilket s\u00e4kerst\u00e4ller snabb och effektiv verkan.<\/p>\n<h2>Hur fungerar Bachblomsterdroppar?<\/h2>\n<p>Bachblomsterdroppar p\u00e5verkar det emotionella tillst\u00e5ndet och hj\u00e4lper till att harmonisera stressiga situationer. De \u00e4r anv\u00e4ndbara vid:<\/p>\n<ul>\n<li>k\u00e4nslor av panik eller oro,<\/li>\n<li>pl\u00f6tslig bekymmer eller chock,<\/li>\n<li>hantering av stressiga h\u00e4ndelser (ov\u00e4ntad f\u00f6r\u00e4ndring, kr\u00e4vande dagar, konflikter \u2026),<\/li>\n<li>traumatiska upplevelser (sjukdom, f\u00f6rlust, f\u00f6r\u00e4ndringar, pl\u00f6tsliga livssituationer \u2026).<\/li>\n<\/ul>\n<p>Blandningarna tillverkas enligt <strong>Dr. Bachs ursprungliga metod<\/strong> med enbart <strong>originala Bach-blomessenser<\/strong>. Dropparna <strong>har inga biverkningar<\/strong> och kan inte \u00f6verdoseras.<\/p>\n<p style=\"text-align: justify;\"><span style=\"color: #000000;\">P\u00e5verkar inte andra l\u00e4kemedel.<\/span><\/p>\n<h2 style=\"text-align: justify;\"><span style=\"color: #000000;\">F\u00f6rvaring<\/span><\/h2>\n<p style=\"text-align: justify;\"><span style=\"color: #000000;\">F\u00f6rvaras torrt och m\u00f6rkt, vid temperatur upp till +25 \u00b0C.<\/span><\/p>\n<h2 style=\"text-align: justify;\"><span style=\"color: #000000;\">M\u00e4ngd<\/span><\/h2>\n<p style=\"text-align: justify;\"><span style=\"color: #000000;\">30 ml (r\u00e4cker f\u00f6r 30 dagar med regelbunden anv\u00e4ndning)<\/span><\/p>\n<p>&nbsp;<\/p>\n","protected":false},"excerpt":{"rendered":"<p>Bach-droppar \u00e4r effektiva mot olika k\u00e4nslom\u00e4ssiga besv\u00e4r. De hj\u00e4lper till i olika kriser och sv\u00e5ra livssituationer. De hj\u00e4lper till att lugna ner sig och h\u00e5lla huvudet kallt. De p\u00e5verkar v\u00e5rt k\u00e4nslol\u00e4ge och hj\u00e4lper till att harmonisera det.<\/p>\n<p>\ud83d\udc9a Dropparna packas f\u00f6r hand p\u00e5 leveransdagen.<br \/>\n\ud83d\udc9a De \u00e4r l\u00e4mpliga f\u00f6r alla m\u00e4nniskor (gravida kvinnor, \u00e4ldre, barn, &#8230;) och djur.<br \/>\n\ud83d\udc9a De har inga biverkningar, \u00e4r inte beroendeframkallande och kan inte \u00f6verdoseras.<br \/>\n\ud83d\udc9a Du kan m\u00e4rka de f\u00f6rsta resultaten efter n\u00e5gra dagar eller veckor, detta beror p\u00e5 varje individ.<br \/>\n\ud83d\udc9a Interagerar inte med andra l\u00e4kemedel.<\/p>\n","protected":false},"featured_media":6911,"comment_status":"open","ping_status":"closed","template":"","meta":{"_acf_changed":false},"product_brand":[],"product_cat":[225,236,224],"product_tag":[],"class_list":{"0":"post-7168","1":"product","2":"type-product","3":"status-publish","4":"has-post-thumbnail","6":"product_cat-alla-produkter","7":"product_cat-bachs-droppar","8":"product_cat-erbjudande","10":"first","11":"instock","12":"sale","13":"taxable","14":"shipping-taxable","15":"purchasable","16":"product-type-simple"},"acf":[],"_links":{"self":[{"href":"https:\/\/fengchashop.com\/se\/wp-json\/wp\/v2\/product\/7168","targetHints":{"allow":["GET"]}}],"collection":[{"href":"https:\/\/fengchashop.com\/se\/wp-json\/wp\/v2\/product"}],"about":[{"href":"https:\/\/fengchashop.com\/se\/wp-json\/wp\/v2\/types\/product"}],"replies":[{"embeddable":true,"href":"https:\/\/fengchashop.com\/se\/wp-json\/wp\/v2\/comments?post=7168"}],"wp:featuredmedia":[{"embeddable":true,"href":"https:\/\/fengchashop.com\/se\/wp-json\/wp\/v2\/media\/6911"}],"wp:attachment":[{"href":"https:\/\/fengchashop.com\/se\/wp-json\/wp\/v2\/media?parent=7168"}],"wp:term":[{"taxonomy":"product_brand","embeddable":true,"href":"https:\/\/fengchashop.com\/se\/wp-json\/wp\/v2\/product_brand?post=7168"},{"taxonomy":"product_cat","embeddable":true,"href":"https:\/\/fengchashop.com\/se\/wp-json\/wp\/v2\/product_cat?post=7168"},{"taxonomy":"product_tag","embeddable":true,"href":"https:\/\/fengchashop.com\/se\/wp-json\/wp\/v2\/product_tag?post=7168"}],"curies":[{"name":"wp","href":"https:\/\/api.w.org\/{rel}","templated":true}]}}