{"id":7140,"date":"2025-10-06T13:58:02","date_gmt":"2025-10-06T11:58:02","guid":{"rendered":"https:\/\/fengchashop.com\/se\/?post_type=product&#038;p=7140"},"modified":"2026-04-27T23:25:52","modified_gmt":"2026-04-27T21:25:52","slug":"cordyceps-bio-2","status":"publish","type":"product","link":"https:\/\/fengchashop.com\/se\/product\/cordyceps-bio-2\/","title":{"rendered":"Cordyceps BIO 500 g"},"content":{"rendered":"<h2><span style=\"color: #000000\">Cordyceps bio<\/span><\/h2>\n<p><span style=\"color: #000000\">Cordyceps-svampen har varit <strong>k\u00e4nd inom traditionell medicin i tusentals \u00e5r och<\/strong> har anv\u00e4nts f\u00f6r medicinska \u00e4ndam\u00e5l minst lika l\u00e4nge, tack vare sina positiva egenskaper. Svampen v\u00e4xer spontant i omr\u00e5den med h\u00f6ga berg och \u00e4r ett kosttillskott som \u00e4r k\u00e4nt f\u00f6r sin <strong>f\u00f6rm\u00e5ga att vitalisera kroppen och st\u00e4rka immunf\u00f6rsvaret<\/strong>. I Fj\u00e4rran \u00d6stern sk\u00f6rdas den i sitt naturliga habitat, som \u00e4r mycket sv\u00e5rtillg\u00e4ngligt. Dess ringa storlek (en enda torr svamp v\u00e4ger cirka 0,3 g), det faktum att den bara v\u00e4xer 14 dagar om \u00e5ret, de aktiva ingredienser den inneh\u00e5ller och dess utbredda anv\u00e4ndning inom traditionell medicin g\u00f6r att den kan betinga priser p\u00e5 upp till 50 000 euro\/kg. Fram till nyligen var det d\u00e4rf\u00f6r den endast var reserverad f\u00f6r kinesiska kejsare och h\u00e4rskare.<\/span><\/p>\n<p><span style=\"color: #000000\">Cordyceps<strong> anses vara den mest kompletta n\u00e4ringsuppt\u00e4ckten under detta \u00e5rtusende.<\/strong> Den \u00e5terst\u00e4ller energin och immunf\u00f6rsvaret och f\u00f6rebygger (degenerativa) sjukdomar. Ibland kallas den ocks\u00e5 en superoxidant, den \u00f6kar syret i blodet, \u00e5terst\u00e4ller organismen och f\u00f6rhindrar surhet.<\/span><\/p>\n<p><span style=\"color: #000000\">Svampen \u00e4r mycket sv\u00e5r att producera, s\u00e4rskilt i Europa, men vi \u00e4r stolta \u00f6ver att ha f\u00f6r\u00e4dlat den. V\u00e5r Cordyceps odlas i Slovenien, i slutna och kontrollerade utrymmen, utan anv\u00e4ndning av kemikalier. <strong>Det \u00e4r en av de h\u00f6gsta kvalitet du hittar p\u00e5 marknaden idag.<\/strong><\/span><\/p>\n<p><span style=\"color: #000000\">Cordyceps \u00e4r en parasitsvamp som v\u00e4xer i naturen som en parasit p\u00e5 insekter, fr\u00e4mst larver, d\u00e4rav dess namn p\u00e5 engelska Caterpillar Fungus. V\u00e5ra odlade svampar odlas inte p\u00e5 djurv\u00e4rdar och \u00e4r d\u00e4rf\u00f6r ocks\u00e5 l\u00e4mpliga f\u00f6r vegetarianer eller veganer.<\/span><\/p>\n<p><span style=\"color: #000000\">Produktionen av v\u00e5ra Cordyceps-svampar \u00e4r strikt kontrollerad, utan anv\u00e4ndning av kemikalier eller bek\u00e4mpningsmedel och<strong> 100 % ekologisk<\/strong>. Svamparnas kvalitet \u00f6vervakas regelbundet av oberoende laboratorier i Slovenien och USA.<\/span><\/p>\n<h2><span style=\"color: #000000\">Vad inneh\u00e5ller den och vem \u00e4r den avsedd f\u00f6r?<\/span><\/h2>\n<p><span style=\"color: #000000\">Cordyceps best\u00e5r av komplexa lipider, proteiner, oligoelement, polysackarider och vitaminer. Alla element i svampen finns i stora m\u00e4ngder och har en mycket positiv effekt p\u00e5 v\u00e5r kropp. Den inneh\u00e5ller ocks\u00e5 <strong>mineraler<\/strong> som zink och selen, samt 77 <strong>mikro- och makroelement<\/strong> och<strong> unika \u00e4mnen<\/strong> som cordycepin (adenosin), cordycepinsyra (D-mannitol) och en immunmodulerande polysackarid <strong>(beta-D-glukan<\/strong> ).<\/span><\/p>\n<p><span style=\"color: #000000\">I pulverform inneh\u00e5ller Cordyceps m\u00e5nga n\u00e4rings\u00e4mnen vars positiva effekter ocks\u00e5 har bevisats vetenskapligt. Studier i olika l\u00e4nder runt om i v\u00e4rlden har identifierat m\u00e5nga positiva effekter av regelbunden konsumtion av Cordyceps. S\u00e5 de helande effekterna av Cordyceps, som faktiskt \u00e4r f\u00f6rdelaktiga effekter som erk\u00e4nns av traditionell medicin och som ocks\u00e5 har bevisats i modern forskning, \u00e4r f\u00f6ljande:<\/span><\/p>\n<p><span style=\"color: #000000\"> \ud83d\udc9a Stimulerar <strong>immunf\u00f6rsvaret<\/strong>,<\/span><\/p>\n<p><span style=\"color: #000000\"> \ud83d\udc9a f\u00f6rb\u00e4ttrar det<strong> fysiska tillst\u00e5ndet<\/strong>,<\/span><\/p>\n<p><span style=\"color: #000000\"> \ud83d\udc9a \u00f6kar<strong> kroppens energi<\/strong>,<\/span><\/p>\n<p><span style=\"color: #000000\"> \ud83d\udc9a har en <strong>anti-stress<\/strong> effekt,<\/span><\/p>\n<p><span style=\"color: #000000\"> \ud83d\udc9a \u00f6kar den<strong> sexuella aktiviteten<\/strong>,<\/span><\/p>\n<p><span style=\"color: #000000\"> \ud83d\udc9a hj\u00e4lper till med h\u00f6gt <strong>HDL-kolesterol, \u00f6vervikt och diabetes<\/strong>,<\/span><\/p>\n<p><span style=\"color: #000000\"> \ud83d\udc9a har funktionen att uppr\u00e4tth\u00e5lla<strong> ett h\u00e4lsosamt hj\u00e4rta och k\u00e4rlsystem<\/strong>.<\/span><\/p>\n<p><span style=\"color: #000000\">Cordyceps rekommenderas s\u00e4rskilt f\u00f6r<strong> idrottare<\/strong> och andra aktiva m\u00e4nniskor efter l\u00e5ngvarig fysisk anstr\u00e4ngning och f\u00f6r m\u00e4nniskor som vill ha en mer aktiv takt i sina dagliga uppgifter. Det rekommenderas ocks\u00e5 f\u00f6r<strong> \u00f6kad tr\u00f6tthet, brist p\u00e5 energi och stress<\/strong>. Det \u00e4r ocks\u00e5 ett hj\u00e4lpmedel f\u00f6r att<strong> \u00f6ka den sexuella potensen och st\u00e4rker kroppen och sinnet<\/strong>. Det hj\u00e4lper oss att hantera<strong> stress<\/strong>, som oftast orsakas av utmaningarna i vardagen. Det rekommenderas ocks\u00e5 ofta f\u00f6r <strong>diabetiker, cancerpatienter och patienter med hj\u00e4rt-k\u00e4rlsjukdomar, inklusive<\/strong> hj\u00e4rtsvikt och arytmi. Cordyceps \u00e4r ocks\u00e5 bra f\u00f6r luftv\u00e4garna och behandlar luftv\u00e4gssjukdomar som astma. Dess antivirala egenskaper har en effekt p\u00e5 virusinfektioner som influensa.<\/span><\/p>\n<p><span style=\"color: #000000\">Och vad som \u00e4r oerh\u00f6rt viktigt h\u00e4r \u00e4r att Cordyceps \u00e4r en 100% naturlig produkt som kan hj\u00e4lpa oss p\u00e5 ett naturligt s\u00e4tt. Det f\u00f6rb\u00e4ttrar symtomen p\u00e5 v\u00e5ra problem och har en positiv effekt p\u00e5 v\u00e5rt allm\u00e4nna v\u00e4lbefinnande.<\/span><\/p>\n<h2><span style=\"color: #000000\">Varf\u00f6r svampar?<\/span><\/h2>\n<p><span style=\"color: #000000\">Svampar \u00e4r mycket intressanta. De \u00e4r varken v\u00e4xter eller djur, men vad de \u00e4r, de \u00e4r verkligen otroliga organismer som har lyckats \u00f6verleva, i sj\u00e4lva verket n\u00e4stan sedan v\u00e4rldens b\u00f6rjan. De har utvecklat en speciell \u00f6verlevnadsstrategi som har h\u00e5llit dem vid liv fram till i dag. Och vi m\u00e4nniskor kan ocks\u00e5 dra nytta av dessa f\u00f6rdelar genom att konsumera medicinska svampar. De ger oss balans p\u00e5 ett fysiskt plan och skyddar oss mot m\u00e5nga sjukdomar. De kan vara en f\u00f6rebyggande eller st\u00f6djande kurativ behandling f\u00f6r m\u00e5nga (moderna) sjukdomar, oavsett om de \u00e4r konventionella eller p\u00e5 annat s\u00e4tt okonventionella. Traditionellt har svampar tillskrivits sina effekter vid cancer, autoimmuna sjukdomar och allergier. De \u00e4r ocks\u00e5 bra f\u00f6r ett h\u00e4lsosamt och starkt immunf\u00f6rsvar. Medicinsk forskning som utf\u00f6rts under de senaste decennierna, n\u00e4r svampar har blivit av intresse i v\u00e4stv\u00e4rlden, har dock bekr\u00e4ftat m\u00e5nga av deras terapeutiska effekter.<\/span><\/p>\n<p><span style=\"color: #000000\">Eftersom vissa naturliga aktiva substanser \u00e4r osm\u00e4ltbara eller sv\u00e5ra f\u00f6r oss att sm\u00e4lta, \u00e4r det mycket viktigt att endast konsumera de b\u00e4sta svamppulvren. Svampar m\u00e5ste odlas, torkas och beredas p\u00e5 r\u00e4tt s\u00e4tt. De m\u00e5ste malas till ett fint pulver utan n\u00e5gra bitar. F\u00e4rgen p\u00e5 pulvret \u00e4r ljusare, men i \u00f6vrigt beror det ocks\u00e5 p\u00e5 vilken typ av svamp som konsumeras. Eftersom svampar \u00e4r s\u00e5 effektiva just f\u00f6r att de har f\u00f6rm\u00e5gan att absorbera allt &#8211; bra och d\u00e5ligt &#8211; fr\u00e5n omgivningen, \u00e4r det viktigt att anv\u00e4nda ekologiskt odlade s\u00e5dana.<\/span><\/p>\n<h2><span style=\"color: #000000\">F\u00f6rpackning<\/span><\/h2>\n<p><span style=\"color: #000000\">Icke-genomsl\u00e4pplig zip-lock-p\u00e5se, d\u00e4r produkten beh\u00e5ller all sin f\u00e4rskhet och arom. F\u00f6rpackningen skyddar produkten fr\u00e5n ljus och luft, eftersom den best\u00e5r av flera skyddslager som bevarar inneh\u00e5llets egenskaper.<\/span><\/p>\n<p><span style=\"color: #000000\">F\u00f6rpackningen \u00e4r mycket praktisk och \u00e5tervinningsbar.<\/span><\/p>\n<h2><span style=\"color: #000000\">F\u00f6rvaring och varningar<\/span><\/h2>\n<p><span style=\"color: #000000\">F\u00f6rvaras p\u00e5 en sval och torr plats. F\u00f6rvara kosttillskottet utom r\u00e4ckh\u00e5ll f\u00f6r barn!<\/span><\/p>\n<p><span style=\"color: #000000\">Kom ih\u00e5g vikten av en varierad kost och en h\u00e4lsosam livsstil, ett kosttillskott \u00e4r d\u00e4rf\u00f6r inte en ers\u00e4ttning f\u00f6r en balanserad och varierad kost. Den rekommenderade dagliga m\u00e4ngden eller dosen b\u00f6r inte \u00f6verskridas. Gravida och ammande kvinnor rekommenderas alltid att r\u00e5dg\u00f6ra med l\u00e4kare f\u00f6re anv\u00e4ndning.<\/span><\/p>\n<p><span style=\"color: #000000\">Anv\u00e4ndning avr\u00e5des hos barn och personer som behandlas med antikoagulantia samt hos personer som tar immunsuppressiva l\u00e4kemedel.<\/span><\/p>\n<h2><span style=\"color: #000000\">Bra att veta<\/span><\/h2>\n<p><span style=\"color: #000000\">Produkten \u00e4r \u00e4ven l\u00e4mplig f\u00f6r djur. I de flesta fall visar sig medicinska svampar vara extremt effektiva f\u00f6r att st\u00e4rka immunf\u00f6rsvaret, eliminera allergier och hudbesv\u00e4r samt virus- och bakterieinfektioner. R\u00e5dg\u00f6r med din veterin\u00e4r f\u00f6re anv\u00e4ndning om det \u00e4r l\u00e4mpligt att ta och den rekommenderade dagliga m\u00e4ngden.<\/span><\/p>\n<h2><span style=\"color: #000000\">Ursprung<\/span><\/h2>\n<p><span style=\"color: #000000\">Slovenien<\/span><\/p>\n","protected":false},"excerpt":{"rendered":"<p align=\"JUSTIFY\">Cordyceps-svampen har varit <strong>k\u00e4nd<\/strong> inom <strong>traditionell medicin i tusentals \u00e5r<\/strong> och har anv\u00e4nts f\u00f6r medicinska \u00e4ndam\u00e5l minst lika l\u00e4nge, tack vare sina positiva egenskaper. Svampen v\u00e4xer spontant i omr\u00e5den med h\u00f6ga berg och \u00e4r ett kosttillskott som \u00e4r k\u00e4nt f\u00f6r sin <strong>f\u00f6rm\u00e5ga att vitalisera kroppen<\/strong> och <strong>st\u00e4rka immunf\u00f6rsvaret<\/strong>.<\/p>\n<p align=\"JUSTIFY\">\ud83d\udc9a Stimulerar immunf\u00f6rsvaret.<br \/>\n\ud83d\udc9a F\u00f6rb\u00e4ttrar den fysiska konditionen.<br \/>\n\ud83d\udc9a \u00d6kar kroppens energi.<br \/>\n\ud83d\udc9a Det har en antistresseffekt.<br \/>\n\ud83d\udc9a Det har en positiv effekt p\u00e5 en rad h\u00e4lsoproblem.<\/p>\n","protected":false},"featured_media":5894,"comment_status":"open","ping_status":"closed","template":"","meta":{"_acf_changed":false},"product_brand":[],"product_cat":[225,230,224,229,226],"product_tag":[],"class_list":{"0":"post-7140","1":"product","2":"type-product","3":"status-publish","4":"has-post-thumbnail","6":"product_cat-alla-produkter","7":"product_cat-bast-salda","8":"product_cat-erbjudande","9":"product_cat-medicinska-svampar","10":"product_cat-supermat","12":"first","13":"instock","14":"taxable","15":"shipping-taxable","16":"purchasable","17":"product-type-simple"},"acf":[],"_links":{"self":[{"href":"https:\/\/fengchashop.com\/se\/wp-json\/wp\/v2\/product\/7140","targetHints":{"allow":["GET"]}}],"collection":[{"href":"https:\/\/fengchashop.com\/se\/wp-json\/wp\/v2\/product"}],"about":[{"href":"https:\/\/fengchashop.com\/se\/wp-json\/wp\/v2\/types\/product"}],"replies":[{"embeddable":true,"href":"https:\/\/fengchashop.com\/se\/wp-json\/wp\/v2\/comments?post=7140"}],"wp:featuredmedia":[{"embeddable":true,"href":"https:\/\/fengchashop.com\/se\/wp-json\/wp\/v2\/media\/5894"}],"wp:attachment":[{"href":"https:\/\/fengchashop.com\/se\/wp-json\/wp\/v2\/media?parent=7140"}],"wp:term":[{"taxonomy":"product_brand","embeddable":true,"href":"https:\/\/fengchashop.com\/se\/wp-json\/wp\/v2\/product_brand?post=7140"},{"taxonomy":"product_cat","embeddable":true,"href":"https:\/\/fengchashop.com\/se\/wp-json\/wp\/v2\/product_cat?post=7140"},{"taxonomy":"product_tag","embeddable":true,"href":"https:\/\/fengchashop.com\/se\/wp-json\/wp\/v2\/product_tag?post=7140"}],"curies":[{"name":"wp","href":"https:\/\/api.w.org\/{rel}","templated":true}]}}