{"id":7136,"date":"2025-11-20T13:20:20","date_gmt":"2025-11-20T12:20:20","guid":{"rendered":"https:\/\/fengchashop.com\/se\/?post_type=product&#038;p=7136"},"modified":"2026-04-27T23:26:14","modified_gmt":"2026-04-27T21:26:14","slug":"bach-blomsterdroppar-radsla","status":"publish","type":"product","link":"https:\/\/fengchashop.com\/se\/product\/bach-blomsterdroppar-radsla\/","title":{"rendered":"Bach blomsterdroppar R\u00e4dsla"},"content":{"rendered":"<h2>Bach-droppar mot r\u00e4dsla<\/h2>\n<p><span style=\"color: #000000;\"><strong>R\u00e4dsla<\/strong> \u00e4r en naturlig k\u00e4nsla som <strong>varnar oss f\u00f6r fara och f\u00f6rbereder kroppen f\u00f6r en \u201ck\u00e4mpa- eller fly\u201d-reaktion<\/strong>. Ibland kan den dock bli \u00f6verdriven eller l\u00e5ngvarig, vilket p\u00e5verkar v\u00e5rt v\u00e4lbefinnande, v\u00e5r koncentration och vardag negativt. M\u00e5nga upplever r\u00e4dsla som sp\u00e4nning, oro, rastl\u00f6shet eller en k\u00e4nsla av hot \u2013 \u00e4ven n\u00e4r det inte finns n\u00e5gon verklig fara. D\u00e4rf\u00f6r \u00e4r det viktigt att <strong>l\u00e4ra sig hantera r\u00e4dslan och \u00e5terf\u00e5 inre balans<\/strong>. Bach-dropparna ger ett milt st\u00f6d, hj\u00e4lper till att lugna k\u00e4nslom\u00e4ssiga sp\u00e4nningar och \u00e5terskapa k\u00e4nslan av trygghet och inre styrka.<\/span><\/p>\n<p><span style=\"color: #000000;\">De f\u00f6rsta resultaten kan m\u00e4rkas efter n\u00e5gra dagar eller veckor, beroende p\u00e5 individ. Den f\u00e4rdiga blandningen r\u00e4cker i 30 dagar, och dropparna kan enkelt tas direkt i munnen eller tills\u00e4ttas i ett glas vatten.<\/span><\/p>\n<p><span style=\"color: #000000;\"><strong>De vanligaste orsakerna till r\u00e4dsla \u00e4r:<\/strong><\/span><\/p>\n<ul>\n<li><span style=\"color: #000000;\">det ok\u00e4nda eller os\u00e4kra,<\/span><\/li>\n<li><span style=\"color: #000000;\">stress och \u00f6verbelastning,<\/span><\/li>\n<li><span style=\"color: #000000;\">viktiga livsf\u00f6r\u00e4ndringar (t.ex. flytt, nytt jobb),<\/span><\/li>\n<li><span style=\"color: #000000;\">k\u00e4nsla av kontrollf\u00f6rlust eller maktl\u00f6shet,<\/span><\/li>\n<li><span style=\"color: #000000;\">tidigare trauman eller obehagliga upplevelser.<\/span><\/li>\n<\/ul>\n<p><span style=\"color: #000000;\"><strong>Bach-terapi mot r\u00e4dsla hj\u00e4lper dig att:<\/strong><\/span><\/p>\n<ul>\n<li><span style=\"color: #000000;\">minska k\u00e4nslan av oro och \u00e4ngslan,<\/span><\/li>\n<li><span style=\"color: #000000;\">l\u00e4ttare hantera stressiga situationer,<\/span><\/li>\n<li><span style=\"color: #000000;\">\u00e5terf\u00e5 k\u00e4nslan av inre styrka och trygghet,<\/span><\/li>\n<li><span style=\"color: #000000;\">sl\u00e4ppa sp\u00e4nningar och lugna tankarna,<\/span><\/li>\n<li><span style=\"color: #000000;\">\u00e5terfinna inre balans och livsenergi.<\/span><\/li>\n<\/ul>\n<h2 style=\"text-align: justify;\"><span style=\"color: #000000;\">Hur Bach-dropparna verkar<\/span><\/h2>\n<p>Bach-dropparna st\u00f6djer det k\u00e4nslom\u00e4ssiga v\u00e4lbefinnandet och kan vara till hj\u00e4lp <strong>vid hantering av r\u00e4dsla, som ofta p\u00e5verkar koncentration, energi och vardagligt fungerande<\/strong>. De kan \u00e4ven hj\u00e4lpa i olika kriser och sv\u00e5ra livssituationer. De hj\u00e4lper oss att lugna ner oss och beh\u00e5lla ett klart sinne, eftersom de verkar p\u00e5 v\u00e5rt k\u00e4nslom\u00e4ssiga tillst\u00e5nd och bidrar till att harmonisera det. Med hj\u00e4lp av Bach-dropparna <strong>\u00e5tertar vi kontrollen \u00f6ver v\u00e5ra k\u00e4nslor<\/strong> och skapar harmoni, vilket hj\u00e4lper oss att hitta v\u00e5r inre frid.<\/p>\n<p style=\"text-align: justify;\"><span style=\"color: #000000;\">Bach-terapi stimulerar sj\u00e4lvl\u00e4kning och andlig avslappning. Enligt Dr. Bachs teori uppst\u00e5r sjukdom p\u00e5 grund av ett disharmoniskt tillst\u00e5nd, det vill s\u00e4ga brist p\u00e5 harmoni mellan kropp och sj\u00e4l. Med hj\u00e4lp av blomessenser f\u00f6rs\u00f6ker vi l\u00e4ka genom att utnyttja <b>blommornas positiva egenskaper<\/b> som hj\u00e4lper oss att \u00e5terst\u00e4lla balansen inom oss.<\/span><\/p>\n<p style=\"text-align: justify;\"><span style=\"color: #000000;\">Bach-dropparna blandas enligt Dr. Bachs metod, och vi anv\u00e4nder <strong>endast original Bach-essenser<\/strong>.<\/span><\/p>\n<p style=\"text-align: justify;\"><span style=\"color: #000000;\">Dropparna tas med pipetten som f\u00f6ljer med flaskan, vilket g\u00f6r doseringen mycket enkel. Rekommenderad daglig dos \u00e4r 4 g\u00e5nger 4 droppar f\u00f6rdelat \u00f6ver dagen. Flaskans inneh\u00e5ll r\u00e4cker f\u00f6r 1 m\u00e5nads behandling.<\/span><\/p>\n<p style=\"text-align: justify;\"><span style=\"color: #000000;\">Varje flaska av den valda blandningen <b>tillverkas f\u00f6r hand och p\u00e5 best\u00e4llning<\/b>. F\u00f6r att blandningen ska h\u00e5lla l\u00e4ngre tills\u00e4tter vi en liten m\u00e4ngd alkohol (konjak). H\u00e5llbarheten \u00e4r 1 m\u00e5nad fr\u00e5n ink\u00f6psdatum.<\/span><\/p>\n<p style=\"text-align: justify;\"><span style=\"color: #000000;\">Eftersom Bach-dropparna <strong>inte har n\u00e5gra biverkningar<\/strong> kan de inte \u00f6verdoseras och orsakar inte beroende. De \u00e4r l\u00e4mpliga f\u00f6r alla \u2013 gravida, ammande, \u00e4ldre personer, barn och djur.<\/span><\/p>\n<p style=\"text-align: justify;\"><span style=\"color: #000000;\">De p\u00e5verkar inte andra l\u00e4kemedel.<\/span><\/p>\n<h2 style=\"text-align: justify;\"><span style=\"color: #000000;\">F\u00f6rvaring<\/span><\/h2>\n<p style=\"text-align: justify;\"><span style=\"color: #000000;\">F\u00f6rvaras p\u00e5 en torr, m\u00f6rk plats vid en temperatur p\u00e5 upp till +25 \u00b0C.<\/span><\/p>\n<h2 style=\"text-align: justify;\"><span style=\"color: #000000;\">M\u00e4ngd<\/span><\/h2>\n<p style=\"text-align: justify;\"><span style=\"color: #000000;\">30 ml (r\u00e4cker f\u00f6r 30 dagars regelbunden anv\u00e4ndning)<\/span><\/p>\n","protected":false},"excerpt":{"rendered":"<p>Bach-droppar \u00e4r effektiva mot olika k\u00e4nslom\u00e4ssiga besv\u00e4r. De hj\u00e4lper till i olika kriser och sv\u00e5ra livssituationer. De hj\u00e4lper till att lugna ner sig och h\u00e5lla huvudet kallt. De p\u00e5verkar v\u00e5rt k\u00e4nslol\u00e4ge och hj\u00e4lper till att harmonisera det.<\/p>\n<p>\ud83d\udc9a Dropparna packas f\u00f6r hand p\u00e5 leveransdagen.<br \/>\n\ud83d\udc9a De \u00e4r l\u00e4mpliga f\u00f6r alla m\u00e4nniskor (gravida kvinnor, \u00e4ldre, barn, &#8230;) och djur.<br \/>\n\ud83d\udc9a De har inga biverkningar, \u00e4r inte beroendeframkallande och kan inte \u00f6verdoseras.<br \/>\n\ud83d\udc9a Du kan m\u00e4rka de f\u00f6rsta resultaten efter n\u00e5gra dagar eller veckor, detta beror p\u00e5 varje individ.<br \/>\n\ud83d\udc9a Interagerar inte med andra l\u00e4kemedel.<\/p>\n","protected":false},"featured_media":6911,"comment_status":"open","ping_status":"closed","template":"","meta":{"_acf_changed":false},"product_brand":[],"product_cat":[225,236,224],"product_tag":[],"class_list":{"0":"post-7136","1":"product","2":"type-product","3":"status-publish","4":"has-post-thumbnail","6":"product_cat-alla-produkter","7":"product_cat-bachs-droppar","8":"product_cat-erbjudande","10":"first","11":"instock","12":"sale","13":"taxable","14":"shipping-taxable","15":"purchasable","16":"product-type-simple"},"acf":[],"_links":{"self":[{"href":"https:\/\/fengchashop.com\/se\/wp-json\/wp\/v2\/product\/7136","targetHints":{"allow":["GET"]}}],"collection":[{"href":"https:\/\/fengchashop.com\/se\/wp-json\/wp\/v2\/product"}],"about":[{"href":"https:\/\/fengchashop.com\/se\/wp-json\/wp\/v2\/types\/product"}],"replies":[{"embeddable":true,"href":"https:\/\/fengchashop.com\/se\/wp-json\/wp\/v2\/comments?post=7136"}],"wp:featuredmedia":[{"embeddable":true,"href":"https:\/\/fengchashop.com\/se\/wp-json\/wp\/v2\/media\/6911"}],"wp:attachment":[{"href":"https:\/\/fengchashop.com\/se\/wp-json\/wp\/v2\/media?parent=7136"}],"wp:term":[{"taxonomy":"product_brand","embeddable":true,"href":"https:\/\/fengchashop.com\/se\/wp-json\/wp\/v2\/product_brand?post=7136"},{"taxonomy":"product_cat","embeddable":true,"href":"https:\/\/fengchashop.com\/se\/wp-json\/wp\/v2\/product_cat?post=7136"},{"taxonomy":"product_tag","embeddable":true,"href":"https:\/\/fengchashop.com\/se\/wp-json\/wp\/v2\/product_tag?post=7136"}],"curies":[{"name":"wp","href":"https:\/\/api.w.org\/{rel}","templated":true}]}}