{"id":7135,"date":"2025-11-20T12:30:30","date_gmt":"2025-11-20T11:30:30","guid":{"rendered":"https:\/\/fengchashop.com\/se\/?post_type=product&#038;p=7135"},"modified":"2026-04-28T11:20:11","modified_gmt":"2026-04-28T09:20:11","slug":"bach-blomsterdroppar-ilska","status":"publish","type":"product","link":"https:\/\/fengchashop.com\/se\/product\/bach-blomsterdroppar-ilska\/","title":{"rendered":"Bach blomsterdroppar Ilska"},"content":{"rendered":"<h2><span style=\"color: #000000;\">Bachdroppar mot ilska<\/span><\/h2>\n<p><strong>Ilska<\/strong> \u00e4r en stark k\u00e4nsla som kan uppst\u00e5 vid upplevelser av or\u00e4ttvisa, maktl\u00f6shet eller \u00f6verbelastning. \u00c4ven om det \u00e4r en helt naturlig reaktion, kan \u00f6verdriven och okontrollerad ilska p\u00e5verka v\u00e5ra relationer, v\u00e5r h\u00e4lsa och v\u00e5rt allm\u00e4nna v\u00e4lbefinnande negativt. N\u00e4r den byggs upp inom oss \u00e5tf\u00f6ljs den ofta av sp\u00e4nning, rastl\u00f6shet, missn\u00f6je eller till och med k\u00e4nslor av utmattning. D\u00e4rf\u00f6r \u00e4r det viktigt <strong>att l\u00e4ra sig hantera ilska p\u00e5 ett h\u00e4lsosamt och balanserat s\u00e4tt<\/strong>. Bachdroppar kan hj\u00e4lpa oss med detta eftersom de <strong>st\u00f6djer k\u00e4nslom\u00e4ssig balans och inre lugn<\/strong>.<\/p>\n<p>De f\u00f6rsta f\u00f6r\u00e4ndringarna kan m\u00e4rkas redan efter n\u00e5gra dagar eller veckor \u2013 detta beror p\u00e5 varje individ. Den f\u00e4rdiga blandningen r\u00e4cker i cirka 30 dagar, och dropparna tas enkelt direkt i munnen eller tills\u00e4tts i ett glas vatten.<\/p>\n<p><strong>De vanligaste orsakerna till ilska \u00e4r:<\/strong><\/p>\n<ul>\n<li>k\u00e4nsla av or\u00e4ttvisa eller brist p\u00e5 respekt,<\/li>\n<li>\u00f6verbelastning och stress,<\/li>\n<li>ouppfyllda f\u00f6rv\u00e4ntningar,<\/li>\n<li>tillbakah\u00e5llna k\u00e4nslor och outtryckta behov,<\/li>\n<li>k\u00e4nsla av maktl\u00f6shet eller brist p\u00e5 kontroll.<\/li>\n<\/ul>\n<p><strong>Bachterapi mot ilska hj\u00e4lper dig att:<\/strong><\/p>\n<ul>\n<li>finna inre lugn,<\/li>\n<li>l\u00e4ttare hantera stressiga situationer,<\/li>\n<li>sl\u00e4ppa uppbyggda k\u00e4nslor,<\/li>\n<li>minska irritabilitet och impulsivitet,<\/li>\n<li>\u00e5terf\u00e5 en k\u00e4nsla av balans.<\/li>\n<\/ul>\n<h2 style=\"text-align: justify;\"><span style=\"color: #000000;\">Hur Bachdroppar verkar<\/span><\/h2>\n<p>Bachdroppar ger effektivt st\u00f6d f\u00f6r <strong>k\u00e4nslom\u00e4ssig balans och kan vara till hj\u00e4lp vid hantering av ilska, som ofta leder till sp\u00e4nning, oro och andra k\u00e4nslom\u00e4ssiga p\u00e5frestningar<\/strong>. De kan \u00e4ven hj\u00e4lpa i olika kriser och sv\u00e5ra livssituationer. De hj\u00e4lper oss att lugna ner oss och beh\u00e5lla ett klart sinne, eftersom de verkar p\u00e5 v\u00e5rt k\u00e4nslotillst\u00e5nd och bidrar till att harmonisera det. Med hj\u00e4lp av Bachdroppar kan vi <strong>ta kontroll \u00f6ver v\u00e5ra k\u00e4nslor<\/strong> och d\u00e4rigenom skapa harmoni och hitta v\u00e5r inre frid.<\/p>\n<p style=\"text-align: justify;\"><span style=\"color: #000000;\">Bachterapi uppmuntrar sj\u00e4lvl\u00e4kning och andlig avslappning. Enligt Dr. Bachs teori ligger orsaken till sjukdomar i ett disharmoniskt tillst\u00e5nd, det vill s\u00e4ga brist p\u00e5 harmoni mellan kropp och sj\u00e4l. Med hj\u00e4lp av blomessenser f\u00f6rs\u00f6ker man l\u00e4ka genom att anv\u00e4nda <b>blommornas positiva egenskaper<\/b>, som hj\u00e4lper oss att \u00e5terst\u00e4lla balansen inom oss.<\/span><\/p>\n<p style=\"text-align: justify;\"><span style=\"color: #000000;\">Vi tillreder Bachblandningar enligt Dr. Bachs metod och anv\u00e4nder <strong>uteslutande originala Bachessenser<\/strong>.<\/span><\/p>\n<p style=\"text-align: justify;\"><span style=\"color: #000000;\">Bachdropparna tas med den medf\u00f6ljande pipetten, vilket g\u00f6r doseringen mycket enkel. Den rekommenderade dosen \u00e4r 4 g\u00e5nger dagligen, 4 droppar varje g\u00e5ng, utspridda \u00f6ver dagen. En flaska r\u00e4cker f\u00f6r en m\u00e5nads terapi.<\/span><\/p>\n<p style=\"text-align: justify;\"><span style=\"color: #000000;\">Varje flaska av den valda blandningen <b>tillverkas f\u00f6r hand och vid best\u00e4llning<\/b>. F\u00f6r att blandningen ska h\u00e5lla sig fr\u00e4sch l\u00e4ngre tills\u00e4tter vi en liten m\u00e4ngd alkohol (konjak). H\u00e5llbarheten \u00e4r 1 m\u00e5nad fr\u00e5n ink\u00f6psdatum.<\/span><\/p>\n<p style=\"text-align: justify;\"><span style=\"color: #000000;\">Eftersom Bachdroppar <strong>inte har<\/strong> <b>biverkningar<\/b>, kan de inte \u00f6verdoseras och orsakar inte beroende. De \u00e4r l\u00e4mpliga f\u00f6r alla \u2013 gravida kvinnor, ammande m\u00f6drar, \u00e4ldre, barn och djur.<\/span><\/p>\n<p style=\"text-align: justify;\"><span style=\"color: #000000;\">De p\u00e5verkar inte andra l\u00e4kemedel.<\/span><\/p>\n<h2 style=\"text-align: justify;\"><span style=\"color: #000000;\">F\u00f6rvaring<\/span><\/h2>\n<p style=\"text-align: justify;\"><span style=\"color: #000000;\">F\u00f6rvaras p\u00e5 en torr, m\u00f6rk plats vid en temperatur p\u00e5 upp till +25 \u00b0C.<\/span><\/p>\n<h2 style=\"text-align: justify;\"><span style=\"color: #000000;\">M\u00e4ngd<\/span><\/h2>\n<p style=\"text-align: justify;\"><span style=\"color: #000000;\">30 ml (r\u00e4cker f\u00f6r 30 dagars regelbunden anv\u00e4ndning)<\/span><\/p>\n","protected":false},"excerpt":{"rendered":"<p>Bach-droppar \u00e4r effektiva mot olika k\u00e4nslom\u00e4ssiga besv\u00e4r. De hj\u00e4lper till i olika kriser och sv\u00e5ra livssituationer. De hj\u00e4lper till att lugna ner sig och h\u00e5lla huvudet kallt. De p\u00e5verkar v\u00e5rt k\u00e4nslol\u00e4ge och hj\u00e4lper till att harmonisera det.<\/p>\n<p>\ud83d\udc9a Dropparna packas f\u00f6r hand p\u00e5 leveransdagen.<br \/>\n\ud83d\udc9a De \u00e4r l\u00e4mpliga f\u00f6r alla m\u00e4nniskor (gravida kvinnor, \u00e4ldre, barn, &#8230;) och djur.<br \/>\n\ud83d\udc9a De har inga biverkningar, \u00e4r inte beroendeframkallande och kan inte \u00f6verdoseras.<br \/>\n\ud83d\udc9a Du kan m\u00e4rka de f\u00f6rsta resultaten efter n\u00e5gra dagar eller veckor, detta beror p\u00e5 varje individ.<br \/>\n\ud83d\udc9a Interagerar inte med andra l\u00e4kemedel.<\/p>\n","protected":false},"featured_media":6911,"comment_status":"open","ping_status":"closed","template":"","meta":{"_acf_changed":false},"product_brand":[],"product_cat":[225,236,224],"product_tag":[],"class_list":{"0":"post-7135","1":"product","2":"type-product","3":"status-publish","4":"has-post-thumbnail","6":"product_cat-alla-produkter","7":"product_cat-bachs-droppar","8":"product_cat-erbjudande","10":"first","11":"instock","12":"sale","13":"taxable","14":"shipping-taxable","15":"purchasable","16":"product-type-simple"},"acf":[],"_links":{"self":[{"href":"https:\/\/fengchashop.com\/se\/wp-json\/wp\/v2\/product\/7135","targetHints":{"allow":["GET"]}}],"collection":[{"href":"https:\/\/fengchashop.com\/se\/wp-json\/wp\/v2\/product"}],"about":[{"href":"https:\/\/fengchashop.com\/se\/wp-json\/wp\/v2\/types\/product"}],"replies":[{"embeddable":true,"href":"https:\/\/fengchashop.com\/se\/wp-json\/wp\/v2\/comments?post=7135"}],"wp:featuredmedia":[{"embeddable":true,"href":"https:\/\/fengchashop.com\/se\/wp-json\/wp\/v2\/media\/6911"}],"wp:attachment":[{"href":"https:\/\/fengchashop.com\/se\/wp-json\/wp\/v2\/media?parent=7135"}],"wp:term":[{"taxonomy":"product_brand","embeddable":true,"href":"https:\/\/fengchashop.com\/se\/wp-json\/wp\/v2\/product_brand?post=7135"},{"taxonomy":"product_cat","embeddable":true,"href":"https:\/\/fengchashop.com\/se\/wp-json\/wp\/v2\/product_cat?post=7135"},{"taxonomy":"product_tag","embeddable":true,"href":"https:\/\/fengchashop.com\/se\/wp-json\/wp\/v2\/product_tag?post=7135"}],"curies":[{"name":"wp","href":"https:\/\/api.w.org\/{rel}","templated":true}]}}