{"id":7114,"date":"2025-11-11T18:29:17","date_gmt":"2025-11-11T17:29:17","guid":{"rendered":"https:\/\/fengchashop.com\/se\/?post_type=product&#038;p=7114"},"modified":"2025-11-11T18:36:06","modified_gmt":"2025-11-11T17:36:06","slug":"dragons-blood-sangre-de-grado-drago-droppar","status":"publish","type":"product","link":"https:\/\/fengchashop.com\/se\/product\/dragons-blood-sangre-de-grado-drago-droppar\/","title":{"rendered":"Dragon&#8217;s Blood (Sangre de Grado \/ Drago) droppar 30 ml"},"content":{"rendered":"<h2><strong>Vad \u00e4r drakblod?<\/strong><\/h2>\n<p>Drakblod, \u00e4ven k\u00e4nt som <strong>Sangre de Grado<\/strong> eller <strong>Drago<\/strong>, \u00e4r en v\u00e4rdefull <strong>r\u00f6dbrun k\u00e5da<\/strong> som utvinns ur barken p\u00e5 det peruanska drakblodstr\u00e4det (Croton lechleri). Det \u00e4r ett mycket uppskattat naturligt preparat som har anv\u00e4nts i \u00e5rhundraden av ursprungsbefolkningar i Sydamerika som ett m\u00e5ngsidigt naturl\u00e4kemedel f\u00f6r m\u00e5nga besv\u00e4r \u2013 b\u00e5de utv\u00e4ndiga och inv\u00e4ndiga. K\u00e5dan samlas in genom f\u00f6rsiktig snittning av barken utan att skada tr\u00e4det.<\/p>\n<p>V\u00e5r produkt kommer fr\u00e5n h\u00e5llbar och ekologiskt ansvarsfull produktion i hj\u00e4rtat av den peruanska Amazonasregnskogen. K\u00e5dan sk\u00f6rdas f\u00f6r hand av lokala ursprungsbefolkningar som p\u00e5 s\u00e5 s\u00e4tt bevarar sitt traditionella kunnande och f\u00e5r r\u00e4ttvis ers\u00e4ttning f\u00f6r sitt arbete. Insamlingen sker utan att tr\u00e4den f\u00f6rst\u00f6rs, vilket s\u00e4kerst\u00e4ller ett l\u00e5ngsiktigt skydd av den naturliga milj\u00f6n.<\/p>\n<p>Drakblodet vi erbjuder \u00e4r <strong>100 % ren v\u00e4xtk\u00e5da \u2013 utan alkohol, konserveringsmedel, f\u00e4rg\u00e4mnen eller artificiella tillsatser<\/strong>. Det \u00e4r ett naturligt extrakt direkt fr\u00e5n v\u00e4xten som bevarar alla sina ursprungliga egenskaper och terapeutiska potential. Den har en intensiv m\u00f6rkr\u00f6d f\u00e4rg, typisk f\u00f6r naturliga antioxidanter och tanniner, s\u00e5 anv\u00e4nd f\u00f6rsiktigt f\u00f6r att undvika kontakt med kl\u00e4der eftersom den kan l\u00e4mna permanenta fl\u00e4ckar.<\/p>\n<h2><strong>Effekter och f\u00f6rdelar med drakblod<\/strong><\/h2>\n<p>Tack vare sin unika kemiska sammans\u00e4ttning \u2013 h\u00f6gt inneh\u00e5ll av tanniner, alkaloider (som taspin), fenolf\u00f6reningar och antioxidanter \u2013 har drakblod m\u00e5nga traditionellt bekr\u00e4ftade effekter:<\/p>\n<p><strong>\ud83d\udc9a Utv\u00e4rtes anv\u00e4ndning \u2013 <em>naturligt skydd f\u00f6r huden<\/em>:<\/strong><\/p>\n<ul>\n<li><strong>Snabb s\u00e5rl\u00e4kning<\/strong> \u2013 fungerar som ett naturligt antiseptiskt och hemostatiskt medel (stoppar bl\u00f6dningar) och stimulerar v\u00e4vnadsf\u00f6rnyelse<\/li>\n<li><strong>Minskar inflammation och kl\u00e5da<\/strong> \u2013 l\u00e4mplig f\u00f6r akne, insektsbett, eksem, psoriasis och andra hudproblem<\/li>\n<li><strong>Effektiv mot svamp- och bakterieinfektioner<\/strong><\/li>\n<li><strong>Lindrar br\u00e4nnskador, inklusive solbr\u00e4nna<\/strong> \u2013 verkar kylande och regenererande<\/li>\n<li><strong>Naturligt &#8221;andra f\u00f6rband&#8221;<\/strong> \u2013 bildar ett tunt skyddande lager p\u00e5 huden vid applicering<\/li>\n<\/ul>\n<p><strong>\ud83d\udc9a Inv\u00e4rtes anv\u00e4ndning \u2013 <em>med f\u00f6rsiktighet och r\u00e4tt v\u00e4gledning<\/em>:<\/strong><\/p>\n<ul>\n<li><strong>St\u00f6d f\u00f6r matsm\u00e4ltningssystemet<\/strong> \u2013 lindrar problem som mags\u00e5r, slemhinneinflammation, diarr\u00e9 och irritabel tarm<\/li>\n<li><strong>Antiinflammatorisk verkan<\/strong> \u2013 hj\u00e4lper vid inre inflammationer, \u00e4ven i munh\u00e5lan och halsen<\/li>\n<li><strong>St\u00e4rker immunf\u00f6rsvaret<\/strong> \u2013 hj\u00e4lper kroppen att f\u00f6rsvara sig mot virus och bakterier<\/li>\n<li><strong>Antioxidantkraft<\/strong> \u2013 st\u00f6djer cellf\u00f6rnyelse och kroppens avgiftning<\/li>\n<\/ul>\n<h2><strong>M\u00e4ngd<\/strong><\/h2>\n<p>30 ml<\/p>\n<h2><strong>F\u00f6rpackning<\/strong><\/h2>\n<p>I glasflaska med pipett f\u00f6r enkel dosering.<\/p>\n<h2><strong>Varningar<\/strong><\/h2>\n<p>Endast f\u00f6r utv\u00e4rtes bruk, om inte annat anges av en expert. Inv\u00e4rtes anv\u00e4ndning \u00e4r till\u00e5ten endast efter samr\u00e5d med l\u00e4kare. Undvik kontakt med \u00f6gon och slemhinnor. Anv\u00e4nd inte p\u00e5 barn, gravida eller ammande kvinnor utan medicinsk r\u00e5dgivning. Kan l\u00e4mna permanenta fl\u00e4ckar p\u00e5 tyg. F\u00f6rvaras o\u00e5tkomligt f\u00f6r barn, p\u00e5 en torr och m\u00f6rk plats.<\/p>\n<h2><strong>Ursprung<\/strong><\/h2>\n<p>Ecuador<\/p>\n","protected":false},"excerpt":{"rendered":"<p>Drakblod \u00e4r ett naturligt harts fr\u00e5n Croton lechleri-tr\u00e4det, k\u00e4nt f\u00f6r sina exceptionella regenererande och skyddande egenskaper f\u00f6r huden. Tack vare sitt h\u00f6ga inneh\u00e5ll av antioxidanter skyddar det huden mot fria radikaler och f\u00f6r tidigt \u00e5ldrande. Det anv\u00e4nds ocks\u00e5 som en naturlig behandling f\u00f6r akne, \u00e4rr och k\u00e4nslig hud.<\/p>\n<p>\ud83d\udc9a naturligt antiseptiskt medel,<br \/>\n\ud83d\udc9a minskar inflammation,<br \/>\n\ud83d\udc9a accelererar s\u00e5rl\u00e4kning och<br \/>\n\ud83d\udc9a lindrar irritation.<\/p>\n","protected":false},"featured_media":7115,"comment_status":"open","ping_status":"closed","template":"","meta":{"_acf_changed":false},"product_brand":[],"product_cat":[225,224],"product_tag":[],"class_list":{"0":"post-7114","1":"product","2":"type-product","3":"status-publish","4":"has-post-thumbnail","6":"product_cat-alla-produkter","7":"product_cat-erbjudande","9":"first","10":"instock","11":"taxable","12":"shipping-taxable","13":"purchasable","14":"product-type-simple"},"acf":[],"_links":{"self":[{"href":"https:\/\/fengchashop.com\/se\/wp-json\/wp\/v2\/product\/7114","targetHints":{"allow":["GET"]}}],"collection":[{"href":"https:\/\/fengchashop.com\/se\/wp-json\/wp\/v2\/product"}],"about":[{"href":"https:\/\/fengchashop.com\/se\/wp-json\/wp\/v2\/types\/product"}],"replies":[{"embeddable":true,"href":"https:\/\/fengchashop.com\/se\/wp-json\/wp\/v2\/comments?post=7114"}],"wp:featuredmedia":[{"embeddable":true,"href":"https:\/\/fengchashop.com\/se\/wp-json\/wp\/v2\/media\/7115"}],"wp:attachment":[{"href":"https:\/\/fengchashop.com\/se\/wp-json\/wp\/v2\/media?parent=7114"}],"wp:term":[{"taxonomy":"product_brand","embeddable":true,"href":"https:\/\/fengchashop.com\/se\/wp-json\/wp\/v2\/product_brand?post=7114"},{"taxonomy":"product_cat","embeddable":true,"href":"https:\/\/fengchashop.com\/se\/wp-json\/wp\/v2\/product_cat?post=7114"},{"taxonomy":"product_tag","embeddable":true,"href":"https:\/\/fengchashop.com\/se\/wp-json\/wp\/v2\/product_tag?post=7114"}],"curies":[{"name":"wp","href":"https:\/\/api.w.org\/{rel}","templated":true}]}}