{"id":7051,"date":"2025-06-09T09:58:05","date_gmt":"2025-06-09T07:58:05","guid":{"rendered":"https:\/\/fengchashop.com\/se\/?post_type=product&#038;p=7051"},"modified":"2026-04-30T20:23:49","modified_gmt":"2026-04-30T18:23:49","slug":"chanca-piedra-te","status":"publish","type":"product","link":"https:\/\/fengchashop.com\/se\/product\/chanca-piedra-te\/","title":{"rendered":"Chanca Piedra-te 100 g"},"content":{"rendered":"<h2><span style=\"color: #000000\">Chanca Piedra-te<\/span><\/h2>\n<p><span style=\"color: #000000\"><strong>Chanca Piedra<\/strong> (<em>Phyllanthus niruri<\/em>) \u00e4r en <strong>tropisk v\u00e4xt<\/strong> som \u00e4r inhemsk i <strong>Amazonas<\/strong> och andra delar av <strong>Sydamerika, Indien och Sydostasien<\/strong>. Namnet betyder bokstavligen <strong>&#8221;stenbrytare&#8221;<\/strong> &#8211; h\u00e4rlett fr\u00e5n en spansk term som h\u00e4nvisar till dess traditionella anv\u00e4ndning f\u00f6r att <strong>bryta njur- och gallstenar<\/strong>. Chanca Piedra kommer fr\u00e5n <strong>kontrollerad ekologisk odling<\/strong> i <strong>skogstr\u00e4dg\u00e5rdar (Chakra)<\/strong> och odlas av det inhemska Kichwa-folket i tr\u00e4dg\u00e5rdarna i Amazonas regnskog i Ecuador.<\/span><\/p>\n<h2><span style=\"color: #000000\"><strong>Huvudsakliga aktiva ingredienser<\/strong><\/span><\/h2>\n<p><span style=\"color: #000000\">V\u00e4xten inneh\u00e5ller ett flertal <strong>bioaktiva f\u00f6reningar<\/strong>, varav de viktigaste \u00e4r:<\/span><\/p>\n<ul>\n<li><span style=\"color: #000000\"><strong>Lignaner:<\/strong> fyllantin, hypofyllantin<\/span><\/li>\n<li><span style=\"color: #000000\"><strong>Flavonoider:<\/strong> quercetin, rutinsyra<\/span><\/li>\n<li><span style=\"color: #000000\"><strong>Triterpener<\/strong><\/span><\/li>\n<li><span style=\"color: #000000\"><strong>Tanniner<\/strong><\/span><\/li>\n<li><span style=\"color: #000000\"><strong>Alkaloider<\/strong><\/span><\/li>\n<li><span style=\"color: #000000\"><strong>Polyfenoler<\/strong><\/span><\/li>\n<\/ul>\n<p><span style=\"color: #000000\">Dessa f\u00f6reningar har <strong>antiinflammatoriska, antimikrobiella, antioxidanta, diuretiska<\/strong> och <strong>leverskyddande<\/strong> effekter.<\/span><\/p>\n<h2><span style=\"color: #000000\"><strong>Effekter och f\u00f6rdelar med Chanca Piedra<\/strong><\/span><\/h2>\n<p><span style=\"color: #000000\"><strong>\ud83d\udc9a L\u00f6ser upp och f\u00f6rebygger njursten:<\/strong>Den \u00e4r k\u00e4nd f\u00f6r sin f\u00f6rm\u00e5ga att hj\u00e4lpa till att bryta ner befintliga <strong>njur- och gallstenar<\/strong> och minska risken f\u00f6r att de \u00e5terbildas.<\/span><\/p>\n<p><span style=\"color: #000000\"><strong>\ud83d\udc9a St\u00f6djer leverfunktionen:<\/strong>Fungerar som ett <strong>leverskyddande medel<\/strong> (skyddar levern), s\u00e4rskilt vid problem orsakade av gifter, alkohol eller infektioner (t.ex. hepatit B).<\/span><\/p>\n<p><span style=\"color: #000000\"><strong>\ud83d\udc9a Antiinflammatorisk och antioxidant verkan:<\/strong>Inneh\u00e5ller bioaktiva \u00e4mnen som hj\u00e4lper till att <strong>minska inflammation<\/strong> och <strong>skydda celler fr\u00e5n oxidativ stress<\/strong>.<\/span><\/p>\n<p><span style=\"color: #000000\"><strong>\ud83d\udc9a Diuretisk effekt:<\/strong>Fr\u00e4mjar <strong>urinuts\u00f6ndring<\/strong>, vilket kan hj\u00e4lpa till att rensa urinv\u00e4garna och f\u00f6rhindra infektioner eller v\u00e4tskeretention.<\/span><\/p>\n<p><span style=\"color: #000000\"><strong>\ud83d\udc9a Antiviral verkan:<\/strong>Vissa studier har visat effekter mot <strong>hepatit B<\/strong> och andra virus, \u00e4ven om detta \u00e4nnu inte har bekr\u00e4ftats kliniskt.<\/span><\/p>\n<p><span style=\"color: #000000\"><strong>\ud83d\udc9a Blodsockers\u00e4nkning:<\/strong>Det anv\u00e4nds ocks\u00e5 traditionellt f\u00f6r att <strong>st\u00f6dja blodsockerregleringen<\/strong>.<\/span><\/p>\n<h2><span style=\"color: #000000\"><strong>F\u00f6rvaring och varningar<\/strong><\/span><\/h2>\n<p><span style=\"color: #000000\">F\u00f6rvaras torrt och svalt vid en temperatur upp till 25 \u00b0C. F\u00f6rvara kosttillskottet utom r\u00e4ckh\u00e5ll f\u00f6r barn!<\/span><\/p>\n<p><span style=\"color: #000000\">Rekommenderas inte f\u00f6r gravida eller ammande kvinnor. Det kan p\u00e5verka blodtryck eller sockerniv\u00e5er &#8211; f\u00f6rsiktighet f\u00f6r personer med hj\u00e4rt-k\u00e4rlsjukdom eller diabetes. Det kan ocks\u00e5 p\u00e5verka effekten av vissa l\u00e4kemedel, s\u00e4rskilt diuretika eller levermediciner.<\/span><\/p>\n<p><span style=\"color: #000000\">Rekommenderad anv\u00e4ndning: kortvarig anv\u00e4ndning (t.ex. 2-4 veckor), sedan uppeh\u00e5ll.<\/span><\/p>\n<p><span style=\"color: #000000\">Gl\u00f6m inte vikten av en varierad kost och en h\u00e4lsosam livsstil, d\u00e4rf\u00f6r \u00e4r ett kosttillskott inte en ers\u00e4ttning f\u00f6r en balanserad och varierad kost. Den rekommenderade dagliga m\u00e4ngden eller dosen b\u00f6r inte \u00f6verskridas.<\/span><\/p>\n<h2><span style=\"color: #000000\">F\u00f6rpackning<\/span><\/h2>\n<p><span style=\"color: #000000\">Luftt\u00e4t ziplock-p\u00e5se, d\u00e4r produkten beh\u00e5ller all sin fr\u00e4sch\u00f6r och arom. F\u00f6rpackningen skyddar mot ljus och luft, eftersom den best\u00e5r av flera skyddslager som bevarar inneh\u00e5llets egenskaper.<\/span><\/p>\n<p><span style=\"color: #000000\">F\u00f6rpackningen \u00e4r mycket praktisk och m\u00f6jligg\u00f6r \u00e5tervinning.<\/span><\/p>\n<h2><span style=\"color: #000000\">Ursprung<\/span><\/h2>\n<p><span style=\"color: #000000\">Ecuador<\/span><\/p>\n","protected":false},"excerpt":{"rendered":"<p><span style=\"color: #000000\">Chanca Piedra-te \u00e4r popul\u00e4rt f\u00f6r sitt naturliga st\u00f6d mot njursten, avgiftning av kroppen och skydd av levern. Bland de viktigaste aktiva ingredienserna finns <strong data-start=\"156\" data-end=\"169\">fyllantin<\/strong> och <strong data-start=\"173\" data-end=\"186\">quercetin<\/strong>, vilka har antiinflammatoriska och antivirala effekter.<\/span><\/p>\n<p><span style=\"color: #000000\">Teet \u00e4r popul\u00e4rt f\u00f6r sina effekter p\u00e5:<\/span><\/p>\n<p><span style=\"color: #000000\"><strong data-start=\"70\" data-end=\"103\">\ud83d\udc9a uppl\u00f6sning av njurstenar<\/strong> och<\/span><\/p>\n<p><span style=\"color: #000000\"><strong data-start=\"107\" data-end=\"125\">\ud83d\udc9a reng\u00f6ring av levern.<\/strong><\/span><\/p>\n","protected":false},"featured_media":7052,"comment_status":"open","ping_status":"closed","template":"","meta":{"_acf_changed":false},"product_brand":[],"product_cat":[225,224,223,205],"product_tag":[],"class_list":{"0":"post-7051","1":"product","2":"type-product","3":"status-publish","4":"has-post-thumbnail","6":"product_cat-alla-produkter","7":"product_cat-erbjudande","8":"product_cat-te","9":"product_cat-te-mat-kryddor","11":"first","12":"instock","13":"taxable","14":"shipping-taxable","15":"purchasable","16":"product-type-simple"},"acf":[],"_links":{"self":[{"href":"https:\/\/fengchashop.com\/se\/wp-json\/wp\/v2\/product\/7051","targetHints":{"allow":["GET"]}}],"collection":[{"href":"https:\/\/fengchashop.com\/se\/wp-json\/wp\/v2\/product"}],"about":[{"href":"https:\/\/fengchashop.com\/se\/wp-json\/wp\/v2\/types\/product"}],"replies":[{"embeddable":true,"href":"https:\/\/fengchashop.com\/se\/wp-json\/wp\/v2\/comments?post=7051"}],"wp:featuredmedia":[{"embeddable":true,"href":"https:\/\/fengchashop.com\/se\/wp-json\/wp\/v2\/media\/7052"}],"wp:attachment":[{"href":"https:\/\/fengchashop.com\/se\/wp-json\/wp\/v2\/media?parent=7051"}],"wp:term":[{"taxonomy":"product_brand","embeddable":true,"href":"https:\/\/fengchashop.com\/se\/wp-json\/wp\/v2\/product_brand?post=7051"},{"taxonomy":"product_cat","embeddable":true,"href":"https:\/\/fengchashop.com\/se\/wp-json\/wp\/v2\/product_cat?post=7051"},{"taxonomy":"product_tag","embeddable":true,"href":"https:\/\/fengchashop.com\/se\/wp-json\/wp\/v2\/product_tag?post=7051"}],"curies":[{"name":"wp","href":"https:\/\/api.w.org\/{rel}","templated":true}]}}