{"id":7050,"date":"2025-07-25T06:19:47","date_gmt":"2025-07-25T04:19:47","guid":{"rendered":"https:\/\/fengchashop.com\/se\/product\/bach-blomsterdroppar-tinnitus\/"},"modified":"2026-01-28T17:45:07","modified_gmt":"2026-01-28T16:45:07","slug":"bach-blomsterdroppar-tinnitus","status":"publish","type":"product","link":"https:\/\/fengchashop.com\/se\/product\/bach-blomsterdroppar-tinnitus\/","title":{"rendered":"Bach blomsterdroppar Tinnitus"},"content":{"rendered":"<h2><span style=\"color: #000000;\">Bach-droppar mot tinnitus<\/span><\/h2>\n<p><span style=\"color: #000000;\"><strong>Tinnitus<\/strong> (\u00e4ven k\u00e4nt som &#8221;ringningar i \u00f6ronen&#8221;) \u00e4r uppfattningen av ljud i \u00f6ronen eller huvudet som inte har n\u00e5gon extern k\u00e4lla. Personer med det h\u00f6r ofta ringande, surrande, v\u00e4sande, surrande eller pulserande ljud, trots att det inte finns n\u00e5got faktiskt ljud i omgivningen. Men det kan ocks\u00e5 p\u00e5verka v\u00e5r mentala h\u00e4lsa. D\u00e4rf\u00f6r \u00e4r det av yttersta vikt att vi hj\u00e4lps \u00e5t att hantera de k\u00e4nslom\u00e4ssiga aspekterna. F\u00f6rst d\u00e5 kan du s\u00e4kerst\u00e4lla en lugn k\u00e4nsla och f\u00f6rb\u00e4ttra din vitala energi. Bach-droppar kan hj\u00e4lpa oss med detta. Vi har r\u00e4tt l\u00f6sning f\u00f6r dig.<\/span><\/p>\n<p><span style=\"color: #000000;\">Du kan m\u00e4rka de f\u00f6rsta resultaten efter n\u00e5gra dagar eller veckor, beroende p\u00e5 varje individ. Den f\u00e4rdiga blandningen h\u00e5ller i 30 dagar och kan enkelt appliceras direkt i munnen eller droppas ner i ett glas vatten.<\/span><\/p>\n<p><span style=\"color: #000000;\"><strong>Orsaker till tinnitus:<\/strong><\/span><\/p>\n<ul>\n<li><span style=\"color: #000000;\">Exponering f\u00f6r h\u00f6ga ljud (konserter, h\u00f6rlurar).<\/span><\/li>\n<li><span style=\"color: #000000;\">\u00c5ldersrelaterad h\u00f6rselneds\u00e4ttning.<\/span><\/li>\n<li><span style=\"color: #000000;\">H\u00f6rselneds\u00e4ttning eller skada p\u00e5 inner\u00f6rat.<\/span><\/li>\n<li><span style=\"color: #000000;\">Stress, \u00e5ngest eller depression.<\/span><\/li>\n<li><span style=\"color: #000000;\">Blockering av h\u00f6rselg\u00e5ngen (t.ex. p\u00e5 grund av \u00f6ronvax).<\/span><\/li>\n<li><span style=\"color: #000000;\">Anv\u00e4ndning av vissa l\u00e4kemedel (t.ex. vissa antibiotika eller aspirin i h\u00f6ga doser).<\/span><\/li>\n<\/ul>\n<p>&nbsp;<\/p>\n<p><span style=\"color: #000000;\"><strong>Bachsblomsdroppar hj\u00e4lper oss att hantera tinnitus k\u00e4nslom\u00e4ssigt, vilket p\u00e5verkar oss p\u00e5 ett s\u00e5dant s\u00e4tt att vi:<\/strong><\/span><\/p>\n<ul>\n<li><span style=\"color: #000000;\">lugnare,<\/span><\/li>\n<li><span style=\"color: #000000;\">mindre belastad av st\u00f6rande ljud<\/span><\/li>\n<li><span style=\"color: #000000;\">och l\u00e4ttare att uppr\u00e4tth\u00e5lla inre balans.<\/span><\/li>\n<\/ul>\n<p>&nbsp;<\/p>\n<h2><span style=\"color: #000000;\">Hur Bach-droppar fungerar<\/span><\/h2>\n<p><span style=\"color: #000000;\">Bachs droppar \u00e4r effektiva mot olika k\u00e4nslom\u00e4ssiga st\u00f6rningar hos en individ, vilket ocks\u00e5 kan leda till tinnitus. Bachs droppar hj\u00e4lper oss ocks\u00e5 i olika kriser och sv\u00e5ra livssituationer och pr\u00f6vningar. De hj\u00e4lper oss att lugna ner oss och h\u00e5lla huvudet lugnt, eftersom de p\u00e5verkar v\u00e5rt k\u00e4nslom\u00e4ssiga tillst\u00e5nd och hj\u00e4lper till att harmonisera det. Med hj\u00e4lp av Bachs droppar tar vi kontroll \u00f6ver v\u00e5ra k\u00e4nslor och skapar d\u00e4rmed harmoni och finner v\u00e5r inre frid.<\/span><\/p>\n<p style=\"text-align: justify;\"><span style=\"color: #000000;\">Bach-terapi fr\u00e4mjar sj\u00e4lvl\u00e4kning och andlig avslappning. Enligt Dr Bachs teori ligger orsaken till sjukdom i ett oharmoniskt tillst\u00e5nd eller i en brist p\u00e5 harmoni mellan kropp och sj\u00e4l. Med hj\u00e4lp av blomessenser f\u00f6rs\u00f6ker vi bota sjukdomar genom att utnyttja blommornas <b>positiva egenskaper<\/b> f\u00f6r att hj\u00e4lpa oss att \u00e5terst\u00e4lla balansen inom oss sj\u00e4lva.<\/span><\/p>\n<p style=\"text-align: justify;\"><span style=\"color: #000000;\">Bach-dropparna framst\u00e4lls enligt Dr Bachs metod och<strong> endast med ursprungliga Bach<\/strong>-essenser.<\/span><\/p>\n<p style=\"text-align: justify;\"><span style=\"color: #000000;\">Bach-dropparna tas fr\u00e5n en flaska med en pipett, vilket g\u00f6r doseringen mycket enkel. Ta 4 droppar 4 g\u00e5nger om dagen, f\u00f6rdelat \u00f6ver hela dagen. Den flaska du f\u00e5r r\u00e4cker till 1 m\u00e5nads behandling. <\/span><\/p>\n<p style=\"text-align: justify;\"><span style=\"color: #000000;\">Varje flaska<b> <\/b>av den valda blandningen <b>bereds manuellt och p\u00e5<\/b> plats. F\u00f6r att h\u00e5lla blandningen fr\u00e4sch l\u00e4ngre anv\u00e4nder vi lite alkohol (cognac). Blandningen har en h\u00e5llbarhetstid p\u00e5 1 m\u00e5nad fr\u00e5n ink\u00f6psdatumet.<\/span><\/p>\n<p style=\"text-align: justify;\"><span style=\"color: #000000;\">Eftersom Bach-droppar <strong>inte har n\u00e5gra<\/strong> <b>biverkningar<\/b> kan de inte \u00f6verdoseras och \u00e4r inte beroendeframkallande. De \u00e4r l\u00e4mpliga f\u00f6r alla &#8211; gravida kvinnor, ammande m\u00f6drar, \u00e4ldre, barn och djur.<\/span><\/p>\n<p style=\"text-align: justify;\"><span style=\"color: #000000;\">Det interagerar inte med andra l\u00e4kemedel.<\/span><\/p>\n<h2 style=\"text-align: justify;\"><span style=\"color: #000000;\">F\u00f6rvaring<\/span><\/h2>\n<p style=\"text-align: justify;\"><span style=\"color: #000000;\">F\u00f6rvaras p\u00e5 en torr, m\u00f6rk plats vid en temperatur p\u00e5 upp till +25 \u00b0C.<\/span><\/p>\n<h2 style=\"text-align: justify;\"><span style=\"color: #000000;\">M\u00e4ngd<\/span><\/h2>\n<p style=\"text-align: justify;\"><span style=\"color: #000000;\">30 ml (r\u00e4cker f\u00f6r 30 dagars regelbunden anv\u00e4ndning)<\/span><\/p>\n","protected":false},"excerpt":{"rendered":"<p>Bach-droppar \u00e4r effektiva mot olika k\u00e4nslom\u00e4ssiga besv\u00e4r. De hj\u00e4lper till i olika kriser och sv\u00e5ra livssituationer. De hj\u00e4lper till att lugna ner sig och h\u00e5lla huvudet kallt. De p\u00e5verkar v\u00e5rt k\u00e4nslol\u00e4ge och hj\u00e4lper till att harmonisera det.<\/p>\n<p>\ud83d\udc9a Dropparna packas f\u00f6r hand p\u00e5 leveransdagen.<br \/>\n\ud83d\udc9a De \u00e4r l\u00e4mpliga f\u00f6r alla m\u00e4nniskor (gravida kvinnor, \u00e4ldre, barn, &#8230;) och djur.<br \/>\n\ud83d\udc9a De har inga biverkningar, \u00e4r inte beroendeframkallande och kan inte \u00f6verdoseras.<br \/>\n\ud83d\udc9a Du kan m\u00e4rka de f\u00f6rsta resultaten efter n\u00e5gra dagar eller veckor, detta beror p\u00e5 varje individ.<br \/>\n\ud83d\udc9a Interagerar inte med andra l\u00e4kemedel.<\/p>\n","protected":false},"featured_media":6911,"comment_status":"open","ping_status":"closed","template":"","meta":{"_acf_changed":false},"product_brand":[],"product_cat":[225,236,224],"product_tag":[],"class_list":{"0":"post-7050","1":"product","2":"type-product","3":"status-publish","4":"has-post-thumbnail","6":"product_cat-alla-produkter","7":"product_cat-bachs-droppar","8":"product_cat-erbjudande","10":"first","11":"instock","12":"sale","13":"taxable","14":"shipping-taxable","15":"purchasable","16":"product-type-simple"},"acf":[],"_links":{"self":[{"href":"https:\/\/fengchashop.com\/se\/wp-json\/wp\/v2\/product\/7050","targetHints":{"allow":["GET"]}}],"collection":[{"href":"https:\/\/fengchashop.com\/se\/wp-json\/wp\/v2\/product"}],"about":[{"href":"https:\/\/fengchashop.com\/se\/wp-json\/wp\/v2\/types\/product"}],"replies":[{"embeddable":true,"href":"https:\/\/fengchashop.com\/se\/wp-json\/wp\/v2\/comments?post=7050"}],"wp:featuredmedia":[{"embeddable":true,"href":"https:\/\/fengchashop.com\/se\/wp-json\/wp\/v2\/media\/6911"}],"wp:attachment":[{"href":"https:\/\/fengchashop.com\/se\/wp-json\/wp\/v2\/media?parent=7050"}],"wp:term":[{"taxonomy":"product_brand","embeddable":true,"href":"https:\/\/fengchashop.com\/se\/wp-json\/wp\/v2\/product_brand?post=7050"},{"taxonomy":"product_cat","embeddable":true,"href":"https:\/\/fengchashop.com\/se\/wp-json\/wp\/v2\/product_cat?post=7050"},{"taxonomy":"product_tag","embeddable":true,"href":"https:\/\/fengchashop.com\/se\/wp-json\/wp\/v2\/product_tag?post=7050"}],"curies":[{"name":"wp","href":"https:\/\/api.w.org\/{rel}","templated":true}]}}