{"id":7044,"date":"2025-07-25T06:19:47","date_gmt":"2025-07-25T04:19:47","guid":{"rendered":"https:\/\/fengchashop.com\/se\/product\/mattermometer\/"},"modified":"2025-12-23T12:37:03","modified_gmt":"2025-12-23T11:37:03","slug":"mattermometer","status":"publish","type":"product","link":"https:\/\/fengchashop.com\/se\/product\/mattermometer\/","title":{"rendered":"Mattermometer"},"content":{"rendered":"<h2 style=\"text-align: justify;\"><span style=\"color: #000000;\">Namn<\/span><\/h2>\n<p style=\"text-align: justify;\"><span style=\"color: #000000;\">mattermometer<\/span><\/p>\n<h2 style=\"text-align: justify;\"><span style=\"color: #000000;\">Beskrivning<\/span><\/h2>\n<p style=\"text-align: justify;\"><span style=\"color: #000000;\">En digital termometer med ett s\u00e5 brett m\u00e4tomr\u00e5de \u00e4r ett oumb\u00e4rligt tillbeh\u00f6r i varje hem. Termometern har **fyra** funktionsknappar som \u00e4r helt enkla att anv\u00e4nda. Anv\u00e4nd <strong>\u2460 P\u00c5\/AV<\/strong>-knappen f\u00f6r att sl\u00e5 p\u00e5 eller av termometern. Anv\u00e4nd knappen <strong>\u2461 \u00b0C \/\u00b0F<\/strong> f\u00f6r att st\u00e4lla in m\u00e5ttenhet. Genom att trycka p\u00e5 <strong>\u2462 HOLD<\/strong>-knappen avbryts m\u00e4tningen f\u00f6r att g\u00f6ra det l\u00e4ttare att avl\u00e4sa temperaturen. Genom att trycka p\u00e5 HOLD-knappen igen \u00e4r termometern redo f\u00f6r ytterligare m\u00e4tning. Genom att trycka p\u00e5 <strong>\u2463 MAX\/MIN<\/strong>-knappen visas f\u00f6rst den h\u00f6gsta uppm\u00e4tta temperaturen, och genom att trycka igen visas den l\u00e4gsta uppm\u00e4tta temperaturen. Data raderas genom att trycka p\u00e5 MAX\/MIN-knappen en tredje g\u00e5ng.<\/span><\/p>\n<p style=\"text-align: justify;\"><span style=\"color: #000000;\">Temperaturen p\u00e5 det uppm\u00e4tta \u00e4mnet visas<strong>efter 4\u20137 sekunder<\/strong>.<\/span><\/p>\n<h2 style=\"text-align: justify;\"><span style=\"color: #000000;\">Anv\u00e4ndning<\/span><\/h2>\n<p style=\"text-align: justify;\"><span style=\"color: #000000;\">L\u00e4mplig f\u00f6r att <strong>noggrant m\u00e4ta temperaturen p\u00e5 mat och v\u00e4tskor i k\u00f6ket och hemmet<\/strong>.<\/span><\/p>\n<p style=\"text-align: justify;\"><span style=\"color: #000000;\">\u00c4ven anv\u00e4ndbar f\u00f6r att m\u00e4ta temperaturen p\u00e5 barnmat vid introduktion av mat, m\u00e4ta temperaturen p\u00e5 mj\u00f6lk eller temperaturen p\u00e5 vatten i ett badkar. Den m\u00e4ter ocks\u00e5 noggrant temperaturen p\u00e5 frityrolja, k\u00f6tt i ugnen eller p\u00e5 grillen, och temperaturen p\u00e5 choklad vid tillagning av chokladgodis, d\u00e4r temperaturen \u00e4r mycket viktig. Du kan ocks\u00e5 anv\u00e4nda den f\u00f6r att kontrollera om din alkoholhaltiga dryck \u00e4r ordentligt kyld f\u00f6r att drickas.<\/span><\/p>\n<p style=\"text-align: justify;\"><span style=\"color: #000000;\">Torka av produkten med en v\u00e5t trasa efter anv\u00e4ndning.<\/span><\/p>\n<h2 style=\"text-align: justify;\"><span style=\"color: #000000;\">F\u00f6rdelar<\/span><\/h2>\n<ul style=\"text-align: justify;\">\n<li><span style=\"color: #000000;\">M\u00e4ter snabbt temperaturen.<\/span><\/li>\n<li><span style=\"color: #000000;\">Den har ett brett m\u00e4tomr\u00e5de.<\/span><\/li>\n<li><span style=\"color: #000000;\">St\u00e4ngs av automatiskt efter 10 minuters inaktivitet.<\/span><\/li>\n<li><span style=\"color: #000000;\">Visas i \u00b0C eller \u00b0F.<\/span><\/li>\n<li><span style=\"color: #000000;\">Den \u00e4r m\u00e5ngsidig.<\/span><\/li>\n<li><span style=\"color: #000000;\">L\u00e4tt att anv\u00e4nda och underh\u00e5lla.<\/span><\/li>\n<li><span style=\"color: #000000;\">I en praktisk f\u00f6rpackning med upph\u00e4ngningssn\u00f6re.<\/span><\/li>\n<\/ul>\n<h2 style=\"text-align: justify;\"><span style=\"color: #000000;\">Utseende och m\u00e5tt<\/span><\/h2>\n<p style=\"text-align: justify;\"><span style=\"color: #000000;\">Produkten \u00e4r tillverkad av rostfritt st\u00e5l (spets eller temperaturgivare) och har ett plasth\u00f6lje med LCD-sk\u00e4rm. Termometerns storlek \u00e4r 22,7 cm och m\u00e4tspetsarna \u00e4r 14,8 cm.<\/span><\/p>\n<p style=\"text-align: justify;\"><span style=\"color: #000000;\">Produkten kr\u00e4ver ett RL44-batteri f\u00f6r att fungera, vilket du kan k\u00f6pa i n\u00e4stan vilken v\u00e4lsorterad butik som helst.<\/span><\/p>\n","protected":false},"excerpt":{"rendered":"<p align=\"JUSTIFY\"><span style=\"color: #000000;\">En digital termometer med ett s\u00e5 brett m\u00e4tomr\u00e5de \u00e4r ett oumb\u00e4rligt tillbeh\u00f6r i varje hem. Termometern har **fyra** funktionsknappar som \u00e4r helt enkla att anv\u00e4nda. Temperaturen p\u00e5 det uppm\u00e4tta \u00e4mnet visas inom 4\u20137 sekunder. Den \u00e4r l\u00e4mplig f\u00f6r att **noggrant m\u00e4ta temperaturen p\u00e5 mat och v\u00e4tskor i k\u00f6ket och hemmet**.<\/span><\/p>\n<p align=\"JUSTIFY\"><span style=\"color: #000000;\"><span class=\"jCAhz ChMk0b\"><span class=\"ryNqvb\">\ud83d\udc9a <\/span><\/span>M\u00e4t temperaturen snabbt.<\/span><\/p>\n<p><span style=\"color: #000000;\"><span class=\"jCAhz ChMk0b\"><span class=\"ryNqvb\">\ud83d\udc9a <\/span><\/span>Den har ett brett m\u00e4tomr\u00e5de.<\/span><\/p>\n<p><span style=\"color: #000000;\"><span class=\"jCAhz ChMk0b\"><span class=\"ryNqvb\">\ud83d\udc9a <\/span><\/span>St\u00e4ngs av automatiskt efter 10 minuters inaktivitet.<\/span><\/p>\n<p><span style=\"color: #000000;\"><span class=\"jCAhz ChMk0b\"><span class=\"ryNqvb\">\ud83d\udc9a <\/span><\/span>Visas i \u00b0C eller \u00b0F.<\/span><\/p>\n<p><span style=\"color: #000000;\"><span class=\"jCAhz ChMk0b\"><span class=\"ryNqvb\">\ud83d\udc9a <\/span><\/span>Den \u00e4r m\u00e5ngsidig.<\/span><\/p>\n<p><span style=\"color: #000000;\"><span class=\"jCAhz ChMk0b\"><span class=\"ryNqvb\">\ud83d\udc9a<\/span><\/span>L\u00e4tt att anv\u00e4nda och underh\u00e5lla.<\/span><\/p>\n<p><span style=\"color: #000000;\"><span class=\"jCAhz ChMk0b\"><span class=\"ryNqvb\">\ud83d\udc9a <\/span><\/span>I praktisk f\u00f6rpackning med upph\u00e4ngningssn\u00f6re.<\/span><\/p>\n","protected":false},"featured_media":7045,"comment_status":"open","ping_status":"closed","template":"","meta":{"_acf_changed":false},"product_brand":[],"product_cat":[225,224,227],"product_tag":[],"class_list":{"0":"post-7044","1":"product","2":"type-product","3":"status-publish","4":"has-post-thumbnail","6":"product_cat-alla-produkter","7":"product_cat-erbjudande","8":"product_cat-ovrigt","10":"first","11":"outofstock","12":"sale","13":"taxable","14":"shipping-taxable","15":"purchasable","16":"product-type-simple"},"acf":[],"_links":{"self":[{"href":"https:\/\/fengchashop.com\/se\/wp-json\/wp\/v2\/product\/7044","targetHints":{"allow":["GET"]}}],"collection":[{"href":"https:\/\/fengchashop.com\/se\/wp-json\/wp\/v2\/product"}],"about":[{"href":"https:\/\/fengchashop.com\/se\/wp-json\/wp\/v2\/types\/product"}],"replies":[{"embeddable":true,"href":"https:\/\/fengchashop.com\/se\/wp-json\/wp\/v2\/comments?post=7044"}],"wp:featuredmedia":[{"embeddable":true,"href":"https:\/\/fengchashop.com\/se\/wp-json\/wp\/v2\/media\/7045"}],"wp:attachment":[{"href":"https:\/\/fengchashop.com\/se\/wp-json\/wp\/v2\/media?parent=7044"}],"wp:term":[{"taxonomy":"product_brand","embeddable":true,"href":"https:\/\/fengchashop.com\/se\/wp-json\/wp\/v2\/product_brand?post=7044"},{"taxonomy":"product_cat","embeddable":true,"href":"https:\/\/fengchashop.com\/se\/wp-json\/wp\/v2\/product_cat?post=7044"},{"taxonomy":"product_tag","embeddable":true,"href":"https:\/\/fengchashop.com\/se\/wp-json\/wp\/v2\/product_tag?post=7044"}],"curies":[{"name":"wp","href":"https:\/\/api.w.org\/{rel}","templated":true}]}}