{"id":7039,"date":"2022-02-11T19:13:33","date_gmt":"2022-02-11T18:13:33","guid":{"rendered":"https:\/\/fengchashop.com\/se\/product\/coriolus-bio-eu-125-g\/"},"modified":"2026-04-26T20:15:20","modified_gmt":"2026-04-26T18:15:20","slug":"coriolus-bio-eu","status":"publish","type":"product","link":"https:\/\/fengchashop.com\/se\/product\/coriolus-bio-eu\/","title":{"rendered":"Coriolus BIO EU 125 g"},"content":{"rendered":"<h2><span style=\"color: #000000\">Coriolus bio<\/span><\/h2>\n<p><span style=\"color: #000000\">Den f\u00e4rgglada platta kn\u00f6len \u00e4r en erk\u00e4nd medicinsk svamp avsedd f\u00f6r utv\u00e4rtes bruk, som har anv\u00e4nts i traditionell kinesisk medicin i \u00e5rhundraden. Tillsammans med ganoderma, cordyceps och n\u00e5gra andra svampar \u00e4r det en av de mest k\u00e4nda medicinska svamparna i v\u00e5rt land. Dess farmakologiskt aktiva ingredienser \u00e4r f\u00f6rem\u00e5l f\u00f6r m\u00e5nga kliniska studier. Globalt utbredd och vanlig tr\u00e4svamp som v\u00e4xer p\u00e5 ruttnande tr\u00e4.<\/span><\/p>\n<p><span style=\"color: #000000\">Odlingen av v\u00e5r Coriolus-medicinsvamp \u00e4r strikt kontrollerad, utan anv\u00e4ndning av kemikalier eller bek\u00e4mpningsmedel och \u00e4r 100% ekologisk. Svamparnas kvalitet \u00f6vervakas regelbundet av oberoende laboratorier i Slovenien och USA.<\/span><\/p>\n<p><span style=\"color: #000000\">Coriolus best\u00e5r av olika polysackarider, vitaminer, mineralsalter och antioxidanter. Den inneh\u00e5ller ocks\u00e5 m\u00e5nga olika fenol- och flavonoidantioxidanter som tros ha m\u00e5nga f\u00f6rdelar. De tv\u00e5 viktiga polysackarid-proteinkomplexen PKS (krestin eller polysackarid K) och PSP (polysackaridpeptid) som utg\u00f6r det \u00e4r fortfarande f\u00f6rem\u00e5l f\u00f6r mycket forskning.<\/span><\/p>\n<h2><span style=\"color: #000000\">F\u00f6rpackning<\/span><\/h2>\n<p><span style=\"color: #000000\">Icke-genomsl\u00e4pplig zip-lock-p\u00e5se d\u00e4r produkten beh\u00e5ller all sin fr\u00e4sch\u00f6r och arom. F\u00f6rpackningen skyddar produkten fr\u00e5n ljus och luft, eftersom den best\u00e5r av flera skyddslager som bevarar inneh\u00e5llets egenskaper.<\/span><\/p>\n<p><span style=\"color: #000000\">F\u00f6rpackningen \u00e4r mycket praktisk och \u00e5tervinningsbar.<\/span><\/p>\n<h2><span style=\"color: #000000\">Ursprung<\/span><\/h2>\n<p><span style=\"color: #000000\">EU<\/span><\/p>\n","protected":false},"excerpt":{"rendered":"<p>Coriolus, eller f\u00e4rgglad platt kn\u00f6l, \u00e4r en v\u00e4lk\u00e4nd medicinsk svamp som har anv\u00e4nts i traditionell kinesisk medicin i \u00e5rhundraden. Tillsammans med ganoderma, cordyceps och n\u00e5gra andra svampar \u00e4r det en av de mest k\u00e4nda medicinska svamparna i v\u00e5rt land.<\/p>\n<p>\ud83d\udc9a Premium kvalitet.<br \/>\n\ud83d\udc9a Extremt effektivt.<br \/>\n\ud83d\udc9a Naturprodukt.<br \/>\n\ud83d\udc9a Bra pris.<\/p>\n","protected":false},"featured_media":6059,"comment_status":"open","ping_status":"closed","template":"","meta":{"_acf_changed":false},"product_brand":[],"product_cat":[225,230,224,229,226],"product_tag":[],"class_list":{"0":"post-7039","1":"product","2":"type-product","3":"status-publish","4":"has-post-thumbnail","6":"product_cat-alla-produkter","7":"product_cat-bast-salda","8":"product_cat-erbjudande","9":"product_cat-medicinska-svampar","10":"product_cat-supermat","12":"first","13":"instock","14":"taxable","15":"shipping-taxable","16":"purchasable","17":"product-type-simple"},"acf":[],"_links":{"self":[{"href":"https:\/\/fengchashop.com\/se\/wp-json\/wp\/v2\/product\/7039","targetHints":{"allow":["GET"]}}],"collection":[{"href":"https:\/\/fengchashop.com\/se\/wp-json\/wp\/v2\/product"}],"about":[{"href":"https:\/\/fengchashop.com\/se\/wp-json\/wp\/v2\/types\/product"}],"replies":[{"embeddable":true,"href":"https:\/\/fengchashop.com\/se\/wp-json\/wp\/v2\/comments?post=7039"}],"wp:featuredmedia":[{"embeddable":true,"href":"https:\/\/fengchashop.com\/se\/wp-json\/wp\/v2\/media\/6059"}],"wp:attachment":[{"href":"https:\/\/fengchashop.com\/se\/wp-json\/wp\/v2\/media?parent=7039"}],"wp:term":[{"taxonomy":"product_brand","embeddable":true,"href":"https:\/\/fengchashop.com\/se\/wp-json\/wp\/v2\/product_brand?post=7039"},{"taxonomy":"product_cat","embeddable":true,"href":"https:\/\/fengchashop.com\/se\/wp-json\/wp\/v2\/product_cat?post=7039"},{"taxonomy":"product_tag","embeddable":true,"href":"https:\/\/fengchashop.com\/se\/wp-json\/wp\/v2\/product_tag?post=7039"}],"curies":[{"name":"wp","href":"https:\/\/api.w.org\/{rel}","templated":true}]}}