{"id":7037,"date":"2025-07-25T06:19:47","date_gmt":"2025-07-25T04:19:47","guid":{"rendered":"https:\/\/fengchashop.com\/se\/product\/hericium-erinaceus-i-kapslar-bio-120-kapslar\/"},"modified":"2025-11-21T23:20:03","modified_gmt":"2025-11-21T22:20:03","slug":"hericium-erinaceus-i-kapslar-bio","status":"publish","type":"product","link":"https:\/\/fengchashop.com\/se\/product\/hericium-erinaceus-i-kapslar-bio\/","title":{"rendered":"Hericium erinaceus i kapslar BIO 120 kapslar"},"content":{"rendered":"<h2><span style=\"color: #000000;\">Hericium erinaceus (vanlig sk\u00e4ggtunga)<\/span><\/h2>\n<p><span style=\"color: #000000;\">Hericium erinaceus, eller <strong>sk\u00e4ggticka<\/strong>, \u00e4r en extremt v\u00e4lsmakande och h\u00f6gt v\u00e4rderad \u00e4tlig och medicinsk svamp. Den v\u00e4xer p\u00e5 ved fr\u00e5n fallna tr\u00e4d, fr\u00e4mst p\u00e5 norra halvklotet (Europa, \u00f6stra Asien, Nordamerika). Den har en distinkt form och textur som liknar ett sk\u00e4gg, inklusive en lejonman. Den \u00e4r mycket uppskattad inom traditionell medicin f\u00f6r sin verkan och kallas<strong>&#8221;naturens mat f\u00f6r neuroner<\/strong>&#8221;. Det \u00e4r d\u00e4rf\u00f6r ocks\u00e5 l\u00e4mpligt<strong> f\u00f6r f\u00f6rsvagade nervsystem<\/strong>. Regelbunden anv\u00e4ndning har en gynnsam effekt p\u00e5 nervsystemet och hj\u00e4lper till att f\u00f6rebygga och behandla demens och multipel skleros. Dess positiva egenskaper \u00e5terspeglas ocks\u00e5 i dess verkan mot tv\u00e5 allt vanligare moderna sjukdomar, n\u00e4mligen depression och \u00e5ngest. <\/span><\/p>\n<p><span style=\"color: #000000;\"><strong>Franshakssvampen<\/strong> har en <strong>l\u00e5ng tradition<\/strong> inom traditionell kinesisk medicin och \u00e4r en mycket <strong>uppskattad svamp<\/strong>.<\/span><\/p>\n<p><span style=\"color: #000000;\">I pulverform inneh\u00e5ller Hericium erinaceus m\u00e5nga n\u00e4rings\u00e4mnen. I denna form kan v\u00e5r kropp utnyttja dem. Dess positiva effekter har ocks\u00e5<strong> bevisats vetenskapligt <\/strong>. <\/span><\/p>\n<p><span style=\"color: #000000;\">Produktionen av v\u00e5r Hericium erinaceus \u00e4r strikt kontrollerad, utan anv\u00e4ndning av kemikalier eller bek\u00e4mpningsmedel och 100 % ekologisk. Svamparnas kvalitet \u00f6vervakas regelbundet av oberoende laboratorier i Slovenien och USA.<\/span><\/p>\n<p><span style=\"color: #000000;\">De m\u00e5nga positiva effekterna av franssk\u00e4gget \u00e4r:<\/span><\/p>\n<p><span style=\"color: #000000;\"> \ud83d\udc9a Antioxidant egenskaper,<\/span><\/p>\n<p><span style=\"color: #000000;\"> \ud83d\udc9a hj\u00e4lper till med depression och \u00e5ngest,<\/span><\/p>\n<p><span style=\"color: #000000;\"> \ud83d\udc9a f\u00f6rb\u00e4ttrar s\u00f6mnen,<\/span><\/p>\n<p><span style=\"color: #000000;\"> \ud83d\udc9a f\u00f6rb\u00e4ttrar minnesfunktionen,<\/span><\/p>\n<p><span style=\"color: #000000;\"> \ud83d\udc9a stimulerar immunf\u00f6rsvaret,<\/span><\/p>\n<p><span style=\"color: #000000;\"> \ud83d\udc9a har en gynnsam effekt p\u00e5 hela nervsystemet och fr\u00e4mjar dess regenerering,<\/span><\/p>\n<p><span style=\"color: #000000;\"> \ud83d\udc9a hj\u00e4lper och f\u00f6rhindrar hj\u00e4rt-k\u00e4rlsjukdomar,<\/span><\/p>\n<p><span style=\"color: #000000;\"> \ud83d\udc9a antibakteriell.<\/span><\/p>\n<h2><span style=\"color: #000000;\">Vad inneh\u00e5ller det och vem \u00e4r det f\u00f6r?<\/span><\/h2>\n<p><span style=\"color: #000000;\">De aktiva komponenterna i Hericum erinaceus inkluderar<strong> betaglukaner<\/strong>, som \u00e4r typiska f\u00f6r svampar. Den s\u00e5 kallade HEP3 \u00e4r en av de mer farmakologiskt intressanta 1-3D-betaglukanerna. Svampen inneh\u00e5ller ocks\u00e5 <strong>polysackarider och polypeptider,<\/strong><strong> fytosteroler<\/strong> som betasitosterol och ergosterol, <strong>essentiella mineraler och sp\u00e5r\u00e4mnen<\/strong> (Zn, Fe, Se, Ge, etc.), <strong>niacin, biotin och D-vitamin<\/strong>.<\/span><\/p>\n<p><span style=\"color: #000000;\">P\u00e5 grund av sin h\u00f6gkvalitativa aminosyrasammans\u00e4ttning har violgubbe det<strong> h\u00f6gsta biologiska v\u00e4rdet<\/strong> j\u00e4mf\u00f6rt med andra \u00e4tliga svampar (champinjoner, ostronskivling och shiitakesvamp) och \u00e4r d\u00e4rf\u00f6r<strong> ett bra substitut f\u00f6r k\u00f6tt<\/strong> i en vegetarisk diet.<\/span><\/p>\n<p><span style=\"color: #000000;\">Alla grund\u00e4mnen i svamp finns i stora m\u00e4ngder och har en mycket positiv effekt p\u00e5 v\u00e5ra kroppar. Anv\u00e4ndningen av fransen rekommenderas s\u00e4rskilt f\u00f6r dem som beh\u00f6ver st\u00f6d f\u00f6r sitt nervsystem och hj\u00e4rnfunktion. Enligt vetenskapliga r\u00f6n \u00e4r det ocks\u00e5 utm\u00e4rkt f\u00f6r symtom p\u00e5 depression och \u00e5ngest. Det anv\u00e4nds ocks\u00e5 ofta f\u00f6r att st\u00e4rka immunf\u00f6rsvaret. <\/span><\/p>\n<p><span style=\"color: #000000;\">Och vad som \u00e4r oerh\u00f6rt viktigt h\u00e4r \u00e4r att Hericium erinaceus \u00e4r en <strong>100% naturlig produkt<\/strong> som kan hj\u00e4lpa oss p\u00e5 ett naturligt s\u00e4tt. Det f\u00f6rb\u00e4ttrar symtomen p\u00e5 v\u00e5ra problem och har en positiv effekt p\u00e5 v\u00e5rt allm\u00e4nna v\u00e4lbefinnande.<\/span><\/p>\n<h2><span style=\"color: #000000;\">Varf\u00f6r svampar?<\/span><\/h2>\n<p><span style=\"color: #000000;\">Svampar \u00e4r mycket intressanta. De \u00e4r varken v\u00e4xter eller djur, men vad de \u00e4r, de \u00e4r verkligen fantastiska organismer som har lyckats \u00f6verleva n\u00e4stan sedan v\u00e4rldens b\u00f6rjan. De har utvecklat en speciell \u00f6verlevnadsstrategi som har h\u00e5llit dem vid liv till denna dag. Och vi m\u00e4nniskor kan ocks\u00e5 dra nytta av dessa f\u00f6rdelar genom att konsumera medicinska svampar. De ger oss balans p\u00e5 ett fysiskt plan och skyddar oss mot m\u00e5nga sjukdomar. De kan vara en <strong>f\u00f6rebyggande<\/strong> eller<strong> st\u00f6djande kurativ behandling<\/strong> f\u00f6r m\u00e5nga (moderna) sjukdomar, oavsett om de \u00e4r konventionella eller p\u00e5 annat s\u00e4tt okonventionella. Traditionellt har svampar tillskrivits sina effekter vid cancer, autoimmuna sjukdomar och allergier. De \u00e4r ocks\u00e5 bra f\u00f6r ett h\u00e4lsosamt och starkt immunf\u00f6rsvar. Medicinsk forskning som utf\u00f6rts under de senaste decennierna, n\u00e4r svampar har blivit av intresse i v\u00e4stv\u00e4rlden, har dock bekr\u00e4ftat m\u00e5nga av deras terapeutiska effekter.<\/span><\/p>\n<p><span style=\"color: #000000;\">Eftersom vissa naturliga aktiva substanser \u00e4r osm\u00e4ltbara eller sv\u00e5ra f\u00f6r oss att sm\u00e4lta, \u00e4r det mycket viktigt att endast konsumera de b\u00e4sta svamppulvren. Svampar m\u00e5ste odlas, torkas och beredas p\u00e5 r\u00e4tt s\u00e4tt. De m\u00e5ste malas till ett fint pulver utan n\u00e5gra bitar. F\u00e4rgen p\u00e5 pulvret \u00e4r ljusare, men i \u00f6vrigt beror det ocks\u00e5 p\u00e5 vilken typ av svamp som konsumeras. Eftersom svampar \u00e4r s\u00e5 effektiva just f\u00f6r att de har f\u00f6rm\u00e5gan att absorbera allt &#8211; bra och d\u00e5ligt &#8211; fr\u00e5n omgivningen, \u00e4r det viktigt att anv\u00e4nda <strong>ekologiskt odlade s\u00e5dana.<\/strong><\/span><\/p>\n<h2><span style=\"color: #000000;\">F\u00f6rpackning<\/span><\/h2>\n<p><span style=\"color: #000000;\">I en icke-genomsl\u00e4pplig zip-lock-p\u00e5se, d\u00e4r produkten beh\u00e5ller all sin f\u00e4rskhet och arom. F\u00f6rpackningen skyddar produkten fr\u00e5n ljus och luft, eftersom den best\u00e5r av flera skyddslager som bevarar inneh\u00e5llets egenskaper.<\/span><\/p>\n<p><span style=\"color: #000000;\">F\u00f6rpackningen \u00e4r mycket praktisk och \u00e5tervinningsbar.<\/span><\/p>\n<h2><span style=\"color: #000000;\">F\u00f6rvaring och varningar<\/span><\/h2>\n<p><span style=\"color: #000000;\">F\u00f6rvaras p\u00e5 en sval och torr plats. F\u00f6rvara kosttillskottet utom r\u00e4ckh\u00e5ll f\u00f6r barn!<\/span><\/p>\n<p><span style=\"color: #000000;\">Kom ih\u00e5g vikten av en varierad kost och en h\u00e4lsosam livsstil, ett kosttillskott \u00e4r d\u00e4rf\u00f6r inte en ers\u00e4ttning f\u00f6r en balanserad och varierad kost. Den rekommenderade dagliga m\u00e4ngden eller dosen b\u00f6r inte \u00f6verskridas. Gravida och ammande kvinnor rekommenderas alltid att r\u00e5dfr\u00e5ga l\u00e4kare f\u00f6re anv\u00e4ndning.<\/span><\/p>\n<h2><span style=\"color: #000000;\">Bra att veta<\/span><\/h2>\n<p><span style=\"color: #000000;\">Produkten \u00e4r ocks\u00e5 l\u00e4mplig f\u00f6r djur. I de flesta fall visar sig medicinska svampar vara extremt effektiva f\u00f6r att st\u00e4rka immunf\u00f6rsvaret, eliminera allergier och hudbesv\u00e4r samt virus- och bakterieinfektioner. R\u00e5dg\u00f6r med din veterin\u00e4r f\u00f6re anv\u00e4ndning om det \u00e4r l\u00e4mpligt att ta och den rekommenderade dagliga m\u00e4ngden.<\/span><\/p>\n<h2><span style=\"color: #000000;\">Ursprung<\/span><\/h2>\n<p><span style=\"color: #000000;\">Slovenien<\/span><\/p>\n","protected":false},"excerpt":{"rendered":"<p align=\"JUSTIFY\"><strong>Hericium erinaceus<\/strong>, eller <strong>sk\u00e4ggtaggsvamp<\/strong>, \u00e4r en extremt v\u00e4lsmakande och h\u00f6gt v\u00e4rderad \u00e4tlig och medicinsk svamp. Den \u00e4r mycket uppskattad inom traditionell medicin f\u00f6r sin verkan och kallas <strong>&#8221;naturens mat f\u00f6r neuroner&#8221;<\/strong>. Den \u00e4r d\u00e4rf\u00f6r ocks\u00e5 l\u00e4mplig <strong>f\u00f6r f\u00f6rsvagade nervsystem<\/strong>.<\/p>\n<p>\ud83d\udc9a Antioxidativa egenskaper.<br \/>\n\ud83d\udc9a Det hj\u00e4lper till med depression och \u00e5ngest.<br \/>\n\ud83d\udc9a F\u00f6rb\u00e4ttrar minnesfunktionen.<br \/>\n\ud83d\udc9a Stimulerar immunf\u00f6rsvaret.<br \/>\n\ud83d\udc9a Det har en gynnsam effekt p\u00e5 hela nervsystemet.<\/p>\n","protected":false},"featured_media":7038,"comment_status":"open","ping_status":"closed","template":"","meta":{"_acf_changed":false},"product_brand":[],"product_cat":[225,224,229,226],"product_tag":[],"class_list":{"0":"post-7037","1":"product","2":"type-product","3":"status-publish","4":"has-post-thumbnail","6":"product_cat-alla-produkter","7":"product_cat-erbjudande","8":"product_cat-medicinska-svampar","9":"product_cat-supermat","11":"first","12":"outofstock","13":"sale","14":"taxable","15":"shipping-taxable","16":"purchasable","17":"product-type-simple"},"acf":[],"_links":{"self":[{"href":"https:\/\/fengchashop.com\/se\/wp-json\/wp\/v2\/product\/7037","targetHints":{"allow":["GET"]}}],"collection":[{"href":"https:\/\/fengchashop.com\/se\/wp-json\/wp\/v2\/product"}],"about":[{"href":"https:\/\/fengchashop.com\/se\/wp-json\/wp\/v2\/types\/product"}],"replies":[{"embeddable":true,"href":"https:\/\/fengchashop.com\/se\/wp-json\/wp\/v2\/comments?post=7037"}],"wp:featuredmedia":[{"embeddable":true,"href":"https:\/\/fengchashop.com\/se\/wp-json\/wp\/v2\/media\/7038"}],"wp:attachment":[{"href":"https:\/\/fengchashop.com\/se\/wp-json\/wp\/v2\/media?parent=7037"}],"wp:term":[{"taxonomy":"product_brand","embeddable":true,"href":"https:\/\/fengchashop.com\/se\/wp-json\/wp\/v2\/product_brand?post=7037"},{"taxonomy":"product_cat","embeddable":true,"href":"https:\/\/fengchashop.com\/se\/wp-json\/wp\/v2\/product_cat?post=7037"},{"taxonomy":"product_tag","embeddable":true,"href":"https:\/\/fengchashop.com\/se\/wp-json\/wp\/v2\/product_tag?post=7037"}],"curies":[{"name":"wp","href":"https:\/\/api.w.org\/{rel}","templated":true}]}}