{"id":7023,"date":"2023-12-07T18:37:57","date_gmt":"2023-12-07T17:37:57","guid":{"rendered":"https:\/\/fengchashop.com\/se\/product\/nac-n-acetylcystein-i-kapslar-120-kapslar\/"},"modified":"2026-05-07T00:22:24","modified_gmt":"2026-05-06T22:22:24","slug":"nac-n-acetylcystein-i-kapslar","status":"publish","type":"product","link":"https:\/\/fengchashop.com\/se\/product\/nac-n-acetylcystein-i-kapslar\/","title":{"rendered":"NAC (N-acetylcystein) i kapslar 120 kapslar"},"content":{"rendered":"<h2><span style=\"color: #000000\">NAC (N-acetylcystein)<\/span><\/h2>\n<p><span style=\"color: #000000\">N-acetylcystein <strong>(N-acetylcystein eller NAC)<\/strong> \u00e4r ett kosttillskott baserat p\u00e5 aminosyran cystein. Cystein \u00e4r en viktig byggsten i proteiner och spelar m\u00e5nga viktiga roller i kroppen. NAC har unika egenskaper som har gjort det popul\u00e4rt som kosttillskott och det anv\u00e4nds ocks\u00e5 i stor utstr\u00e4ckning inom medicinen. Det \u00e4r ett \u00e4mne som i kroppen fungerar som en f\u00f6reg\u00e5ngare till antioxidantenzymet glutation.<\/span><\/p>\n<h2><span style=\"color: #000000\">Varf\u00f6r \u00e4r NAC s\u00e5 speciellt och s\u00e5 annorlunda?<\/span><\/h2>\n<p><span style=\"color: #000000\">N-acetylcystein framst\u00e4lls vanligtvis fr\u00e5n aminosyran <strong>L-cystein<\/strong>, som finns i m\u00e5nga proteinrika livsmedel som f\u00e5gel, fisk, \u00e4gg och mejeriprodukter. <strong>Cystein<\/strong> \u00e4r en essentiell aminosyra, vilket inneb\u00e4r att kroppen beh\u00f6ver den f\u00f6r att fungera normalt, men den kan ocks\u00e5 framst\u00e4llas fr\u00e5n andra aminosyror som t.ex. <strong>metionin<\/strong>.<\/span><\/p>\n<p><span style=\"color: #000000\">Cystein \u00e4r en nyckelkomponent som v\u00e5r kropp beh\u00f6ver eftersom den spelar en viktig roll i flera viktiga processer. En av dess centrala roller \u00e4r att <strong>delta i p\u00e5fyllningen av glutation<\/strong>, som \u00e4r den mest kraftfulla antioxidanten i v\u00e5r kropp. Glutation \u00e4r n\u00f6dv\u00e4ndigt f\u00f6r att <strong>skydda kroppens celler fr\u00e5n skador<\/strong> som orsakas av fria radikaler och f\u00f6r att uppr\u00e4tth\u00e5lla hela systemets f\u00f6rsvarsmekanismer.<\/span><\/p>\n<h2><span style=\"color: #000000\">Effekter som har en positiv inverkan p\u00e5 v\u00e5r h\u00e4lsa och kropp<\/span><\/h2>\n<p><span style=\"color: #000000\"><em><strong>NAC har m\u00e5nga potentiella h\u00e4lsof\u00f6rdelar och effekter. N\u00e5gra av de viktigaste f\u00f6rdelarna och effekterna \u00e4r<\/strong><\/em><\/span><\/p>\n<p><span style=\"color: #000000\"> \ud83d\udc9a Det \u00e4r en kraftfull antioxidant som <strong>f\u00e5ngar upp fria radikaler<\/strong>,<\/span><\/p>\n<p><span style=\"color: #000000\"> \ud83d\udc9a har en positiv effekt p\u00e5<strong> immunf\u00f6rsvaret<\/strong> och fr\u00e4mjar immunf\u00f6rsvarets h\u00e4lsa,<\/span><\/p>\n<p><span style=\"color: #000000\">\ud83d\udc9a minskar f\u00f6rekomsten och sv\u00e5righetsgraden av<strong> influensa och f\u00f6rkylningssymtom<\/strong> och f\u00f6rkortar sjukdomstiden,<\/span><\/p>\n<p><span style=\"color: #000000\"> \ud83d\udc9a anv\u00e4nds ocks\u00e5 f\u00f6r att <strong>tunna tjockt slem och lindra andningsproblem<\/strong> hos patienter med andningssjukdomar som kronisk obstruktiv lungsjukdom (KOL) och cystisk fibros,<\/span><\/p>\n<p><span style=\"color: #000000\"> \ud83d\udc9a f\u00f6r behandling av <strong>paracetamolf\u00f6rgiftning<\/strong>,<\/span><\/p>\n<p><span style=\"color: #000000\"> \ud83d\udc9a har f\u00f6rdelar f\u00f6r <strong>mental<\/strong> h\u00e4lsa, anv\u00e4ndbar vid<strong> behandling av st\u00f6rningar<\/strong> som tv\u00e5ngssyndrom (OCD) och depression,<\/span><\/p>\n<p><span style=\"color: #000000\">\ud83d\udc9a minskar symtomen p\u00e5 vissa<strong> neurologiska st\u00f6rningar<\/strong> s\u00e5som schizofreni och hum\u00f6rst\u00f6rningar,<\/span><\/p>\n<p><span style=\"color: #000000\"> \ud83d\udc9a hj\u00e4lper till att <strong>behandla<\/strong> missbruk som alkoholism, r\u00f6kning och drogberoende,<\/span><\/p>\n<p><span style=\"color: #000000\"> \ud83d\udc9a har gynnsamma effekter vid vissa <strong>leversjukdomar<\/strong> s\u00e5som leverfibros,<\/span><\/p>\n<p><span style=\"color: #000000\"> \ud83d\udc9a hj\u00e4lper till med <strong>avgiftning och rening<\/strong>.<\/span><\/p>\n<h2><span style=\"color: #000000\">F\u00f6rpackning<\/span><\/h2>\n<p><span style=\"color: #000000\">En luftt\u00e4t p\u00e5se med dragkedja, d\u00e4r produkten beh\u00e5ller all sin fr\u00e4sch\u00f6r och arom. F\u00f6rpackningen skyddar mot ljus och luft, d\u00e5 den best\u00e5r av flera skyddslager som bevarar inneh\u00e5llets egenskaper.<\/span><\/p>\n<p><span style=\"color: #000000\">F\u00f6rpackningen \u00e4r mycket praktisk och m\u00f6jligg\u00f6r \u00e5tervinning.<\/span><\/p>\n<h2><span style=\"color: #000000\">F\u00f6rvaring och varningar<\/span><\/h2>\n<p><span style=\"color: #000000\">F\u00f6rvara p\u00e5 en torr och sval plats vid en temperatur p\u00e5 upp till 25 \u00b0C. Kosttillskottet ska vara utom r\u00e4ckh\u00e5ll f\u00f6r barn!<\/span><\/p>\n<p><span style=\"color: #000000\">Gl\u00f6m inte vikten av en varierad kost och en h\u00e4lsosam livsstil, ett n\u00e4ringstillskott \u00e4r d\u00e4rf\u00f6r inte ett substitut f\u00f6r en balanserad och varierad kost. Den rekommenderade dagliga m\u00e4ngden eller dosen f\u00e5r inte \u00f6verskridas. Det rekommenderas inte f\u00f6r anv\u00e4ndning av gravida och ammande m\u00f6drar och barn. Det rekommenderas att du konsulterar din l\u00e4kare f\u00f6r mer information vid eventuella h\u00e4lsoproblem. Inte l\u00e4mplig f\u00f6r barn.<\/span><\/p>\n","protected":false},"excerpt":{"rendered":"<p align=\"JUSTIFY\"><span style=\"color: #000000\"><strong>N-acetylcystein (N-acetylcystein eller NAC)<\/strong> \u00e4r ett kosttillskott som baseras p\u00e5 aminosyran<strong> cystein<\/strong>. Cystein \u00e4r en viktig byggsten i proteiner och spelar m\u00e5nga viktiga roller i kroppen. NAC har unika egenskaper som har gjort det popul\u00e4rt som kosttillskott och anv\u00e4nds ocks\u00e5 ofta inom medicinen.<\/span><\/p>\n<p><span style=\"color: #000000\">\ud83d\udc9a Det har en positiv effekt p\u00e5 immunf\u00f6rsvaret.<\/span><br \/>\n<span style=\"color: #000000\">\ud83d\udc9a Minskar f\u00f6rekomsten och sv\u00e5righetsgraden av influensa och f\u00f6rkylningssymtom.<\/span><br \/>\n<span style=\"color: #000000\">\ud83d\udc9a Minskar symtomen p\u00e5 vissa neurologiska st\u00f6rningar.<\/span><br \/>\n<span style=\"color: #000000\"> \ud83d\udc9a Hj\u00e4lper till vid behandling av missbruk.<\/span><br \/>\n<span style=\"color: #000000\">\ud83d\udc9a Det hj\u00e4lper till vid avgiftning och rening.<\/span><\/p>\n","protected":false},"featured_media":6992,"comment_status":"open","ping_status":"closed","template":"","meta":{"_acf_changed":false},"product_brand":[],"product_cat":[225,230,224,231],"product_tag":[],"class_list":{"0":"post-7023","1":"product","2":"type-product","3":"status-publish","4":"has-post-thumbnail","6":"product_cat-alla-produkter","7":"product_cat-bast-salda","8":"product_cat-erbjudande","9":"product_cat-mineraler-vitaminer","11":"first","12":"instock","13":"sale","14":"taxable","15":"shipping-taxable","16":"purchasable","17":"product-type-simple"},"acf":[],"_links":{"self":[{"href":"https:\/\/fengchashop.com\/se\/wp-json\/wp\/v2\/product\/7023","targetHints":{"allow":["GET"]}}],"collection":[{"href":"https:\/\/fengchashop.com\/se\/wp-json\/wp\/v2\/product"}],"about":[{"href":"https:\/\/fengchashop.com\/se\/wp-json\/wp\/v2\/types\/product"}],"replies":[{"embeddable":true,"href":"https:\/\/fengchashop.com\/se\/wp-json\/wp\/v2\/comments?post=7023"}],"wp:featuredmedia":[{"embeddable":true,"href":"https:\/\/fengchashop.com\/se\/wp-json\/wp\/v2\/media\/6992"}],"wp:attachment":[{"href":"https:\/\/fengchashop.com\/se\/wp-json\/wp\/v2\/media?parent=7023"}],"wp:term":[{"taxonomy":"product_brand","embeddable":true,"href":"https:\/\/fengchashop.com\/se\/wp-json\/wp\/v2\/product_brand?post=7023"},{"taxonomy":"product_cat","embeddable":true,"href":"https:\/\/fengchashop.com\/se\/wp-json\/wp\/v2\/product_cat?post=7023"},{"taxonomy":"product_tag","embeddable":true,"href":"https:\/\/fengchashop.com\/se\/wp-json\/wp\/v2\/product_tag?post=7023"}],"curies":[{"name":"wp","href":"https:\/\/api.w.org\/{rel}","templated":true}]}}