{"id":7020,"date":"2023-08-29T09:31:01","date_gmt":"2023-08-29T07:31:01","guid":{"rendered":"https:\/\/fengchashop.com\/se\/product\/maskros-i-pulver-bio-250-g\/"},"modified":"2026-04-29T07:11:29","modified_gmt":"2026-04-29T05:11:29","slug":"maskros-i-pulver-bio","status":"publish","type":"product","link":"https:\/\/fengchashop.com\/se\/product\/maskros-i-pulver-bio\/","title":{"rendered":"Maskros i pulver (Dandelion) BIO 250 g"},"content":{"rendered":"<h2 style=\"text-align: justify\"><span style=\"color: #000000\">Maskros pulver (Dandelion) BIO<\/span><\/h2>\n<div style=\"text-align: justify\">\n<p><span style=\"color: #000000\">Maskros (Taraxacum officinale), \u00e4ven k\u00e4nd som maskros eller akleja, \u00e4r en fler\u00e5rig \u00f6rt i familjen Asteraceae. V\u00e4xten \u00e4r utbredd \u00f6ver hela v\u00e4rlden och finns ofta i \u00e4ngar, tr\u00e4dg\u00e5rdar, v\u00e4gkanter och andra \u00f6ppna omr\u00e5den. F\u00f6rutom sitt prydnadsv\u00e4rde har den ocks\u00e5 historisk och modern nytta inom traditionell och naturlig medicin, d\u00e4r dess potentiella h\u00e4lsoeffekter har utforskats.<\/span><\/p>\n<\/div>\n<h2 style=\"text-align: justify\"><span style=\"color: #000000\">Varf\u00f6r \u00e4r maskrosen s\u00e5 speciell och s\u00e5 annorlunda?<\/span><\/h2>\n<p><span style=\"color: #000000\">Maskrosrotpulver \u00e4r ett kosttillskott som framst\u00e4lls av r\u00f6tterna fr\u00e5n denna v\u00e4xt. Maskrosrotspulver uppskattas <strong>f\u00f6r sina m\u00e5nga potentiella h\u00e4lsof\u00f6rdelar<\/strong>. Maskros har anv\u00e4nts i traditionella medicinska system runt om i v\u00e4rlden <strong>f\u00f6r en m\u00e4ngd olika \u00e4ndam\u00e5l, inklusive effekter som tonic, diuretikum och blodrenare<\/strong>.<\/span><\/p>\n<p><span style=\"color: #000000\">Maskrosrot \u00e4r en rik k\u00e4lla till m\u00e5nga n\u00e4rings\u00e4mnen, inklusive <strong>vitaminer<\/strong> (A, C och K), <strong>mineraler<\/strong> (kalium, kalcium, j\u00e4rn, magnesium och fosfor) och <strong>andra f\u00f6reningar som kan ha h\u00e4lsof\u00f6rdelar<\/strong>.<\/span><\/p>\n<p><span style=\"color: #000000\">Maskros inneh\u00e5ller<strong> antioxidanter<\/strong> som skyddar cellerna fr\u00e5n skador som orsakas av fria radikaler. Antioxidanter kan bidra till den allm\u00e4nna h\u00e4lsan och spela en roll f\u00f6r att minska risken f\u00f6r kroniska sjukdomar.<strong> Flavonoider<\/strong> \u00e4r antioxidanter som inneh\u00e5ller f\u00f6reningar som quercetin och luteolin, som kan bidra till att skydda cellerna mot oxidativ stress.<\/span><\/p>\n<p><span style=\"color: #000000\">Maskrosrot inneh\u00e5ller ocks\u00e5 fibrer, varav den viktigaste \u00e4r<strong> inulin<\/strong>, eftersom det hj\u00e4lper till att reglera blodsockerniv\u00e5n och matsm\u00e4ltningen.<\/span><br \/>\n<span style=\"color: #000000\">Andra viktiga f\u00f6reningar som finns i maskrosrot \u00e4r <strong>bitterin<\/strong>, som stimulerar aptit och matsm\u00e4ltning, och<strong> fytokemikalier<\/strong>, som har olika h\u00e4lsof\u00f6rdelar.<\/span><\/p>\n<h2 class=\"Standard\" style=\"text-align: justify\"><span style=\"color: #000000\">Effekter som har en positiv inverkan p\u00e5 v\u00e5r h\u00e4lsa och kropp<\/span><\/h2>\n<div style=\"text-align: justify\"><span style=\"color: #000000\">Maskros har m\u00e5nga potentiella h\u00e4lsof\u00f6rdelar och effekter. N\u00e5gra av de viktigaste f\u00f6rdelarna och effekterna \u00e4r:<\/span><\/div>\n<div style=\"text-align: justify\">\n<p><span style=\"color: #000000\"> \ud83d\udc9a Det \u00e4r en kraftfull <strong>antioxidant<\/strong> som rensar fria radikaler,<\/span><br \/>\n<span style=\"color: #000000\"> \ud83d\udc9a har en <strong>diuretisk effekt<\/strong>,<\/span><br \/>\n<span style=\"color: #000000\">\ud83d\udc9a hj\u00e4lper till med <strong>avgiftning och rening<\/strong>,<\/span><br \/>\n<span style=\"color: #000000\">\ud83d\udc9a bidrar till<strong> b\u00e4ttre matsm\u00e4ltning och ett friskt matsm\u00e4ltningssystem<\/strong>,<\/span><br \/>\n<span style=\"color: #000000\">\ud83d\udc9a hj\u00e4lper <strong>immunsystemet att fungera b\u00e4ttre<\/strong>,<\/span><br \/>\n<span style=\"color: #000000\">\ud83d\udc9a hj\u00e4lper till att st\u00e4rka <strong>kroppens naturliga motst\u00e5ndskraft mot infektioner och sjukdomar<\/strong>,<\/span><br \/>\n<span style=\"color: #000000\">\ud83d\udc9a har <strong>antiinflammatoriska egenskaper<\/strong>,<\/span><br \/>\n<span style=\"color: #000000\">\ud83d\udc9a f\u00f6rb\u00e4ttrar<strong> hudens tillst\u00e5nd vid olika tillst\u00e5nd<\/strong>,<\/span><br \/>\n<span style=\"color: #000000\">\ud83d\udc9a st\u00f6djer<strong> leverfunktionen<\/strong>,<\/span><br \/>\n<span style=\"color: #000000\">\ud83d\udc9a hj\u00e4lper till att <strong>reglera blodsockerniv\u00e5n<\/strong>,<\/span><br \/>\n<span style=\"color: #000000\">\ud83d\udc9a bidrar till att <strong>f\u00f6rb\u00e4ttra benh\u00e4lsan<\/strong>.<\/span><\/p>\n<\/div>\n<h2 style=\"text-align: justify\"><span style=\"color: #000000\">F\u00f6rvaring och varningar<\/span><\/h2>\n<p style=\"text-align: justify\"><span style=\"color: #000000\">F\u00f6rvaras svalt och torrt vid en temperatur p\u00e5 upp till 25 \u00b0C. F\u00f6rvara kosttillskottet utom r\u00e4ckh\u00e5ll f\u00f6r barn!<\/span><\/p>\n<p style=\"text-align: justify\"><span style=\"color: #000000\">Kom ih\u00e5g vikten av en varierad kost och en h\u00e4lsosam livsstil, ett kosttillskott \u00e4r d\u00e4rf\u00f6r inte en ers\u00e4ttning f\u00f6r en balanserad och varierad kost. Den rekommenderade dagliga m\u00e4ngden eller dosen b\u00f6r inte \u00f6verskridas.<\/span><\/p>\n<p style=\"text-align: justify\"><span style=\"color: #000000\">Gravida och ammande kvinnor och barn avr\u00e5ds fr\u00e5n anv\u00e4ndning. Det rekommenderas inte f\u00f6r personer som \u00e4r \u00f6verk\u00e4nsliga mot v\u00e4xter i Asteraceae-familjen och f\u00f6r personer som tar blodf\u00f6rtunnande l\u00e4kemedel eller lider av gallproblem. Vi rekommenderar att du kontaktar din l\u00e4kare f\u00f6r mer information vid eventuella h\u00e4lsoproblem.<\/span><\/p>\n<h2 style=\"text-align: justify\"><span style=\"color: #000000\">F\u00f6rpackning<\/span><\/h2>\n<p style=\"text-align: justify\"><span style=\"color: #000000\">Icke-genomsl\u00e4pplig zip-lock-p\u00e5se d\u00e4r produkten beh\u00e5ller all sin fr\u00e4sch\u00f6r och arom. F\u00f6rpackningen skyddar produkten fr\u00e5n ljus och luft, eftersom den best\u00e5r av flera lager av skydd f\u00f6r att bevara inneh\u00e5llets egenskaper.<\/span><\/p>\n<p style=\"text-align: justify\"><span style=\"color: #000000\">F\u00f6rpackningen \u00e4r mycket praktisk och \u00e5tervinningsbar.<\/span><\/p>\n<h2 style=\"text-align: justify\"><span style=\"color: #000000\">Ursprung<\/span><\/h2>\n<p style=\"text-align: justify\"><span style=\"color: #000000\">Kina. <\/span><span style=\"color: #000000\">Vi har mycket p\u00e5litliga leverant\u00f6rer som skickar oss en detaljerad kemisk analys av livsmedlet f\u00f6r varje batch. Under mer \u00e4n tio \u00e5r har vi aldrig haft n\u00e5gon \u00e5terkallelse eller n\u00e5got annat problem med denna vara, eller med andra varor fr\u00e5n samma leverant\u00f6r.<\/span><\/p>\n<p><span style=\"color: #000000\">Artikeln \u00e4r 100% certifierat ekologisk.<\/span><\/p>\n","protected":false},"excerpt":{"rendered":"<p>Maskros (Taraxacum officinale), \u00e4ven k\u00e4nd som maskros eller maskros, \u00e4r en fler\u00e5rig \u00f6rt i familjen Asteraceae. V\u00e4xten \u00e4r utbredd \u00f6ver hela v\u00e4rlden och \u00e5terfinns ofta p\u00e5 \u00e4ngar, i tr\u00e4dg\u00e5rdar, vid v\u00e4gkanter och andra \u00f6ppna omr\u00e5den. F\u00f6rutom sitt prydnadsv\u00e4rde har den ocks\u00e5 historisk och modern nytta inom traditionell och naturlig medicin, d\u00e4r dess potentiella h\u00e4lsoeffekter har utforskats.<\/p>\n<p><span style=\"color: #000000\">\ud83d\udc9a Den bidrar till att st\u00e4rka kroppens naturliga motst\u00e5ndskraft mot infektioner och sjukdomar.<\/span><br \/>\n<span style=\"color: #000000\">\ud83d\udc9a Den bidrar till b\u00e4ttre matsm\u00e4ltning och ett friskt matsm\u00e4ltningssystem.<\/span><br \/>\n<span style=\"color: #000000\"> \ud83d\udc9a Hj\u00e4lper till att reglera blodsockerniv\u00e5n.<\/span><br \/>\n<span style=\"color: #000000\">\ud83d\udc9a Det \u00e4r en kraftfull antioxidant som f\u00e5ngar upp fria radikaler.<\/span><\/p>\n","protected":false},"featured_media":7021,"comment_status":"open","ping_status":"closed","template":"","meta":{"_acf_changed":false},"product_brand":[],"product_cat":[225,224,226],"product_tag":[],"class_list":{"0":"post-7020","1":"product","2":"type-product","3":"status-publish","4":"has-post-thumbnail","6":"product_cat-alla-produkter","7":"product_cat-erbjudande","8":"product_cat-supermat","10":"first","11":"instock","12":"taxable","13":"shipping-taxable","14":"purchasable","15":"product-type-simple"},"acf":[],"_links":{"self":[{"href":"https:\/\/fengchashop.com\/se\/wp-json\/wp\/v2\/product\/7020","targetHints":{"allow":["GET"]}}],"collection":[{"href":"https:\/\/fengchashop.com\/se\/wp-json\/wp\/v2\/product"}],"about":[{"href":"https:\/\/fengchashop.com\/se\/wp-json\/wp\/v2\/types\/product"}],"replies":[{"embeddable":true,"href":"https:\/\/fengchashop.com\/se\/wp-json\/wp\/v2\/comments?post=7020"}],"wp:featuredmedia":[{"embeddable":true,"href":"https:\/\/fengchashop.com\/se\/wp-json\/wp\/v2\/media\/7021"}],"wp:attachment":[{"href":"https:\/\/fengchashop.com\/se\/wp-json\/wp\/v2\/media?parent=7020"}],"wp:term":[{"taxonomy":"product_brand","embeddable":true,"href":"https:\/\/fengchashop.com\/se\/wp-json\/wp\/v2\/product_brand?post=7020"},{"taxonomy":"product_cat","embeddable":true,"href":"https:\/\/fengchashop.com\/se\/wp-json\/wp\/v2\/product_cat?post=7020"},{"taxonomy":"product_tag","embeddable":true,"href":"https:\/\/fengchashop.com\/se\/wp-json\/wp\/v2\/product_tag?post=7020"}],"curies":[{"name":"wp","href":"https:\/\/api.w.org\/{rel}","templated":true}]}}