{"id":7008,"date":"2023-09-06T08:17:00","date_gmt":"2023-09-06T06:17:00","guid":{"rendered":"https:\/\/fengchashop.com\/se\/product\/bentonit-i-pulver-500-g\/"},"modified":"2025-11-10T11:51:01","modified_gmt":"2025-11-10T10:51:01","slug":"bentonit-i-pulver","status":"publish","type":"product","link":"https:\/\/fengchashop.com\/se\/product\/bentonit-i-pulver\/","title":{"rendered":"Bentonit i pulver 500 g"},"content":{"rendered":"<h2 style=\"text-align: justify;\"><span style=\"color: #000000;\">Bentonit<\/span><\/h2>\n<div style=\"text-align: justify;\">\n<p><span style=\"color: #000000;\">Bentonit \u00e4r en naturlig lera som bildas av vulkanisk aska och ofta hittas i n\u00e4rheten av vulkaniska omr\u00e5den. Den best\u00e5r huvudsakligen av mineralet montmorillonit, vilket ger den dess speciella egenskaper.<\/span><\/p>\n<p><span style=\"color: #000000;\">Bentonit \u00e4r k\u00e4nt f\u00f6r sin h\u00f6ga f\u00f6rm\u00e5ga att absorbera v\u00e4tskor och gaser. Tack vare sin struktur har den en stor yta, vilket g\u00f6r att den kan binda och h\u00e5lla kvar \u00e4mnen som toxiner, \u00f6verskottsfukt och f\u00f6roreningar.<\/span><\/p>\n<\/div>\n<h2 style=\"text-align: justify;\"><span style=\"color: #000000;\">Varf\u00f6r \u00e4r bentonit anv\u00e4ndbart?<\/span><\/h2>\n<div>\n<p style=\"text-align: justify;\"><span style=\"color: #000000;\"><em><strong>Bentonit anv\u00e4nds i en rad olika kommersiella och medicinska till\u00e4mpningar:<\/strong><\/em><\/span><\/p>\n<ol style=\"text-align: justify;\">\n<li><span style=\"color: #000000;\"><strong>Kosmetisk anv\u00e4ndning:<\/strong> P\u00e5 grund av sin f\u00f6rm\u00e5ga att absorbera och reng\u00f6ra anv\u00e4nds bentonit ofta i kosmetiska produkter som ansiktsmasker, schampon, tv\u00e5lar och lotioner. Det hj\u00e4lper till att avl\u00e4gsna f\u00f6roreningar, absorbera \u00f6verfl\u00f6dig olja och f\u00f6rb\u00e4ttra hudtillst\u00e5ndet.<\/span><\/li>\n<li><span style=\"color: #000000;\"><strong>Medicinsk anv\u00e4ndning:<\/strong> Bentonit anv\u00e4nds ocks\u00e5 medicinskt, s\u00e4rskilt i form av kosttillskott eller som botemedel mot matsm\u00e4ltningsproblem som mags\u00e5r, matsm\u00e4ltningsbesv\u00e4r och f\u00f6rgiftning. Den fungerar som ett adsorbent, binder och avl\u00e4gsnar toxiner och hj\u00e4lper till att reglera matsm\u00e4ltningen.<\/span><\/li>\n<li><span style=\"color: #000000;\"><strong>Anv\u00e4ndning p\u00e5 hund eller katt:<\/strong> Bentonitlera kan ocks\u00e5 anv\u00e4ndas av hundar och katter, s\u00e4rskilt f\u00f6r att st\u00e4rka immunf\u00f6rsvaret, mot cancer, f\u00f6r att rensa kroppen, avl\u00e4gsna inre parasiter, lindra lever- och njurproblem<\/span><\/li>\n<\/ol>\n<p style=\"text-align: justify;\"><span style=\"color: #000000;\">Det finns flera typer av bentonit, som skiljer sig \u00e5t beroende p\u00e5 deras mineralsammans\u00e4ttning och egenskaper. N\u00e5gra vanliga typer \u00e4r natriumbentonit, kalciumbentonit och blandningar av de tv\u00e5.<\/span><\/p>\n<h2 style=\"text-align: justify;\"><span style=\"color: #000000;\">Egenskaper hos bentonit<\/span><\/h2>\n<p style=\"text-align: justify;\"><span style=\"color: #000000;\">Som alla leror inneh\u00e5ller bentonit en m\u00e4ngd olika mineraler och metaller, t.ex. kisel, j\u00e4rn, kalcium, magnesium, natrium och ibland aluminium. M\u00e4ngden av varje mineral eller metall kan variera beroende p\u00e5 typ av lera. F\u00f6rutom sin mineralsammans\u00e4ttning har bentonit ocks\u00e5 l\u00e4kande egenskaper, eftersom den har f\u00f6rm\u00e5gan att absorbera och utbyta joner. Tack vare sin intensiva absorptionsf\u00f6rm\u00e5ga \u00e4r bentonit antiseptisk, antiinfekti\u00f6s och svampd\u00f6dande. Inom medicinen anv\u00e4nds bentonit f\u00f6r b\u00e5de interna och externa applikationer.<\/span><\/p>\n<\/div>\n<h2 class=\"Standard\"><span style=\"color: #000000;\">Effektiv anv\u00e4ndning av bentonit som kosttillskott<\/span><\/h2>\n<p style=\"text-align: justify;\"><span style=\"color: #000000;\">Bentonit anv\u00e4nds medicinskt i form av kosttillskott p\u00e5 grund av dess egenskaper f\u00f6r adsorption och bindning av toxiner i matsm\u00e4ltningskanalen. <\/span><\/p>\n<p style=\"text-align: justify;\"><span style=\"color: #000000;\"><em><strong>T<\/strong><strong>h\u00e4r \u00e4r n\u00e5gra av de s\u00e4tt p\u00e5 vilka bentonit anv\u00e4nds i medicinska kosttillskott:<\/strong><\/em><\/span><\/p>\n<p><span style=\"color: #000000;\"> <strong>Avgiftning:<\/strong> Bentonit anv\u00e4nds f\u00f6r att avl\u00e4gsna gifter fr\u00e5n kroppen. Vid intag binder bentonit till skadliga \u00e4mnen som tungmetaller, bek\u00e4mpningsmedel och andra giftiga material och eliminerar dem fr\u00e5n kroppen genom avf\u00f6ringen.<\/span><\/p>\n<p><span style=\"color: #000000;\"><strong> Matsm\u00e4ltningsproblem:<\/strong> Bentonit kan hj\u00e4lpa till att lindra matsm\u00e4ltningsproblem som diarr\u00e9, f\u00f6rstoppning, irritabel tarm och mags\u00e5r. Det fungerar genom att lugna inflammation i matsm\u00e4ltningskanalen, absorbera \u00f6verfl\u00f6diga v\u00e4tskor och f\u00f6roreningar och fr\u00e4mja en h\u00e4lsosam matsm\u00e4ltning.<\/span><\/p>\n<p><span style=\"color: #000000;\"><strong> Tarmreng\u00f6ring:<\/strong> Bentonit anv\u00e4nds ocks\u00e5 f\u00f6r att reng\u00f6ra tarmen och ta bort avfall och matrester. Bentonitintag kan hj\u00e4lpa till att ta bort plack p\u00e5 tarmv\u00e4ggarna och fr\u00e4mja b\u00e4ttre absorption av n\u00e4rings\u00e4mnen.<\/span><\/p>\n<p><span style=\"color: #000000;\"> <strong>St\u00f6d f\u00f6r immunsystemet:<\/strong> p\u00e5 grund av sin f\u00f6rm\u00e5ga att binda toxiner och f\u00f6roreningar kan bentonit st\u00f6dja immunsystemet. Genom att minska kroppens toxinbelastning g\u00f6r det att immunsystemet kan fokusera p\u00e5 att bek\u00e4mpa infektioner och uppr\u00e4tth\u00e5lla den allm\u00e4nna h\u00e4lsan.<\/span><\/p>\n<h2 style=\"text-align: justify;\"><span style=\"color: #000000;\">F\u00f6rvaring och varningar<\/span><\/h2>\n<p style=\"text-align: justify;\"><span style=\"color: #000000;\">F\u00f6rvaras p\u00e5 en sval, torr plats vid en temperatur p\u00e5 upp till 25 \u00b0C. F\u00f6rvara kosttillskottet utom r\u00e4ckh\u00e5ll f\u00f6r barn!<\/span><\/p>\n<p style=\"text-align: justify;\"><span style=\"color: #000000;\">Kom ih\u00e5g vikten av en varierad kost och en h\u00e4lsosam livsstil, ett kosttillskott \u00e4r d\u00e4rf\u00f6r inte en ers\u00e4ttning f\u00f6r en balanserad och varierad kost. Den rekommenderade dagliga m\u00e4ngden eller dosen b\u00f6r inte \u00f6verskridas.<\/span><\/p>\n<p style=\"text-align: justify;\"><span style=\"color: #000000;\">Gravida kvinnor och ammande m\u00f6drar avr\u00e5ds fr\u00e5n anv\u00e4ndning. Om du tar mediciner eller andra kosttillskott, kontakta din l\u00e4kare eller apotekspersonal om du tar bentonit separat. Bentonit har f\u00f6rm\u00e5gan att binda till andra \u00e4mnen och kan minska effektiviteten hos andra l\u00e4kemedel eller kosttillskott om de tas tillsammans.<\/span><\/p>\n<h2 style=\"text-align: justify;\"><span style=\"color: #000000;\">F\u00f6rpackning<\/span><\/h2>\n<p style=\"text-align: justify;\"><span style=\"color: #000000;\">Icke-genomsl\u00e4pplig zip-lock-p\u00e5se d\u00e4r produkten beh\u00e5ller all f\u00e4rskhet och arom. F\u00f6rpackningen skyddar produkten fr\u00e5n ljus och luft, eftersom den best\u00e5r av flera lager av skydd f\u00f6r att bevara inneh\u00e5llets egenskaper.<\/span><\/p>\n<p style=\"text-align: justify;\"><span style=\"color: #000000;\">F\u00f6rpackningen \u00e4r mycket praktisk och \u00e5tervinningsbar.<\/span><\/p>\n<h2 style=\"text-align: justify;\"><span style=\"color: #000000;\">Ursprung<\/span><\/h2>\n<p style=\"text-align: justify;\"><span style=\"color: #000000;\">Norge<\/span><\/p>\n","protected":false},"excerpt":{"rendered":"<p>Bentonit \u00e4r en naturlig lera som bildas av vulkanisk aska, som ofta finns i n\u00e4rheten av vulkaniska omr\u00e5den. Den best\u00e5r huvudsakligen av mineralet montmorillonit, vilket ger den dess speciella egenskaper. Den \u00e4r k\u00e4nd f\u00f6r sin h\u00f6ga f\u00f6rm\u00e5ga att absorbera v\u00e4tskor och gaser. P\u00e5 grund av sin struktur har den en stor yta, vilket g\u00f6r att den kan binda och h\u00e5lla kvar \u00e4mnen som gifter, \u00f6verskottsfukt och f\u00f6roreningar.<\/p>\n<p><span style=\"color: #000000;\">\ud83d\udc9a P\u00e5 grund av sin f\u00f6rm\u00e5ga att absorbera och reng\u00f6ra anv\u00e4nds bentonit ofta i kosmetiska produkter.<\/span><br \/>\n<span style=\"color: #000000;\">\ud83d\udc9a Det anv\u00e4nds ocks\u00e5 f\u00f6r att reng\u00f6ra tarmarna och avl\u00e4gsna avfall och matrester.<\/span><br \/>\n<span style=\"color: #000000;\">\ud83d\udc9a Det anv\u00e4nds medicinskt, s\u00e4rskilt i form av kosttillskott eller som ett botemedel mot matsm\u00e4ltningsproblem.<\/span><br \/>\n<span style=\"color: #000000;\"> \ud83d\udc9a Bentonitlera kan ocks\u00e5 anv\u00e4ndas av hundar och katter, s\u00e4rskilt f\u00f6r att st\u00e4rka immunf\u00f6rsvaret, f\u00f6r cancer, f\u00f6r att reng\u00f6ra kroppen, f\u00f6r att ta bort inre parasiter, f\u00f6r att lindra levern och njurarna.<\/span><\/p>\n","protected":false},"featured_media":7009,"comment_status":"open","ping_status":"closed","template":"","meta":{"_acf_changed":false},"product_brand":[],"product_cat":[225,224,226],"product_tag":[],"class_list":{"0":"post-7008","1":"product","2":"type-product","3":"status-publish","4":"has-post-thumbnail","6":"product_cat-alla-produkter","7":"product_cat-erbjudande","8":"product_cat-supermat","10":"first","11":"instock","12":"taxable","13":"shipping-taxable","14":"purchasable","15":"product-type-simple"},"acf":[],"_links":{"self":[{"href":"https:\/\/fengchashop.com\/se\/wp-json\/wp\/v2\/product\/7008","targetHints":{"allow":["GET"]}}],"collection":[{"href":"https:\/\/fengchashop.com\/se\/wp-json\/wp\/v2\/product"}],"about":[{"href":"https:\/\/fengchashop.com\/se\/wp-json\/wp\/v2\/types\/product"}],"replies":[{"embeddable":true,"href":"https:\/\/fengchashop.com\/se\/wp-json\/wp\/v2\/comments?post=7008"}],"wp:featuredmedia":[{"embeddable":true,"href":"https:\/\/fengchashop.com\/se\/wp-json\/wp\/v2\/media\/7009"}],"wp:attachment":[{"href":"https:\/\/fengchashop.com\/se\/wp-json\/wp\/v2\/media?parent=7008"}],"wp:term":[{"taxonomy":"product_brand","embeddable":true,"href":"https:\/\/fengchashop.com\/se\/wp-json\/wp\/v2\/product_brand?post=7008"},{"taxonomy":"product_cat","embeddable":true,"href":"https:\/\/fengchashop.com\/se\/wp-json\/wp\/v2\/product_cat?post=7008"},{"taxonomy":"product_tag","embeddable":true,"href":"https:\/\/fengchashop.com\/se\/wp-json\/wp\/v2\/product_tag?post=7008"}],"curies":[{"name":"wp","href":"https:\/\/api.w.org\/{rel}","templated":true}]}}