{"id":7005,"date":"2023-05-26T08:42:08","date_gmt":"2023-05-26T06:42:08","guid":{"rendered":"https:\/\/fengchashop.com\/se\/product\/suma-root-i-pulver-250-g\/"},"modified":"2026-04-29T22:24:11","modified_gmt":"2026-04-29T20:24:11","slug":"suma-root-i-pulver","status":"publish","type":"product","link":"https:\/\/fengchashop.com\/se\/product\/suma-root-i-pulver\/","title":{"rendered":"Suma root i pulver 250 g"},"content":{"rendered":"<h2><span style=\"color: #000000\">Suma rot <\/span><\/h2>\n<div>\n<p><span style=\"color: #000000\">Sumarot \u00e4r en v\u00e4xt, vetenskapligt k\u00e4nd som Pfaffia paniculata, som h\u00e4rstammar fr\u00e5n Sydamerika, fr\u00e4mst Amazonas regnskog. Den \u00e4r ocks\u00e5 k\u00e4nd under namnen &#8221;brasiliansk ginseng&#8221; eller &#8221;Para Todo&#8221;, vilket kan \u00f6vers\u00e4ttas med &#8221;f\u00f6r allt&#8221;. Sumarot \u00e4r en fler\u00e5rig \u00f6rt som har stora r\u00f6tter och som traditionellt anv\u00e4nds inom \u00f6rtmedicinen.<\/span><\/p>\n<p><span style=\"color: #000000\">Sumarot inneh\u00e5ller m\u00e5nga biologiskt aktiva f\u00f6reningar som ecdysteroider, polysackarider, fytosteroler, glykosider och m\u00e5nga andra fytokemikalier. P\u00e5 grund av sin sammans\u00e4ttning anses den vara en adaptogen v\u00e4xt, vilket inneb\u00e4r att den hj\u00e4lper kroppen att hantera stress och \u00e5terst\u00e4ller balansen.<\/span><\/p>\n<h2><span style=\"color: #000000\">Vilka \u00e4r de viktiga aktiva ingredienserna i Suma-rot?<\/span><\/h2>\n<\/div>\n<div>\n<div>\n<p><span style=\"color: #000000\">Sumarot inneh\u00e5ller ett antal viktiga n\u00e4rings\u00e4mnen och bioaktiva f\u00f6reningar som kan gynna h\u00e4lsan.<\/span><\/p>\n<p><span style=\"color: #000000\"><strong>Ecdysteroider<\/strong> \u00e4r f\u00f6reningar som har en liknande struktur som det naturliga hormonet ecdysteroid, som finns i vissa insekter. Ecdysteroiderna i Suma-rot tillskrivs ett antal positiva effekter p\u00e5 kroppen, bland annat \u00f6kad uth\u00e5llighet, f\u00f6rb\u00e4ttrad muskeltonus och fr\u00e4mjande av \u00e5terh\u00e4mtning efter tr\u00e4ning.<\/span><\/p>\n<p><span style=\"color: #000000\">Sumarot <strong>inneh\u00e5ller polysackarider<\/strong>, som \u00e4r komplexa kolhydrater. Polysackarider kan st\u00f6dja immunf\u00f6rsvaret, fr\u00e4mja matsm\u00e4ltningsh\u00e4lsan och bidra till kroppens allm\u00e4nna h\u00e4lsa.<\/span><\/p>\n<p><span style=\"color: #000000\">Sumarot inneh\u00e5ller <strong>fytosteroler<\/strong>, som kan bidra till att reglera <strong>kolesterolniv\u00e5erna<\/strong> i kroppen och st\u00f6dja <strong>hj\u00e4rth\u00e4lsan<\/strong>.<\/span><\/p>\n<p><span style=\"color: #000000\">Sumarot inneh\u00e5ller ocks\u00e5 glykosider, som \u00e4r f\u00f6reningar som best\u00e5r av ett socker och en annan molekyl\u00e4r del. Vissa av glykosiderna i Suma-rot kan ha positiva h\u00e4lsoeffekter, t.ex. fr\u00e4mja en sund blodcirkulation.<\/span><\/p>\n<p><span style=\"color: #000000\">F\u00f6rutom dessa n\u00e4rings\u00e4mnen och f\u00f6reningar <strong>inneh\u00e5ller sumarot \u00e4ven mineraler, vitaminer och antioxidanter<\/strong> som kan bidra till allm\u00e4n h\u00e4lsa och v\u00e4lbefinnande.<\/span><\/p>\n<h2><span style=\"color: #000000\">Effekter som har en positiv inverkan p\u00e5 v\u00e5r h\u00e4lsa och kropp<\/span><\/h2>\n<\/div>\n<\/div>\n<div>\n<p><span style=\"color: #000000\">Sumarot anv\u00e4nds ofta som kosttillskott p\u00e5 grund av dess potentiella h\u00e4lsof\u00f6rdelar, s\u00e5som \u00f6kad energi, f\u00f6rb\u00e4ttrad uth\u00e5llighet, st\u00e4rkt immunf\u00f6rsvar, hormonreglering, st\u00f6d f\u00f6r sexuell h\u00e4lsa och allm\u00e4nt f\u00f6rb\u00e4ttrat v\u00e4lbefinnande.<\/span><\/p>\n<p><span style=\"color: #000000\"><em><strong>Bland effekterna av Suma-rot \u00e4r:<\/strong><\/em><\/span><\/p>\n<\/div>\n<div>\n<p><span style=\"color: #000000\"> \ud83d\udc9a \u00d6ka energin och minska tr\u00f6tthet och f\u00f6rb\u00e4ttra uth\u00e5lligheten,<\/span><br \/>\n<span style=\"color: #000000\"> \ud83d\udc9a hj\u00e4lper kroppen att hantera stress och \u00e5terst\u00e4lla balans,<\/span><br \/>\n<span style=\"color: #000000\"> \ud83d\udc9a har lugnande egenskaper,<\/span><br \/>\n<span style=\"color: #000000\">\ud83d\udc9a st\u00f6djer immunf\u00f6rsvaret,<\/span><br \/>\n<span style=\"color: #000000\">\ud83d\udc9a hj\u00e4lper till att f\u00f6rb\u00e4ttra kroppens f\u00f6rsvarssystem,<\/span><br \/>\n<span style=\"color: #000000\"> \ud83d\udc9a f\u00f6r att st\u00f6dja sexuell h\u00e4lsa och libido,<\/span><br \/>\n<span style=\"color: #000000\"> \ud83d\udc9a f\u00f6r att f\u00f6rb\u00e4ttra det allm\u00e4nna v\u00e4lbefinnandet, koncentrationen och vitaliteten.<\/span><\/p>\n<\/div>\n<h2 style=\"text-align: justify\"><span style=\"color: #000000\">F\u00f6rvaring och varningar<\/span><\/h2>\n<p><span style=\"color: #000000\">F\u00f6rvaras svalt och torrt vid en temperatur p\u00e5 upp till 25 \u00b0C. F\u00f6rvaras o\u00e5tkomligt f\u00f6r barn!<\/span><\/p>\n<p><span style=\"color: #000000\">Kom ih\u00e5g vikten av en varierad kost och en h\u00e4lsosam livsstil, ett kosttillskott \u00e4r d\u00e4rf\u00f6r inte en ers\u00e4ttning f\u00f6r en balanserad och varierad kost. Den rekommenderade dagliga m\u00e4ngden eller dosen b\u00f6r inte \u00f6verskridas.<\/span><\/p>\n<p><span style=\"color: #000000\">Gravida kvinnor och ammande m\u00f6drar avr\u00e5ds fr\u00e5n anv\u00e4ndning. Konsumtion av Suma-rot rekommenderas inte f\u00f6r personer med specifika medicinska tillst\u00e5nd s\u00e5som hormonberoende cancer, autoimmuna sjukdomar, epilepsi, bl\u00f6dning eller n\u00e5got annat allvarligt medicinskt tillst\u00e5nd. Om du \u00e4r allergisk mot andra v\u00e4xter eller har en k\u00e4nd \u00f6verk\u00e4nslighet, undvik ocks\u00e5 att anv\u00e4nda sumarot. Det \u00e4r tillr\u00e5dligt att konsultera din l\u00e4kare f\u00f6r mer information vid eventuella h\u00e4lsoproblem.<\/span><\/p>\n<h2><span style=\"color: #000000\">F\u00f6rpackning<\/span><\/h2>\n<p style=\"text-align: justify\"><span style=\"color: #000000\">Icke-genomsl\u00e4pplig zip-lock-p\u00e5se d\u00e4r produkten beh\u00e5ller all f\u00e4rskhet och arom. F\u00f6rpackningen skyddar produkten fr\u00e5n ljus och luft, eftersom den best\u00e5r av flera lager av skydd f\u00f6r att bevara inneh\u00e5llets egenskaper.<\/span><\/p>\n<p style=\"text-align: justify\"><span style=\"color: #000000\">F\u00f6rpackningen \u00e4r mycket praktisk och \u00e5tervinningsbar.<\/span><\/p>\n<h2 style=\"text-align: justify\"><span style=\"color: #000000\">Ursprung<\/span><\/h2>\n<p style=\"text-align: justify\"><span style=\"color: #000000\">Brasilien<\/span><\/p>\n","protected":false},"excerpt":{"rendered":"<p>Sumarot \u00e4r en v\u00e4xt som vetenskapligt kallas Pfaffia paniculata och som h\u00e4rstammar fr\u00e5n Sydamerika, fr\u00e4mst Amazonas regnskog. Den \u00e4r ocks\u00e5 k\u00e4nd under namnen &#8221;brasiliansk ginseng&#8221; eller &#8221;Para Todo&#8221;, vilket \u00f6vers\u00e4tts som &#8221;f\u00f6r allt&#8221;. Det \u00e4r en fler\u00e5rig \u00f6rt med stora r\u00f6tter och anv\u00e4nds traditionellt inom \u00f6rtmedicin. Den anv\u00e4nds ofta som kosttillskott f\u00f6r sina potentiella h\u00e4lsof\u00f6rdelar som att \u00f6ka energin, f\u00f6rb\u00e4ttra uth\u00e5lligheten, st\u00e4rka immunf\u00f6rsvaret, reglera hormoner, st\u00f6dja sexuell h\u00e4lsa och allm\u00e4nt f\u00f6rb\u00e4ttra v\u00e4lbefinnandet.<\/p>\n<p><span style=\"color: #000000\">\ud83d\udc9a F\u00f6r att f\u00f6rb\u00e4ttra det allm\u00e4nna v\u00e4lbefinnandet, koncentrationen och vitaliteten.<\/span><br \/>\n<span style=\"color: #000000\"> \ud83d\udc9a Hj\u00e4lper kroppen att hantera stress och \u00e5terst\u00e4lla balansen.<\/span><br \/>\n<span style=\"color: #000000\"> \ud83d\udc9a F\u00f6r att st\u00f6dja sexuell h\u00e4lsa och libido.<\/span><br \/>\n<span style=\"color: #000000\"> \ud83d\udc9a \u00d6kar energin och minskar tr\u00f6tthet och f\u00f6rb\u00e4ttrar uth\u00e5lligheten.<\/span><\/p>\n","protected":false},"featured_media":7006,"comment_status":"open","ping_status":"closed","template":"","meta":{"_acf_changed":false},"product_brand":[],"product_cat":[225,224,226],"product_tag":[],"class_list":{"0":"post-7005","1":"product","2":"type-product","3":"status-publish","4":"has-post-thumbnail","6":"product_cat-alla-produkter","7":"product_cat-erbjudande","8":"product_cat-supermat","10":"first","11":"instock","12":"sale","13":"taxable","14":"shipping-taxable","15":"purchasable","16":"product-type-simple"},"acf":[],"_links":{"self":[{"href":"https:\/\/fengchashop.com\/se\/wp-json\/wp\/v2\/product\/7005","targetHints":{"allow":["GET"]}}],"collection":[{"href":"https:\/\/fengchashop.com\/se\/wp-json\/wp\/v2\/product"}],"about":[{"href":"https:\/\/fengchashop.com\/se\/wp-json\/wp\/v2\/types\/product"}],"replies":[{"embeddable":true,"href":"https:\/\/fengchashop.com\/se\/wp-json\/wp\/v2\/comments?post=7005"}],"wp:featuredmedia":[{"embeddable":true,"href":"https:\/\/fengchashop.com\/se\/wp-json\/wp\/v2\/media\/7006"}],"wp:attachment":[{"href":"https:\/\/fengchashop.com\/se\/wp-json\/wp\/v2\/media?parent=7005"}],"wp:term":[{"taxonomy":"product_brand","embeddable":true,"href":"https:\/\/fengchashop.com\/se\/wp-json\/wp\/v2\/product_brand?post=7005"},{"taxonomy":"product_cat","embeddable":true,"href":"https:\/\/fengchashop.com\/se\/wp-json\/wp\/v2\/product_cat?post=7005"},{"taxonomy":"product_tag","embeddable":true,"href":"https:\/\/fengchashop.com\/se\/wp-json\/wp\/v2\/product_tag?post=7005"}],"curies":[{"name":"wp","href":"https:\/\/api.w.org\/{rel}","templated":true}]}}