{"id":6998,"date":"2025-07-25T06:18:14","date_gmt":"2025-07-25T04:18:14","guid":{"rendered":"https:\/\/fengchashop.com\/se\/product\/rhodiola-bio-i-pulver-125-g\/"},"modified":"2025-11-18T08:26:10","modified_gmt":"2025-11-18T07:26:10","slug":"rhodiola-bio-i-pulver","status":"publish","type":"product","link":"https:\/\/fengchashop.com\/se\/product\/rhodiola-bio-i-pulver\/","title":{"rendered":"Rhodiola BIO i pulver 125 g"},"content":{"rendered":"<h2><span style=\"color: #000000;\">Rhodiola bio<\/span><\/h2>\n<div>\n<p><span style=\"color: #000000;\">Rhodiola, \u00e4ven k\u00e4nd som <strong>h\u00f6g ginseng i Orienten<\/strong>, har en speciell betydelse bland tibetaner, som v\u00f6rdar den som en helig \u00f6rt. Denna v\u00e4xt, vetenskapligt k\u00e4nd som <strong>Rhodiola rosea<\/strong>, v\u00e4xer i <strong>extrema klimatf\u00f6rh\u00e5llanden i kalla omr\u00e5den<\/strong> (h\u00f6ga h\u00f6jder, starka vindar och l\u00e5ga temperaturer) som Arktis, Skandinavien, Sibirien och bergsomr\u00e5dena i Europa och Asien. <\/span><\/p>\n<p><span style=\"color: #000000;\">Det \u00e4r en fler\u00e5rig \u00f6rt som tillh\u00f6r dv\u00e4rgv\u00e4xtfamiljen. Det \u00e4r en h\u00f6gfj\u00e4llsv\u00e4xt, vanligtvis 12-30 cm h\u00f6g, med k\u00f6ttiga blad. Den \u00e4r k\u00e4nd f\u00f6r sina ljusgula blommor som blommar p\u00e5 sommaren. Denna fler\u00e5riga v\u00e4xt har en <strong>tjock rhizom, som \u00e4r en av de viktigaste delarna av v\u00e4xten<\/strong>. N\u00e4r roten sk\u00e4rs av eller skadas avger den en behaglig doft som p\u00e5minner om rosor. Det \u00e4r denna doft som ger v\u00e4xten dess namn<strong> Rhodiola, eftersom &#8221;rhodon&#8221; betyder ros p\u00e5 grekiska<\/strong>.<\/span><\/p>\n<h2><span style=\"color: #000000;\">Varf\u00f6r \u00e4r rhodiola s\u00e5 speciell och s\u00e5 annorlunda?<\/span><\/h2>\n<div>\n<p><span style=\"color: #000000;\">H\u00f6g ginseng, eller helig rhodiola, anv\u00e4nds \u00e4n idag i <strong>traditionella medicinska preparat och teer i Tibet<\/strong>. Tibetanska l\u00e4kare anser att rhodiola har positiva <strong>effekter p\u00e5 energi, vitalitet, lugnar sinnet och st\u00e4rker kropp<\/strong> och sj\u00e4l.<\/span><\/p>\n<p><span style=\"color: #000000;\">Det \u00e4r en v\u00e4lk\u00e4nd \u00f6rt i olika delar av v\u00e4rlden och anv\u00e4nds i <strong>m\u00e5nga moderna kosttillskott och \u00f6rtberedningar<\/strong>. Dess h\u00e4lso- och v\u00e4lbefinnandef\u00f6rdelar har ocks\u00e5 uppm\u00e4rksammats av andra kulturer och forskare runt om i v\u00e4rlden.<\/span><\/p>\n<\/div>\n<\/div>\n<h2 style=\"text-align: justify;\"><span style=\"color: #000000;\">Vilka \u00e4r de viktiga aktiva ingredienserna i rhodiola?<\/span><\/h2>\n<div>\n<p><span style=\"color: #000000;\">Rhodiola <strong>inneh\u00e5ller flera viktiga n\u00e4rings\u00e4mnen och bioaktiva f\u00f6reningar<\/strong> som bidrar till dess effekter p\u00e5 h\u00e4lsa och v\u00e4lbefinnande.<\/span><\/p>\n<\/div>\n<div>\n<p><span style=\"color: #000000;\">Rhodiola inneh\u00e5ller specifika f\u00f6reningar som kallas <strong>adaptogener<\/strong>, t.ex. raisavin och salidrosid. Adaptogener \u00e4r k\u00e4nda f\u00f6r sin <strong>f\u00f6rm\u00e5ga att \u00f6ka motst\u00e5ndskraften mot stress och att reglera kroppens funktion i olika stressituationer<\/strong>.<\/span><\/p>\n<p><span style=\"color: #000000;\">Olika<strong> fenolf\u00f6reningar<\/strong> som flavonoider och fenylpropanoider finns ocks\u00e5 i rhodiola. Dessa f\u00f6reningar \u00e4r <strong>kraftfulla antioxidanter<\/strong> som hj\u00e4lper till att <strong>skydda celler fr\u00e5n de skadliga effekterna av fria radikaler och oxidativ stress<\/strong>. <strong>Proanthocyanidiner<\/strong> \u00e4r ocks\u00e5 mycket viktiga f\u00f6reningar och har m\u00e5nga <strong>h\u00e4lsof\u00f6rdelar<\/strong>. Dessa f\u00f6reningar har <strong>starka antiinflammatoriska, antioxidativa och immunmodulerande egenskaper<\/strong>.<\/span><\/p>\n<p><span style=\"color: #000000;\">En av de viktigaste aktiva best\u00e5ndsdelarna i rhodiola \u00e4r <strong>rosavin<\/strong>. Denna f\u00f6rening f\u00f6rknippas med dess<strong> adaptogena effekter<\/strong> och kan <strong>bidra till att f\u00f6rb\u00e4ttra uth\u00e5lligheten, minska tr\u00f6tthet och reglera stresshormonniv\u00e5erna<\/strong>.<\/span><\/p>\n<p><span style=\"color: #000000;\">Rhodiola inneh\u00e5ller ocks\u00e5 <strong>fenyletylamin<\/strong>, som \u00e4r en <strong>neurotransmittor i kroppen<\/strong>. Denna f\u00f6rening kan <strong>\u00f6ka niv\u00e5erna av endorfiner, lyckohormonerna, och f\u00f6rb\u00e4ttra hum\u00f6ret och det allm\u00e4nna v\u00e4lbefinnandet<\/strong>.<\/span><\/p>\n<p><span style=\"color: #000000;\"><em><strong>De viktigaste effekterna av rhodiola inkluderar:<\/strong><\/em><\/span><\/p>\n<p><span style=\"color: #000000;\"> \ud83d\udc9a \u00d6ka <strong>\u00f6kar energi och uth\u00e5llighet<\/strong>,<\/span><br \/>\n<span style=\"color: #000000;\"> \ud83d\udc9a bidrar till att<strong> f\u00f6rb\u00e4ttra fysisk prestanda och minska tr\u00f6tthetsk\u00e4nslor<\/strong>,<\/span><br \/>\n<span style=\"color: #000000;\"> \ud83d\udc9a minska<strong> stresssymtom och f\u00f6rb\u00e4ttra hum\u00f6ret<\/strong>,<\/span><br \/>\n<span style=\"color: #000000;\"> \ud83d\udc9a minska<strong> symtom p\u00e5 \u00e5ngest<\/strong>,<\/span><br \/>\n<span style=\"color: #000000;\">\ud83d\udc9a hj\u00e4lper till att <strong>reglera niv\u00e5erna av stresshormoner<\/strong> (kortisol),<\/span><br \/>\n<span style=\"color: #000000;\"> \ud83d\udc9a f\u00f6rb\u00e4ttra<strong> kognitiva funktioner<\/strong> (som minne, koncentration och mental prestanda)<\/span><br \/>\n<span style=\"color: #000000;\"> \ud83d\udc9a \u00f6ka <strong>arbetseffektiviteten<\/strong>,<\/span><br \/>\n<span style=\"color: #000000;\"> \ud83d\udc9a hj\u00e4lpa till med <strong>depression<\/strong>,<\/span><br \/>\n<span style=\"color: #000000;\"> \ud83d\udc9a f\u00f6rb\u00e4ttra det <strong>allm\u00e4nna hum\u00f6ret<\/strong>,<\/span><br \/>\n<span style=\"color: #000000;\"> \ud83d\udc9a st\u00f6dja<strong> immunf\u00f6rsvaret<\/strong>,<\/span><br \/>\n<span style=\"color: #000000;\"> \ud83d\udc9a hj\u00e4lper till att<strong> st\u00e4rka kroppens motst\u00e5ndskraft mot sjukdomar och infektioner<\/strong>. <\/span><\/p>\n<\/div>\n<h2 style=\"text-align: justify;\"><span style=\"color: #000000;\">Ekologisk rhodiola rhodiola (fr\u00e5n ekologiska k\u00e4llor) F\u00f6rvaring och varningar<\/span><\/h2>\n<p style=\"text-align: justify;\"><span style=\"color: #000000;\">F\u00f6rvaras svalt och torrt vid en temperatur p\u00e5 upp till 25 \u00b0C. F\u00f6rvaras o\u00e5tkomligt f\u00f6r barn!<\/span><\/p>\n<p><span style=\"color: #000000;\">Kom ih\u00e5g vikten av en varierad kost och en h\u00e4lsosam livsstil, ett kosttillskott \u00e4r d\u00e4rf\u00f6r inte en ers\u00e4ttning f\u00f6r en balanserad och varierad kost. Den rekommenderade dagliga m\u00e4ngden eller dosen b\u00f6r inte \u00f6verskridas.<\/span><\/p>\n<p><span style=\"color: #000000;\">Gravida kvinnor och ammande m\u00f6drar avr\u00e5ds fr\u00e5n anv\u00e4ndning. Konsumtion av rhodiola rekommenderas inte f\u00f6r personer med manisk depression eller bipol\u00e4r sjukdom. Det rekommenderas att konsultera din l\u00e4kare f\u00f6r mer information vid eventuella h\u00e4lsoproblem.<\/span><\/p>\n<h2 style=\"text-align: justify;\"><span style=\"color: #000000;\">F\u00f6rpackning<\/span><\/h2>\n<p style=\"text-align: justify;\"><span style=\"color: #000000;\">Icke-genomsl\u00e4pplig zip-lock-p\u00e5se d\u00e4r produkten beh\u00e5ller all sin f\u00e4rskhet och arom. F\u00f6rpackningen skyddar produkten fr\u00e5n ljus och luft, eftersom den best\u00e5r av flera skyddslager f\u00f6r att bevara inneh\u00e5llets egenskaper.<\/span><\/p>\n<p style=\"text-align: justify;\"><span style=\"color: #000000;\">F\u00f6rpackningen \u00e4r mycket praktisk och \u00e5tervinningsbar.<\/span><\/p>\n<h2 style=\"text-align: justify;\"><span style=\"color: #000000;\">Ursprung<\/span><\/h2>\n<p style=\"text-align: justify;\"><span style=\"color: #000000;\">Kina. Vi har mycket p\u00e5litliga leverant\u00f6rer som skickar oss en exakt kemisk analys av livsmedlet f\u00f6r varje parti. Vi har inte haft n\u00e5gra \u00e5terkallelser eller andra problem med denna produkt eller andra produkter fr\u00e5n samma leverant\u00f6r p\u00e5 \u00f6ver tio \u00e5r. Artikeln har ett 100% ekologiskt certifikat.<\/span><\/p>\n","protected":false},"excerpt":{"rendered":"<p>Rhodiola, som i Orienten \u00e4ven kallas tallginseng, har en s\u00e4rskild betydelse f\u00f6r <strong>tibetanerna<\/strong>, som betraktar <strong>den som en helig \u00f6rt<\/strong>. Denna v\u00e4xt, vetenskapligt k\u00e4nd som <strong>Rhodiola rosea<\/strong>, v\u00e4xer i extrema klimatf\u00f6rh\u00e5llanden i kalla omr\u00e5den (h\u00f6ga h\u00f6jder, starka vindar och l\u00e5ga temperaturer) som Arktis, Skandinavien, Sibirien och bergsomr\u00e5dena i Europa och Asien. H\u00f6g ginseng, eller helig rhodiola, anv\u00e4nds fortfarande i traditionella medicinska preparat och teer i Tibet. Tibetanska l\u00e4kare tror att <strong>rhodhiola har positiva effekter p\u00e5 energi, vitalitet, lugnar sinnet och st\u00e4rker kropp<\/strong>och sj\u00e4l.<\/p>\n<p><span style=\"color: #000000;\">\ud83d\udc9a Den inneh\u00e5ller f\u00f6reningar som har kraftfulla antiinflammatoriska, antioxidativa och immunmodulerande egenskaper.<\/span><br \/>\n<span style=\"color: #000000;\"> \ud83d\udc9a Rosavin hj\u00e4lper till att f\u00f6rb\u00e4ttra uth\u00e5lligheten, minska tr\u00f6tthet och reglera stresshormonniv\u00e5erna.<\/span><br \/>\n<span style=\"color: #000000;\">\ud83d\udc9a F<\/span>\u00f6rb\u00e4ttrar det allm\u00e4nna v\u00e4lbefinnandet.<br \/>\n<span style=\"color: #000000;\">\ud83d\udc9a St\u00e4rker <\/span>kroppens motst\u00e5ndskraft mot sjukdomar och infektioner.<br \/>\n<span style=\"color: #000000;\">\ud83d\udc9a Minskar <\/span>symtom p\u00e5 \u00e5ngest.<\/p>\n","protected":false},"featured_media":6999,"comment_status":"open","ping_status":"closed","template":"","meta":{"_acf_changed":false},"product_brand":[],"product_cat":[225,224,226],"product_tag":[],"class_list":{"0":"post-6998","1":"product","2":"type-product","3":"status-publish","4":"has-post-thumbnail","6":"product_cat-alla-produkter","7":"product_cat-erbjudande","8":"product_cat-supermat","10":"first","11":"outofstock","12":"sale","13":"taxable","14":"shipping-taxable","15":"purchasable","16":"product-type-simple"},"acf":[],"_links":{"self":[{"href":"https:\/\/fengchashop.com\/se\/wp-json\/wp\/v2\/product\/6998","targetHints":{"allow":["GET"]}}],"collection":[{"href":"https:\/\/fengchashop.com\/se\/wp-json\/wp\/v2\/product"}],"about":[{"href":"https:\/\/fengchashop.com\/se\/wp-json\/wp\/v2\/types\/product"}],"replies":[{"embeddable":true,"href":"https:\/\/fengchashop.com\/se\/wp-json\/wp\/v2\/comments?post=6998"}],"wp:featuredmedia":[{"embeddable":true,"href":"https:\/\/fengchashop.com\/se\/wp-json\/wp\/v2\/media\/6999"}],"wp:attachment":[{"href":"https:\/\/fengchashop.com\/se\/wp-json\/wp\/v2\/media?parent=6998"}],"wp:term":[{"taxonomy":"product_brand","embeddable":true,"href":"https:\/\/fengchashop.com\/se\/wp-json\/wp\/v2\/product_brand?post=6998"},{"taxonomy":"product_cat","embeddable":true,"href":"https:\/\/fengchashop.com\/se\/wp-json\/wp\/v2\/product_cat?post=6998"},{"taxonomy":"product_tag","embeddable":true,"href":"https:\/\/fengchashop.com\/se\/wp-json\/wp\/v2\/product_tag?post=6998"}],"curies":[{"name":"wp","href":"https:\/\/api.w.org\/{rel}","templated":true}]}}