{"id":6986,"date":"2023-04-04T11:24:36","date_gmt":"2023-04-04T09:24:36","guid":{"rendered":"https:\/\/fengchashop.com\/se\/product\/horny-goat-weed-bio-i-pulver-250-g\/"},"modified":"2026-04-29T11:44:05","modified_gmt":"2026-04-29T09:44:05","slug":"horny-goat-weed-i-pulver","status":"publish","type":"product","link":"https:\/\/fengchashop.com\/se\/product\/horny-goat-weed-i-pulver\/","title":{"rendered":"Horny goat weed i pulver 250 g"},"content":{"rendered":"<h2 style=\"text-align: justify;\"><span style=\"color: #000000;\">Horny goat weed<\/span><\/h2>\n<p style=\"text-align: justify;\"><span style=\"color: #000000;\">Storblommig g\u00e5sfot, \u00e4ven k\u00e4nd under sitt vetenskapliga namn Epimedium brevicornum. P\u00e5 engelska kallas denna buskiga v\u00e4xt <strong>Horny goat weed<\/strong> eller <strong>Horny goat, vilket betyder &#8221;gr\u00e4s f\u00f6r den n\u00f6dv\u00e4ndiga geten&#8221; p\u00e5 slovenska. Namnet syftar p\u00e5 den \u00f6kade libidon hos getter som har \u00e4tit buskarna. Den blir upp till 30 cm och har m\u00e5nga blommor (lila, rosa, gula och vita) som \u00e4r grupperade i kluster eller klasar.<\/strong><\/span><\/p>\n<p style=\"text-align: justify;\"><span style=\"color: #000000;\"><strong>Horny goat weed <\/strong>v\u00e4xer i tempererade och subtropiska klimat och h\u00e4rstammar ursprungligen fr\u00e5n <strong>Kina och Korea. Det har anv\u00e4nts i traditionell kinesisk medicin i tusentals \u00e5r som ett traditionellt botemedel mot ett antal problem, inklusive dysfunktion och klimakteriet, och anses ocks\u00e5 vara ett afrodisiakum f\u00f6r b\u00e5de m\u00e4n och kvinnor.<\/strong><\/span><\/p>\n<h2 style=\"text-align: justify;\"><span style=\"color: #000000;\">Vilka \u00e4r de viktigaste aktiva ingredienserna i Horny goat?<\/span><\/h2>\n<p style=\"text-align: justify;\"><span style=\"color: #000000;\">Horny goat har vetenskapligt bevisats inneh\u00e5lla f\u00f6reningar som har <strong>farmakologiska egenskaper s\u00e5som avslappnande muskler, \u00f6kande testosteronniv\u00e5er och blodfl\u00f6de<\/strong>.<\/span><\/p>\n<p style=\"text-align: justify;\"><span style=\"color: #000000;\">K\u00e5t get \u00e4r en v\u00e4xt som \u00e4r berikad med <strong>flavonoider<\/strong>, fenolf\u00f6reningar och andra viktiga n\u00e4rings\u00e4mnen som kan gynna h\u00e4lsan p\u00e5 en m\u00e4ngd olika s\u00e4tt. Det \u00e4r d\u00e4rf\u00f6r k\u00e5t get blir en alltmer popul\u00e4r \u00f6rt, b\u00e5de f\u00f6r anv\u00e4ndning <strong>som kosttillskott eller som \u00f6rtberedning f\u00f6r olika sjukdomar och h\u00e4lsof\u00f6rb\u00e4ttring<\/strong>.<\/span><\/p>\n<p style=\"text-align: justify;\"><span style=\"color: #000000;\"><strong>Icariin<\/strong> \u00e4r en flavonoidf\u00f6rening och \u00e4r den huvudsakliga aktiva best\u00e5ndsdelen i Horny goat weed. Icariin fungerar som en naturlig h\u00e4mmare av PDE5-enzymet, vilket kan orsaka erektil dysfunktion. Anv\u00e4ndningen av Icariin f\u00f6rb\u00e4ttrar den <strong>sexuella funktionen och behandlingen av erektil dys<\/strong>funktion. Icariin anv\u00e4nds ocks\u00e5 ofta f\u00f6r att f\u00f6rb\u00e4ttra <strong>idrottsprestationer<\/strong> eftersom det kan \u00f6ka testosteronniv\u00e5erna och minska kortisolniv\u00e5erna, vilket bidrar till f\u00f6rb\u00e4ttrad muskelmassa och styrka. Dessutom kan Icariin ocks\u00e5 fr\u00e4mja \u00e5terst\u00e4llande av bent\u00e4thet, vilket kan minska risken f\u00f6r <strong>osteoporos och f\u00f6rb\u00e4ttra ben<\/strong>h\u00e4lsan.<\/span><\/p>\n<h2 style=\"text-align: justify;\"><span style=\"color: #000000;\">Viktiga egenskaper som erbjuds av Horny goat?<\/span><\/h2>\n<p style=\"text-align: justify;\"><span style=\"color: #000000;\">Horny goat weed anv\u00e4nds alltmer som ett tillskott f\u00f6r en m\u00e4ngd olika \u00e4ndam\u00e5l. I kinesisk traditionell medicin anv\u00e4nds det som <strong>afrodisiakum, tonikum och antireumatiskt<\/strong> medel.<\/span><\/p>\n<p><span style=\"color: #000000;\"><strong>Effekter som har en positiv effekt p\u00e5 v\u00e5r h\u00e4lsa och kropp:<\/strong><\/span><\/p>\n<p><span style=\"color: #000000;\"> \ud83d\udc9a F\u00f6rb\u00e4ttrar k\u00f6nsk\u00f6rtlarnas funktion,<\/span><br \/>\n<span style=\"color: #000000;\"> \ud83d\udc9a f\u00f6rb\u00e4ttrar libido hos m\u00e4n och erektil dysfunktion,<\/span><br \/>\n<span style=\"color: #000000;\">\ud83d\udc9a hj\u00e4lper till att behandla impotens och manlig infertilitet,<\/span><br \/>\n<span style=\"color: #000000;\"> \ud83d\udc9a anv\u00e4nds som en tonic f\u00f6r reproduktionssystemet,<\/span><br \/>\n<span style=\"color: #000000;\">\ud83d\udc9a \u00f6kar energi och uth\u00e5llighet,<\/span><br \/>\n<span style=\"color: #000000;\">\ud83d\udc9a lindrar symtom p\u00e5 klimakteriet,<\/span><br \/>\n<span style=\"color: #000000;\">\ud83d\udc9a reglerar det kardiovaskul\u00e4ra systemet (blodfl\u00f6de),<\/span><br \/>\n<span style=\"color: #000000;\">\ud83d\udc9a f\u00f6rb\u00e4ttrar immunf\u00f6rsvaret,<\/span><br \/>\n<span style=\"color: #000000;\">\ud83d\udc9a lindrar ledsm\u00e4rta och artrit,<\/span><br \/>\n<span style=\"color: #000000;\">\ud83d\udc9a har antibakteriella, antivirala och antiinflammatoriska effekter,<\/span><br \/>\n<span style=\"color: #000000;\">\ud83d\udc9a minskar \u00e5ngest och depression,<\/span><br \/>\n<span style=\"color: #000000;\">\ud83d\udc9a f\u00f6rb\u00e4ttrar kroppens \u00e4mnesoms\u00e4ttning och organfunktion.<\/span><\/p>\n<h2 style=\"text-align: justify;\">F\u00f6rvaring och varningar<\/h2>\n<p style=\"text-align: justify;\"><span style=\"color: #000000;\">F\u00f6rvaras svalt och torrt vid en temperatur p\u00e5 upp till 25 \u00b0C. F\u00f6rvaras o\u00e5tkomligt f\u00f6r barn!<\/span><\/p>\n<p style=\"text-align: justify;\"><span style=\"color: #000000;\">Kom ih\u00e5g vikten av en varierad kost och en h\u00e4lsosam livsstil, ett kosttillskott \u00e4r d\u00e4rf\u00f6r inte en ers\u00e4ttning f\u00f6r en balanserad och varierad kost. Den rekommenderade dagliga m\u00e4ngden eller dosen b\u00f6r inte \u00f6verskridas.<\/span><\/p>\n<p style=\"text-align: justify;\"><span style=\"color: #000000;\">Gravida kvinnor och ammande m\u00f6drar avr\u00e5ds fr\u00e5n anv\u00e4ndning. Anv\u00e4ndning av personer som tar blodproppsh\u00e4mmande l\u00e4kemedel avr\u00e5ds ocks\u00e5. Cancerpatienter avr\u00e5ds ocks\u00e5 fr\u00e5n anv\u00e4ndning. Vi rekommenderar att du kontaktar din l\u00e4kare f\u00f6r mer information vid eventuella h\u00e4lsoproblem.<\/span><\/p>\n<h2 style=\"text-align: justify;\"><span style=\"color: #000000;\">F\u00f6rpackning<\/span><\/h2>\n<p style=\"text-align: justify;\"><span style=\"color: #000000;\">Icke-genomsl\u00e4pplig zip-lock-p\u00e5se d\u00e4r produkten beh\u00e5ller all sin fr\u00e4sch\u00f6r och arom. F\u00f6rpackningen skyddar produkten fr\u00e5n ljus och luft, eftersom den best\u00e5r av flera skyddslager f\u00f6r att bevara inneh\u00e5llets egenskaper.<\/span><\/p>\n<p style=\"text-align: justify;\"><span style=\"color: #000000;\">F\u00f6rpackningen \u00e4r mycket praktisk och \u00e5tervinningsbar.<\/span><\/p>\n<h2 style=\"text-align: justify;\"><span style=\"color: #000000;\">Ursprung<\/span><\/h2>\n<p style=\"text-align: justify;\"><span style=\"color: #000000;\">Kina. <\/span><span style=\"color: #000000;\">Vi har mycket p\u00e5litliga leverant\u00f6rer som skickar oss en detaljerad kemisk analys av livsmedlet f\u00f6r varje batch. Under mer \u00e4n tio \u00e5r har vi aldrig haft n\u00e5gon \u00e5terkallelse eller n\u00e5got annat problem med denna vara, eller med andra varor fr\u00e5n samma leverant\u00f6r.\u00a0<\/span><\/p>\n","protected":false},"excerpt":{"rendered":"<p>Horny goat weed, \u00e4ven k\u00e4nt under sitt vetenskapliga namn Epimedium brevicornum. Det har anv\u00e4nts inom traditionell kinesisk medicin i tusentals \u00e5r som ett traditionellt botemedel mot ett antal problem, inklusive dysfunktion och klimakteriet, och anses ocks\u00e5 vara ett afrodisiakum f\u00f6r b\u00e5de m\u00e4n och kvinnor.<\/p>\n<p><span style=\"color: #000000;\">\ud83d\udc9a Det anv\u00e4nds som en tonic f\u00f6r det reproduktiva systemet.<\/span><br \/>\n<span style=\"color: #000000;\">\ud83d\udc9a Det lindrar symtom p\u00e5 klimakteriet.<\/span><br \/>\n<span style=\"color: #000000;\">\ud83d\udc9a Det hj\u00e4lper till vid behandling av impotens och manlig infertilitet.<\/span><br \/>\n<span style=\"color: #000000;\">\ud83d\udc9a F\u00f6rb\u00e4ttrar libido hos m\u00e4n och erektil dysfunktion.<\/span><\/p>\n","protected":false},"featured_media":7447,"comment_status":"open","ping_status":"closed","template":"","meta":{"_acf_changed":false},"product_brand":[],"product_cat":[225,224,226],"product_tag":[],"class_list":{"0":"post-6986","1":"product","2":"type-product","3":"status-publish","4":"has-post-thumbnail","6":"product_cat-alla-produkter","7":"product_cat-erbjudande","8":"product_cat-supermat","10":"first","11":"instock","12":"sale","13":"taxable","14":"shipping-taxable","15":"purchasable","16":"product-type-simple"},"acf":[],"_links":{"self":[{"href":"https:\/\/fengchashop.com\/se\/wp-json\/wp\/v2\/product\/6986","targetHints":{"allow":["GET"]}}],"collection":[{"href":"https:\/\/fengchashop.com\/se\/wp-json\/wp\/v2\/product"}],"about":[{"href":"https:\/\/fengchashop.com\/se\/wp-json\/wp\/v2\/types\/product"}],"replies":[{"embeddable":true,"href":"https:\/\/fengchashop.com\/se\/wp-json\/wp\/v2\/comments?post=6986"}],"wp:featuredmedia":[{"embeddable":true,"href":"https:\/\/fengchashop.com\/se\/wp-json\/wp\/v2\/media\/7447"}],"wp:attachment":[{"href":"https:\/\/fengchashop.com\/se\/wp-json\/wp\/v2\/media?parent=6986"}],"wp:term":[{"taxonomy":"product_brand","embeddable":true,"href":"https:\/\/fengchashop.com\/se\/wp-json\/wp\/v2\/product_brand?post=6986"},{"taxonomy":"product_cat","embeddable":true,"href":"https:\/\/fengchashop.com\/se\/wp-json\/wp\/v2\/product_cat?post=6986"},{"taxonomy":"product_tag","embeddable":true,"href":"https:\/\/fengchashop.com\/se\/wp-json\/wp\/v2\/product_tag?post=6986"}],"curies":[{"name":"wp","href":"https:\/\/api.w.org\/{rel}","templated":true}]}}