{"id":6980,"date":"2023-01-02T18:08:00","date_gmt":"2023-01-02T17:08:00","guid":{"rendered":"https:\/\/fengchashop.com\/se\/product\/brannassla-i-pulver-bio-250-g\/"},"modified":"2025-11-22T17:17:43","modified_gmt":"2025-11-22T16:17:43","slug":"brannassla-i-pulver-bio","status":"publish","type":"product","link":"https:\/\/fengchashop.com\/se\/product\/brannassla-i-pulver-bio\/","title":{"rendered":"Br\u00e4nn\u00e4ssla i pulver BIO 250 g"},"content":{"rendered":"<h2 style=\"text-align: justify;\"><span style=\"color: #000000;\">Br\u00e4nn\u00e4ssla BIO (Urtica dioica)<\/span><\/h2>\n<p style=\"text-align: justify;\"><span style=\"color: #000000;\">Br\u00e4nn\u00e4ssla, eller Urtica dioica, \u00e4r en \u00f6rt (\u00f6rtartad perenn) som finns \u00f6ver hela v\u00e4rlden och har anv\u00e4nts i \u00e5rhundraden i olika l\u00e4nder och kulturer. I \u00e5rhundraden har n\u00e4sslor sk\u00f6rdats f\u00f6r sina n\u00e4ringsm\u00e4ssiga egenskaper, konsumerats som ett vilt kosttillskott, applicerats lokalt p\u00e5 huden och druckits som \u00f6rtte.<\/span><\/p>\n<p style=\"text-align: justify;\"><span style=\"color: #000000;\">N\u00e4sslor sk\u00f6rdas p\u00e5 v\u00e5ren, n\u00e4r v\u00e4xten \u00e4r mogen men innan den b\u00f6rjar blomma. Bladen torkas l\u00e5ngsamt och mals till ett fint pulver.<\/span><\/p>\n<h2 style=\"text-align: justify;\"><span style=\"color: #000000;\">Viktiga egenskaper hos b<\/span><span style=\"color: #000000;\">r\u00e4nn\u00e4ssla<\/span><\/h2>\n<p style=\"text-align: justify;\"><span style=\"color: #000000;\">N\u00e4sslor \u00e4r rika p\u00e5 antioxidanter, protein och fibrer. N\u00e4sslor \u00e4r ocks\u00e5 erk\u00e4nda som kosttillskott, eftersom de \u00e4r mycket rika p\u00e5 kalcium, j\u00e4rn, magnesium och kalium. Den inneh\u00e5ller ocks\u00e5 vitamin A, C, K och framf\u00f6r allt rikligt med vitamin B.<\/span><\/p>\n<p style=\"text-align: justify;\"><span style=\"color: #000000;\">Inom traditionell medicin rekommenderas n\u00e4sslor som en del av v\u00e5rkurer och dieter f\u00f6r avgiftning och rening, samt f\u00f6r tr\u00f6tthet och utmattning.<\/span><\/p>\n<p style=\"text-align: justify;\"><span style=\"color: #000000;\">Intag av n\u00e4sslor fr\u00e4mjar en sund funktion i urinv\u00e4garna och fungerar som ett milt diuretikum, samtidigt som det bidrar till h\u00e4lsan i de \u00f6vre luftv\u00e4garna.<\/span><\/p>\n<h2 style=\"text-align: justify;\"><span style=\"color: #000000;\">Effekter av <\/span><span style=\"color: #000000;\">b<\/span><span style=\"color: #000000;\">r\u00e4nn\u00e4ssla<\/span><\/h2>\n<p><span style=\"color: #000000;\"><strong>Effekter som har en positiv effekt p\u00e5 v\u00e5r h\u00e4lsa och kropp:<\/strong><\/span><\/p>\n<p><span style=\"color: #000000;\"> \ud83d\udc9a En kraftfull antioxidant,<\/span><br \/>\n<span style=\"color: #000000;\"> \ud83d\udc9a v\u00e4tskedrivande,<\/span><br \/>\n<span style=\"color: #000000;\">\ud83d\udc9a hj\u00e4lper till med avgiftning och rening,<\/span><br \/>\n<span style=\"color: #000000;\">\ud83d\udc9a stimulerar urinv\u00e4garnas funktion,<\/span><br \/>\n<span style=\"color: #000000;\">\ud83d\udc9a hj\u00e4lper till att dr\u00e4nera vatten,<\/span><br \/>\n<span style=\"color: #000000;\"> \ud83d\udc9a antiinflammatorisk,<\/span><br \/>\n<span style=\"color: #000000;\">\ud83d\udc9a hj\u00e4lper till med tr\u00f6tthet och tr\u00f6tthet,<\/span><br \/>\n<span style=\"color: #000000;\">\ud83d\udc9a hj\u00e4lper de \u00f6vre luftv\u00e4garna,<\/span><br \/>\n<span style=\"color: #000000;\"> \ud83d\udc9a inneh\u00e5ller mycket fibrer,<\/span><br \/>\n<span style=\"color: #000000;\"> \ud83d\udc9a reng\u00f6r och \u00e5terfuktar huden,<\/span><br \/>\n<span style=\"color: #000000;\">\ud83d\udc9a lindrar hudproblem orsakade av eksem.<\/span><\/p>\n<h2 style=\"text-align: justify;\"><span style=\"color: #000000;\">F\u00f6rvaring och varningar<\/span><\/h2>\n<p style=\"text-align: justify;\"><span style=\"color: #000000;\">F\u00f6rvaras svalt och torrt vid temperaturer upp till 25 \u00b0C. Undvik starkt ljus och v\u00e4rme. F\u00f6rvara kosttillskottet utom r\u00e4ckh\u00e5ll f\u00f6r barn!<\/span><br \/>\n<span style=\"color: #000000;\">Kom ih\u00e5g vikten av en varierad kost och en h\u00e4lsosam livsstil, ett kosttillskott \u00e4r d\u00e4rf\u00f6r inte ett substitut f\u00f6r en balanserad och varierad kost. Den rekommenderade dagliga m\u00e4ngden eller dosen b\u00f6r inte \u00f6verskridas.<\/span><\/p>\n<h2 style=\"text-align: justify;\"><span style=\"color: #000000;\">F\u00f6rpackning<\/span><\/h2>\n<p style=\"text-align: justify;\"><span style=\"color: #000000;\">Icke-genomsl\u00e4pplig zip-lock-p\u00e5se, d\u00e4r produkten beh\u00e5ller all sin fr\u00e4sch\u00f6r och arom. F\u00f6rpackningen skyddar mot ljus och luft, eftersom den best\u00e5r av flera skyddslager som bevarar inneh\u00e5llets egenskaper.<\/span><\/p>\n<p style=\"text-align: justify;\"><span style=\"color: #000000;\">F\u00f6rpackningen \u00e4r mycket praktisk och \u00e5tervinningsbar.<\/span><\/p>\n<h2 style=\"text-align: justify;\"><span style=\"color: #000000;\">Ursprung<\/span><\/h2>\n<p style=\"text-align: justify;\"><span style=\"color: #000000;\">Bulgarien<\/span><\/p>\n","protected":false},"excerpt":{"rendered":"<p><span style=\"color: #000000;\">N\u00e4sslor inneh\u00e5ller mycket antioxidanter, protein och fibrer. N\u00e4sslor \u00e4r ocks\u00e5 erk\u00e4nda som kosttillskott eftersom de \u00e4r mycket rika p\u00e5 kalcium, j\u00e4rn, magnesium och kalium. Den inneh\u00e5ller ocks\u00e5 vitamin A, C, K och framf\u00f6r allt mycket vitamin B. Inom traditionell medicin rekommenderas n\u00e4sslor som en del av v\u00e5rkurer och dieter f\u00f6r avgiftning och rening, samt f\u00f6r tr\u00f6tthet och utmattning.<\/span><\/p>\n<p><span style=\"color: #000000;\">\ud83d\udc9a Det hj\u00e4lper till med avgiftning och rening.<\/span><br \/>\n<span style=\"color: #000000;\"> \ud83d\udc9a Hj\u00e4lper h\u00e4lsan i \u00f6vre luftv\u00e4garna.<\/span><br \/>\n<span style=\"color: #000000;\">\ud83d\udc9a Hj\u00e4lper till att eliminera vatten.<\/span><br \/>\n<span style=\"color: #000000;\">\ud83d\udc9a Hj\u00e4lper till med tr\u00f6tthet och tr\u00f6tthet.<\/span><\/p>\n","protected":false},"featured_media":6981,"comment_status":"open","ping_status":"closed","template":"","meta":{"_acf_changed":false},"product_brand":[],"product_cat":[225,224,226],"product_tag":[],"class_list":{"0":"post-6980","1":"product","2":"type-product","3":"status-publish","4":"has-post-thumbnail","6":"product_cat-alla-produkter","7":"product_cat-erbjudande","8":"product_cat-supermat","10":"first","11":"instock","12":"taxable","13":"shipping-taxable","14":"purchasable","15":"product-type-simple"},"acf":[],"_links":{"self":[{"href":"https:\/\/fengchashop.com\/se\/wp-json\/wp\/v2\/product\/6980","targetHints":{"allow":["GET"]}}],"collection":[{"href":"https:\/\/fengchashop.com\/se\/wp-json\/wp\/v2\/product"}],"about":[{"href":"https:\/\/fengchashop.com\/se\/wp-json\/wp\/v2\/types\/product"}],"replies":[{"embeddable":true,"href":"https:\/\/fengchashop.com\/se\/wp-json\/wp\/v2\/comments?post=6980"}],"wp:featuredmedia":[{"embeddable":true,"href":"https:\/\/fengchashop.com\/se\/wp-json\/wp\/v2\/media\/6981"}],"wp:attachment":[{"href":"https:\/\/fengchashop.com\/se\/wp-json\/wp\/v2\/media?parent=6980"}],"wp:term":[{"taxonomy":"product_brand","embeddable":true,"href":"https:\/\/fengchashop.com\/se\/wp-json\/wp\/v2\/product_brand?post=6980"},{"taxonomy":"product_cat","embeddable":true,"href":"https:\/\/fengchashop.com\/se\/wp-json\/wp\/v2\/product_cat?post=6980"},{"taxonomy":"product_tag","embeddable":true,"href":"https:\/\/fengchashop.com\/se\/wp-json\/wp\/v2\/product_tag?post=6980"}],"curies":[{"name":"wp","href":"https:\/\/api.w.org\/{rel}","templated":true}]}}