{"id":6973,"date":"2022-11-25T07:45:21","date_gmt":"2022-11-25T06:45:21","guid":{"rendered":"https:\/\/fengchashop.com\/se\/product\/dong-quai-angelica-bio-i-pulver-250-g\/"},"modified":"2026-04-24T19:12:10","modified_gmt":"2026-04-24T17:12:10","slug":"dong-quai-angelica-bio-i-pulver","status":"publish","type":"product","link":"https:\/\/fengchashop.com\/se\/product\/dong-quai-angelica-bio-i-pulver\/","title":{"rendered":"Dong Quai (Angelica) BIO i pulver 250 g"},"content":{"rendered":"<h2 style=\"text-align: justify\">Dong Quai Organiskt pulver<\/h2>\n<p style=\"text-align: justify\"><span style=\"color: #000000\">Dong Quai \u00e4r en gammal kinesisk \u00f6rt, \u00e4ven k\u00e4nd som Angelica <strong>sinensis<\/strong> (kinesisk kvanne) och \u00e4ven kallad <strong>Dang Gui<\/strong> (uttalas tang Kuei), och \u00e4r en av de viktigaste \u00f6rterna i v\u00e4stv\u00e4rlden.<\/span><\/p>\n<p style=\"text-align: justify\"><span style=\"color: #000000\">Dong Quia v\u00e4xer i de h\u00f6ga bergen, i kalla och fuktiga omr\u00e5den i <strong>Japan, Korea och Kina<\/strong>. Det \u00e4r en h\u00e4rdig perenn som kan bli tv\u00e5 meter h\u00f6g. Den har sl\u00e4ta lila stj\u00e4lkar, fj\u00e4derliknande blad och sm\u00e5 vita eller gr\u00f6na blommor som sitter i klasar. Den medicinska delen av Dong Quia \u00e4r de gulbruna f\u00f6rgrenade r\u00f6tterna, som torkas och sk\u00e4rs och anv\u00e4nds <strong>f\u00f6r medicinska \u00e4ndam\u00e5l<\/strong>. Vissa delar av roten \u00e4r olika och har d\u00e4rf\u00f6r <strong>olika effekter<\/strong>.<\/span><\/p>\n<p style=\"text-align: justify\"><span style=\"color: #000000\">Torkade angelikar\u00f6tter anv\u00e4nds fr\u00e4mst i traditionell kinesisk medicin f\u00f6r att behandla <strong>gynekologiska problem<\/strong>,<strong> m\u00e5ttlig anemi<\/strong>,<strong> h\u00f6gt blodtryck<\/strong> och <strong>tr\u00f6tthet<\/strong>.<\/span><\/p>\n<p style=\"text-align: justify\"><span style=\"color: #000000\">Dong Quai-\u00f6rten \u00e4r ocks\u00e5 allm\u00e4nt k\u00e4nd som <strong>&#8221;kvinnlig ginseng&#8221;<\/strong> och v\u00e4rderades h\u00f6gt av forntida l\u00e4kare f\u00f6r sin anm\u00e4rkningsv\u00e4rda f\u00f6rm\u00e5ga att behandla kvinnor som hade reproduktionsproblem. I Asien \u00e4r Dong Quai den n\u00e4st mest anv\u00e4nda \u00f6rten, efter ginseng, och anv\u00e4nds traditionellt som ett hj\u00e4lpmedel <strong>f\u00f6r kvinnliga kr\u00e4mpor och sjukdomar<\/strong>.<\/span><\/p>\n<p style=\"text-align: justify\"><span style=\"color: #000000\">Dong Quai har faktiskt fr\u00e4mjas som ett botemedel mot infertila m\u00e4nniskor. F\u00f6rutom att hj\u00e4lpa till med kvinnlig infertilitet problem, Dong Quai hj\u00e4lper ocks\u00e5 under klimakteriet och med menstruationsproblem. Det fungerar ocks\u00e5 bra p\u00e5<strong> manlig fertilitet<\/strong>.<\/span><\/p>\n<h2 style=\"text-align: justify\"><span style=\"color: #000000\">Vilka \u00e4r de viktiga aktiva ingredienserna i Dong Quai?<\/span><\/h2>\n<p style=\"text-align: justify\"><span style=\"color: #000000\">Dong Quai \u00e4r rikt p\u00e5 <strong>folsyra, folinsyra och nikotinsyra<\/strong>, berikat med <strong>vitamin B12<\/strong>, och inneh\u00e5ller ocks\u00e5 h\u00f6ga halter av<strong>vitamin A och E, karoten, biotin<\/strong> och <strong>pantotensyra<\/strong>. Den anv\u00e4nds f\u00f6r att behandla premenstruella symtom och klimakteriebesv\u00e4r eftersom den inneh\u00e5ller \u00e4mnen som kan lindra obehag, vidga blodk\u00e4rlen och slappna av livmodermusklerna. <strong>Kobolt<\/strong>, som ocks\u00e5 finns i angelikarot, i kombination med vitamin B12, hj\u00e4lper till att st\u00e4rka blodet.<\/span><\/p>\n<p style=\"text-align: justify\"><span style=\"color: #000000\">Det viktigaste elementet f\u00f6r balansen av kvinnliga hormoner \u00e4r hormonet \u00f6strogen, som kan ers\u00e4ttas av en grupp kemikalier som kallas<strong> fyto\u00f6strogener<\/strong>. Angelica inneh\u00e5ller dock en stor m\u00e4ngd fyto\u00f6strogen. Dessutom visar studier att Dong Quai fungerar som en tv\u00e5v\u00e4gsregulator, h\u00e4mmar \u00f6verdriven \u00f6strogenuts\u00f6ndring eller stimulerar otillr\u00e4cklig \u00f6strogenuts\u00f6ndring.<\/span><\/p>\n<p style=\"text-align: justify\"><span style=\"color: #000000\">Dong Quai \u00e4r ocks\u00e5 en <strong>&#8221;sk\u00f6nhetstonic&#8221;<\/strong> f\u00f6r huden, eftersom den fr\u00e4mjar blodfl\u00f6det i huden och anv\u00e4nds f\u00f6r en vacker och str\u00e5lande hy. Det hj\u00e4lper till att behandla neurodermatit, alopeci, urtikaria, eksem, kl\u00e5da, tar bort fl\u00e4ckar p\u00e5 huden etc.<\/span><\/p>\n<p style=\"text-align: justify\"><span style=\"color: #000000\">Studier har visat att kombinationen av Dong Quai och Astragalus har en positiv effekt och s\u00e4nker b\u00e5de det onda kolesterolet och de allm\u00e4nt f\u00f6rh\u00f6jda kolesterolniv\u00e5erna.<\/span><\/p>\n<h2 style=\"text-align: justify\"><span style=\"color: #000000\">Vilka \u00e4r de viktigaste egenskaperna som Dong Quai erbjuder oss?<\/span><\/h2>\n<p><span style=\"color: #000000\"> \ud83d\udc9a En kraftfull <strong>antioxidant<\/strong>,<\/span><\/p>\n<p><span style=\"color: #000000\"> \ud83d\udc9a a<strong>ntiinflammatorisk<\/strong>,<\/span><\/p>\n<p><span style=\"color: #000000\"> \ud83d\udc9a reglerar <strong>kvinnliga hormoner<\/strong>,<\/span><\/p>\n<p><span style=\"color: #000000\"> \ud83d\udc9a lindrar <strong>premenstruella symtom<\/strong>,<\/span><\/p>\n<p><span style=\"color: #000000\"> \ud83d\udc9a f\u00f6rb\u00e4ttrar <strong>blodcirkulationen<\/strong>,<\/span><\/p>\n<p><span style=\"color: #000000\"> \ud83d\udc9a fungerar som ett f\u00f6rebyggande medel mot<strong>hj\u00e4rtinfarkt<\/strong> och <strong>h\u00f6gt blodtryck<\/strong>,<\/span><\/p>\n<p><span style=\"color: #000000\"> \ud83d\udc9a minskar risken f\u00f6r <strong>hj\u00e4rtsjukdomar<\/strong>,<\/span><\/p>\n<p><span style=\"color: #000000\"> \ud83d\udc9a reglerar <strong>kolesterol<\/strong> och <strong>blodtryck<\/strong>,<\/span><\/p>\n<p><span style=\"color: #000000\"> \ud83d\udc9a hj\u00e4lper till med <strong>anemi<\/strong>,<\/span><\/p>\n<p><span style=\"color: #000000\"> \ud83d\udc9a hj\u00e4lper till med <strong>huvudv\u00e4rk<\/strong>,<\/span><\/p>\n<p><span style=\"color: #000000\"> \ud83d\udc9a hj\u00e4lper till med <strong>avgiftning<\/strong>,<\/span><\/p>\n<p><span style=\"color: #000000\"> \ud83d\udc9a \u00e4r ett <strong>afrodisiakum<\/strong>,<\/span><\/p>\n<p><span style=\"color: #000000\"> \ud83d\udc9a fr\u00e4mjar <strong>manlig fertilitet<\/strong>,<\/span><\/p>\n<p><span style=\"color: #000000\"> \ud83d\udc9a \u00f6kar <strong>energin<\/strong>,<\/span><\/p>\n<p><span style=\"color: #000000\"> \ud83d\udc9a f\u00f6rhindrar <strong>osteoporos<\/strong> genom att st\u00e4rka benen,<\/span><\/p>\n<p><span style=\"color: #000000\"> \ud83d\udc9a minskar <strong>ledv\u00e4rk<\/strong>,<\/span><\/p>\n<p><span style=\"color: #000000\"> \ud83d\udc9a f\u00f6rhindrar <strong>kronisk inflammation i mag-tarmkanalen<\/strong>,<\/span><\/p>\n<p><span style=\"color: #000000\"> \ud83d\udc9a hj\u00e4lper till att f\u00f6rb\u00e4ttra tillst\u00e5ndet vid inflammation i<strong>nervsystemet<\/strong> (t.ex. neurodermatit),<\/span><\/p>\n<p><span style=\"color: #000000\"> \ud83d\udc9a f\u00f6rb\u00e4ttrar <strong>hudf\u00f6rh\u00e5llandena<\/strong>.<\/span><\/p>\n<h2 style=\"text-align: justify\"><span style=\"color: #000000\">F\u00f6rvaring och varningar<\/span><\/h2>\n<p style=\"text-align: justify\"><span style=\"color: #000000\">F\u00f6rvaras p\u00e5 en sval, torr plats vid en temperatur p\u00e5 upp till 25 \u00b0C. F\u00f6rvaras o\u00e5tkomligt f\u00f6r barn!<\/span><\/p>\n<p style=\"text-align: justify\"><span style=\"color: #000000\">Kom ih\u00e5g vikten av en varierad kost och en h\u00e4lsosam livsstil, ett kosttillskott \u00e4r d\u00e4rf\u00f6r inte en ers\u00e4ttning f\u00f6r en balanserad och varierad kost.Den rekommenderade dagliga m\u00e4ngden eller dosen b\u00f6r inte \u00f6verskridas. Huden kan bli alltf\u00f6r k\u00e4nslig f\u00f6r solens str\u00e5lar om tillskottet tas i stora m\u00e4ngder.<\/span><\/p>\n<p style=\"text-align: justify\"><span style=\"color: #000000\">Gravida kvinnor och ammande m\u00f6drar avr\u00e5ds fr\u00e5n anv\u00e4ndning. Anv\u00e4ndning av personer som tar l\u00e4kemedel mot koagulation avr\u00e5ds ocks\u00e5. Det rekommenderas att du konsulterar din l\u00e4kare f\u00f6r mer information vid eventuella h\u00e4lsoproblem.<\/span><\/p>\n<h2 style=\"text-align: justify\"><span style=\"color: #000000\">F\u00f6rpackning<\/span><\/h2>\n<p style=\"text-align: justify\"><span style=\"color: #000000\">Icke-genomsl\u00e4pplig zip-lock-p\u00e5se d\u00e4r produkten beh\u00e5ller all sin fr\u00e4sch\u00f6r och arom. F\u00f6rpackningen skyddar mot ljus och luft, eftersom den \u00e4r uppbyggd av flera skyddslager som bevarar inneh\u00e5llets egenskaper.<\/span><\/p>\n<p style=\"text-align: justify\"><span style=\"color: #000000\">F\u00f6rpackningen \u00e4r mycket praktisk och \u00e5tervinningsbar.<\/span><\/p>\n<h2 style=\"text-align: justify\"><span style=\"color: #000000\">Ursprung<\/span><\/h2>\n<p style=\"text-align: justify\"><span style=\"color: #000000\">Kina. <\/span><span style=\"color: #000000\">Vi har mycket p\u00e5litliga leverant\u00f6rer som skickar oss en detaljerad kemisk analys av livsmedlet f\u00f6r varje batch. Under mer \u00e4n tio \u00e5r har vi aldrig haft n\u00e5gon \u00e5terkallelse eller n\u00e5got annat problem med denna vara, inte heller med andra varor fr\u00e5n samma leverant\u00f6r. <\/span><span style=\"color: #000000\">Artikeln \u00e4r 100% certifierat ekologisk.<\/span><\/p>\n","protected":false},"excerpt":{"rendered":"<p>Dong Quai \u00e4r en gammal kinesisk \u00f6rt, \u00e4ven k\u00e4nd som Angelica sinensis (kinesisk kvanne) och \u00e4ven kallad Dang Gui (uttalas tang Kuei), och \u00e4r en av de viktigaste \u00f6rterna i v\u00e4stv\u00e4rlden. Torkade angelikar\u00f6tter anv\u00e4nds fr\u00e4mst inom traditionell kinesisk medicin f\u00f6r att behandla gynekologiska problem, m\u00e5ttlig anemi, h\u00f6gt blodtryck och tr\u00f6tthet.<\/p>\n<p>\ud83d\udc9a Antiinflammatorisk.<br \/>\n\ud83d\udc9a Minskar risken f\u00f6r hj\u00e4rtsjukdomar.<br \/>\n\ud83d\udc9a F\u00f6rb\u00e4ttrar hudf\u00f6rh\u00e5llanden.<br \/>\n\ud83d\udc9a F\u00f6rhindrar kronisk gastrointestinal inflammation.<br \/>\n\ud83d\udc9a Lindrar premenstruella symtom.<\/p>\n","protected":false},"featured_media":6974,"comment_status":"open","ping_status":"closed","template":"","meta":{"_acf_changed":false},"product_brand":[],"product_cat":[225,224,226],"product_tag":[],"class_list":{"0":"post-6973","1":"product","2":"type-product","3":"status-publish","4":"has-post-thumbnail","6":"product_cat-alla-produkter","7":"product_cat-erbjudande","8":"product_cat-supermat","10":"first","11":"instock","12":"sale","13":"taxable","14":"shipping-taxable","15":"purchasable","16":"product-type-simple"},"acf":[],"_links":{"self":[{"href":"https:\/\/fengchashop.com\/se\/wp-json\/wp\/v2\/product\/6973","targetHints":{"allow":["GET"]}}],"collection":[{"href":"https:\/\/fengchashop.com\/se\/wp-json\/wp\/v2\/product"}],"about":[{"href":"https:\/\/fengchashop.com\/se\/wp-json\/wp\/v2\/types\/product"}],"replies":[{"embeddable":true,"href":"https:\/\/fengchashop.com\/se\/wp-json\/wp\/v2\/comments?post=6973"}],"wp:featuredmedia":[{"embeddable":true,"href":"https:\/\/fengchashop.com\/se\/wp-json\/wp\/v2\/media\/6974"}],"wp:attachment":[{"href":"https:\/\/fengchashop.com\/se\/wp-json\/wp\/v2\/media?parent=6973"}],"wp:term":[{"taxonomy":"product_brand","embeddable":true,"href":"https:\/\/fengchashop.com\/se\/wp-json\/wp\/v2\/product_brand?post=6973"},{"taxonomy":"product_cat","embeddable":true,"href":"https:\/\/fengchashop.com\/se\/wp-json\/wp\/v2\/product_cat?post=6973"},{"taxonomy":"product_tag","embeddable":true,"href":"https:\/\/fengchashop.com\/se\/wp-json\/wp\/v2\/product_tag?post=6973"}],"curies":[{"name":"wp","href":"https:\/\/api.w.org\/{rel}","templated":true}]}}