{"id":6969,"date":"2022-10-01T10:40:23","date_gmt":"2022-10-01T08:40:23","guid":{"rendered":"https:\/\/fengchashop.com\/se\/product\/f\/"},"modified":"2026-04-29T02:56:17","modified_gmt":"2026-04-29T00:56:17","slug":"havtorn-i-pulver-bio","status":"publish","type":"product","link":"https:\/\/fengchashop.com\/se\/product\/havtorn-i-pulver-bio\/","title":{"rendered":"Havtorn i pulver BIO 250 g"},"content":{"rendered":"<h2 style=\"text-align: justify\"><span style=\"color: #000000\">Pulver av havtorn BIO<\/span><\/h2>\n<p style=\"text-align: justify\"><span style=\"color: #000000\"><strong>Havtorn<\/strong> \u00e4r en l\u00f6vf\u00e4llande buske med taggar som trivs \u00f6ver hela v\u00e4rlden, men s\u00e4rskilt i Central- och V\u00e4stasien (Kina, Sibirien, Indien, etc.) och i Nord- och Centraleuropa (Finland, England, Tyskland, Polen, etc.). Det \u00e4r en v\u00e4xt som <strong>inte kr\u00e4ver n\u00e5gra speciella odlingsf\u00f6rh\u00e5llanden<\/strong> och som trivs b\u00e5de i h\u00f6ga bergsomr\u00e5den och vid havet.<\/span><\/p>\n<p style=\"text-align: justify\"><span style=\"color: #000000\">Havtornens blad p\u00e5minner i form och utseende om olivtr\u00e4dets. <strong>Frukterna<\/strong> mognar p\u00e5 busken och <strong>\u00e4r gul-orange<\/strong> till f\u00e4rgen. Den b\u00e4sta tiden att plocka frukterna eller b\u00e4ren \u00e4r under de tidiga h\u00f6stm\u00e5naderna. Frukten b\u00f6r avl\u00e4gsnas f\u00f6rsiktigt fr\u00e5n grenen, eftersom <strong>havtornens frukter \u00e4r mycket viktiga eftersom de inneh\u00e5ller en medicinsk juice, rik p\u00e5 C-vitamin<\/strong>. Smaken \u00e4r saftig och l\u00e4tt syrlig. Hela v\u00e4xten har positiva egenskaper f\u00f6r h\u00e4lsa och allm\u00e4n anv\u00e4ndning, inklusive kosmetika, och bladen, frukten, grenarna och roten \u00e4r anv\u00e4ndbara.<\/span><\/p>\n<p style=\"text-align: justify\"><span style=\"color: #000000\">Historien om dess medicinska effekter g\u00e5r tillbaka till det <strong>antika Grekland<\/strong>, d\u00e4r havtornens grenar matades till h\u00e4star f\u00f6r att h\u00e5lla dem i form. Dessutom anv\u00e4ndes havtorn av soldater f\u00f6r uth\u00e5llighet under strid. &#8221; <strong>rGyud Bzi&#8221;<\/strong> \u00e4r en tibetansk l\u00e4kebok fr\u00e5n 800-talet, som inneh\u00e5ller de <strong>f\u00f6rsta uppgifterna om havtornets medicinska effekter<\/strong>. Senare forskning som utf\u00f6rts i Ryssland har ytterligare bekr\u00e4ftat dess l\u00e4kande effekter.<\/span><\/p>\n<h2 style=\"text-align: justify\"><span style=\"color: #000000\">Vilka \u00e4r de viktigaste egenskaperna som havtorn erbjuder oss?<\/span><\/h2>\n<p style=\"text-align: justify\"><span style=\"color: #000000\">Havtorn lagrar all solenergi i sina frukter, som inneh\u00e5ller en myriad av bioaktiva \u00e4mnen som <strong>essentiella fettsyror, vitaminer, karotenoider, fytosteroler, flavonoider och tokotrienoler<\/strong>.<\/span><\/p>\n<p style=\"text-align: justify\"><span style=\"color: #000000\">Bland de essentiella fettsyrorna finns den b\u00e4sta k\u00e4llan i v\u00e4xter, n\u00e4mligen<strong> omega-7-fettsyror (palmitinsyra)<\/strong>. Andra fettsyror som \u00e4r mycket viktiga f\u00f6r oss utvinns dock ur havtornsfrukten med hj\u00e4lp av speciella metoder, n\u00e4mligen omega-3 (\u03b1-linolensyra), omega-6 (linolensyra) och omega-9 (oljesyra) fettsyror.<\/span><\/p>\n<p style=\"text-align: justify\"><span style=\"color: #000000\">Havtorn \u00e4r berikad med vitaminer, s\u00e4rskilt <strong>C-vitamin<\/strong>, som \u00e4r 10 g\u00e5nger rikligare \u00e4n i citroner. Fruktens skal \u00e4r rikt p\u00e5 vitamin B-12, men \u00e4ven p\u00e5 vitamin B, B1, B2, B3 och B9. <strong>Vitaminerna A och E<\/strong> \u00e4r ocks\u00e5 viktiga eftersom de skyddar <strong>huden mot farliga fria radikaler<\/strong>. <strong>Oljan<\/strong> som finns i <strong>frukten<\/strong> har ocks\u00e5 positiva effekter p\u00e5 v\u00e5r h\u00e4lsa, eftersom den <strong>\u00e4r rik p\u00e5 aminosyror, mineraler, essentiella fettsyror och fotosteroler<\/strong>.<\/span><\/p>\n<p style=\"text-align: justify\"><span style=\"color: #000000\">Den viktigaste best\u00e5ndsdelen i havtorn \u00e4r <strong>quercetin<\/strong>, en flavonoid, en naturlig polyfenolisk f\u00f6rening som finns i frukt och gr\u00f6nsaker. Det \u00e4r en <strong>kraftfull antioxidant med antiinflammatoriska och antitum\u00f6reffekter<\/strong> som <strong>\u00f6kar styrkan i hj\u00e4rtmuskeln och f\u00f6rb\u00e4ttrar blodfl\u00f6det<\/strong>.<\/span><\/p>\n<p style=\"text-align: justify\"><span style=\"color: #000000\">Andra lika viktiga best\u00e5ndsdelar i havtorn \u00e4r mineralerna fosfor, kalium och j\u00e4rn, d\u00e4r framf\u00f6r allt magnesium och kalcium \u00e4r viktiga.<\/span><\/p>\n<p style=\"text-align: justify\"><span style=\"color: #000000\">V\u00e5rt havtornspulver \u00e4r ekologiskt odlat och \u00e4r en <strong>naturlig antioxidant<\/strong>. Det \u00e4r en verklig k\u00e4lla till styrka eftersom det st\u00e4rker <strong>kroppen<\/strong>, s\u00e4rskilt <strong>nervsystemet<\/strong>.<\/span><\/p>\n<h2 style=\"text-align: justify\"><span style=\"color: #000000\">Vilka \u00e4r h\u00e4lsof\u00f6rdelarna med havtorn?<\/span><\/h2>\n<p style=\"text-align: justify\"><span style=\"color: #000000\">P\u00e5 grund av det h\u00f6ga inneh\u00e5llet av antioxidanter bidrar extrakt fr\u00e5n havtornsfrukter till att st\u00e4rka immunf\u00f6rsvaret, l\u00e4ka bl\u00f6dande tandk\u00f6tt, reparera skadade celler, l\u00e4ka hudsjukdomar, skydda huden mot br\u00e4nnskador och eksem och mot UV-str\u00e5lar, samt hj\u00e4lpa vid skador,&#8230;<\/span><\/p>\n<p style=\"text-align: justify\"><span style=\"color: #000000\"><strong>Omega-7-fettsyror \u00e4r extremt viktiga<\/strong><strong>f\u00f6r reparation av v\u00e4vnader<\/strong> som slemhinnor och hud, eftersom de \u00e5terfuktar huden och bromsar \u00e5ldrandet. Omega-7 skyddar ocks\u00e5 tarmen och magen fr\u00e5n slemhinneskador som gastrit, kolit och kolera, och hj\u00e4lper till att \u00e5terfukta den uttorkade slemhinnan i slidan.<\/span><\/p>\n<p style=\"text-align: justify\"><span style=\"color: #000000\"><em><strong>Gynnsamma effekter p\u00e5 v\u00e5r h\u00e4lsa och kropp:<\/strong><\/em><\/span><\/p>\n<p><span style=\"color: #000000\"> \ud83d\udc9a Det \u00e4r en <strong>kraftfull antioxidant<\/strong>,<\/span><\/p>\n<p><span style=\"color: #000000\"> \ud83d\udc9a st\u00e4rker <strong>immunf\u00f6rsvaret<\/strong>,<\/span><\/p>\n<p><span style=\"color: #000000\"> \ud83d\udc9a har en <strong>antiinflammatorisk effekt<\/strong>,<\/span><\/p>\n<p><span style=\"color: #000000\">\ud83d\udc9a reglerar <strong>blodtryck, kolesterol och blodsocker<\/strong>,<\/span><\/p>\n<p><span style=\"color: #000000\"> \ud83d\udc9a behandlar <strong>hudsjukdomar<\/strong> (inflammation, br\u00e4nnskador, eksem, psoriasis, dermatit &#8230;),<\/span><\/p>\n<p><span style=\"color: #000000\"> \ud83d\udc9a l\u00e4ker <strong>hudskador<\/strong> (l\u00e4ker s\u00e5r och minskar sm\u00e4rta),<\/span><\/p>\n<p><span style=\"color: #000000\"> \ud83d\udc9a har en <strong>f\u00f6ryngrande<\/strong> effekt,<\/span><\/p>\n<p><span style=\"color: #000000\">\ud83d\udc9a regenererar <strong>skadade celler<\/strong>,<\/span><\/p>\n<p><span style=\"color: #000000\">\ud83d\udc9a hj\u00e4lper till <strong>med svullna f\u00f6tter<\/strong>,<\/span><\/p>\n<p><span style=\"color: #000000\">\ud83d\udc9a skyddar <strong>levern och matsm\u00e4ltningskanalen<\/strong>,<\/span><\/p>\n<p><span style=\"color: #000000\"> \ud83d\udc9a har funktionen att h\u00e5lla <strong>hj\u00e4rtat och k\u00e4rlsystemet friskt<\/strong>,<\/span><\/p>\n<p><span style=\"color: #000000\"> \ud83d\udc9a skyddar mot <strong>bl\u00f6dande tandk\u00f6tt<\/strong>,<\/span><\/p>\n<p><span style=\"color: #000000\">\ud83d\udc9a hj\u00e4lper till med<strong> influensa, lunginflammation, difteri<\/strong> etc.<\/span><\/p>\n<p><span style=\"color: #000000\"> \ud83d\udc9a skyddar <strong>torra och irriterade \u00f6gon<\/strong>,<\/span><\/p>\n<p><span style=\"color: #000000\">\ud83d\udc9a lindrar <strong>symtom p\u00e5 kronisk tr\u00f6tthet<\/strong>,<\/span><\/p>\n<p><span style=\"color: #000000\"> \ud83d\udc9a f\u00f6rb\u00e4ttrar <strong>sexlusten<\/strong>,<\/span><\/p>\n<p><span style=\"color: #000000\">\ud83d\udc9a lindrar <strong>symtom p\u00e5 klimakteriet<\/strong>,<\/span><\/p>\n<p><span style=\"color: #000000\">\ud83d\udc9a lindrar <strong>stress och \u00e5ngest<\/strong>,<\/span><\/p>\n<p><span style=\"color: #000000\"> \ud83d\udc9a <strong>anti-tum\u00f6r<\/strong>.<\/span><\/p>\n<h2 style=\"text-align: justify\"><span style=\"color: #000000\">F\u00f6rvaring och varningar<\/span><\/h2>\n<p style=\"text-align: justify\"><span style=\"color: #000000\">F\u00f6rvaras svalt och torrt vid en temperatur p\u00e5 upp till 25 \u00b0C. F\u00f6rvaras o\u00e5tkomligt f\u00f6r barn!<\/span><br \/>\n<span style=\"color: #000000\">Kom ih\u00e5g vikten av en varierad kost och en h\u00e4lsosam livsstil, ett kosttillskott \u00e4r d\u00e4rf\u00f6r inte en ers\u00e4ttning f\u00f6r en balanserad och varierad kost. Den rekommenderade dagliga m\u00e4ngden eller dosen b\u00f6r inte \u00f6verskridas.<\/span><\/p>\n<p style=\"text-align: justify\"><span style=\"color: #000000\">Havtornssirap och -juice kan verka stimulerande, s\u00e5 anv\u00e4ndning p\u00e5 kv\u00e4llen rekommenderas inte.<\/span><\/p>\n<p style=\"text-align: justify\"><span style=\"color: #000000\">Rekommenderas att tas i sm\u00e5 m\u00e4ngder under de f\u00f6rsta m\u00e5naderna av graviditeten.<\/span><\/p>\n<p style=\"text-align: justify\"><span style=\"color: #000000\">Det \u00e4r viktigt att inte ta havtorn samtidigt som blodproppsh\u00e4mmande l\u00e4kemedel.<\/span><\/p>\n<h2 style=\"text-align: justify\"><span style=\"color: #000000\">F\u00f6rpackning<\/span><\/h2>\n<p style=\"text-align: justify\"><span style=\"color: #000000\">Icke-genomsl\u00e4pplig zip-lock-p\u00e5se, d\u00e4r produkten beh\u00e5ller all sin fr\u00e4sch\u00f6r och arom. F\u00f6rpackningen skyddar mot ljus och luft, eftersom den best\u00e5r av flera skyddslager som bevarar inneh\u00e5llets egenskaper.<\/span><\/p>\n<p style=\"text-align: justify\"><span style=\"color: #000000\">F\u00f6rpackningen \u00e4r mycket praktisk och \u00e5tervinningsbar.<\/span><\/p>\n<h2 style=\"text-align: justify\"><span style=\"color: #000000\">Ursprung<\/span><\/h2>\n<p>Kina. Vi har mycket p\u00e5litliga leverant\u00f6rer som skickar oss en detaljerad kemisk analys av livsmedlet f\u00f6r varje batch. Under mer \u00e4n tio \u00e5r har vi inte haft n\u00e5gra \u00e5terkallelser eller andra problem med denna vara, och inte heller med andra varor fr\u00e5n samma leverant\u00f6r.<\/p>\n<p>Artikeln \u00e4r 100 % certifierat ekologisk.<\/p>\n<p style=\"text-align: justify\"><span style=\"color: #000000\">\u00a0<\/span><\/p>\n","protected":false},"excerpt":{"rendered":"<p><span style=\"color: #000000\">Kornell, eller havtorn, \u00e4r en l\u00f6vf\u00e4llande buske med taggar. Havtornens frukter \u00e4r mycket viktiga eftersom de inneh\u00e5ller en medicinsk juice med h\u00f6g halt av C-vitamin. Smaken \u00e4r saftig och l\u00e4tt syrlig. Havtorn lagrar all solenergi i sina frukter, som inneh\u00e5ller en myriad av bioaktiva \u00e4mnen som essentiella fettsyror, vitaminer, karotenoider, fytosteroler, flavonoider och tokotrienoler. Omega-7-fettsyror \u00e4r mycket viktiga f\u00f6r reparationen av v\u00e4vnader som slemhinnor och hud, eftersom de \u00e5terfuktar huden och bromsar \u00e5ldrandet. Oljan som finns i frukten har ocks\u00e5 positiva effekter p\u00e5 v\u00e5r h\u00e4lsa, eftersom den \u00e4r rik p\u00e5 aminosyror, mineraler, essentiella fettsyror och fotosteroler.<\/span><\/p>\n<p><span style=\"color: #000000\">\ud83d\udc9a Den har antiinflammatoriska, tum\u00f6rh\u00e4mmande och antioxidativa egenskaper.<\/span><br \/>\n<span style=\"color: #000000\"> \ud83d\udc9a S\u00e4nker blodsocker och kolesterol och reglerar blodtrycket.<\/span><br \/>\n<span style=\"color: #000000\">\ud83d\udc9a Det \u00f6kar styrkan i hj\u00e4rtmuskeln och f\u00f6rb\u00e4ttrar samtidigt blodfl\u00f6det.<\/span><br \/>\n<span style=\"color: #000000\"> \ud83d\udc9a Skyddar huden mot farliga fria radikaler (l\u00e4ker hudsjukdomar och hudskador.)<\/span><br \/>\n<span style=\"color: #000000\"> \ud83d\udc9a Skyddar mot bl\u00f6dande tandk\u00f6tt.<\/span><\/p>\n","protected":false},"featured_media":6970,"comment_status":"open","ping_status":"closed","template":"","meta":{"_acf_changed":false},"product_brand":[],"product_cat":[225,224,226],"product_tag":[],"class_list":{"0":"post-6969","1":"product","2":"type-product","3":"status-publish","4":"has-post-thumbnail","6":"product_cat-alla-produkter","7":"product_cat-erbjudande","8":"product_cat-supermat","10":"first","11":"instock","12":"sale","13":"taxable","14":"shipping-taxable","15":"purchasable","16":"product-type-simple"},"acf":[],"_links":{"self":[{"href":"https:\/\/fengchashop.com\/se\/wp-json\/wp\/v2\/product\/6969","targetHints":{"allow":["GET"]}}],"collection":[{"href":"https:\/\/fengchashop.com\/se\/wp-json\/wp\/v2\/product"}],"about":[{"href":"https:\/\/fengchashop.com\/se\/wp-json\/wp\/v2\/types\/product"}],"replies":[{"embeddable":true,"href":"https:\/\/fengchashop.com\/se\/wp-json\/wp\/v2\/comments?post=6969"}],"wp:featuredmedia":[{"embeddable":true,"href":"https:\/\/fengchashop.com\/se\/wp-json\/wp\/v2\/media\/6970"}],"wp:attachment":[{"href":"https:\/\/fengchashop.com\/se\/wp-json\/wp\/v2\/media?parent=6969"}],"wp:term":[{"taxonomy":"product_brand","embeddable":true,"href":"https:\/\/fengchashop.com\/se\/wp-json\/wp\/v2\/product_brand?post=6969"},{"taxonomy":"product_cat","embeddable":true,"href":"https:\/\/fengchashop.com\/se\/wp-json\/wp\/v2\/product_cat?post=6969"},{"taxonomy":"product_tag","embeddable":true,"href":"https:\/\/fengchashop.com\/se\/wp-json\/wp\/v2\/product_tag?post=6969"}],"curies":[{"name":"wp","href":"https:\/\/api.w.org\/{rel}","templated":true}]}}